{"id":4776,"date":"2024-01-27T12:45:14","date_gmt":"2024-01-27T12:45:14","guid":{"rendered":"https:\/\/mantraayurveda.sk\/rolunk\/"},"modified":"2024-06-11T09:32:01","modified_gmt":"2024-06-11T09:32:01","slug":"rolunk","status":"publish","type":"page","link":"https:\/\/mantraayurveda.sk\/hu\/home\/rolunk\/","title":{"rendered":"R\u00f3lunk"},"content":{"rendered":"\t\t<div data-elementor-type=\"wp-page\" data-elementor-id=\"4776\" class=\"elementor elementor-4776 elementor-7\">\n\t\t\t\t<div class=\"elementor-element elementor-element-91c3062 e-con-full e-flex wpr-particle-no wpr-jarallax-no wpr-parallax-no wpr-sticky-section-no e-con e-parent\" data-id=\"91c3062\" data-element_type=\"container\" data-settings=\"{&quot;background_background&quot;:&quot;classic&quot;}\">\n\t\t\t\t<div class=\"elementor-element elementor-element-8cb92c7 exad-sticky-section-no exad-glass-effect-no elementor-widget elementor-widget-spacer\" data-id=\"8cb92c7\" data-element_type=\"widget\" data-widget_type=\"spacer.default\">\n\t\t\t\t<div class=\"elementor-widget-container\">\n\t\t\t\t\t<div class=\"elementor-spacer\">\n\t\t\t<div class=\"elementor-spacer-inner\"><\/div>\n\t\t<\/div>\n\t\t\t\t<\/div>\n\t\t\t\t<\/div>\n\t\t\t\t<div class=\"elementor-element elementor-element-080561e animated-slow exad-sticky-section-no exad-glass-effect-no elementor-invisible elementor-widget elementor-widget-heading\" data-id=\"080561e\" data-element_type=\"widget\" data-settings=\"{&quot;_animation&quot;:&quot;slideInUp&quot;}\" data-widget_type=\"heading.default\">\n\t\t\t\t<div class=\"elementor-widget-container\">\n\t\t\t<h1 class=\"elementor-heading-title elementor-size-default\"><div>\n  <h1>Mantra Ayurveda Wellness <\/h1> <span style=\"letter-spacing: 2px\">A gy\u00f3gy\u00edt\u00e1s \u00fatja<\/span><br><\/div><\/h1>\t\t<\/div>\n\t\t\t\t<\/div>\n\t\t\t\t<\/div>\n\t\t<div class=\"elementor-element elementor-element-7f0b27af e-con-full e-flex wpr-particle-no wpr-jarallax-no wpr-parallax-no wpr-sticky-section-no e-con e-parent\" data-id=\"7f0b27af\" data-element_type=\"container\" data-settings=\"{&quot;background_background&quot;:&quot;classic&quot;}\">\n\t\t<div class=\"elementor-element elementor-element-60fa10fa e-con-full e-flex wpr-particle-no wpr-jarallax-no wpr-parallax-no wpr-sticky-section-no e-con e-child\" data-id=\"60fa10fa\" data-element_type=\"container\">\n\t\t\t\t<div class=\"elementor-element elementor-element-790232bf elementor-widget__width-inherit elementor-widget-mobile__width-inherit exad-sticky-section-no exad-glass-effect-no elementor-widget elementor-widget-image-box\" data-id=\"790232bf\" data-element_type=\"widget\" data-widget_type=\"image-box.default\">\n\t\t\t\t<div class=\"elementor-widget-container\">\n\t\t\t<div class=\"elementor-image-box-wrapper\"><div class=\"elementor-image-box-content\"><h3 class=\"elementor-image-box-title\">R\u00f3lunk<\/h3><p class=\"elementor-image-box-description\">\u00dcdv\u00f6z\u00f6lj\u00fck a Mantra Ayurveda Wellnessben, ahol Okoc pazar z\u00f6ld f\u00f6ldje tal\u00e1lkozik az \u00e9vsz\u00e1zados indiai hagyom\u00e1nyos eg\u00e9szs\u00e9g\u00fcgyi rendszer nyugodt l\u00e9nyeg\u00e9vel. Mer\u00fclj\u00f6n el az ayurv\u00e9dikus \u00f6r\u00f6ks\u00e9ggel rendelkez\u0151 wellness \u00e9s elvonul\u00e1s nyugalm\u00e1ban, hogy helyre\u00e1ll\u00edtsa test\u00e9t, elm\u00e9j\u00e9t \u00e9s lelk\u00e9t. Hagyja, hogy \u00e9rz\u00e9kei fel\u00e9bredjenek a tiszta gy\u00f3gyn\u00f6v\u00e9nykever\u00e9k illat\u00e1ra, amely feldobja a k\u00f6z\u00e9rzet\u00e9t.<\/p><\/div><\/div>\t\t<\/div>\n\t\t\t\t<\/div>\n\t\t\t\t<div class=\"elementor-element elementor-element-494300c exad-sticky-section-no exad-glass-effect-no elementor-widget elementor-widget-image\" data-id=\"494300c\" data-element_type=\"widget\" data-widget_type=\"image.default\">\n\t\t\t\t<div class=\"elementor-widget-container\">\n\t\t\t\t\t\t\t\t\t\t\t\t\t<img fetchpriority=\"high\" decoding=\"async\" width=\"800\" height=\"534\" src=\"https:\/\/mantraayurveda.sk\/wp-content\/uploads\/2024\/04\/PHOTO-2024-03-31-17-40-04-3-1024x683.jpg\" class=\"attachment-large size-large wp-image-5869\" alt=\"\" srcset=\"https:\/\/mantraayurveda.sk\/wp-content\/uploads\/2024\/04\/PHOTO-2024-03-31-17-40-04-3-1024x683.jpg 1024w, https:\/\/mantraayurveda.sk\/wp-content\/uploads\/2024\/04\/PHOTO-2024-03-31-17-40-04-3-600x400.jpg 600w, https:\/\/mantraayurveda.sk\/wp-content\/uploads\/2024\/04\/PHOTO-2024-03-31-17-40-04-3-300x200.jpg 300w, https:\/\/mantraayurveda.sk\/wp-content\/uploads\/2024\/04\/PHOTO-2024-03-31-17-40-04-3-768x512.jpg 768w, https:\/\/mantraayurveda.sk\/wp-content\/uploads\/2024\/04\/PHOTO-2024-03-31-17-40-04-3-1536x1024.jpg 1536w, https:\/\/mantraayurveda.sk\/wp-content\/uploads\/2024\/04\/PHOTO-2024-03-31-17-40-04-3.jpg 2048w\" sizes=\"(max-width: 800px) 100vw, 800px\" \/>\t\t\t\t\t\t\t\t\t\t\t\t\t<\/div>\n\t\t\t\t<\/div>\n\t\t\t\t<\/div>\n\t\t<div class=\"elementor-element elementor-element-2a9bb8f3 e-con-full e-flex wpr-particle-no wpr-jarallax-no wpr-parallax-no wpr-sticky-section-no e-con e-child\" data-id=\"2a9bb8f3\" data-element_type=\"container\">\n\t\t\t\t<div class=\"elementor-element elementor-element-be13518 exad-sticky-section-no exad-glass-effect-no elementor-widget elementor-widget-spacer\" data-id=\"be13518\" data-element_type=\"widget\" data-widget_type=\"spacer.default\">\n\t\t\t\t<div class=\"elementor-widget-container\">\n\t\t\t\t\t<div class=\"elementor-spacer\">\n\t\t\t<div class=\"elementor-spacer-inner\"><\/div>\n\t\t<\/div>\n\t\t\t\t<\/div>\n\t\t\t\t<\/div>\n\t\t\t\t<div class=\"elementor-element elementor-element-57cf5794 exad-sticky-section-no exad-glass-effect-no elementor-widget elementor-widget-image\" data-id=\"57cf5794\" data-element_type=\"widget\" data-widget_type=\"image.default\">\n\t\t\t\t<div class=\"elementor-widget-container\">\n\t\t\t\t\t\t\t\t\t\t\t\t\t<img decoding=\"async\" width=\"800\" height=\"534\" src=\"https:\/\/mantraayurveda.sk\/wp-content\/uploads\/2024\/04\/PHOTO-2024-03-31-17-40-05-5-1024x683.jpg\" class=\"attachment-large size-large wp-image-5896\" alt=\"\" srcset=\"https:\/\/mantraayurveda.sk\/wp-content\/uploads\/2024\/04\/PHOTO-2024-03-31-17-40-05-5-1024x683.jpg 1024w, https:\/\/mantraayurveda.sk\/wp-content\/uploads\/2024\/04\/PHOTO-2024-03-31-17-40-05-5-600x400.jpg 600w, https:\/\/mantraayurveda.sk\/wp-content\/uploads\/2024\/04\/PHOTO-2024-03-31-17-40-05-5-300x200.jpg 300w, https:\/\/mantraayurveda.sk\/wp-content\/uploads\/2024\/04\/PHOTO-2024-03-31-17-40-05-5-768x512.jpg 768w, https:\/\/mantraayurveda.sk\/wp-content\/uploads\/2024\/04\/PHOTO-2024-03-31-17-40-05-5-1536x1024.jpg 1536w, https:\/\/mantraayurveda.sk\/wp-content\/uploads\/2024\/04\/PHOTO-2024-03-31-17-40-05-5.jpg 2048w\" sizes=\"(max-width: 800px) 100vw, 800px\" \/>\t\t\t\t\t\t\t\t\t\t\t\t\t<\/div>\n\t\t\t\t<\/div>\n\t\t\t\t<div class=\"elementor-element elementor-element-57b9846a elementor-widget__width-inherit elementor-widget-mobile__width-inherit exad-sticky-section-no exad-glass-effect-no elementor-widget elementor-widget-image-box\" data-id=\"57b9846a\" data-element_type=\"widget\" data-widget_type=\"image-box.default\">\n\t\t\t\t<div class=\"elementor-widget-container\">\n\t\t\t<div class=\"elementor-image-box-wrapper\"><div class=\"elementor-image-box-content\"><h3 class=\"elementor-image-box-title\">V\u00edzi\u00f3nk<\/h3><p class=\"elementor-image-box-description\">A Mantra Ayurveda Wellness arra t\u00f6rekszik, hogy az autentikus holisztikus gy\u00f3gy\u00edt\u00e1s vezet\u0151 c\u00e9lpontja legyen, inspir\u00e1ci\u00f3t mer\u00edtve az ayurv\u00e9dikus wellness elvonul\u00e1sok \u00e9s a gy\u00f3gyn\u00f6v\u00e9nyes kozmetikai ell\u00e1t\u00e1s ter\u00e9n szerzett sz\u00e9lesk\u00f6r\u0171 tapasztalataib\u00f3l. V\u00edzi\u00f3nk egy olyan kiv\u00e1l\u00f3 wellness k\u00f6zpont l\u00e9trehoz\u00e1sa, amely luxus \u00e9s szem\u00e9lyre szabott holisztikus gy\u00f3gy\u00edt\u00f3 programokat k\u00edn\u00e1l, az egy\u00e9ni eg\u00e9szs\u00e9g\u00fcgyi c\u00e9lokhoz igazodva.<\/p><\/div><\/div>\t\t<\/div>\n\t\t\t\t<\/div>\n\t\t\t\t<\/div>\n\t\t\t\t<\/div>\n\t\t<div class=\"elementor-element elementor-element-6d14466 e-con-full e-flex wpr-particle-no wpr-jarallax-no wpr-parallax-no wpr-sticky-section-no e-con e-parent\" data-id=\"6d14466\" data-element_type=\"container\" data-settings=\"{&quot;background_background&quot;:&quot;classic&quot;}\">\n\t\t<div class=\"elementor-element elementor-element-249bbe1 e-con-full e-flex wpr-particle-no wpr-jarallax-no wpr-parallax-no wpr-sticky-section-no e-con e-child\" data-id=\"249bbe1\" data-element_type=\"container\">\n\t\t\t\t<div class=\"elementor-element elementor-element-24b8f8d elementor-widget__width-inherit elementor-widget-mobile__width-inherit exad-sticky-section-no exad-glass-effect-no elementor-widget elementor-widget-image-box\" data-id=\"24b8f8d\" data-element_type=\"widget\" data-widget_type=\"image-box.default\">\n\t\t\t\t<div class=\"elementor-widget-container\">\n\t\t\t<div class=\"elementor-image-box-wrapper\"><div class=\"elementor-image-box-content\"><h3 class=\"elementor-image-box-title\">K\u00fcldet\u00e9s\u00fcnk<\/h3><p class=\"elementor-image-box-description\">A Mantra Ayurveda Wellness elk\u00f6telezett amellett, hogy nyugodt mened\u00e9ket ny\u00fajtson a holisztikus megfiatalod\u00e1st keres\u0151 egy\u00e9nek sz\u00e1m\u00e1ra. K\u00fcldet\u00e9s\u00fcnkh\u00f6z tartozik egy olyan egyed\u00fcl\u00e1ll\u00f3 integr\u00e1lt megk\u00f6zel\u00edt\u00e9s alkalmaz\u00e1sa, amely a fizikai \u00e9s ment\u00e1lis j\u00f3l\u00e9tet egyar\u00e1nt c\u00e9lozza. Szak\u00e9rt\u0151 ayurv\u00e9dikus szakemberek, terapeut\u00e1k, j\u00f3gamesterek \u00e9s szak\u00e1csok csapat\u00e1val exkluz\u00edv k\u00f6rnyezetet teremt\u00fcnk a szem\u00e9lyre szabott wellnesshez. C\u00e9lunk, hogy a k\u00fcl\u00f6nb\u00f6z\u0151 kezel\u00e9seken \u00e9s foglalkoz\u00e1sokon kereszt\u00fcl autentikus ayurv\u00e9dikus eg\u00e9szs\u00e9g\u00fcgyi programokat ny\u00fajtsunk, el\u0151seg\u00edtve a fenntarthat\u00f3 utaz\u00e1sokat az eg\u00e9szs\u00e9gesebb \u00e9s kiegyens\u00falyozottabb \u00e9letm\u00f3d fel\u00e9. Csatlakozzon hozz\u00e1nk a Mantra \u00e1talak\u00edt\u00f3 j\u00f3 k\u00f6z\u00e9rzet\u00e9\u00e9rt.<\/p><\/div><\/div>\t\t<\/div>\n\t\t\t\t<\/div>\n\t\t\t\t<\/div>\n\t\t<div class=\"elementor-element elementor-element-8fed3ff e-con-full e-flex wpr-particle-no wpr-jarallax-no wpr-parallax-no wpr-sticky-section-no e-con e-child\" data-id=\"8fed3ff\" data-element_type=\"container\">\n\t\t\t\t<div class=\"elementor-element elementor-element-4055593 elementor-widget__width-initial elementor-widget-tablet__width-inherit elementor-widget-mobile__width-inherit elementor-position-top exad-sticky-section-no exad-glass-effect-no elementor-widget elementor-widget-image-box\" data-id=\"4055593\" data-element_type=\"widget\" data-widget_type=\"image-box.default\">\n\t\t\t\t<div class=\"elementor-widget-container\">\n\t\t\t<div class=\"elementor-image-box-wrapper\"><figure class=\"elementor-image-box-img\"><img decoding=\"async\" width=\"2048\" height=\"1365\" src=\"https:\/\/mantraayurveda.sk\/wp-content\/uploads\/2024\/04\/PHOTO-2024-03-31-17-40-05-2.jpg\" class=\"attachment-full size-full wp-image-5890\" alt=\"\" srcset=\"https:\/\/mantraayurveda.sk\/wp-content\/uploads\/2024\/04\/PHOTO-2024-03-31-17-40-05-2.jpg 2048w, https:\/\/mantraayurveda.sk\/wp-content\/uploads\/2024\/04\/PHOTO-2024-03-31-17-40-05-2-600x400.jpg 600w, https:\/\/mantraayurveda.sk\/wp-content\/uploads\/2024\/04\/PHOTO-2024-03-31-17-40-05-2-300x200.jpg 300w, https:\/\/mantraayurveda.sk\/wp-content\/uploads\/2024\/04\/PHOTO-2024-03-31-17-40-05-2-1024x683.jpg 1024w, https:\/\/mantraayurveda.sk\/wp-content\/uploads\/2024\/04\/PHOTO-2024-03-31-17-40-05-2-768x512.jpg 768w, https:\/\/mantraayurveda.sk\/wp-content\/uploads\/2024\/04\/PHOTO-2024-03-31-17-40-05-2-1536x1024.jpg 1536w\" sizes=\"(max-width: 2048px) 100vw, 2048px\" \/><\/figure><\/div>\t\t<\/div>\n\t\t\t\t<\/div>\n\t\t\t\t<\/div>\n\t\t\t\t<\/div>\n\t\t\t\t<\/div>\n\t\t","protected":false},"excerpt":{"rendered":"<p>Mantra Ayurveda Wellness A gy\u00f3gy\u00edt\u00e1s \u00fatja R\u00f3lunk \u00dcdv\u00f6z\u00f6lj\u00fck a Mantra Ayurveda Wellnessben, ahol Okoc pazar z\u00f6ld f\u00f6ldje tal\u00e1lkozik az \u00e9vsz\u00e1zados indiai hagyom\u00e1nyos eg\u00e9szs\u00e9g\u00fcgyi rendszer nyugodt l\u00e9nyeg\u00e9vel. Mer\u00fclj\u00f6n el az ayurv\u00e9dikus \u00f6r\u00f6ks\u00e9ggel rendelkez\u0151 wellness \u00e9s elvonul\u00e1s nyugalm\u00e1ban, hogy helyre\u00e1ll\u00edtsa test\u00e9t, elm\u00e9j\u00e9t \u00e9s lelk\u00e9t. Hagyja, hogy \u00e9rz\u00e9kei fel\u00e9bredjenek a tiszta gy\u00f3gyn\u00f6v\u00e9nykever\u00e9k illat\u00e1ra, amely feldobja a k\u00f6z\u00e9rzet\u00e9t. V\u00edzi\u00f3nk A Mantra Ayurveda Wellness arra t\u00f6rekszik, hogy az autentikus holisztikus gy\u00f3gy\u00edt\u00e1s vezet\u0151 c\u00e9lpontja legyen, inspir\u00e1ci\u00f3t mer\u00edtve az ayurv\u00e9dikus wellness elvonul\u00e1sok \u00e9s a gy\u00f3gyn\u00f6v\u00e9nyes kozmetikai ell\u00e1t\u00e1s ter\u00e9n szerzett sz\u00e9lesk\u00f6r\u0171 tapasztalataib\u00f3l. V\u00edzi\u00f3nk egy olyan kiv\u00e1l\u00f3 wellness k\u00f6zpont l\u00e9trehoz\u00e1sa, amely luxus \u00e9s szem\u00e9lyre szabott holisztikus gy\u00f3gy\u00edt\u00f3 programokat k\u00edn\u00e1l, az egy\u00e9ni eg\u00e9szs\u00e9g\u00fcgyi c\u00e9lokhoz igazodva. K\u00fcldet\u00e9s\u00fcnk A Mantra Ayurveda Wellness elk\u00f6telezett amellett, hogy nyugodt mened\u00e9ket ny\u00fajtson a holisztikus megfiatalod\u00e1st keres\u0151 egy\u00e9nek sz\u00e1m\u00e1ra. K\u00fcldet\u00e9s\u00fcnkh\u00f6z tartozik egy olyan egyed\u00fcl\u00e1ll\u00f3 integr\u00e1lt megk\u00f6zel\u00edt\u00e9s alkalmaz\u00e1sa, amely a fizikai \u00e9s ment\u00e1lis j\u00f3l\u00e9tet egyar\u00e1nt c\u00e9lozza. Szak\u00e9rt\u0151 ayurv\u00e9dikus szakemberek, terapeut\u00e1k, j\u00f3gamesterek \u00e9s szak\u00e1csok csapat\u00e1val exkluz\u00edv k\u00f6rnyezetet teremt\u00fcnk a szem\u00e9lyre szabott wellnesshez. C\u00e9lunk, hogy a k\u00fcl\u00f6nb\u00f6z\u0151 kezel\u00e9seken \u00e9s foglalkoz\u00e1sokon kereszt\u00fcl autentikus ayurv\u00e9dikus eg\u00e9szs\u00e9g\u00fcgyi programokat ny\u00fajtsunk, el\u0151seg\u00edtve a fenntarthat\u00f3 utaz\u00e1sokat az eg\u00e9szs\u00e9gesebb \u00e9s kiegyens\u00falyozottabb \u00e9letm\u00f3d fel\u00e9. Csatlakozzon hozz\u00e1nk a Mantra \u00e1talak\u00edt\u00f3 j\u00f3 k\u00f6z\u00e9rzet\u00e9\u00e9rt.<\/p>\n","protected":false},"author":1,"featured_media":0,"parent":5341,"menu_order":2,"comment_status":"closed","ping_status":"closed","template":"template-page-builder.php","meta":{"footnotes":""},"class_list":["post-4776","page","type-page","status-publish","hentry"],"_links":{"self":[{"href":"https:\/\/mantraayurveda.sk\/hu\/wp-json\/wp\/v2\/pages\/4776","targetHints":{"allow":["GET"]}}],"collection":[{"href":"https:\/\/mantraayurveda.sk\/hu\/wp-json\/wp\/v2\/pages"}],"about":[{"href":"https:\/\/mantraayurveda.sk\/hu\/wp-json\/wp\/v2\/types\/page"}],"author":[{"embeddable":true,"href":"https:\/\/mantraayurveda.sk\/hu\/wp-json\/wp\/v2\/users\/1"}],"replies":[{"embeddable":true,"href":"https:\/\/mantraayurveda.sk\/hu\/wp-json\/wp\/v2\/comments?post=4776"}],"version-history":[{"count":0,"href":"https:\/\/mantraayurveda.sk\/hu\/wp-json\/wp\/v2\/pages\/4776\/revisions"}],"up":[{"embeddable":true,"href":"https:\/\/mantraayurveda.sk\/hu\/wp-json\/wp\/v2\/pages\/5341"}],"wp:attachment":[{"href":"https:\/\/mantraayurveda.sk\/hu\/wp-json\/wp\/v2\/media?parent=4776"}],"curies":[{"name":"wp","href":"https:\/\/api.w.org\/{rel}","templated":true}]}}