{"id":5448,"date":"2024-03-10T19:51:24","date_gmt":"2024-03-10T19:51:24","guid":{"rendered":"https:\/\/mantraayurveda.sk\/mantra-herbal-beauty-care-kezelesek\/"},"modified":"2024-06-11T05:09:35","modified_gmt":"2024-06-11T05:09:35","slug":"mantra-herbal-beauty-care-kezelesek","status":"publish","type":"page","link":"https:\/\/mantraayurveda.sk\/hu\/home\/szolgaltatasok\/mantra-herbal-beauty-care-kezelesek\/","title":{"rendered":"Mantra Herbal Beauty Care kezel\u00e9sek"},"content":{"rendered":"\t\t<div data-elementor-type=\"wp-page\" data-elementor-id=\"5448\" class=\"elementor elementor-5448 elementor-2981\">\n\t\t\t\t<div class=\"elementor-element elementor-element-3fb6f4ea e-flex e-con-boxed wpr-particle-no wpr-jarallax-no wpr-parallax-no wpr-sticky-section-no e-con e-parent\" data-id=\"3fb6f4ea\" data-element_type=\"container\" data-settings=\"{&quot;background_background&quot;:&quot;classic&quot;}\">\n\t\t\t\t\t<div class=\"e-con-inner\">\n\t\t\t\t<div class=\"elementor-element elementor-element-07939cd exad-sticky-section-no exad-glass-effect-no elementor-widget elementor-widget-spacer\" data-id=\"07939cd\" data-element_type=\"widget\" data-widget_type=\"spacer.default\">\n\t\t\t\t<div class=\"elementor-widget-container\">\n\t\t\t\t\t<div class=\"elementor-spacer\">\n\t\t\t<div class=\"elementor-spacer-inner\"><\/div>\n\t\t<\/div>\n\t\t\t\t<\/div>\n\t\t\t\t<\/div>\n\t\t\t\t<div class=\"elementor-element elementor-element-6a831719 animated-slow exad-sticky-section-no exad-glass-effect-no elementor-invisible elementor-widget elementor-widget-heading\" data-id=\"6a831719\" data-element_type=\"widget\" data-settings=\"{&quot;_animation&quot;:&quot;slideInUp&quot;}\" data-widget_type=\"heading.default\">\n\t\t\t\t<div class=\"elementor-widget-container\">\n\t\t\t<h2 class=\"elementor-heading-title elementor-size-default\">Mantra Herbal Beauty Care kezel\u00e9sek\n<\/h2>\t\t<\/div>\n\t\t\t\t<\/div>\n\t\t\t\t\t<\/div>\n\t\t\t\t<\/div>\n\t\t<div class=\"elementor-element elementor-element-fe11048 e-flex e-con-boxed wpr-particle-no wpr-jarallax-no wpr-parallax-no wpr-sticky-section-no e-con e-parent\" data-id=\"fe11048\" data-element_type=\"container\" data-settings=\"{&quot;background_background&quot;:&quot;classic&quot;}\">\n\t\t\t\t\t<div class=\"e-con-inner\">\n\t\t<div class=\"elementor-element elementor-element-60d342fc e-con-full e-flex wpr-particle-no wpr-jarallax-no wpr-parallax-no wpr-sticky-section-no e-con e-child\" data-id=\"60d342fc\" data-element_type=\"container\">\n\t\t\t\t<div class=\"elementor-element elementor-element-19415359 exad-sticky-section-no exad-glass-effect-no elementor-widget elementor-widget-exad-exclusive-heading\" data-id=\"19415359\" data-element_type=\"widget\" data-widget_type=\"exad-exclusive-heading.default\">\n\t\t\t\t<div class=\"elementor-widget-container\">\n\t\t\t\r\n        <div class=\"exad-exclusive-heading\">\r\n            <div class=\"exad-exclusive-heading-wrapper exad-heading-left exad-heading-simple\">\r\n\t\t\t\r\n                <h1 data-content=\"Mi\u00e9rt a gy\u00f3gyn\u00f6v\u00e9nyes sz\u00e9ps\u00e9g\u00e1pol\u00e1si kezel\u00e9sek ?\" class=\"exad-exclusive-heading-title\">\r\n\t\t\t\t\tMi\u00e9rt a gy\u00f3gyn\u00f6v\u00e9nyes sz\u00e9ps\u00e9g\u00e1pol\u00e1si kezel\u00e9sek ?\t\t\t\t<\/h1>\r\n\t\r\n                                    <p class=\"exad-exclusive-heading-description\">\r\n\t\t\t\t\t\tA sz\u00e9ps\u00e9g, egy olyan fogalom, amely t\u00falmutat a puszta k\u00fcls\u0151s\u00e9geken, gondolataink, attit\u0171djeink, viselked\u00e9s\u00fcnk \u00e9s jellem\u00fcnk f\u00fazi\u00f3ja, amely m\u00e9lys\u00e9ges bels\u0151 \u00e9rt\u00e9ket teremt. Mivel ezt a bels\u0151 sz\u00e9ps\u00e9get sug\u00e1rozzuk a vil\u00e1g fel\u00e9, elengedhetetlen, hogy \u00e1poljuk magunkat, mivel az Ayurveda szerint a sz\u00e9ps\u00e9g az eg\u00e9szs\u00e9g szinonim\u00e1ja. A mindennapi nyom\u00e1s k\u00f6zepette, amely tal\u00e1n leh\u00fazza \u00d6nt, l\u00e9pjen be a p\u00e1ratlan nyugalom szent\u00e9ly\u00e9be, ahol az Ayurveda sz\u00e9ps\u00e9g\u00e9nek mag\u00e1val ragad\u00f3 esszenci\u00e1ja bontakozik ki. Mer\u00fclj\u00f6n el az arc\u00e1ra, test\u00e9re stb. tervezett, az \u0151si ayurv\u00e9dikus eg\u00e9szs\u00e9g\u00fcgyi rendszer \u00e1ltal gondosan \u00f6ssze\u00e1ll\u00edtott, id\u0151tlen sz\u00e9ps\u00e9g\u00e1pol\u00e1si kezel\u00e9sek harmonikus szimf\u00f3ni\u00e1j\u00e1ban. Az \u00d6n utaz\u00e1sa, ahol a sz\u00e9ps\u00e9g tal\u00e1lkozik a min\u0151s\u00e9ggel \u00e9s a kikapcsol\u00f3d\u00e1ssal, itt, a mi k\u00f6zpontunkban \u00e9r \u00faj magass\u00e1gokba. \u00dcdv\u00f6z\u00f6lj\u00fck egy olyan birodalomban, ahol a sz\u00e9ps\u00e9gre val\u00f3 t\u00f6rekv\u00e9s z\u00f6kken\u0151mentesen \u00f6sszefon\u00f3dik a j\u00f3l\u00e9tre val\u00f3 t\u00f6rekv\u00e9ssel.                    <\/p>\r\n\t\t\t\t\r\n            <\/div>\r\n        <\/div>\r\n\t\t\t<\/div>\n\t\t\t\t<\/div>\n\t\t\t\t<div class=\"elementor-element elementor-element-17a16d7d exad-sticky-section-no exad-glass-effect-no elementor-widget elementor-widget-spacer\" data-id=\"17a16d7d\" data-element_type=\"widget\" data-widget_type=\"spacer.default\">\n\t\t\t\t<div class=\"elementor-widget-container\">\n\t\t\t\t\t<div class=\"elementor-spacer\">\n\t\t\t<div class=\"elementor-spacer-inner\"><\/div>\n\t\t<\/div>\n\t\t\t\t<\/div>\n\t\t\t\t<\/div>\n\t\t\t\t<\/div>\n\t\t<div class=\"elementor-element elementor-element-8572ca7 e-con-full e-flex wpr-particle-no wpr-jarallax-no wpr-parallax-no wpr-sticky-section-no e-con e-child\" data-id=\"8572ca7\" data-element_type=\"container\" data-settings=\"{&quot;background_background&quot;:&quot;classic&quot;}\">\n\t\t\t\t<\/div>\n\t\t\t\t\t<\/div>\n\t\t\t\t<\/div>\n\t\t<div class=\"elementor-element elementor-element-1e14a2b e-flex e-con-boxed wpr-particle-no wpr-jarallax-no wpr-parallax-no wpr-sticky-section-no e-con e-parent\" data-id=\"1e14a2b\" data-element_type=\"container\" data-settings=\"{&quot;background_background&quot;:&quot;classic&quot;}\">\n\t\t\t\t\t<div class=\"e-con-inner\">\n\t\t<div class=\"elementor-element elementor-element-76b0ca92 e-flex e-con-boxed wpr-particle-no wpr-jarallax-no wpr-parallax-no wpr-sticky-section-no e-con e-child\" data-id=\"76b0ca92\" data-element_type=\"container\">\n\t\t\t\t\t<div class=\"e-con-inner\">\n\t\t\t\t<div class=\"elementor-element elementor-element-43e95c3c animated-slow exad-sticky-section-no exad-glass-effect-no elementor-invisible elementor-widget elementor-widget-heading\" data-id=\"43e95c3c\" data-element_type=\"widget\" data-settings=\"{&quot;_animation&quot;:&quot;slideInUp&quot;}\" data-widget_type=\"heading.default\">\n\t\t\t\t<div class=\"elementor-widget-container\">\n\t\t\t<h2 class=\"elementor-heading-title elementor-size-default\">Fedezze fel a kezel\u00e9seket <\/h2>\t\t<\/div>\n\t\t\t\t<\/div>\n\t\t\t\t\t<\/div>\n\t\t\t\t<\/div>\n\t\t<div class=\"elementor-element elementor-element-91aef0d e-con-full e-flex wpr-particle-no wpr-jarallax-no wpr-parallax-no wpr-sticky-section-no e-con e-child\" data-id=\"91aef0d\" data-element_type=\"container\">\n\t\t<div class=\"elementor-element elementor-element-2b126c47 e-con-full e-flex wpr-particle-no wpr-jarallax-no wpr-parallax-no wpr-sticky-section-no e-con e-child\" data-id=\"2b126c47\" data-element_type=\"container\" data-settings=\"{&quot;background_background&quot;:&quot;classic&quot;}\">\n\t\t\t\t<div class=\"elementor-element elementor-element-62966de4 elementor-widget__width-inherit elementor-position-top exad-sticky-section-no exad-glass-effect-no elementor-widget elementor-widget-image-box\" data-id=\"62966de4\" data-element_type=\"widget\" data-widget_type=\"image-box.default\">\n\t\t\t\t<div class=\"elementor-widget-container\">\n\t\t\t<div class=\"elementor-image-box-wrapper\"><figure class=\"elementor-image-box-img\"><img fetchpriority=\"high\" decoding=\"async\" width=\"2560\" height=\"1707\" src=\"https:\/\/mantraayurveda.sk\/wp-content\/uploads\/2024\/04\/DSC01979-scaled.jpg\" class=\"attachment-full size-full wp-image-7135\" alt=\"\" srcset=\"https:\/\/mantraayurveda.sk\/wp-content\/uploads\/2024\/04\/DSC01979-scaled.jpg 2560w, https:\/\/mantraayurveda.sk\/wp-content\/uploads\/2024\/04\/DSC01979-scaled-600x400.jpg 600w, https:\/\/mantraayurveda.sk\/wp-content\/uploads\/2024\/04\/DSC01979-300x200.jpg 300w, https:\/\/mantraayurveda.sk\/wp-content\/uploads\/2024\/04\/DSC01979-1024x683.jpg 1024w, https:\/\/mantraayurveda.sk\/wp-content\/uploads\/2024\/04\/DSC01979-768x512.jpg 768w, https:\/\/mantraayurveda.sk\/wp-content\/uploads\/2024\/04\/DSC01979-1536x1024.jpg 1536w, https:\/\/mantraayurveda.sk\/wp-content\/uploads\/2024\/04\/DSC01979-2048x1365.jpg 2048w\" sizes=\"(max-width: 2560px) 100vw, 2560px\" \/><\/figure><div class=\"elementor-image-box-content\"><h3 class=\"elementor-image-box-title\">Mukhalepam (gy\u00f3gyn\u00f6v\u00e9nyes arckezel\u00e9s)<\/h3><p class=\"elementor-image-box-description\"><strong>\u00c1r - 39 \u20ac (Akci\u00f3s \u00e1r - 29 \u20ac)<\/strong><br>\n<br>Mukhalepam: Az \u00e1jurv\u00e9dikus arckezel\u00e9s megfiatal\u00edtja a b\u0151rt, cs\u00f6kkenti a foltokat, \u00e9s el\u0151seg\u00edti az eg\u00e9szs\u00e9ges, ragyog\u00f3 arcsz\u00ednt.<\/p><\/div><\/div>\t\t<\/div>\n\t\t\t\t<\/div>\n\t\t\t\t<\/div>\n\t\t<div class=\"elementor-element elementor-element-323c07b4 e-con-full e-flex wpr-particle-no wpr-jarallax-no wpr-parallax-no wpr-sticky-section-no e-con e-child\" data-id=\"323c07b4\" data-element_type=\"container\" data-settings=\"{&quot;background_background&quot;:&quot;classic&quot;}\">\n\t\t\t\t<div class=\"elementor-element elementor-element-2718cf96 elementor-widget__width-inherit elementor-position-top exad-sticky-section-no exad-glass-effect-no elementor-widget elementor-widget-image-box\" data-id=\"2718cf96\" data-element_type=\"widget\" data-widget_type=\"image-box.default\">\n\t\t\t\t<div class=\"elementor-widget-container\">\n\t\t\t<div class=\"elementor-image-box-wrapper\"><figure class=\"elementor-image-box-img\"><img decoding=\"async\" width=\"2560\" height=\"1707\" src=\"https:\/\/mantraayurveda.sk\/wp-content\/uploads\/2024\/04\/DSC02027-scaled.jpg\" class=\"attachment-full size-full wp-image-7147\" alt=\"\" srcset=\"https:\/\/mantraayurveda.sk\/wp-content\/uploads\/2024\/04\/DSC02027-scaled.jpg 2560w, https:\/\/mantraayurveda.sk\/wp-content\/uploads\/2024\/04\/DSC02027-scaled-600x400.jpg 600w, https:\/\/mantraayurveda.sk\/wp-content\/uploads\/2024\/04\/DSC02027-300x200.jpg 300w, https:\/\/mantraayurveda.sk\/wp-content\/uploads\/2024\/04\/DSC02027-1024x683.jpg 1024w, https:\/\/mantraayurveda.sk\/wp-content\/uploads\/2024\/04\/DSC02027-768x512.jpg 768w, https:\/\/mantraayurveda.sk\/wp-content\/uploads\/2024\/04\/DSC02027-1536x1024.jpg 1536w, https:\/\/mantraayurveda.sk\/wp-content\/uploads\/2024\/04\/DSC02027-2048x1365.jpg 2048w\" sizes=\"(max-width: 2560px) 100vw, 2560px\" \/><\/figure><div class=\"elementor-image-box-content\"><h3 class=\"elementor-image-box-title\">Sareeralepam (gy\u00f3gyn\u00f6v\u00e9nyes testkezel\u00e9s)<\/h3><p class=\"elementor-image-box-description\"><strong>\u00c1r - 59 \u20ac (Akci\u00f3s \u00e1r - 45 \u20ac)<\/strong><br>\n<br>Sareera Lepana: Gy\u00f3gyn\u00f6v\u00e9nypaszt\u00e1k \u00e1jurv\u00e9dikus alkalmaz\u00e1sa a b\u0151r\u00f6n. A hagyom\u00e1nyos gyakorlatok \u00f6tv\u00f6z\u00e9se az el\u0151ny\u00f6k\u00e9rt.<\/p><\/div><\/div>\t\t<\/div>\n\t\t\t\t<\/div>\n\t\t\t\t<\/div>\n\t\t<div class=\"elementor-element elementor-element-25a4ad4e e-con-full e-flex wpr-particle-no wpr-jarallax-no wpr-parallax-no wpr-sticky-section-no e-con e-child\" data-id=\"25a4ad4e\" data-element_type=\"container\" data-settings=\"{&quot;background_background&quot;:&quot;classic&quot;}\">\n\t\t\t\t<div class=\"elementor-element elementor-element-32d500cc elementor-widget__width-inherit elementor-position-top exad-sticky-section-no exad-glass-effect-no elementor-widget elementor-widget-image-box\" data-id=\"32d500cc\" data-element_type=\"widget\" data-widget_type=\"image-box.default\">\n\t\t\t\t<div class=\"elementor-widget-container\">\n\t\t\t<div class=\"elementor-image-box-wrapper\"><figure class=\"elementor-image-box-img\"><img decoding=\"async\" width=\"2560\" height=\"1707\" src=\"https:\/\/mantraayurveda.sk\/wp-content\/uploads\/2024\/04\/DSC02568-1-scaled.jpg\" class=\"attachment-full size-full wp-image-7243\" alt=\"\" srcset=\"https:\/\/mantraayurveda.sk\/wp-content\/uploads\/2024\/04\/DSC02568-1-scaled.jpg 2560w, https:\/\/mantraayurveda.sk\/wp-content\/uploads\/2024\/04\/DSC02568-1-scaled-600x400.jpg 600w, https:\/\/mantraayurveda.sk\/wp-content\/uploads\/2024\/04\/DSC02568-1-300x200.jpg 300w, https:\/\/mantraayurveda.sk\/wp-content\/uploads\/2024\/04\/DSC02568-1-1024x683.jpg 1024w, https:\/\/mantraayurveda.sk\/wp-content\/uploads\/2024\/04\/DSC02568-1-768x512.jpg 768w, https:\/\/mantraayurveda.sk\/wp-content\/uploads\/2024\/04\/DSC02568-1-1536x1024.jpg 1536w, https:\/\/mantraayurveda.sk\/wp-content\/uploads\/2024\/04\/DSC02568-1-2048x1365.jpg 2048w\" sizes=\"(max-width: 2560px) 100vw, 2560px\" \/><\/figure><div class=\"elementor-image-box-content\"><h3 class=\"elementor-image-box-title\">Udwarthanam (gy\u00f3gyn\u00f6v\u00e9nyporos massz\u00e1zs)<\/h3><p class=\"elementor-image-box-description\"><strong>\u00c1r - 59 \u20ac (Akci\u00f3s \u00e1r - 45 \u20ac)<\/strong><br>\n<br>Udwarthanam: Az \u00e1jurv\u00e9dikus sz\u00e1razpormassz\u00e1zs fokozza a zs\u00edranyagcser\u00e9t, h\u00e1mlasztja a b\u0151rt \u00e9s seg\u00edti a m\u00e9regtelen\u00edt\u00e9st.<\/p><\/div><\/div>\t\t<\/div>\n\t\t\t\t<\/div>\n\t\t\t\t<\/div>\n\t\t\t\t<\/div>\n\t\t\t\t\t<\/div>\n\t\t\t\t<\/div>\n\t\t<div class=\"elementor-element elementor-element-d0536a7 e-flex e-con-boxed wpr-particle-no wpr-jarallax-no wpr-parallax-no wpr-sticky-section-no e-con e-parent\" data-id=\"d0536a7\" data-element_type=\"container\" data-settings=\"{&quot;background_background&quot;:&quot;classic&quot;}\">\n\t\t\t\t\t<div class=\"e-con-inner\">\n\t\t<div class=\"elementor-element elementor-element-f62bfe e-con-full e-flex wpr-particle-no wpr-jarallax-no wpr-parallax-no wpr-sticky-section-no e-con e-child\" data-id=\"f62bfe\" data-element_type=\"container\">\n\t\t<div class=\"elementor-element elementor-element-1eab81d0 e-con-full e-flex wpr-particle-no wpr-jarallax-no wpr-parallax-no wpr-sticky-section-no e-con e-child\" data-id=\"1eab81d0\" data-element_type=\"container\" data-settings=\"{&quot;background_background&quot;:&quot;classic&quot;}\">\n\t\t\t\t<div class=\"elementor-element elementor-element-614c75d2 elementor-widget__width-inherit elementor-position-top exad-sticky-section-no exad-glass-effect-no elementor-widget elementor-widget-image-box\" data-id=\"614c75d2\" data-element_type=\"widget\" data-widget_type=\"image-box.default\">\n\t\t\t\t<div class=\"elementor-widget-container\">\n\t\t\t<div class=\"elementor-image-box-wrapper\"><figure class=\"elementor-image-box-img\"><img loading=\"lazy\" decoding=\"async\" width=\"2560\" height=\"1707\" src=\"https:\/\/mantraayurveda.sk\/wp-content\/uploads\/2024\/04\/DSC02687-scaled.jpg\" class=\"attachment-full size-full wp-image-7108\" alt=\"\" srcset=\"https:\/\/mantraayurveda.sk\/wp-content\/uploads\/2024\/04\/DSC02687-scaled.jpg 2560w, https:\/\/mantraayurveda.sk\/wp-content\/uploads\/2024\/04\/DSC02687-scaled-600x400.jpg 600w, https:\/\/mantraayurveda.sk\/wp-content\/uploads\/2024\/04\/DSC02687-300x200.jpg 300w, https:\/\/mantraayurveda.sk\/wp-content\/uploads\/2024\/04\/DSC02687-1024x683.jpg 1024w, https:\/\/mantraayurveda.sk\/wp-content\/uploads\/2024\/04\/DSC02687-768x512.jpg 768w, https:\/\/mantraayurveda.sk\/wp-content\/uploads\/2024\/04\/DSC02687-1536x1024.jpg 1536w, https:\/\/mantraayurveda.sk\/wp-content\/uploads\/2024\/04\/DSC02687-2048x1365.jpg 2048w\" sizes=\"(max-width: 2560px) 100vw, 2560px\" \/><\/figure><div class=\"elementor-image-box-content\"><h3 class=\"elementor-image-box-title\">Anti-aging massz\u00e1zs<\/h3><p class=\"elementor-image-box-description\"><strong>\u00c1r - 69 \u20ac (Akci\u00f3s \u00e1r - 55 \u20ac)<\/strong><br>\n<br>Ayurv\u00e9dikus \u00f6reged\u00e9sg\u00e1tl\u00f3 massz\u00e1zsok: A gy\u00f3gyn\u00f6v\u00e9nyes olajok \u00e9s paszt\u00e1k lek\u00fczdik az \u00f6reged\u00e9si hat\u00e1sokat, el\u0151seg\u00edtik a b\u0151rfiatal\u00edt\u00e1st \u00e9s jav\u00edtj\u00e1k az \u00e1ltal\u00e1nos k\u00f6z\u00e9rzetet.<\/p><\/div><\/div>\t\t<\/div>\n\t\t\t\t<\/div>\n\t\t\t\t<\/div>\n\t\t<div class=\"elementor-element elementor-element-18921ad e-con-full e-flex wpr-particle-no wpr-jarallax-no wpr-parallax-no wpr-sticky-section-no e-con e-child\" data-id=\"18921ad\" data-element_type=\"container\" data-settings=\"{&quot;background_background&quot;:&quot;classic&quot;}\">\n\t\t\t\t<div class=\"elementor-element elementor-element-5926e71 elementor-widget__width-inherit elementor-position-top exad-sticky-section-no exad-glass-effect-no elementor-widget elementor-widget-image-box\" data-id=\"5926e71\" data-element_type=\"widget\" data-widget_type=\"image-box.default\">\n\t\t\t\t<div class=\"elementor-widget-container\">\n\t\t\t<div class=\"elementor-image-box-wrapper\"><figure class=\"elementor-image-box-img\"><img loading=\"lazy\" decoding=\"async\" width=\"2560\" height=\"1707\" src=\"https:\/\/mantraayurveda.sk\/wp-content\/uploads\/2024\/04\/DSC02246-1-scaled.jpg\" class=\"attachment-full size-full wp-image-7186\" alt=\"\" srcset=\"https:\/\/mantraayurveda.sk\/wp-content\/uploads\/2024\/04\/DSC02246-1-scaled.jpg 2560w, https:\/\/mantraayurveda.sk\/wp-content\/uploads\/2024\/04\/DSC02246-1-scaled-600x400.jpg 600w, https:\/\/mantraayurveda.sk\/wp-content\/uploads\/2024\/04\/DSC02246-1-300x200.jpg 300w, https:\/\/mantraayurveda.sk\/wp-content\/uploads\/2024\/04\/DSC02246-1-1024x683.jpg 1024w, https:\/\/mantraayurveda.sk\/wp-content\/uploads\/2024\/04\/DSC02246-1-768x512.jpg 768w, https:\/\/mantraayurveda.sk\/wp-content\/uploads\/2024\/04\/DSC02246-1-1536x1024.jpg 1536w, https:\/\/mantraayurveda.sk\/wp-content\/uploads\/2024\/04\/DSC02246-1-2048x1365.jpg 2048w\" sizes=\"(max-width: 2560px) 100vw, 2560px\" \/><\/figure><div class=\"elementor-image-box-content\"><h3 class=\"elementor-image-box-title\">Hajfiatal\u00edt\u00f3 kezel\u00e9s<\/h3><p class=\"elementor-image-box-description\"><strong>\u00c1r - 69 \u20ac (Akci\u00f3s \u00e1r - 55 \u20ac)<\/strong><br>\n<br>A hajfiatal\u00edt\u00e1s k\u00fcl\u00f6nf\u00e9le term\u00e9szetes gy\u00f3gym\u00f3dokat \u00e9s kezel\u00e9seket k\u00edn\u00e1l az eg\u00e9szs\u00e9ges haj meg\u0151rz\u00e9s\u00e9hez, a hajhagym\u00e1k t\u00e1pl\u00e1l\u00e1s\u00e1hoz.<\/p><\/div><\/div>\t\t<\/div>\n\t\t\t\t<\/div>\n\t\t\t\t<\/div>\n\t\t<div class=\"elementor-element elementor-element-a92bbdd e-con-full e-flex wpr-particle-no wpr-jarallax-no wpr-parallax-no wpr-sticky-section-no e-con e-child\" data-id=\"a92bbdd\" data-element_type=\"container\" data-settings=\"{&quot;background_background&quot;:&quot;classic&quot;}\">\n\t\t\t\t<div class=\"elementor-element elementor-element-8f03e92 elementor-widget__width-inherit elementor-position-top exad-sticky-section-no exad-glass-effect-no elementor-widget elementor-widget-image-box\" data-id=\"8f03e92\" data-element_type=\"widget\" data-widget_type=\"image-box.default\">\n\t\t\t\t<div class=\"elementor-widget-container\">\n\t\t\t<div class=\"elementor-image-box-wrapper\"><figure class=\"elementor-image-box-img\"><img loading=\"lazy\" decoding=\"async\" width=\"2560\" height=\"1707\" src=\"https:\/\/mantraayurveda.sk\/wp-content\/uploads\/2024\/04\/DSC01989-min-scaled.jpg\" class=\"attachment-full size-full wp-image-7013\" alt=\"\" srcset=\"https:\/\/mantraayurveda.sk\/wp-content\/uploads\/2024\/04\/DSC01989-min-scaled.jpg 2560w, https:\/\/mantraayurveda.sk\/wp-content\/uploads\/2024\/04\/DSC01989-min-scaled-600x400.jpg 600w, https:\/\/mantraayurveda.sk\/wp-content\/uploads\/2024\/04\/DSC01989-min-300x200.jpg 300w, https:\/\/mantraayurveda.sk\/wp-content\/uploads\/2024\/04\/DSC01989-min-1024x683.jpg 1024w, https:\/\/mantraayurveda.sk\/wp-content\/uploads\/2024\/04\/DSC01989-min-768x512.jpg 768w, https:\/\/mantraayurveda.sk\/wp-content\/uploads\/2024\/04\/DSC01989-min-1536x1024.jpg 1536w, https:\/\/mantraayurveda.sk\/wp-content\/uploads\/2024\/04\/DSC01989-min-2048x1365.jpg 2048w\" sizes=\"(max-width: 2560px) 100vw, 2560px\" \/><\/figure><div class=\"elementor-image-box-content\"><h3 class=\"elementor-image-box-title\">Expressz relax\u00e1l\u00f3 kezel\u00e9sek<\/h3><p class=\"elementor-image-box-description\">Nyisd ki a boldogs\u00e1g kapuit az \u00e9let z\u0171rzavara k\u00f6zepette a relax\u00e1ci\u00f3 p\u00e1ratlan erej\u00e9vel. <\/p><\/div><\/div>\t\t<\/div>\n\t\t\t\t<\/div>\n\t\t\t\t<\/div>\n\t\t\t\t<\/div>\n\t\t\t\t\t<\/div>\n\t\t\t\t<\/div>\n\t\t\t\t<\/div>\n\t\t","protected":false},"excerpt":{"rendered":"<p>Mantra Herbal Beauty Care kezel\u00e9sek Mi\u00e9rt a gy\u00f3gyn\u00f6v\u00e9nyes sz\u00e9ps\u00e9g\u00e1pol\u00e1si kezel\u00e9sek ? A sz\u00e9ps\u00e9g, egy olyan fogalom, amely t\u00falmutat a puszta k\u00fcls\u0151s\u00e9geken, gondolataink, attit\u0171djeink, viselked\u00e9s\u00fcnk \u00e9s jellem\u00fcnk f\u00fazi\u00f3ja, amely m\u00e9lys\u00e9ges bels\u0151 \u00e9rt\u00e9ket teremt. Mivel ezt a bels\u0151 sz\u00e9ps\u00e9get sug\u00e1rozzuk a vil\u00e1g fel\u00e9, elengedhetetlen, hogy \u00e1poljuk magunkat, mivel az Ayurveda szerint a sz\u00e9ps\u00e9g az eg\u00e9szs\u00e9g szinonim\u00e1ja. A mindennapi nyom\u00e1s k\u00f6zepette, amely tal\u00e1n leh\u00fazza \u00d6nt, l\u00e9pjen be a p\u00e1ratlan nyugalom szent\u00e9ly\u00e9be, ahol az Ayurveda sz\u00e9ps\u00e9g\u00e9nek mag\u00e1val ragad\u00f3 esszenci\u00e1ja bontakozik ki. Mer\u00fclj\u00f6n el az arc\u00e1ra, test\u00e9re stb. tervezett, az \u0151si ayurv\u00e9dikus eg\u00e9szs\u00e9g\u00fcgyi rendszer \u00e1ltal gondosan \u00f6ssze\u00e1ll\u00edtott, id\u0151tlen sz\u00e9ps\u00e9g\u00e1pol\u00e1si kezel\u00e9sek harmonikus szimf\u00f3ni\u00e1j\u00e1ban. Az \u00d6n utaz\u00e1sa, ahol a sz\u00e9ps\u00e9g tal\u00e1lkozik a min\u0151s\u00e9ggel \u00e9s a kikapcsol\u00f3d\u00e1ssal, itt, a mi k\u00f6zpontunkban \u00e9r \u00faj magass\u00e1gokba. \u00dcdv\u00f6z\u00f6lj\u00fck egy olyan birodalomban, ahol a sz\u00e9ps\u00e9gre val\u00f3 t\u00f6rekv\u00e9s z\u00f6kken\u0151mentesen \u00f6sszefon\u00f3dik a j\u00f3l\u00e9tre val\u00f3 t\u00f6rekv\u00e9ssel. Fedezze fel a kezel\u00e9seket Mukhalepam (gy\u00f3gyn\u00f6v\u00e9nyes arckezel\u00e9s) \u00c1r &#8211; 39 \u20ac (Akci\u00f3s \u00e1r &#8211; 29 \u20ac) Mukhalepam: Az \u00e1jurv\u00e9dikus arckezel\u00e9s megfiatal\u00edtja a b\u0151rt, cs\u00f6kkenti a foltokat, \u00e9s el\u0151seg\u00edti az eg\u00e9szs\u00e9ges, ragyog\u00f3 arcsz\u00ednt. Foglaljon most Sareeralepam (gy\u00f3gyn\u00f6v\u00e9nyes testkezel\u00e9s) \u00c1r &#8211; 59 \u20ac (Akci\u00f3s \u00e1r &#8211; 45 \u20ac) Sareera Lepana: Gy\u00f3gyn\u00f6v\u00e9nypaszt\u00e1k \u00e1jurv\u00e9dikus alkalmaz\u00e1sa a b\u0151r\u00f6n. A hagyom\u00e1nyos gyakorlatok \u00f6tv\u00f6z\u00e9se az el\u0151ny\u00f6k\u00e9rt. Foglaljon most Udwarthanam (gy\u00f3gyn\u00f6v\u00e9nyporos massz\u00e1zs) \u00c1r &#8211; 59 \u20ac (Akci\u00f3s \u00e1r &#8211; 45 \u20ac) Udwarthanam: Az \u00e1jurv\u00e9dikus sz\u00e1razpormassz\u00e1zs fokozza a zs\u00edranyagcser\u00e9t, h\u00e1mlasztja a b\u0151rt \u00e9s seg\u00edti a m\u00e9regtelen\u00edt\u00e9st. Foglaljon most Anti-aging massz\u00e1zs \u00c1r &#8211; 69 \u20ac (Akci\u00f3s \u00e1r &#8211; 55 \u20ac) Ayurv\u00e9dikus \u00f6reged\u00e9sg\u00e1tl\u00f3 massz\u00e1zsok: A gy\u00f3gyn\u00f6v\u00e9nyes olajok \u00e9s paszt\u00e1k lek\u00fczdik az \u00f6reged\u00e9si hat\u00e1sokat, el\u0151seg\u00edtik a b\u0151rfiatal\u00edt\u00e1st \u00e9s jav\u00edtj\u00e1k az \u00e1ltal\u00e1nos k\u00f6z\u00e9rzetet. Foglaljon most Hajfiatal\u00edt\u00f3 kezel\u00e9s \u00c1r &#8211; 69 \u20ac (Akci\u00f3s \u00e1r &#8211; 55 \u20ac) A hajfiatal\u00edt\u00e1s k\u00fcl\u00f6nf\u00e9le term\u00e9szetes gy\u00f3gym\u00f3dokat \u00e9s kezel\u00e9seket k\u00edn\u00e1l az eg\u00e9szs\u00e9ges haj meg\u0151rz\u00e9s\u00e9hez, a hajhagym\u00e1k t\u00e1pl\u00e1l\u00e1s\u00e1hoz. Foglaljon most Expressz relax\u00e1l\u00f3 kezel\u00e9sek Nyisd ki a boldogs\u00e1g kapuit az \u00e9let z\u0171rzavara k\u00f6zepette a relax\u00e1ci\u00f3 p\u00e1ratlan erej\u00e9vel. Foglaljon most<\/p>\n","protected":false},"author":1,"featured_media":0,"parent":5460,"menu_order":3,"comment_status":"closed","ping_status":"closed","template":"","meta":{"footnotes":""},"class_list":["post-5448","page","type-page","status-publish","hentry"],"_links":{"self":[{"href":"https:\/\/mantraayurveda.sk\/hu\/wp-json\/wp\/v2\/pages\/5448","targetHints":{"allow":["GET"]}}],"collection":[{"href":"https:\/\/mantraayurveda.sk\/hu\/wp-json\/wp\/v2\/pages"}],"about":[{"href":"https:\/\/mantraayurveda.sk\/hu\/wp-json\/wp\/v2\/types\/page"}],"author":[{"embeddable":true,"href":"https:\/\/mantraayurveda.sk\/hu\/wp-json\/wp\/v2\/users\/1"}],"replies":[{"embeddable":true,"href":"https:\/\/mantraayurveda.sk\/hu\/wp-json\/wp\/v2\/comments?post=5448"}],"version-history":[{"count":0,"href":"https:\/\/mantraayurveda.sk\/hu\/wp-json\/wp\/v2\/pages\/5448\/revisions"}],"up":[{"embeddable":true,"href":"https:\/\/mantraayurveda.sk\/hu\/wp-json\/wp\/v2\/pages\/5460"}],"wp:attachment":[{"href":"https:\/\/mantraayurveda.sk\/hu\/wp-json\/wp\/v2\/media?parent=5448"}],"curies":[{"name":"wp","href":"https:\/\/api.w.org\/{rel}","templated":true}]}}