{"id":5463,"date":"2024-03-09T00:31:46","date_gmt":"2024-03-09T00:31:46","guid":{"rendered":"https:\/\/mantraayurveda.sk\/home\/szolgaltatasok\/mantra-ayurveda-relaxalo-kezelesek\/"},"modified":"2024-06-11T09:31:38","modified_gmt":"2024-06-11T09:31:38","slug":"mantra-ayurveda-relaxalo-kezelesek","status":"publish","type":"page","link":"https:\/\/mantraayurveda.sk\/hu\/home\/szolgaltatasok\/mantra-ayurveda-relaxalo-kezelesek\/","title":{"rendered":"Mantra Ayurveda relax\u00e1l\u00f3 kezel\u00e9sek"},"content":{"rendered":"\t\t<div data-elementor-type=\"wp-page\" data-elementor-id=\"5463\" class=\"elementor elementor-5463 elementor-2158\">\n\t\t\t\t<div class=\"elementor-element elementor-element-3fb6f4ea e-con-full e-flex wpr-particle-no wpr-jarallax-no wpr-parallax-no wpr-sticky-section-no e-con e-parent\" data-id=\"3fb6f4ea\" data-element_type=\"container\" data-settings=\"{&quot;background_background&quot;:&quot;classic&quot;}\">\n\t\t\t\t<div class=\"elementor-element elementor-element-07939cd exad-sticky-section-no exad-glass-effect-no elementor-widget elementor-widget-spacer\" data-id=\"07939cd\" data-element_type=\"widget\" data-widget_type=\"spacer.default\">\n\t\t\t\t<div class=\"elementor-widget-container\">\n\t\t\t\t\t<div class=\"elementor-spacer\">\n\t\t\t<div class=\"elementor-spacer-inner\"><\/div>\n\t\t<\/div>\n\t\t\t\t<\/div>\n\t\t\t\t<\/div>\n\t\t\t\t<div class=\"elementor-element elementor-element-6a831719 animated-slow exad-sticky-section-no exad-glass-effect-no elementor-invisible elementor-widget elementor-widget-heading\" data-id=\"6a831719\" data-element_type=\"widget\" data-settings=\"{&quot;_animation&quot;:&quot;slideInUp&quot;}\" data-widget_type=\"heading.default\">\n\t\t\t\t<div class=\"elementor-widget-container\">\n\t\t\t<h1 class=\"elementor-heading-title elementor-size-default\">Mantra Ayurveda relax\u00e1l\u00f3 kezel\u00e9sek<\/h1>\t\t<\/div>\n\t\t\t\t<\/div>\n\t\t\t\t<\/div>\n\t\t<div class=\"elementor-element elementor-element-dacfdfb e-con-full e-flex wpr-particle-no wpr-jarallax-no wpr-parallax-no wpr-sticky-section-no e-con e-parent\" data-id=\"dacfdfb\" data-element_type=\"container\" data-settings=\"{&quot;background_background&quot;:&quot;classic&quot;}\">\n\t\t<div class=\"elementor-element elementor-element-d9170b0 e-con-full e-flex wpr-particle-no wpr-jarallax-no wpr-parallax-no wpr-sticky-section-no e-con e-child\" data-id=\"d9170b0\" data-element_type=\"container\">\n\t\t\t\t<div class=\"elementor-element elementor-element-17ebdc8 exad-sticky-section-no exad-glass-effect-no elementor-widget elementor-widget-exad-exclusive-heading\" data-id=\"17ebdc8\" data-element_type=\"widget\" data-widget_type=\"exad-exclusive-heading.default\">\n\t\t\t\t<div class=\"elementor-widget-container\">\n\t\t\t\r\n        <div class=\"exad-exclusive-heading\">\r\n            <div class=\"exad-exclusive-heading-wrapper exad-heading-left exad-heading-simple\">\r\n\t\t\t\r\n                <h2 data-content=\"Mi\u00e9rt a relax\u00e1ci\u00f3s kezel\u00e9sek?\" class=\"exad-exclusive-heading-title\">\r\n\t\t\t\t\tMi\u00e9rt a relax\u00e1ci\u00f3s kezel\u00e9sek?\t\t\t\t<\/h2>\r\n\t\r\n                                    <p class=\"exad-exclusive-heading-description\">\r\n\t\t\t\t\t\tA mindennapi \u00e9let nyom\u00e1sa nyomasztja \u00d6nt? A massz\u00e1zs nyugtat\u00f3 \u00e9rint\u00e9se \u00e1ltal ny\u00fajtott boldogs\u00e1gos menek\u00fcl\u00e9sre v\u00e1gyik? K\u00e9pzeljen el egy olyan vil\u00e1got, ahol a relax\u00e1ci\u00f3 m\u0171v\u00e9szeti forma, ahol egy 5000 \u00e9ves hagyom\u00e1ny \u0151si b\u00f6lcsess\u00e9ge tal\u00e1lkozik a modern fiatal\u00edt\u00e1ssal. \u00dcdv\u00f6z\u00f6lj\u00fck a rendk\u00edv\u00fcli nyugalom birodalm\u00e1ban, ahol kibontakozik az Ayurveda var\u00e1zsa. \u00c9lvezze a rendk\u00edv\u00fcli \u00e9lm\u00e9nyt, mer\u00fclj\u00f6n el az id\u0151tlen massz\u00e1zsok \u00e9s testkezel\u00e9sek szimf\u00f3ni\u00e1j\u00e1ban, amelyeket az \u0151si ayurv\u00e9dikus eg\u00e9szs\u00e9g\u00fcgyi rendszer apr\u00f3l\u00e9kosan kidolgozott. A p\u00e1ratlan kikapcsol\u00f3d\u00e1shoz vezet\u0151 utaz\u00e1s itt kezd\u0151dik!                    <\/p>\r\n\t\t\t\t\r\n            <\/div>\r\n        <\/div>\r\n\t\t\t<\/div>\n\t\t\t\t<\/div>\n\t\t\t\t<div class=\"elementor-element elementor-element-74bfbf4 exad-sticky-section-no exad-glass-effect-no elementor-widget elementor-widget-spacer\" data-id=\"74bfbf4\" data-element_type=\"widget\" data-widget_type=\"spacer.default\">\n\t\t\t\t<div class=\"elementor-widget-container\">\n\t\t\t\t\t<div class=\"elementor-spacer\">\n\t\t\t<div class=\"elementor-spacer-inner\"><\/div>\n\t\t<\/div>\n\t\t\t\t<\/div>\n\t\t\t\t<\/div>\n\t\t\t\t<\/div>\n\t\t<div class=\"elementor-element elementor-element-e54a473 e-con-full elementor-hidden-mobile e-flex wpr-particle-no wpr-jarallax-no wpr-parallax-no wpr-sticky-section-no e-con e-child\" data-id=\"e54a473\" data-element_type=\"container\" data-settings=\"{&quot;background_background&quot;:&quot;classic&quot;}\">\n\t\t\t\t<\/div>\n\t\t\t\t<\/div>\n\t\t<div class=\"elementor-element elementor-element-68b7392 e-con-full e-flex wpr-particle-no wpr-jarallax-no wpr-parallax-no wpr-sticky-section-no e-con e-parent\" data-id=\"68b7392\" data-element_type=\"container\" data-settings=\"{&quot;background_background&quot;:&quot;classic&quot;}\">\n\t\t\t\t<\/div>\n\t\t<div class=\"elementor-element elementor-element-8c6f4ee e-con-full e-flex wpr-particle-no wpr-jarallax-no wpr-parallax-no wpr-sticky-section-no e-con e-parent\" data-id=\"8c6f4ee\" data-element_type=\"container\" data-settings=\"{&quot;background_background&quot;:&quot;classic&quot;}\">\n\t\t<div class=\"elementor-element elementor-element-ed4c5a3 e-flex e-con-boxed wpr-particle-no wpr-jarallax-no wpr-parallax-no wpr-sticky-section-no e-con e-child\" data-id=\"ed4c5a3\" data-element_type=\"container\">\n\t\t\t\t\t<div class=\"e-con-inner\">\n\t\t\t\t<div class=\"elementor-element elementor-element-a45b298 animated-slow exad-sticky-section-no exad-glass-effect-no elementor-invisible elementor-widget elementor-widget-heading\" data-id=\"a45b298\" data-element_type=\"widget\" data-settings=\"{&quot;_animation&quot;:&quot;slideInUp&quot;}\" data-widget_type=\"heading.default\">\n\t\t\t\t<div class=\"elementor-widget-container\">\n\t\t\t<h2 class=\"elementor-heading-title elementor-size-default\">Fedezze fel a kezel\u00e9seket <\/h2>\t\t<\/div>\n\t\t\t\t<\/div>\n\t\t\t\t\t<\/div>\n\t\t\t\t<\/div>\n\t\t<div class=\"elementor-element elementor-element-52345a3 e-con-full e-flex wpr-particle-no wpr-jarallax-no wpr-parallax-no wpr-sticky-section-no e-con e-child\" data-id=\"52345a3\" data-element_type=\"container\">\n\t\t<div class=\"elementor-element elementor-element-840fe4e e-con-full e-flex wpr-particle-no wpr-jarallax-no wpr-parallax-no wpr-sticky-section-no e-con e-child\" data-id=\"840fe4e\" data-element_type=\"container\" data-settings=\"{&quot;background_background&quot;:&quot;classic&quot;}\">\n\t\t\t\t<div class=\"exad-link-anything-wrapper elementor-element elementor-element-0f9433b elementor-widget__width-inherit elementor-position-top exad-sticky-section-no exad-glass-effect-no elementor-widget elementor-widget-image-box\" data-exad-element-link=\"{&quot;url&quot;:&quot;https:\\\/\\\/booking.mantraayurveda.sk\\\/services\\\/abhyangam-general-massage&quot;,&quot;is_external&quot;:&quot;&quot;,&quot;nofollow&quot;:&quot;&quot;,&quot;custom_attributes&quot;:&quot;&quot;}\" style=\"cursor: pointer\" data-id=\"0f9433b\" data-element_type=\"widget\" data-widget_type=\"image-box.default\">\n\t\t\t\t<div class=\"elementor-widget-container\">\n\t\t\t<div class=\"elementor-image-box-wrapper\"><figure class=\"elementor-image-box-img\"><a href=\"https:\/\/booking.mantraayurveda.sk\/services\/abhyangam-general-massage\" tabindex=\"-1\"><img fetchpriority=\"high\" decoding=\"async\" width=\"2560\" height=\"1707\" src=\"https:\/\/mantraayurveda.sk\/wp-content\/uploads\/2024\/04\/DSC02014-scaled.jpg\" class=\"attachment-full size-full wp-image-7688\" alt=\"\" srcset=\"https:\/\/mantraayurveda.sk\/wp-content\/uploads\/2024\/04\/DSC02014-scaled.jpg 2560w, https:\/\/mantraayurveda.sk\/wp-content\/uploads\/2024\/04\/DSC02014-scaled-600x400.jpg 600w, https:\/\/mantraayurveda.sk\/wp-content\/uploads\/2024\/04\/DSC02014-300x200.jpg 300w, https:\/\/mantraayurveda.sk\/wp-content\/uploads\/2024\/04\/DSC02014-1024x683.jpg 1024w, https:\/\/mantraayurveda.sk\/wp-content\/uploads\/2024\/04\/DSC02014-768x512.jpg 768w, https:\/\/mantraayurveda.sk\/wp-content\/uploads\/2024\/04\/DSC02014-1536x1024.jpg 1536w, https:\/\/mantraayurveda.sk\/wp-content\/uploads\/2024\/04\/DSC02014-2048x1365.jpg 2048w\" sizes=\"(max-width: 2560px) 100vw, 2560px\" \/><\/a><\/figure><div class=\"elementor-image-box-content\"><h3 class=\"elementor-image-box-title\"><a href=\"https:\/\/booking.mantraayurveda.sk\/services\/abhyangam-general-massage\">Abhyangam (\u00e1ltal\u00e1nos massz\u00e1zs)<\/a><\/h3><p class=\"elementor-image-box-description\"><strong>\u00c1r - 49 \u20ac (Akci\u00f3s \u00e1r - 35 \u20ac)<\/strong>\n<br>\n<br>Abhyanga: Hagyom\u00e1nyos \u00e1jurv\u00e9dikus teljes testmassz\u00e1zs gy\u00f3gyn\u00f6v\u00e9nyi olajokkal, serkenti a kering\u00e9st, a nyirokelvezet\u00e9st \u00e9s a holisztikus j\u00f3 k\u00f6z\u00e9rzetet.<\/p><\/div><\/div>\t\t<\/div>\n\t\t\t\t<\/div>\n\t\t\t\t<\/div>\n\t\t<div class=\"elementor-element elementor-element-bfb0500 e-con-full e-flex wpr-particle-no wpr-jarallax-no wpr-parallax-no wpr-sticky-section-no e-con e-child\" data-id=\"bfb0500\" data-element_type=\"container\" data-settings=\"{&quot;background_background&quot;:&quot;classic&quot;}\">\n\t\t\t\t<div class=\"elementor-element elementor-element-92c7da4 elementor-widget__width-inherit elementor-position-top exad-sticky-section-no exad-glass-effect-no elementor-widget elementor-widget-image-box\" data-id=\"92c7da4\" data-element_type=\"widget\" data-widget_type=\"image-box.default\">\n\t\t\t\t<div class=\"elementor-widget-container\">\n\t\t\t<div class=\"elementor-image-box-wrapper\"><figure class=\"elementor-image-box-img\"><img decoding=\"async\" width=\"2048\" height=\"1365\" src=\"https:\/\/mantraayurveda.sk\/wp-content\/uploads\/2024\/04\/PHOTO-2024-03-31-17-40-04-7.jpg\" class=\"attachment-full size-full wp-image-5881\" alt=\"\" srcset=\"https:\/\/mantraayurveda.sk\/wp-content\/uploads\/2024\/04\/PHOTO-2024-03-31-17-40-04-7.jpg 2048w, https:\/\/mantraayurveda.sk\/wp-content\/uploads\/2024\/04\/PHOTO-2024-03-31-17-40-04-7-600x400.jpg 600w, https:\/\/mantraayurveda.sk\/wp-content\/uploads\/2024\/04\/PHOTO-2024-03-31-17-40-04-7-300x200.jpg 300w, https:\/\/mantraayurveda.sk\/wp-content\/uploads\/2024\/04\/PHOTO-2024-03-31-17-40-04-7-1024x683.jpg 1024w, https:\/\/mantraayurveda.sk\/wp-content\/uploads\/2024\/04\/PHOTO-2024-03-31-17-40-04-7-768x512.jpg 768w, https:\/\/mantraayurveda.sk\/wp-content\/uploads\/2024\/04\/PHOTO-2024-03-31-17-40-04-7-1536x1024.jpg 1536w\" sizes=\"(max-width: 2048px) 100vw, 2048px\" \/><\/figure><div class=\"elementor-image-box-content\"><h3 class=\"elementor-image-box-title\">Sukha Abhyangaham (laz\u00edt\u00f3 massz\u00e1zs)<\/h3><p class=\"elementor-image-box-description\"><strong>\u00c1r - 59 \u20ac (Akci\u00f3s \u00e1r - 45 \u20ac)<\/strong>\n<br>\n<br>\nSukha-Abhyangam: Gyeng\u00e9d, nyugtat\u00f3, laz\u00edt\u00f3 mozdulatok, \u00c1ltal\u00e1nos massz\u00e1zs arom\u00e1s olajokkal a megterhelt test \u00e9s l\u00e9lek ellaz\u00edt\u00e1s\u00e1ra.<\/p><\/div><\/div>\t\t<\/div>\n\t\t\t\t<\/div>\n\t\t\t\t<\/div>\n\t\t<div class=\"elementor-element elementor-element-eafcd31 e-con-full e-flex wpr-particle-no wpr-jarallax-no wpr-parallax-no wpr-sticky-section-no e-con e-child\" data-id=\"eafcd31\" data-element_type=\"container\" data-settings=\"{&quot;background_background&quot;:&quot;classic&quot;}\">\n\t\t\t\t<div class=\"elementor-element elementor-element-a2af53e elementor-widget__width-inherit elementor-position-top exad-sticky-section-no exad-glass-effect-no elementor-widget elementor-widget-image-box\" data-id=\"a2af53e\" data-element_type=\"widget\" data-widget_type=\"image-box.default\">\n\t\t\t\t<div class=\"elementor-widget-container\">\n\t\t\t<div class=\"elementor-image-box-wrapper\"><figure class=\"elementor-image-box-img\"><img decoding=\"async\" width=\"2560\" height=\"1707\" src=\"https:\/\/mantraayurveda.sk\/wp-content\/uploads\/2024\/04\/DSC01858-min-scaled.jpg\" class=\"attachment-full size-full wp-image-6986\" alt=\"\" srcset=\"https:\/\/mantraayurveda.sk\/wp-content\/uploads\/2024\/04\/DSC01858-min-scaled.jpg 2560w, https:\/\/mantraayurveda.sk\/wp-content\/uploads\/2024\/04\/DSC01858-min-scaled-600x400.jpg 600w, https:\/\/mantraayurveda.sk\/wp-content\/uploads\/2024\/04\/DSC01858-min-300x200.jpg 300w, https:\/\/mantraayurveda.sk\/wp-content\/uploads\/2024\/04\/DSC01858-min-1024x683.jpg 1024w, https:\/\/mantraayurveda.sk\/wp-content\/uploads\/2024\/04\/DSC01858-min-768x512.jpg 768w, https:\/\/mantraayurveda.sk\/wp-content\/uploads\/2024\/04\/DSC01858-min-1536x1024.jpg 1536w, https:\/\/mantraayurveda.sk\/wp-content\/uploads\/2024\/04\/DSC01858-min-2048x1365.jpg 2048w\" sizes=\"(max-width: 2560px) 100vw, 2560px\" \/><\/figure><div class=\"elementor-image-box-content\"><h3 class=\"elementor-image-box-title\">Rasayana Abhyangam<\/h3><p class=\"elementor-image-box-description\"><strong>\u00c1r - 69 \u20ac (Akci\u00f3s \u00e1r - 55 \u20ac)<\/strong>\n<br>\n<br>\nRasayana massz\u00e1zs: Revitaliz\u00e1lja a testet \u00e9s az elm\u00e9t, fokozza a vitalit\u00e1st \u00e9s el\u0151seg\u00edti az \u00e1ltal\u00e1nos j\u00f3 k\u00f6z\u00e9rzetet speci\u00e1lis \u00e1jurv\u00e9dikus technik\u00e1kkal.<\/p><\/div><\/div>\t\t<\/div>\n\t\t\t\t<\/div>\n\t\t\t\t<\/div>\n\t\t\t\t<\/div>\n\t\t<div class=\"elementor-element elementor-element-83df51c e-con-full e-flex wpr-particle-no wpr-jarallax-no wpr-parallax-no wpr-sticky-section-no e-con e-child\" data-id=\"83df51c\" data-element_type=\"container\">\n\t\t<div class=\"elementor-element elementor-element-0feb3ab e-con-full e-flex wpr-particle-no wpr-jarallax-no wpr-parallax-no wpr-sticky-section-no e-con e-child\" data-id=\"0feb3ab\" data-element_type=\"container\" data-settings=\"{&quot;background_background&quot;:&quot;classic&quot;}\">\n\t\t\t\t<div class=\"exad-link-anything-wrapper elementor-element elementor-element-61ca91d elementor-widget__width-inherit elementor-position-top exad-sticky-section-no exad-glass-effect-no elementor-widget elementor-widget-image-box\" data-exad-element-link=\"{&quot;url&quot;:&quot;https:\\\/\\\/booking.mantraayurveda.sk\\\/services\\\/abhyangam-general-massage&quot;,&quot;is_external&quot;:&quot;&quot;,&quot;nofollow&quot;:&quot;&quot;,&quot;custom_attributes&quot;:&quot;&quot;}\" style=\"cursor: pointer\" data-id=\"61ca91d\" data-element_type=\"widget\" data-widget_type=\"image-box.default\">\n\t\t\t\t<div class=\"elementor-widget-container\">\n\t\t\t<div class=\"elementor-image-box-wrapper\"><figure class=\"elementor-image-box-img\"><a href=\"https:\/\/booking.mantraayurveda.sk\/services\/abhyangam-general-massage\" tabindex=\"-1\"><img loading=\"lazy\" decoding=\"async\" width=\"2560\" height=\"1707\" src=\"https:\/\/mantraayurveda.sk\/wp-content\/uploads\/2024\/04\/DSC02468-1-1-scaled.jpg\" class=\"attachment-full size-full wp-image-7219\" alt=\"\" srcset=\"https:\/\/mantraayurveda.sk\/wp-content\/uploads\/2024\/04\/DSC02468-1-1-scaled.jpg 2560w, https:\/\/mantraayurveda.sk\/wp-content\/uploads\/2024\/04\/DSC02468-1-1-scaled-600x400.jpg 600w, https:\/\/mantraayurveda.sk\/wp-content\/uploads\/2024\/04\/DSC02468-1-1-300x200.jpg 300w, https:\/\/mantraayurveda.sk\/wp-content\/uploads\/2024\/04\/DSC02468-1-1-1024x683.jpg 1024w, https:\/\/mantraayurveda.sk\/wp-content\/uploads\/2024\/04\/DSC02468-1-1-768x512.jpg 768w, https:\/\/mantraayurveda.sk\/wp-content\/uploads\/2024\/04\/DSC02468-1-1-1536x1024.jpg 1536w, https:\/\/mantraayurveda.sk\/wp-content\/uploads\/2024\/04\/DSC02468-1-1-2048x1365.jpg 2048w\" sizes=\"(max-width: 2560px) 100vw, 2560px\" \/><\/a><\/figure><div class=\"elementor-image-box-content\"><h3 class=\"elementor-image-box-title\"><a href=\"https:\/\/booking.mantraayurveda.sk\/services\/abhyangam-general-massage\">Lasika Abhyanga (nyirokmassz\u00e1zs)<\/a><\/h3><p class=\"elementor-image-box-description\"><strong>\u00c1r - 59 \u20ac (Akci\u00f3s \u00e1r - 45 \u20ac)<\/strong>\n<br>\n<br>\nAyurv\u00e9dikus nyirokmassz\u00e1zs: Fokozza a kering\u00e9st, m\u00e9regtelen\u00edtse \u00e9s er\u0151s\u00edtse az immunit\u00e1st gyeng\u00e9d mozdulatokkal \u00e9s speci\u00e1lisan \u00f6ssze\u00e1ll\u00edtott n\u00f6v\u00e9nyi olajokkal.<\/p><\/div><\/div>\t\t<\/div>\n\t\t\t\t<\/div>\n\t\t\t\t<\/div>\n\t\t<div class=\"elementor-element elementor-element-a6e065e e-con-full e-flex wpr-particle-no wpr-jarallax-no wpr-parallax-no wpr-sticky-section-no e-con e-child\" data-id=\"a6e065e\" data-element_type=\"container\" data-settings=\"{&quot;background_background&quot;:&quot;classic&quot;}\">\n\t\t\t\t<div class=\"elementor-element elementor-element-e6ac94e elementor-widget__width-inherit elementor-position-top exad-sticky-section-no exad-glass-effect-no elementor-widget elementor-widget-image-box\" data-id=\"e6ac94e\" data-element_type=\"widget\" data-widget_type=\"image-box.default\">\n\t\t\t\t<div class=\"elementor-widget-container\">\n\t\t\t<div class=\"elementor-image-box-wrapper\"><figure class=\"elementor-image-box-img\"><img loading=\"lazy\" decoding=\"async\" width=\"2560\" height=\"1707\" src=\"https:\/\/mantraayurveda.sk\/wp-content\/uploads\/2024\/04\/DSC02571-1-min-scaled.jpg\" class=\"attachment-full size-full wp-image-7797\" alt=\"\" srcset=\"https:\/\/mantraayurveda.sk\/wp-content\/uploads\/2024\/04\/DSC02571-1-min-scaled.jpg 2560w, https:\/\/mantraayurveda.sk\/wp-content\/uploads\/2024\/04\/DSC02571-1-min-scaled-600x400.jpg 600w, https:\/\/mantraayurveda.sk\/wp-content\/uploads\/2024\/04\/DSC02571-1-min-300x200.jpg 300w, https:\/\/mantraayurveda.sk\/wp-content\/uploads\/2024\/04\/DSC02571-1-min-1024x683.jpg 1024w, https:\/\/mantraayurveda.sk\/wp-content\/uploads\/2024\/04\/DSC02571-1-min-768x512.jpg 768w, https:\/\/mantraayurveda.sk\/wp-content\/uploads\/2024\/04\/DSC02571-1-min-1536x1024.jpg 1536w, https:\/\/mantraayurveda.sk\/wp-content\/uploads\/2024\/04\/DSC02571-1-min-2048x1365.jpg 2048w\" sizes=\"(max-width: 2560px) 100vw, 2560px\" \/><\/figure><div class=\"elementor-image-box-content\"><h3 class=\"elementor-image-box-title\">Lepana-Abhyangam (kr\u00e9mmassz\u00e1zs)<\/h3><p class=\"elementor-image-box-description\"><strong>\u00c1r - 59 \u20ac (Akci\u00f3s \u00e1r - 45 \u20ac)<\/strong>\n<br>\n<br>\nAyurv\u00e9dikus gy\u00f3gyn\u00f6v\u00e9nypaszta massz\u00e1zs: Fokozza a b\u0151r eg\u00e9szs\u00e9g\u00e9t \u00e9s revitaliz\u00e1ci\u00f3j\u00e1t gy\u00f3gyn\u00f6v\u00e9nyvir\u00e1gok, -porok \u00e9s -gy\u00fcm\u00f6lcs\u00f6k egyed\u00fcl\u00e1ll\u00f3 kever\u00e9k\u00e9vel.<\/p><\/div><\/div>\t\t<\/div>\n\t\t\t\t<\/div>\n\t\t\t\t<\/div>\n\t\t<div class=\"elementor-element elementor-element-9610c32 e-con-full e-flex wpr-particle-no wpr-jarallax-no wpr-parallax-no wpr-sticky-section-no e-con e-child\" data-id=\"9610c32\" data-element_type=\"container\" data-settings=\"{&quot;background_background&quot;:&quot;classic&quot;}\">\n\t\t\t\t<div class=\"elementor-element elementor-element-ea9bd13 elementor-widget__width-inherit elementor-position-top exad-sticky-section-no exad-glass-effect-no elementor-widget elementor-widget-image-box\" data-id=\"ea9bd13\" data-element_type=\"widget\" data-widget_type=\"image-box.default\">\n\t\t\t\t<div class=\"elementor-widget-container\">\n\t\t\t<div class=\"elementor-image-box-wrapper\"><figure class=\"elementor-image-box-img\"><img loading=\"lazy\" decoding=\"async\" width=\"2560\" height=\"1707\" src=\"https:\/\/mantraayurveda.sk\/wp-content\/uploads\/2024\/03\/back-massage-scaled.jpeg\" class=\"attachment-full size-full wp-image-4378\" alt=\"\" srcset=\"https:\/\/mantraayurveda.sk\/wp-content\/uploads\/2024\/03\/back-massage-scaled.jpeg 2560w, https:\/\/mantraayurveda.sk\/wp-content\/uploads\/2024\/03\/back-massage-scaled-600x400.jpeg 600w, https:\/\/mantraayurveda.sk\/wp-content\/uploads\/2024\/03\/back-massage-300x200.jpeg 300w, https:\/\/mantraayurveda.sk\/wp-content\/uploads\/2024\/03\/back-massage-1024x683.jpeg 1024w, https:\/\/mantraayurveda.sk\/wp-content\/uploads\/2024\/03\/back-massage-768x512.jpeg 768w, https:\/\/mantraayurveda.sk\/wp-content\/uploads\/2024\/03\/back-massage-1536x1024.jpeg 1536w, https:\/\/mantraayurveda.sk\/wp-content\/uploads\/2024\/03\/back-massage-2048x1365.jpeg 2048w\" sizes=\"(max-width: 2560px) 100vw, 2560px\" \/><\/figure><div class=\"elementor-image-box-content\"><h3 class=\"elementor-image-box-title\">Mantra Ayurveda hagyom\u00e1nyos ter\u00e1pi\u00e1k<\/h3><p class=\"elementor-image-box-description\">Fedezze fel hagyom\u00e1nyos kezel\u00e9seinket, \u00e9s tudjon meg t\u00f6bbet az ayurv\u00e9dikus hagyom\u00e1nyos ter\u00e1pi\u00e1kr\u00f3l \u00e9s a hagyom\u00e1nyos kezel\u00e9seinkhez kapcsol\u00f3d\u00f3 csomagokr\u00f3l. <\/p><\/div><\/div>\t\t<\/div>\n\t\t\t\t<\/div>\n\t\t\t\t<\/div>\n\t\t\t\t<\/div>\n\t\t\t\t<\/div>\n\t\t\t\t<\/div>\n\t\t","protected":false},"excerpt":{"rendered":"<p>Mantra Ayurveda relax\u00e1l\u00f3 kezel\u00e9sek Mi\u00e9rt a relax\u00e1ci\u00f3s kezel\u00e9sek? A mindennapi \u00e9let nyom\u00e1sa nyomasztja \u00d6nt? A massz\u00e1zs nyugtat\u00f3 \u00e9rint\u00e9se \u00e1ltal ny\u00fajtott boldogs\u00e1gos menek\u00fcl\u00e9sre v\u00e1gyik? K\u00e9pzeljen el egy olyan vil\u00e1got, ahol a relax\u00e1ci\u00f3 m\u0171v\u00e9szeti forma, ahol egy 5000 \u00e9ves hagyom\u00e1ny \u0151si b\u00f6lcsess\u00e9ge tal\u00e1lkozik a modern fiatal\u00edt\u00e1ssal. \u00dcdv\u00f6z\u00f6lj\u00fck a rendk\u00edv\u00fcli nyugalom birodalm\u00e1ban, ahol kibontakozik az Ayurveda var\u00e1zsa. \u00c9lvezze a rendk\u00edv\u00fcli \u00e9lm\u00e9nyt, mer\u00fclj\u00f6n el az id\u0151tlen massz\u00e1zsok \u00e9s testkezel\u00e9sek szimf\u00f3ni\u00e1j\u00e1ban, amelyeket az \u0151si ayurv\u00e9dikus eg\u00e9szs\u00e9g\u00fcgyi rendszer apr\u00f3l\u00e9kosan kidolgozott. A p\u00e1ratlan kikapcsol\u00f3d\u00e1shoz vezet\u0151 utaz\u00e1s itt kezd\u0151dik! Fedezze fel a kezel\u00e9seket Abhyangam (\u00e1ltal\u00e1nos massz\u00e1zs) \u00c1r &#8211; 49 \u20ac (Akci\u00f3s \u00e1r &#8211; 35 \u20ac) Abhyanga: Hagyom\u00e1nyos \u00e1jurv\u00e9dikus teljes testmassz\u00e1zs gy\u00f3gyn\u00f6v\u00e9nyi olajokkal, serkenti a kering\u00e9st, a nyirokelvezet\u00e9st \u00e9s a holisztikus j\u00f3 k\u00f6z\u00e9rzetet. Foglaljon most Sukha Abhyangaham (laz\u00edt\u00f3 massz\u00e1zs) \u00c1r &#8211; 59 \u20ac (Akci\u00f3s \u00e1r &#8211; 45 \u20ac) Sukha-Abhyangam: Gyeng\u00e9d, nyugtat\u00f3, laz\u00edt\u00f3 mozdulatok, \u00c1ltal\u00e1nos massz\u00e1zs arom\u00e1s olajokkal a megterhelt test \u00e9s l\u00e9lek ellaz\u00edt\u00e1s\u00e1ra. Foglaljon most Rasayana Abhyangam \u00c1r &#8211; 69 \u20ac (Akci\u00f3s \u00e1r &#8211; 55 \u20ac) Rasayana massz\u00e1zs: Revitaliz\u00e1lja a testet \u00e9s az elm\u00e9t, fokozza a vitalit\u00e1st \u00e9s el\u0151seg\u00edti az \u00e1ltal\u00e1nos j\u00f3 k\u00f6z\u00e9rzetet speci\u00e1lis \u00e1jurv\u00e9dikus technik\u00e1kkal. Foglaljon most Lasika Abhyanga (nyirokmassz\u00e1zs) \u00c1r &#8211; 59 \u20ac (Akci\u00f3s \u00e1r &#8211; 45 \u20ac) Ayurv\u00e9dikus nyirokmassz\u00e1zs: Fokozza a kering\u00e9st, m\u00e9regtelen\u00edtse \u00e9s er\u0151s\u00edtse az immunit\u00e1st gyeng\u00e9d mozdulatokkal \u00e9s speci\u00e1lisan \u00f6ssze\u00e1ll\u00edtott n\u00f6v\u00e9nyi olajokkal. Foglaljon most Lepana-Abhyangam (kr\u00e9mmassz\u00e1zs) \u00c1r &#8211; 59 \u20ac (Akci\u00f3s \u00e1r &#8211; 45 \u20ac) Ayurv\u00e9dikus gy\u00f3gyn\u00f6v\u00e9nypaszta massz\u00e1zs: Fokozza a b\u0151r eg\u00e9szs\u00e9g\u00e9t \u00e9s revitaliz\u00e1ci\u00f3j\u00e1t gy\u00f3gyn\u00f6v\u00e9nyvir\u00e1gok, -porok \u00e9s -gy\u00fcm\u00f6lcs\u00f6k egyed\u00fcl\u00e1ll\u00f3 kever\u00e9k\u00e9vel. Foglaljon most Mantra Ayurveda hagyom\u00e1nyos ter\u00e1pi\u00e1k Fedezze fel hagyom\u00e1nyos kezel\u00e9seinket, \u00e9s tudjon meg t\u00f6bbet az ayurv\u00e9dikus hagyom\u00e1nyos ter\u00e1pi\u00e1kr\u00f3l \u00e9s a hagyom\u00e1nyos kezel\u00e9seinkhez kapcsol\u00f3d\u00f3 csomagokr\u00f3l. Foglaljon most<\/p>\n","protected":false},"author":1,"featured_media":0,"parent":5460,"menu_order":1,"comment_status":"closed","ping_status":"closed","template":"template-page-builder.php","meta":{"footnotes":""},"class_list":["post-5463","page","type-page","status-publish","hentry"],"_links":{"self":[{"href":"https:\/\/mantraayurveda.sk\/hu\/wp-json\/wp\/v2\/pages\/5463","targetHints":{"allow":["GET"]}}],"collection":[{"href":"https:\/\/mantraayurveda.sk\/hu\/wp-json\/wp\/v2\/pages"}],"about":[{"href":"https:\/\/mantraayurveda.sk\/hu\/wp-json\/wp\/v2\/types\/page"}],"author":[{"embeddable":true,"href":"https:\/\/mantraayurveda.sk\/hu\/wp-json\/wp\/v2\/users\/1"}],"replies":[{"embeddable":true,"href":"https:\/\/mantraayurveda.sk\/hu\/wp-json\/wp\/v2\/comments?post=5463"}],"version-history":[{"count":0,"href":"https:\/\/mantraayurveda.sk\/hu\/wp-json\/wp\/v2\/pages\/5463\/revisions"}],"up":[{"embeddable":true,"href":"https:\/\/mantraayurveda.sk\/hu\/wp-json\/wp\/v2\/pages\/5460"}],"wp:attachment":[{"href":"https:\/\/mantraayurveda.sk\/hu\/wp-json\/wp\/v2\/media?parent=5463"}],"curies":[{"name":"wp","href":"https:\/\/api.w.org\/{rel}","templated":true}]}}