{"id":7468,"date":"2024-04-21T12:58:06","date_gmt":"2024-04-21T12:58:06","guid":{"rendered":"https:\/\/mantraayurveda.sk\/?page_id=7468"},"modified":"2024-06-11T13:31:29","modified_gmt":"2024-06-11T13:31:29","slug":"adatvedelmi-iranyelvek-2","status":"publish","type":"page","link":"https:\/\/mantraayurveda.sk\/hu\/adatvedelmi-iranyelvek-2\/","title":{"rendered":"Felhaszn\u00e1l\u00e1si felt\u00e9telek"},"content":{"rendered":"\t\t<div data-elementor-type=\"wp-page\" data-elementor-id=\"7468\" class=\"elementor elementor-7468 elementor-7467\">\n\t\t\t\t<div class=\"elementor-element elementor-element-2f2a2a9c e-flex e-con-boxed wpr-particle-no wpr-jarallax-no wpr-parallax-no wpr-sticky-section-no e-con e-parent\" data-id=\"2f2a2a9c\" data-element_type=\"container\">\n\t\t\t\t\t<div class=\"e-con-inner\">\n\t\t\t\t<div class=\"elementor-element elementor-element-79636f68 exad-sticky-section-no exad-glass-effect-no elementor-widget elementor-widget-text-editor\" data-id=\"79636f68\" data-element_type=\"widget\" data-widget_type=\"text-editor.default\">\n\t\t\t\t<div class=\"elementor-widget-container\">\n\t\t\t\t\t\t\t<p>\u00dcgyf\u00e9l hozz\u00e1j\u00e1rul\u00e1si \u0171rlapja<\/p>\n<p>MANTRA AYURVEDA WELLNESS<\/p>\n<p>C\u00edm<\/p>\n<p>K\u00e9rj\u00fck, vegye figyelembe: Ezek az \u0171rlapok bizalmasak, \u00e9s az \u00d6n \u00e1ltal megadott inform\u00e1ci\u00f3kat csak ter\u00e1pia vagy konzult\u00e1ci\u00f3 c\u00e9lj\u00e1ra haszn\u00e1ljuk fel. <\/p>\n<p>K\u00e9rj\u00fck, olvassa el az al\u00e1bbi szolg\u00e1ltat\u00e1si felt\u00e9teleket, majd a lehet\u0151 legr\u00e9szletesebben t\u00f6ltse ki az \u0171rlapot, hogy megfelel\u0151 tan\u00e1csot\/ter\u00e1pi\u00e1t tudjunk ny\u00fajtani \u00d6nnek.<\/p>\n<p>\u00c1LTAL\u00c1NOS SZOLG\u00c1LTAT\u00c1SI FELT\u00c9TELEK:<\/p>\n<ul>\n<li>D\u00edjak: A szolg\u00e1ltat\u00e1si d\u00edjakat a konzult\u00e1ci\u00f3 vagy a kezel\u00e9sek el\u0151tt egyeztetj\u00fck.<\/li>\n<li>A k\u00e9s\u0151i \u00e9rkez\u00e9s a konzult\u00e1ci\u00f3s id\u0151 vagy a kezel\u00e9sek cs\u00f6kken\u00e9s\u00e9hez vezet.<\/li>\n<li>Ha \u00e1t szeretn\u00e9 \u00fctemezni vagy t\u00f6r\u00f6lni szeretn\u00e9 a foglal\u00e1st, k\u00e9rj\u00fck, legal\u00e1bb 24 \u00f3r\u00e1val el\u0151re jelezze.<\/li>\n<li>Ha nem \u00e9rkezik meg az id\u0151pontra, ak\u00e1r 100%-os lemond\u00e1si d\u00edjat sz\u00e1m\u00edtunk fel.<\/li>\n<li>A kezel\u00e9sek \u00e1t\u00fctemez\u00e9se a rendelkez\u00e9sre \u00e1ll\u00e1s f\u00fcggv\u00e9ny\u00e9ben \u00e9s a k\u00f6zpont saj\u00e1t bel\u00e1t\u00e1sa szerint t\u00f6rt\u00e9nik.<\/li>\n<\/ul>\n<p><b>Ig\u00e9nyelt szolg\u00e1ltat\u00e1sok: D\u00e1tum:<\/b><\/p>\n<table width=\"608\">\n<tbody>\n<tr>\n<td width=\"608\"> <\/td>\n<\/tr>\n<\/tbody>\n<\/table>\n<p><strong>K\u00dcL\u00d6NLEGES SZOLG\u00c1LTAT\u00c1SI FELT\u00c9TELEK: A szolg\u00e1ltat\u00e1s ig\u00e9nybev\u00e9tele el\u0151tt ki kell t\u00f6ltenie a mell\u00e9kelt eg\u00e9szs\u00e9gt\u00f6rt\u00e9neti \u0171rlapot. B\u00e1tor\u00edtunk minden olyan visszajelz\u00e9st a kezel\u00e9s vagy konzult\u00e1ci\u00f3 sor\u00e1n, amely kifejezetten \u00faj inform\u00e1ci\u00f3kkal, a tan\u00e1csokkal val\u00f3 el\u00e9gedetts\u00e9ggel vagy a tan\u00e1cs megfelel\u0151s\u00e9g\u00e9vel, f\u00e1jdalommal vagy kellemetlen \u00e9rz\u00e9ssel kapcsolatos.<\/strong><\/p>\n<p><strong><u>Adatv\u00e9delmi ir\u00e1nyelvek<\/u><\/strong><\/p>\n<p>Az \u00fcl\u00e9s sor\u00e1n megosztott minden inform\u00e1ci\u00f3t a legszigor\u00fabb titoktart\u00e1s mellett kezel\u00fcnk. A t\u00e1rgyalt inform\u00e1ci\u00f3kat nem adjuk ki harmadik f\u00e9lnek, kiv\u00e9ve, ha erre jogi l\u00e9p\u00e9sek alapj\u00e1n ker\u00fcl sor. Bizonyos k\u00f6r\u00fclm\u00e9nyek k\u00f6z\u00f6tt a Mantra Ayurveda Wellness enged\u00e9lyt k\u00e9rhet az \u00d6n els\u0151dleges orvos\u00e1hoz vagy m\u00e1s eg\u00e9szs\u00e9g\u00fcgyi szolg\u00e1ltat\u00f3j\u00e1hoz a vonatkoz\u00f3 eg\u00e9szs\u00e9g\u00fcgyi \u00e1llapottal kapcsolatban, hogy a legmegfelel\u0151bb szint\u0171 ell\u00e1t\u00e1st ny\u00fajthassa \u00d6nnek.<\/p>\n<p><strong>Eg\u00e9szs\u00e9gt\u00f6rt\u00e9neti nyomtatv\u00e1ny<\/strong><\/p>\n<p><strong>Mantra Ayurveda Wellness K\u00f6zpont<\/strong>el\u0151seg\u00edti az eg\u00e9szs\u00e9get \u00e9s a j\u00f3l\u00e9tet. Az ilyen t\u00edpus\u00fa hagyom\u00e1nyos kezel\u00e9seknek sz\u00e1mos el\u0151nye van. Szeretn\u00e9nk azonban t\u00e1j\u00e9koztatni \u00d6nt, hogy ezek a kezel\u00e9sek nem ig\u00e9nyelnek semmilyen ter\u00e1pi\u00e1s garanci\u00e1t. Az ilyen t\u00edpus\u00fa kezel\u00e9sek kock\u00e1zatokkal j\u00e1rnak, k\u00fcl\u00f6n\u00f6sen akkor, ha b\u00e1rmilyen megl\u00e9v\u0151 vagy m\u00e1r megl\u00e9v\u0151 eg\u00e9szs\u00e9g\u00fcgyi \u00e1llapota van, \u00e9s az ilyen inform\u00e1ci\u00f3kkal kapcsolatos k\u00e9rd\u00e9seket b\u00e1tor\u00edtjuk, \u00e9s munkat\u00e1rsaink sz\u00edvesen seg\u00edtenek \u00d6nnek.<\/p>\n<p>Vannak-e megl\u00e9v\u0151 eg\u00e9szs\u00e9g\u00fcgyi \u00e1llapotai<\/p>\n<table width=\"611\">\n<tbody>\n<tr>\n<td width=\"306\">\n<p>o allergia \u2013 (ha igen, k\u00e9rj\u00fck, r\u00e9szletezze)<\/p>\n<p>o B\u0151rbetegs\u00e9gek<\/p>\n<p>o Terhess\u00e9g<\/p>\n<p>cukorbetegs\u00e9g<\/p>\n<p>o Sz\u00edvbetegs\u00e9g<\/p>\n<p>o Rossz kering\u00e9s<\/p>\n<p>o L\u00e9g\u00fati betegs\u00e9gek<\/p>\n<p>o HIV+\/AIDS<\/p>\n<\/p>\n<\/td>\n<td width=\"306\">\n<p>o R\u00e1k<\/p>\n<p>o Magas v\u00e9rnyom\u00e1s<\/p>\n<p>o \u00c9tkez\u00e9si zavar<\/p>\n<p>o Megl\u00e9v\u0151 ment\u00e1lis eg\u00e9szs\u00e9g\u00fcgyi probl\u00e9ma<\/p>\n<p>o B\u00e1rmilyen fert\u0151z\u0151 vagy v\u00edrusos \u00e1llapot \u2013 K\u00e9rj\u00fck, r\u00e9szletezze<\/p>\n<p>o B\u00e1rmilyen egy\u00e9b relev\u00e1ns eg\u00e9szs\u00e9g\u00fcgyi \u00e1llapot \u2013 K\u00e9rj\u00fck, r\u00e9szletezze<\/p>\n<\/p>\n<\/td>\n<\/tr>\n<\/tbody>\n<\/table>\n<ul>\n<li>Nincs \u2013 nincsenek el\u0151zetesen bejelentend\u0151 felt\u00e9telek<\/li>\n<\/ul>\n<ul>\n<li>Enged\u00e9lyeztem ezt a wellness-k\u00f6zpontot az \u00e1ltalam kiv\u00e1lasztott kezel\u00e9s vagy elj\u00e1r\u00e1s elv\u00e9gz\u00e9s\u00e9re.<\/li>\n<li>A hozz\u00e1j\u00e1rul\u00e1s al\u00e1\u00edr\u00e1sakor meger\u0151s\u00edtettem, hogy nagykor\u00fa vagyok, \u00e9s nem vagyok befoly\u00e1s alatt.<\/li>\n<li>Enged\u00e9lyezem test\u00e1pol\u00f3k, olajok \u00e9s ken\u0151cs\u00f6k vagy b\u00e1rmely m\u00e1s gy\u00f3gyn\u00f6v\u00e9ny\/term\u00e9szetes k\u00e9sz\u00edtm\u00e9ny haszn\u00e1lat\u00e1t a testemben.<\/li>\n<li>Tudom\u00e1sul veszem, hogy ennek a ter\u00e1pi\u00e1nak nincs szexu\u00e1lis sz\u00e1nd\u00e9ka, \u00e9s a terapeuta meg\u00e9rint\u00e9se szigor\u00faan tilos.<\/li>\n<li>Ezt a wellness-k\u00f6zpontot baleset, betegs\u00e9g vagy s\u00e9r\u00fcl\u00e9s eset\u00e9n felel\u0151ss\u00e9gre v\u00e1llalom.<\/li>\n<li>Elfogadom, hogy az al\u00e1bbiakban vagy m\u00e1s \u0171rlapon felsorolt \u200b\u200b\u00f6sszes inform\u00e1ci\u00f3 pontos \u00e9s igaz.<\/li>\n<li>Meger\u0151s\u00edtettem, hogy nincs olyan eg\u00e9szs\u00e9g\u00fcgyi \u00e1llapotom, amely befoly\u00e1solhatja a gy\u00f3gyf\u00fcrd\u0151i kezel\u00e9st.<\/li>\n<li>Meger\u0151s\u00edtettem, hogy elolvastam a fenti nyilatkozatokat, \u00e9s a szem\u00e9lyzet elmagyar\u00e1zta nekem az elj\u00e1r\u00e1st.<\/li>\n<li>Ez\u00faton meger\u0151s\u00edtem, hogy minden \u00e1ltalam k\u00f6z\u00f6lt inform\u00e1ci\u00f3 a val\u00f3s\u00e1gnak megfelel.<\/li>\n<li>Meg vagyok el\u00e9gedve a sz\u00e1momra ismertetett szolg\u00e1ltat\u00e1si felt\u00e9telekkel, \u00e9s mentes\u00edtem tan\u00e1csad\u00f3mat\/terapeut\u00e1mat minden olyan felel\u0151ss\u00e9g vagy k\u00f6vetel\u00e9s al\u00f3l, amely ebb\u0151l a kezel\u00e9sb\u0151l\/konzult\u00e1ci\u00f3b\u00f3l vagy abb\u00f3l ad\u00f3d\u00f3, hogy az esetleges testi betegs\u00e9geim orvosi kezel\u00e9s\u00e9t elmulasztottam. , \u00e9s tudom\u00e1sul veszi, hogy a terapeut\u00e1m nem t\u00e1ntor\u00edtott el az ilyen fel\u00edrt gy\u00f3gyszerekt\u0151l.<\/li>\n<li>Meg\u00e9rtem, hogy b\u00e1rmilyen forr\u00e1sb\u00f3l szabadon k\u00e9rhetek m\u00e1s seg\u00edts\u00e9get.<\/li>\n<\/ul>\n<p>Az al\u00e1bbi al\u00e1\u00edr\u00e1ssal meger\u0151s\u00edti, hogy elolvasta a fentieket, meg\u00e9rtette a szolg\u00e1ltat\u00e1si felt\u00e9teleket, a titoktart\u00e1s term\u00e9szet\u00e9t \u00e9s korl\u00e1tait, valamint azt, hogy mit v\u00e1rnak el \u00d6nt\u0151l, mint \u00fcgyf\u00e9lt\u0151l.<\/p>\n<table width=\"594\">\n<tbody>\n<tr>\n<td width=\"297\">\n<p>Keresztn\u00e9v<\/p>\n<\/td>\n<td width=\"297\">\n<p>Vezet\u00e9kn\u00e9v<\/p>\n<\/td>\n<\/tr>\n<tr>\n<td width=\"297\">\n<p>Sz\u00fclet\u00e9si d\u00e1tum<\/p>\n<\/td>\n<td width=\"297\">\n<p>Telefon<\/p>\n<\/td>\n<\/tr>\n<tr>\n<td width=\"297\">\n<p>C\u00edm<\/p>\n<\/td>\n<td width=\"297\">\n<p>E-mail<\/p>\n<\/td>\n<\/tr>\n<tr>\n<td width=\"297\">\n<p>V\u00e9szhelyzeti kapcsolattart\u00f3 neve<\/p>\n<\/td>\n<td width=\"297\">\n<p>S\u00fcrg\u0151ss\u00e9gi kapcsolattart\u00f3 sz\u00e1m<\/p>\n<\/td>\n<\/tr>\n<tr>\n<td width=\"297\">\n<p>D\u00e1tum<\/p>\n<\/td>\n<td width=\"297\">\n<p>Al\u00e1\u00edr\u00e1s<\/p>\n<\/td>\n<\/tr>\n<\/tbody>\n<\/table>\n\t\t\t\t\t\t<\/div>\n\t\t\t\t<\/div>\n\t\t\t\t\t<\/div>\n\t\t\t\t<\/div>\n\t\t\t\t<\/div>\n\t\t","protected":false},"excerpt":{"rendered":"<p>\u00dcgyf\u00e9l hozz\u00e1j\u00e1rul\u00e1si \u0171rlapja MANTRA AYURVEDA WELLNESS C\u00edm K\u00e9rj\u00fck, vegye figyelembe: Ezek az \u0171rlapok bizalmasak, \u00e9s az \u00d6n \u00e1ltal megadott inform\u00e1ci\u00f3kat csak ter\u00e1pia vagy konzult\u00e1ci\u00f3 c\u00e9lj\u00e1ra haszn\u00e1ljuk fel. K\u00e9rj\u00fck, olvassa el az al\u00e1bbi szolg\u00e1ltat\u00e1si felt\u00e9teleket, majd a lehet\u0151 legr\u00e9szletesebben t\u00f6ltse ki az \u0171rlapot, hogy megfelel\u0151 tan\u00e1csot\/ter\u00e1pi\u00e1t tudjunk ny\u00fajtani \u00d6nnek. \u00c1LTAL\u00c1NOS SZOLG\u00c1LTAT\u00c1SI FELT\u00c9TELEK: D\u00edjak: A szolg\u00e1ltat\u00e1si d\u00edjakat a konzult\u00e1ci\u00f3 vagy a kezel\u00e9sek el\u0151tt egyeztetj\u00fck. A k\u00e9s\u0151i \u00e9rkez\u00e9s a konzult\u00e1ci\u00f3s id\u0151 vagy a kezel\u00e9sek cs\u00f6kken\u00e9s\u00e9hez vezet. Ha \u00e1t szeretn\u00e9 \u00fctemezni vagy t\u00f6r\u00f6lni szeretn\u00e9 a foglal\u00e1st, k\u00e9rj\u00fck, legal\u00e1bb 24 \u00f3r\u00e1val el\u0151re jelezze. Ha nem \u00e9rkezik meg az id\u0151pontra, ak\u00e1r 100%-os lemond\u00e1si d\u00edjat sz\u00e1m\u00edtunk fel. A kezel\u00e9sek \u00e1t\u00fctemez\u00e9se a rendelkez\u00e9sre \u00e1ll\u00e1s f\u00fcggv\u00e9ny\u00e9ben \u00e9s a k\u00f6zpont saj\u00e1t bel\u00e1t\u00e1sa szerint t\u00f6rt\u00e9nik. Ig\u00e9nyelt szolg\u00e1ltat\u00e1sok: D\u00e1tum: K\u00dcL\u00d6NLEGES SZOLG\u00c1LTAT\u00c1SI FELT\u00c9TELEK: A szolg\u00e1ltat\u00e1s ig\u00e9nybev\u00e9tele el\u0151tt ki kell t\u00f6ltenie a mell\u00e9kelt eg\u00e9szs\u00e9gt\u00f6rt\u00e9neti \u0171rlapot. B\u00e1tor\u00edtunk minden olyan visszajelz\u00e9st a kezel\u00e9s vagy konzult\u00e1ci\u00f3 sor\u00e1n, amely kifejezetten \u00faj inform\u00e1ci\u00f3kkal, a tan\u00e1csokkal val\u00f3 el\u00e9gedetts\u00e9ggel vagy a tan\u00e1cs megfelel\u0151s\u00e9g\u00e9vel, f\u00e1jdalommal vagy kellemetlen \u00e9rz\u00e9ssel kapcsolatos. Adatv\u00e9delmi ir\u00e1nyelvek Az \u00fcl\u00e9s sor\u00e1n megosztott minden inform\u00e1ci\u00f3t a legszigor\u00fabb titoktart\u00e1s mellett kezel\u00fcnk. A t\u00e1rgyalt inform\u00e1ci\u00f3kat nem adjuk ki harmadik f\u00e9lnek, kiv\u00e9ve, ha erre jogi l\u00e9p\u00e9sek alapj\u00e1n ker\u00fcl sor. Bizonyos k\u00f6r\u00fclm\u00e9nyek k\u00f6z\u00f6tt a Mantra Ayurveda Wellness enged\u00e9lyt k\u00e9rhet az \u00d6n els\u0151dleges orvos\u00e1hoz vagy m\u00e1s eg\u00e9szs\u00e9g\u00fcgyi szolg\u00e1ltat\u00f3j\u00e1hoz a vonatkoz\u00f3 eg\u00e9szs\u00e9g\u00fcgyi \u00e1llapottal kapcsolatban, hogy a legmegfelel\u0151bb szint\u0171 ell\u00e1t\u00e1st ny\u00fajthassa \u00d6nnek. Eg\u00e9szs\u00e9gt\u00f6rt\u00e9neti nyomtatv\u00e1ny Mantra Ayurveda Wellness K\u00f6zpontel\u0151seg\u00edti az eg\u00e9szs\u00e9get \u00e9s a j\u00f3l\u00e9tet. Az ilyen t\u00edpus\u00fa hagyom\u00e1nyos kezel\u00e9seknek sz\u00e1mos el\u0151nye van. Szeretn\u00e9nk azonban t\u00e1j\u00e9koztatni \u00d6nt, hogy ezek a kezel\u00e9sek nem ig\u00e9nyelnek semmilyen ter\u00e1pi\u00e1s garanci\u00e1t. Az ilyen t\u00edpus\u00fa kezel\u00e9sek kock\u00e1zatokkal j\u00e1rnak, k\u00fcl\u00f6n\u00f6sen akkor, ha b\u00e1rmilyen megl\u00e9v\u0151 vagy m\u00e1r megl\u00e9v\u0151 eg\u00e9szs\u00e9g\u00fcgyi \u00e1llapota van, \u00e9s az ilyen inform\u00e1ci\u00f3kkal kapcsolatos k\u00e9rd\u00e9seket b\u00e1tor\u00edtjuk, \u00e9s munkat\u00e1rsaink sz\u00edvesen seg\u00edtenek \u00d6nnek. Vannak-e megl\u00e9v\u0151 eg\u00e9szs\u00e9g\u00fcgyi \u00e1llapotai o allergia \u2013 (ha igen, k\u00e9rj\u00fck, r\u00e9szletezze) o B\u0151rbetegs\u00e9gek o Terhess\u00e9g cukorbetegs\u00e9g o Sz\u00edvbetegs\u00e9g o Rossz kering\u00e9s o L\u00e9g\u00fati betegs\u00e9gek o HIV+\/AIDS o R\u00e1k o Magas v\u00e9rnyom\u00e1s o \u00c9tkez\u00e9si zavar o Megl\u00e9v\u0151 ment\u00e1lis eg\u00e9szs\u00e9g\u00fcgyi probl\u00e9ma o B\u00e1rmilyen fert\u0151z\u0151 vagy v\u00edrusos \u00e1llapot \u2013 K\u00e9rj\u00fck, r\u00e9szletezze o B\u00e1rmilyen egy\u00e9b relev\u00e1ns eg\u00e9szs\u00e9g\u00fcgyi \u00e1llapot \u2013 K\u00e9rj\u00fck, r\u00e9szletezze Nincs \u2013 nincsenek el\u0151zetesen bejelentend\u0151 felt\u00e9telek Enged\u00e9lyeztem ezt a wellness-k\u00f6zpontot az \u00e1ltalam kiv\u00e1lasztott kezel\u00e9s vagy elj\u00e1r\u00e1s elv\u00e9gz\u00e9s\u00e9re. A hozz\u00e1j\u00e1rul\u00e1s al\u00e1\u00edr\u00e1sakor meger\u0151s\u00edtettem, hogy nagykor\u00fa vagyok, \u00e9s nem vagyok befoly\u00e1s alatt. Enged\u00e9lyezem test\u00e1pol\u00f3k, olajok \u00e9s ken\u0151cs\u00f6k vagy b\u00e1rmely m\u00e1s gy\u00f3gyn\u00f6v\u00e9ny\/term\u00e9szetes k\u00e9sz\u00edtm\u00e9ny haszn\u00e1lat\u00e1t a testemben. Tudom\u00e1sul veszem, hogy ennek a ter\u00e1pi\u00e1nak nincs szexu\u00e1lis sz\u00e1nd\u00e9ka, \u00e9s a terapeuta meg\u00e9rint\u00e9se szigor\u00faan tilos. Ezt a wellness-k\u00f6zpontot baleset, betegs\u00e9g vagy s\u00e9r\u00fcl\u00e9s eset\u00e9n felel\u0151ss\u00e9gre v\u00e1llalom. Elfogadom, hogy az al\u00e1bbiakban vagy m\u00e1s \u0171rlapon felsorolt \u200b\u200b\u00f6sszes inform\u00e1ci\u00f3 pontos \u00e9s igaz. Meger\u0151s\u00edtettem, hogy nincs olyan eg\u00e9szs\u00e9g\u00fcgyi \u00e1llapotom, amely befoly\u00e1solhatja a gy\u00f3gyf\u00fcrd\u0151i kezel\u00e9st. Meger\u0151s\u00edtettem, hogy elolvastam a fenti nyilatkozatokat, \u00e9s a szem\u00e9lyzet elmagyar\u00e1zta nekem az elj\u00e1r\u00e1st. Ez\u00faton meger\u0151s\u00edtem, hogy minden \u00e1ltalam k\u00f6z\u00f6lt inform\u00e1ci\u00f3 a val\u00f3s\u00e1gnak megfelel. Meg vagyok el\u00e9gedve a sz\u00e1momra ismertetett szolg\u00e1ltat\u00e1si felt\u00e9telekkel, \u00e9s mentes\u00edtem tan\u00e1csad\u00f3mat\/terapeut\u00e1mat minden olyan felel\u0151ss\u00e9g vagy k\u00f6vetel\u00e9s al\u00f3l, amely ebb\u0151l a kezel\u00e9sb\u0151l\/konzult\u00e1ci\u00f3b\u00f3l vagy abb\u00f3l ad\u00f3d\u00f3, hogy az esetleges testi betegs\u00e9geim orvosi kezel\u00e9s\u00e9t elmulasztottam. , \u00e9s tudom\u00e1sul veszi, hogy a terapeut\u00e1m nem t\u00e1ntor\u00edtott el az ilyen fel\u00edrt gy\u00f3gyszerekt\u0151l. Meg\u00e9rtem, hogy b\u00e1rmilyen forr\u00e1sb\u00f3l szabadon k\u00e9rhetek m\u00e1s seg\u00edts\u00e9get. Az al\u00e1bbi al\u00e1\u00edr\u00e1ssal meger\u0151s\u00edti, hogy elolvasta a fentieket, meg\u00e9rtette a szolg\u00e1ltat\u00e1si felt\u00e9teleket, a titoktart\u00e1s term\u00e9szet\u00e9t \u00e9s korl\u00e1tait, valamint azt, hogy mit v\u00e1rnak el \u00d6nt\u0151l, mint \u00fcgyf\u00e9lt\u0151l. Keresztn\u00e9v Vezet\u00e9kn\u00e9v Sz\u00fclet\u00e9si d\u00e1tum Telefon C\u00edm E-mail V\u00e9szhelyzeti kapcsolattart\u00f3 neve S\u00fcrg\u0151ss\u00e9gi kapcsolattart\u00f3 sz\u00e1m D\u00e1tum Al\u00e1\u00edr\u00e1s<\/p>\n","protected":false},"author":1,"featured_media":0,"parent":0,"menu_order":0,"comment_status":"closed","ping_status":"closed","template":"elementor_header_footer","meta":{"footnotes":""},"class_list":["post-7468","page","type-page","status-publish","hentry"],"_links":{"self":[{"href":"https:\/\/mantraayurveda.sk\/hu\/wp-json\/wp\/v2\/pages\/7468","targetHints":{"allow":["GET"]}}],"collection":[{"href":"https:\/\/mantraayurveda.sk\/hu\/wp-json\/wp\/v2\/pages"}],"about":[{"href":"https:\/\/mantraayurveda.sk\/hu\/wp-json\/wp\/v2\/types\/page"}],"author":[{"embeddable":true,"href":"https:\/\/mantraayurveda.sk\/hu\/wp-json\/wp\/v2\/users\/1"}],"replies":[{"embeddable":true,"href":"https:\/\/mantraayurveda.sk\/hu\/wp-json\/wp\/v2\/comments?post=7468"}],"version-history":[{"count":0,"href":"https:\/\/mantraayurveda.sk\/hu\/wp-json\/wp\/v2\/pages\/7468\/revisions"}],"wp:attachment":[{"href":"https:\/\/mantraayurveda.sk\/hu\/wp-json\/wp\/v2\/media?parent=7468"}],"curies":[{"name":"wp","href":"https:\/\/api.w.org\/{rel}","templated":true}]}}