{"id":8213,"date":"2024-03-10T21:38:43","date_gmt":"2024-03-10T21:38:43","guid":{"rendered":"https:\/\/mantraayurveda.sk\/home\/szolgaltatasok\/diagnozis-az-ayurveda-doktorral\/"},"modified":"2024-06-11T04:29:11","modified_gmt":"2024-06-11T04:29:11","slug":"diagnozis-az-ayurveda-doktorral","status":"publish","type":"page","link":"https:\/\/mantraayurveda.sk\/hu\/home\/szolgaltatasok\/diagnozis-az-ayurveda-doktorral\/","title":{"rendered":"Diagn\u00f3zis az Ayurveda doktorral"},"content":{"rendered":"\t\t<div data-elementor-type=\"wp-page\" data-elementor-id=\"8213\" class=\"elementor elementor-8213 elementor-2987\">\n\t\t\t\t<div class=\"elementor-element elementor-element-3fb6f4ea e-flex e-con-boxed wpr-particle-no wpr-jarallax-no wpr-parallax-no wpr-sticky-section-no e-con e-parent\" data-id=\"3fb6f4ea\" data-element_type=\"container\" data-settings=\"{&quot;background_background&quot;:&quot;classic&quot;}\">\n\t\t\t\t\t<div class=\"e-con-inner\">\n\t\t\t\t<div class=\"elementor-element elementor-element-07939cd exad-sticky-section-no exad-glass-effect-no elementor-widget elementor-widget-spacer\" data-id=\"07939cd\" data-element_type=\"widget\" data-widget_type=\"spacer.default\">\n\t\t\t\t<div class=\"elementor-widget-container\">\n\t\t\t\t\t<div class=\"elementor-spacer\">\n\t\t\t<div class=\"elementor-spacer-inner\"><\/div>\n\t\t<\/div>\n\t\t\t\t<\/div>\n\t\t\t\t<\/div>\n\t\t\t\t<div class=\"elementor-element elementor-element-6a831719 animated-slow exad-sticky-section-no exad-glass-effect-no elementor-invisible elementor-widget elementor-widget-heading\" data-id=\"6a831719\" data-element_type=\"widget\" data-settings=\"{&quot;_animation&quot;:&quot;slideInUp&quot;}\" data-widget_type=\"heading.default\">\n\t\t\t\t<div class=\"elementor-widget-container\">\n\t\t\t<h2 class=\"elementor-heading-title elementor-size-default\">Diagn\u00f3zis az Ayurveda doktorral<\/h2>\t\t<\/div>\n\t\t\t\t<\/div>\n\t\t\t\t\t<\/div>\n\t\t\t\t<\/div>\n\t\t<div class=\"elementor-element elementor-element-1019716 e-flex e-con-boxed wpr-particle-no wpr-jarallax-no wpr-parallax-no wpr-sticky-section-no e-con e-parent\" data-id=\"1019716\" data-element_type=\"container\" data-settings=\"{&quot;background_background&quot;:&quot;classic&quot;}\">\n\t\t\t\t\t<div class=\"e-con-inner\">\n\t\t<div class=\"elementor-element elementor-element-2b59e076 e-con-full e-flex wpr-particle-no wpr-jarallax-no wpr-parallax-no wpr-sticky-section-no e-con e-child\" data-id=\"2b59e076\" data-element_type=\"container\">\n\t\t\t\t<div class=\"elementor-element elementor-element-de99f28 exad-sticky-section-no exad-glass-effect-no elementor-widget elementor-widget-exad-exclusive-heading\" data-id=\"de99f28\" data-element_type=\"widget\" data-widget_type=\"exad-exclusive-heading.default\">\n\t\t\t\t<div class=\"elementor-widget-container\">\n\t\t\t\r\n        <div class=\"exad-exclusive-heading\">\r\n            <div class=\"exad-exclusive-heading-wrapper exad-heading-left exad-heading-simple\">\r\n\t\t\t\r\n                <h1 data-content=\"Diagn\u00f3zis az Ayurveda orvos\u00e1val\" class=\"exad-exclusive-heading-title\">\r\n\t\t\t\t\tDiagn\u00f3zis az Ayurveda orvos\u00e1val\t\t\t\t<\/h1>\r\n\t\r\n                                    <p class=\"exad-exclusive-heading-description\">\r\n\t\t\t\t\t\tAz indiai diagnosztika \u00e9vezredek \u00f3ta a hagyom\u00e1nyos megk\u00f6zel\u00edt\u00e9st k\u00f6veti, a Tri-Vidha \u00e9s Ashta-Vidh\u00e1 Pariksha n\u00e9ven ismert technik\u00e1t alkalmazva, amely a Tri-Dosha elm\u00e9letben gy\u00f6kerezik. Ez a m\u00f3dszer \u00e1tfog\u00f3 vizsg\u00e1latot foglal mag\u00e1ban, olyan t\u00e9nyez\u0151k figyelembev\u00e9tel\u00e9vel, mint az \u00e1ltal\u00e1nos megjelen\u00e9s, az arcvon\u00e1sok \u00e9s az \u00e9rz\u00e9kszervek, p\u00e9ld\u00e1ul a nyelv, a szemek, a f\u00fclek, az orr \u00e9s a b\u0151r \u00e1llapota. Ezenk\u00edv\u00fcl figyelembe veszik a reakci\u00f3kat, jeleket \u00e9s t\u00fcneteket. A diagnosztikai folyamat sarkalatos aspektusa a p\u00e1ciens alkat\u00e1nak \u00e9s lehets\u00e9ges egyens\u00falyhi\u00e1nyainak azonos\u00edt\u00e1sa, amelyet k\u00e9rd\u0151\u00edv \u00e9s pulzusanal\u00edzis kombin\u00e1ci\u00f3j\u00e1val \u00e9r\u00fcnk el.\n\nA diagnosztikus \u00e9rt\u00e9kel\u00e9s c\u00e9lja, hogy elemz\u00e9ssel felt\u00e1rja az egy\u00e9n eg\u00e9szs\u00e9gi \u00e1llapot\u00e1t\n a Tri-Dosha rendszeren bel\u00fcli egyens\u00faly \u00e9s egyenl\u0151tlens\u00e9gek. Az els\u0151 konzult\u00e1ci\u00f3 \u00e1ltal\u00e1ban k\u00f6r\u00fclbel\u00fcl egy \u00f3r\u00e1t vesz ig\u00e9nybe. A leletek alapj\u00e1n szem\u00e9lyre szabott kezel\u00e9si aj\u00e1nl\u00e1sokat adnak a konkr\u00e9t eg\u00e9szs\u00e9g\u00fcgyi probl\u00e9m\u00e1k kezel\u00e9s\u00e9re. Ezek az aj\u00e1nl\u00e1sok k\u00fcl\u00f6nf\u00e9le ter\u00e1pi\u00e1s beavatkoz\u00e1sokat, term\u00e9szetes \u00e9trend-kieg\u00e9sz\u00edt\u0151ket, \u00e9letm\u00f3d-m\u00f3dos\u00edt\u00e1si tan\u00e1csokat, el\u0151\u00edrt gyakorlatokat, j\u00f3g\u00e1t, medit\u00e1ci\u00f3t vagy \u00e9trendm\u00f3dos\u00edt\u00e1si javaslatokat foglalhatnak magukban.\n\nFoglaljon id\u0151pontot \u00e1jurv\u00e9dikus orvosunkhoz. \n                    <\/p>\r\n\t\t\t\t\r\n            <\/div>\r\n        <\/div>\r\n\t\t\t<\/div>\n\t\t\t\t<\/div>\n\t\t\t\t<div class=\"elementor-element elementor-element-6ebf7250 exad-sticky-section-no exad-glass-effect-no elementor-widget elementor-widget-spacer\" data-id=\"6ebf7250\" data-element_type=\"widget\" data-widget_type=\"spacer.default\">\n\t\t\t\t<div class=\"elementor-widget-container\">\n\t\t\t\t\t<div class=\"elementor-spacer\">\n\t\t\t<div class=\"elementor-spacer-inner\"><\/div>\n\t\t<\/div>\n\t\t\t\t<\/div>\n\t\t\t\t<\/div>\n\t\t\t\t<\/div>\n\t\t<div class=\"elementor-element elementor-element-4d71f1e0 e-con-full e-flex wpr-particle-no wpr-jarallax-no wpr-parallax-no wpr-sticky-section-no e-con e-child\" data-id=\"4d71f1e0\" data-element_type=\"container\" data-settings=\"{&quot;background_background&quot;:&quot;classic&quot;}\">\n\t\t\t\t<\/div>\n\t\t\t\t\t<\/div>\n\t\t\t\t<\/div>\n\t\t<div class=\"elementor-element elementor-element-64490e2f e-con-full e-flex wpr-particle-no wpr-jarallax-no wpr-parallax-no wpr-sticky-section-no e-con e-parent\" data-id=\"64490e2f\" data-element_type=\"container\" data-settings=\"{&quot;background_background&quot;:&quot;classic&quot;}\">\n\t\t<div class=\"elementor-element elementor-element-4053b519 e-con-full e-flex wpr-particle-no wpr-jarallax-no wpr-parallax-no wpr-sticky-section-no e-con e-child\" data-id=\"4053b519\" data-element_type=\"container\">\n\t\t<div class=\"elementor-element elementor-element-3c85307 animated-slow e-con-full e-flex wpr-particle-no wpr-jarallax-no wpr-parallax-no wpr-sticky-section-no e-con e-child\" data-id=\"3c85307\" data-element_type=\"container\" data-settings=\"{&quot;background_background&quot;:&quot;classic&quot;,&quot;animation&quot;:&quot;none&quot;,&quot;animation_delay&quot;:600}\">\n\t\t\t\t<\/div>\n\t\t<div class=\"elementor-element elementor-element-3ce385d1 e-con-full e-flex wpr-particle-no wpr-jarallax-no wpr-parallax-no wpr-sticky-section-no e-con e-child\" data-id=\"3ce385d1\" data-element_type=\"container\">\n\t\t\t\t<div class=\"elementor-element elementor-element-4a63e2fb exad-sticky-section-no exad-glass-effect-no elementor-widget elementor-widget-text-editor\" data-id=\"4a63e2fb\" data-element_type=\"widget\" data-widget_type=\"text-editor.default\">\n\t\t\t\t<div class=\"elementor-widget-container\">\n\t\t\t\t\t\t\t<p>Az Ayurveda egy egyed\u00fcl\u00e1ll\u00f3 hagyom\u00e1nyos diagnosztikai elj\u00e1r\u00e1st javasol az ember term\u00e9szetes alkat\u00e1nak \u00e9s lehets\u00e9ges egyens\u00falyhi\u00e1nyainak azonos\u00edt\u00e1s\u00e1ra. Foglaljon id\u0151pontot \u00e1jurv\u00e9dikus orvosunkhoz.<\/p>\n\t\t\t\t\t\t<\/div>\n\t\t\t\t<\/div>\n\t\t<div class=\"elementor-element elementor-element-1d952721 e-con-full e-flex wpr-particle-no wpr-jarallax-no wpr-parallax-no wpr-sticky-section-no e-con e-child\" data-id=\"1d952721\" data-element_type=\"container\">\n\t\t\t\t<div class=\"elementor-element elementor-element-14ddf4c5 elementor-widget__width-initial elementor-widget-mobile__width-inherit elementor-icon-list--layout-traditional elementor-list-item-link-full_width exad-sticky-section-no exad-glass-effect-no elementor-widget elementor-widget-icon-list\" data-id=\"14ddf4c5\" data-element_type=\"widget\" data-widget_type=\"icon-list.default\">\n\t\t\t\t<div class=\"elementor-widget-container\">\n\t\t\t\t\t<ul class=\"elementor-icon-list-items\">\n\t\t\t\t\t\t\t<li class=\"elementor-icon-list-item\">\n\t\t\t\t\t\t\t\t\t\t\t<span class=\"elementor-icon-list-icon\">\n\t\t\t\t\t\t\t<svg aria-hidden=\"true\" class=\"e-font-icon-svg e-fas-check\" viewBox=\"0 0 512 512\" xmlns=\"http:\/\/www.w3.org\/2000\/svg\"><path d=\"M173.898 439.404l-166.4-166.4c-9.997-9.997-9.997-26.206 0-36.204l36.203-36.204c9.997-9.998 26.207-9.998 36.204 0L192 312.69 432.095 72.596c9.997-9.997 26.207-9.997 36.204 0l36.203 36.204c9.997 9.997 9.997 26.206 0 36.204l-294.4 294.401c-9.998 9.997-26.207 9.997-36.204-.001z\"><\/path><\/svg>\t\t\t\t\t\t<\/span>\n\t\t\t\t\t\t\t\t\t\t<span class=\"elementor-icon-list-text\">Holisztikus \u00e9rt\u00e9kel\u00e9s az eg\u00e9szs\u00e9g m\u00e9lyebb meg\u00e9rt\u00e9s\u00e9hez.<\/span>\n\t\t\t\t\t\t\t\t\t<\/li>\n\t\t\t\t\t\t\t\t<li class=\"elementor-icon-list-item\">\n\t\t\t\t\t\t\t\t\t\t\t<span class=\"elementor-icon-list-icon\">\n\t\t\t\t\t\t\t<svg aria-hidden=\"true\" class=\"e-font-icon-svg e-fas-check\" viewBox=\"0 0 512 512\" xmlns=\"http:\/\/www.w3.org\/2000\/svg\"><path d=\"M173.898 439.404l-166.4-166.4c-9.997-9.997-9.997-26.206 0-36.204l36.203-36.204c9.997-9.998 26.207-9.998 36.204 0L192 312.69 432.095 72.596c9.997-9.997 26.207-9.997 36.204 0l36.203 36.204c9.997 9.997 9.997 26.206 0 36.204l-294.4 294.401c-9.998 9.997-26.207 9.997-36.204-.001z\"><\/path><\/svg>\t\t\t\t\t\t<\/span>\n\t\t\t\t\t\t\t\t\t\t<span class=\"elementor-icon-list-text\">Szem\u00e9lyre szabott kezel\u00e9si tervek egy\u00e9ni alkat \u00e9s egyens\u00falyhi\u00e1ny alapj\u00e1n.<\/span>\n\t\t\t\t\t\t\t\t\t<\/li>\n\t\t\t\t\t\t\t\t<li class=\"elementor-icon-list-item\">\n\t\t\t\t\t\t\t\t\t\t\t<span class=\"elementor-icon-list-icon\">\n\t\t\t\t\t\t\t<svg aria-hidden=\"true\" class=\"e-font-icon-svg e-fas-check\" viewBox=\"0 0 512 512\" xmlns=\"http:\/\/www.w3.org\/2000\/svg\"><path d=\"M173.898 439.404l-166.4-166.4c-9.997-9.997-9.997-26.206 0-36.204l36.203-36.204c9.997-9.998 26.207-9.998 36.204 0L192 312.69 432.095 72.596c9.997-9.997 26.207-9.997 36.204 0l36.203 36.204c9.997 9.997 9.997 26.206 0 36.204l-294.4 294.401c-9.998 9.997-26.207 9.997-36.204-.001z\"><\/path><\/svg>\t\t\t\t\t\t<\/span>\n\t\t\t\t\t\t\t\t\t\t<span class=\"elementor-icon-list-text\">Term\u00e9szetes gy\u00f3gym\u00f3dok, p\u00e9ld\u00e1ul gy\u00f3gyn\u00f6v\u00e9nyek, di\u00e9ta, j\u00f3ga alkalmaz\u00e1sa a gyeng\u00e9d, de hat\u00e9kony gy\u00f3gyul\u00e1s \u00e9rdek\u00e9ben.<\/span>\n\t\t\t\t\t\t\t\t\t<\/li>\n\t\t\t\t\t\t\t\t<li class=\"elementor-icon-list-item\">\n\t\t\t\t\t\t\t\t\t\t\t<span class=\"elementor-icon-list-icon\">\n\t\t\t\t\t\t\t<svg aria-hidden=\"true\" class=\"e-font-icon-svg e-fas-check\" viewBox=\"0 0 512 512\" xmlns=\"http:\/\/www.w3.org\/2000\/svg\"><path d=\"M173.898 439.404l-166.4-166.4c-9.997-9.997-9.997-26.206 0-36.204l36.203-36.204c9.997-9.998 26.207-9.998 36.204 0L192 312.69 432.095 72.596c9.997-9.997 26.207-9.997 36.204 0l36.203 36.204c9.997 9.997 9.997 26.206 0 36.204l-294.4 294.401c-9.998 9.997-26.207 9.997-36.204-.001z\"><\/path><\/svg>\t\t\t\t\t\t<\/span>\n\t\t\t\t\t\t\t\t\t\t<span class=\"elementor-icon-list-text\">Hangs\u00faly a megel\u0151z\u0151 eg\u00e9szs\u00e9g\u00fcgyi ell\u00e1t\u00e1sra az egyens\u00falyhi\u00e1ny korai kezel\u00e9se \u00e9rdek\u00e9ben.<\/span>\n\t\t\t\t\t\t\t\t\t<\/li>\n\t\t\t\t\t\t\t\t<li class=\"elementor-icon-list-item\">\n\t\t\t\t\t\t\t\t\t\t\t<span class=\"elementor-icon-list-icon\">\n\t\t\t\t\t\t\t<svg aria-hidden=\"true\" class=\"e-font-icon-svg e-fas-check\" viewBox=\"0 0 512 512\" xmlns=\"http:\/\/www.w3.org\/2000\/svg\"><path d=\"M173.898 439.404l-166.4-166.4c-9.997-9.997-9.997-26.206 0-36.204l36.203-36.204c9.997-9.998 26.207-9.998 36.204 0L192 312.69 432.095 72.596c9.997-9.997 26.207-9.997 36.204 0l36.203 36.204c9.997 9.997 9.997 26.206 0 36.204l-294.4 294.401c-9.998 9.997-26.207 9.997-36.204-.001z\"><\/path><\/svg>\t\t\t\t\t\t<\/span>\n\t\t\t\t\t\t\t\t\t\t<span class=\"elementor-icon-list-text\">F\u00f3kusz\u00e1ljon a hossz\u00fa t\u00e1v\u00fa j\u00f3l\u00e9tre a m\u00f6g\u00f6ttes okok kezel\u00e9s\u00e9vel.<\/span>\n\t\t\t\t\t\t\t\t\t<\/li>\n\t\t\t\t\t\t\t\t<li class=\"elementor-icon-list-item\">\n\t\t\t\t\t\t\t\t\t\t\t<span class=\"elementor-icon-list-icon\">\n\t\t\t\t\t\t\t<svg aria-hidden=\"true\" class=\"e-font-icon-svg e-fas-check\" viewBox=\"0 0 512 512\" xmlns=\"http:\/\/www.w3.org\/2000\/svg\"><path d=\"M173.898 439.404l-166.4-166.4c-9.997-9.997-9.997-26.206 0-36.204l36.203-36.204c9.997-9.998 26.207-9.998 36.204 0L192 312.69 432.095 72.596c9.997-9.997 26.207-9.997 36.204 0l36.203 36.204c9.997 9.997 9.997 26.206 0 36.204l-294.4 294.401c-9.998 9.997-26.207 9.997-36.204-.001z\"><\/path><\/svg>\t\t\t\t\t\t<\/span>\n\t\t\t\t\t\t\t\t\t\t<span class=\"elementor-icon-list-text\">T\u00e1pl\u00e1lkoz\u00e1si \u00e9s \u00e9letm\u00f3dbeli aj\u00e1nl\u00e1sok a fenntarthat\u00f3 eg\u00e9szs\u00e9g \u00e9rdek\u00e9ben.<\/span>\n\t\t\t\t\t\t\t\t\t<\/li>\n\t\t\t\t\t\t\t\t<li class=\"elementor-icon-list-item\">\n\t\t\t\t\t\t\t\t\t\t\t<span class=\"elementor-icon-list-icon\">\n\t\t\t\t\t\t\t<svg aria-hidden=\"true\" class=\"e-font-icon-svg e-fas-check\" viewBox=\"0 0 512 512\" xmlns=\"http:\/\/www.w3.org\/2000\/svg\"><path d=\"M173.898 439.404l-166.4-166.4c-9.997-9.997-9.997-26.206 0-36.204l36.203-36.204c9.997-9.998 26.207-9.998 36.204 0L192 312.69 432.095 72.596c9.997-9.997 26.207-9.997 36.204 0l36.203 36.204c9.997 9.997 9.997 26.206 0 36.204l-294.4 294.401c-9.998 9.997-26.207 9.997-36.204-.001z\"><\/path><\/svg>\t\t\t\t\t\t<\/span>\n\t\t\t\t\t\t\t\t\t\t<span class=\"elementor-icon-list-text\">Az elme-test kapcsolat felismer\u00e9se a holisztikus gy\u00f3gy\u00edt\u00e1s \u00e9rdek\u00e9ben.<\/span>\n\t\t\t\t\t\t\t\t\t<\/li>\n\t\t\t\t\t\t\t\t<li class=\"elementor-icon-list-item\">\n\t\t\t\t\t\t\t\t\t\t\t<span class=\"elementor-icon-list-icon\">\n\t\t\t\t\t\t\t<svg aria-hidden=\"true\" class=\"e-font-icon-svg e-fas-check\" viewBox=\"0 0 512 512\" xmlns=\"http:\/\/www.w3.org\/2000\/svg\"><path d=\"M173.898 439.404l-166.4-166.4c-9.997-9.997-9.997-26.206 0-36.204l36.203-36.204c9.997-9.998 26.207-9.998 36.204 0L192 312.69 432.095 72.596c9.997-9.997 26.207-9.997 36.204 0l36.203 36.204c9.997 9.997 9.997 26.206 0 36.204l-294.4 294.401c-9.998 9.997-26.207 9.997-36.204-.001z\"><\/path><\/svg>\t\t\t\t\t\t<\/span>\n\t\t\t\t\t\t\t\t\t\t<span class=\"elementor-icon-list-text\">A modern orvosl\u00e1s kieg\u00e9sz\u00edt\u0151 megk\u00f6zel\u00edt\u00e9se az \u00e1tfog\u00f3 ell\u00e1t\u00e1s \u00e9rdek\u00e9ben.<\/span>\n\t\t\t\t\t\t\t\t\t<\/li>\n\t\t\t\t\t\t<\/ul>\n\t\t\t\t<\/div>\n\t\t\t\t<\/div>\n\t\t\t\t<\/div>\n\t\t<div class=\"elementor-element elementor-element-5c3e3064 e-con-full e-flex wpr-particle-no wpr-jarallax-no wpr-parallax-no wpr-sticky-section-no e-con e-child\" data-id=\"5c3e3064\" data-element_type=\"container\">\n\t\t\t\t<div class=\"elementor-element elementor-element-1531971a elementor-widget__width-initial elementor-widget-mobile__width-inherit exad-sticky-section-no exad-glass-effect-no elementor-widget elementor-widget-icon-box\" data-id=\"1531971a\" data-element_type=\"widget\" data-widget_type=\"icon-box.default\">\n\t\t\t\t<div class=\"elementor-widget-container\">\n\t\t\t\t\t<div class=\"elementor-icon-box-wrapper\">\n\n\t\t\t\n\t\t\t\t\t\t<div class=\"elementor-icon-box-content\">\n\n\t\t\t\t\t\t\t\t\t<h3 class=\"elementor-icon-box-title\">\n\t\t\t\t\t\t<span  >\n\t\t\t\t\t\t\tId\u0151tartam\t\t\t\t\t\t<\/span>\n\t\t\t\t\t<\/h3>\n\t\t\t\t\n\t\t\t\t\t\t\t\t\t<p class=\"elementor-icon-box-description\">\n\t\t\t\t\t\t60 perc\t\t\t\t\t<\/p>\n\t\t\t\t\n\t\t\t<\/div>\n\t\t\t\n\t\t<\/div>\n\t\t\t\t<\/div>\n\t\t\t\t<\/div>\n\t\t\t\t<div class=\"elementor-element elementor-element-6752278 elementor-widget__width-initial elementor-widget-mobile__width-inherit exad-sticky-section-no exad-glass-effect-no elementor-widget elementor-widget-icon-box\" data-id=\"6752278\" data-element_type=\"widget\" data-widget_type=\"icon-box.default\">\n\t\t\t\t<div class=\"elementor-widget-container\">\n\t\t\t\t\t<div class=\"elementor-icon-box-wrapper\">\n\n\t\t\t\n\t\t\t\t\t\t<div class=\"elementor-icon-box-content\">\n\n\t\t\t\t\t\t\t\t\t<h3 class=\"elementor-icon-box-title\">\n\t\t\t\t\t\t<span  >\n\t\t\t\t\t\t\t\u00c1r\t\t\t\t\t\t<\/span>\n\t\t\t\t\t<\/h3>\n\t\t\t\t\n\t\t\t\t\t\t\t\t\t<p class=\"elementor-icon-box-description\">\n\t\t\t\t\t\t59 euro \/f\u0151\/konzult\u00e1ci\u00f3\t\t\t\t\t<\/p>\n\t\t\t\t\n\t\t\t<\/div>\n\t\t\t\n\t\t<\/div>\n\t\t\t\t<\/div>\n\t\t\t\t<\/div>\n\t\t\t\t<\/div>\n\t\t\t\t<\/div>\n\t\t\t\t<\/div>\n\t\t\t\t<\/div>\n\t\t<div class=\"elementor-element elementor-element-f09ba1e e-con-full e-flex wpr-particle-no wpr-jarallax-no wpr-parallax-no wpr-sticky-section-no e-con e-parent\" data-id=\"f09ba1e\" data-element_type=\"container\" data-settings=\"{&quot;background_background&quot;:&quot;classic&quot;}\">\n\t\t\t\t<\/div>\n\t\t\t\t<\/div>\n\t\t","protected":false},"excerpt":{"rendered":"<p>Diagn\u00f3zis az Ayurveda doktorral Diagn\u00f3zis az Ayurveda orvos\u00e1val Az indiai diagnosztika \u00e9vezredek \u00f3ta a hagyom\u00e1nyos megk\u00f6zel\u00edt\u00e9st k\u00f6veti, a Tri-Vidha \u00e9s Ashta-Vidh\u00e1 Pariksha n\u00e9ven ismert technik\u00e1t alkalmazva, amely a Tri-Dosha elm\u00e9letben gy\u00f6kerezik. Ez a m\u00f3dszer \u00e1tfog\u00f3 vizsg\u00e1latot foglal mag\u00e1ban, olyan t\u00e9nyez\u0151k figyelembev\u00e9tel\u00e9vel, mint az \u00e1ltal\u00e1nos megjelen\u00e9s, az arcvon\u00e1sok \u00e9s az \u00e9rz\u00e9kszervek, p\u00e9ld\u00e1ul a nyelv, a szemek, a f\u00fclek, az orr \u00e9s a b\u0151r \u00e1llapota. Ezenk\u00edv\u00fcl figyelembe veszik a reakci\u00f3kat, jeleket \u00e9s t\u00fcneteket. A diagnosztikai folyamat sarkalatos aspektusa a p\u00e1ciens alkat\u00e1nak \u00e9s lehets\u00e9ges egyens\u00falyhi\u00e1nyainak azonos\u00edt\u00e1sa, amelyet k\u00e9rd\u0151\u00edv \u00e9s pulzusanal\u00edzis kombin\u00e1ci\u00f3j\u00e1val \u00e9r\u00fcnk el. A diagnosztikus \u00e9rt\u00e9kel\u00e9s c\u00e9lja, hogy elemz\u00e9ssel felt\u00e1rja az egy\u00e9n eg\u00e9szs\u00e9gi \u00e1llapot\u00e1t a Tri-Dosha rendszeren bel\u00fcli egyens\u00faly \u00e9s egyenl\u0151tlens\u00e9gek. Az els\u0151 konzult\u00e1ci\u00f3 \u00e1ltal\u00e1ban k\u00f6r\u00fclbel\u00fcl egy \u00f3r\u00e1t vesz ig\u00e9nybe. A leletek alapj\u00e1n szem\u00e9lyre szabott kezel\u00e9si aj\u00e1nl\u00e1sokat adnak a konkr\u00e9t eg\u00e9szs\u00e9g\u00fcgyi probl\u00e9m\u00e1k kezel\u00e9s\u00e9re. Ezek az aj\u00e1nl\u00e1sok k\u00fcl\u00f6nf\u00e9le ter\u00e1pi\u00e1s beavatkoz\u00e1sokat, term\u00e9szetes \u00e9trend-kieg\u00e9sz\u00edt\u0151ket, \u00e9letm\u00f3d-m\u00f3dos\u00edt\u00e1si tan\u00e1csokat, el\u0151\u00edrt gyakorlatokat, j\u00f3g\u00e1t, medit\u00e1ci\u00f3t vagy \u00e9trendm\u00f3dos\u00edt\u00e1si javaslatokat foglalhatnak magukban. Foglaljon id\u0151pontot \u00e1jurv\u00e9dikus orvosunkhoz. Tan\u00e1csad\u00e1s lefoglal\u00e1s\u00e1hoz h\u00edvjon minket: +421 950731060 Az Ayurveda egy egyed\u00fcl\u00e1ll\u00f3 hagyom\u00e1nyos diagnosztikai elj\u00e1r\u00e1st javasol az ember term\u00e9szetes alkat\u00e1nak \u00e9s lehets\u00e9ges egyens\u00falyhi\u00e1nyainak azonos\u00edt\u00e1s\u00e1ra. Foglaljon id\u0151pontot \u00e1jurv\u00e9dikus orvosunkhoz. Holisztikus \u00e9rt\u00e9kel\u00e9s az eg\u00e9szs\u00e9g m\u00e9lyebb meg\u00e9rt\u00e9s\u00e9hez. Szem\u00e9lyre szabott kezel\u00e9si tervek egy\u00e9ni alkat \u00e9s egyens\u00falyhi\u00e1ny alapj\u00e1n. Term\u00e9szetes gy\u00f3gym\u00f3dok, p\u00e9ld\u00e1ul gy\u00f3gyn\u00f6v\u00e9nyek, di\u00e9ta, j\u00f3ga alkalmaz\u00e1sa a gyeng\u00e9d, de hat\u00e9kony gy\u00f3gyul\u00e1s \u00e9rdek\u00e9ben. Hangs\u00faly a megel\u0151z\u0151 eg\u00e9szs\u00e9g\u00fcgyi ell\u00e1t\u00e1sra az egyens\u00falyhi\u00e1ny korai kezel\u00e9se \u00e9rdek\u00e9ben. F\u00f3kusz\u00e1ljon a hossz\u00fa t\u00e1v\u00fa j\u00f3l\u00e9tre a m\u00f6g\u00f6ttes okok kezel\u00e9s\u00e9vel. T\u00e1pl\u00e1lkoz\u00e1si \u00e9s \u00e9letm\u00f3dbeli aj\u00e1nl\u00e1sok a fenntarthat\u00f3 eg\u00e9szs\u00e9g \u00e9rdek\u00e9ben. Az elme-test kapcsolat felismer\u00e9se a holisztikus gy\u00f3gy\u00edt\u00e1s \u00e9rdek\u00e9ben. A modern orvosl\u00e1s kieg\u00e9sz\u00edt\u0151 megk\u00f6zel\u00edt\u00e9se az \u00e1tfog\u00f3 ell\u00e1t\u00e1s \u00e9rdek\u00e9ben. Id\u0151tartam 60 perc \u00c1r 59 euro \/f\u0151\/konzult\u00e1ci\u00f3 Tan\u00e1csad\u00e1s lefoglal\u00e1s\u00e1hoz h\u00edvjon minket: +421 950731060<\/p>\n","protected":false},"author":1,"featured_media":0,"parent":5460,"menu_order":9,"comment_status":"closed","ping_status":"closed","template":"","meta":{"footnotes":""},"class_list":["post-8213","page","type-page","status-publish","hentry"],"_links":{"self":[{"href":"https:\/\/mantraayurveda.sk\/hu\/wp-json\/wp\/v2\/pages\/8213","targetHints":{"allow":["GET"]}}],"collection":[{"href":"https:\/\/mantraayurveda.sk\/hu\/wp-json\/wp\/v2\/pages"}],"about":[{"href":"https:\/\/mantraayurveda.sk\/hu\/wp-json\/wp\/v2\/types\/page"}],"author":[{"embeddable":true,"href":"https:\/\/mantraayurveda.sk\/hu\/wp-json\/wp\/v2\/users\/1"}],"replies":[{"embeddable":true,"href":"https:\/\/mantraayurveda.sk\/hu\/wp-json\/wp\/v2\/comments?post=8213"}],"version-history":[{"count":0,"href":"https:\/\/mantraayurveda.sk\/hu\/wp-json\/wp\/v2\/pages\/8213\/revisions"}],"up":[{"embeddable":true,"href":"https:\/\/mantraayurveda.sk\/hu\/wp-json\/wp\/v2\/pages\/5460"}],"wp:attachment":[{"href":"https:\/\/mantraayurveda.sk\/hu\/wp-json\/wp\/v2\/media?parent=8213"}],"curies":[{"name":"wp","href":"https:\/\/api.w.org\/{rel}","templated":true}]}}