{"id":8226,"date":"2024-03-10T19:58:41","date_gmt":"2024-03-10T19:58:41","guid":{"rendered":"https:\/\/mantraayurveda.sk\/home\/szolgaltatasok\/mantra-ayurveda-express-relaxalo-kezelesek\/"},"modified":"2024-06-11T05:06:07","modified_gmt":"2024-06-11T05:06:07","slug":"mantra-ayurveda-express-relaxalo-kezelesek","status":"publish","type":"page","link":"https:\/\/mantraayurveda.sk\/hu\/home\/szolgaltatasok\/mantra-ayurveda-express-relaxalo-kezelesek\/","title":{"rendered":"Mantra Ayurveda Express relax\u00e1l\u00f3 kezel\u00e9sek"},"content":{"rendered":"\t\t<div data-elementor-type=\"wp-page\" data-elementor-id=\"8226\" class=\"elementor elementor-8226 elementor-2982\">\n\t\t\t\t<div class=\"elementor-element elementor-element-3fb6f4ea e-flex e-con-boxed wpr-particle-no wpr-jarallax-no wpr-parallax-no wpr-sticky-section-no e-con e-parent\" data-id=\"3fb6f4ea\" data-element_type=\"container\" data-settings=\"{&quot;background_background&quot;:&quot;classic&quot;}\">\n\t\t\t\t\t<div class=\"e-con-inner\">\n\t\t\t\t<div class=\"elementor-element elementor-element-07939cd exad-sticky-section-no exad-glass-effect-no elementor-widget elementor-widget-spacer\" data-id=\"07939cd\" data-element_type=\"widget\" data-widget_type=\"spacer.default\">\n\t\t\t\t<div class=\"elementor-widget-container\">\n\t\t\t\t\t<div class=\"elementor-spacer\">\n\t\t\t<div class=\"elementor-spacer-inner\"><\/div>\n\t\t<\/div>\n\t\t\t\t<\/div>\n\t\t\t\t<\/div>\n\t\t\t\t<div class=\"elementor-element elementor-element-6a831719 animated-slow exad-sticky-section-no exad-glass-effect-no elementor-invisible elementor-widget elementor-widget-heading\" data-id=\"6a831719\" data-element_type=\"widget\" data-settings=\"{&quot;_animation&quot;:&quot;slideInUp&quot;}\" data-widget_type=\"heading.default\">\n\t\t\t\t<div class=\"elementor-widget-container\">\n\t\t\t<h2 class=\"elementor-heading-title elementor-size-default\">Mantra Ayurveda Express relax\u00e1l\u00f3 kezel\u00e9sek\n<\/h2>\t\t<\/div>\n\t\t\t\t<\/div>\n\t\t\t\t\t<\/div>\n\t\t\t\t<\/div>\n\t\t<div class=\"elementor-element elementor-element-d7b81c8 e-flex e-con-boxed wpr-particle-no wpr-jarallax-no wpr-parallax-no wpr-sticky-section-no e-con e-parent\" data-id=\"d7b81c8\" data-element_type=\"container\" data-settings=\"{&quot;background_background&quot;:&quot;classic&quot;}\">\n\t\t\t\t\t<div class=\"e-con-inner\">\n\t\t<div class=\"elementor-element elementor-element-6484cd61 e-con-full e-flex wpr-particle-no wpr-jarallax-no wpr-parallax-no wpr-sticky-section-no e-con e-child\" data-id=\"6484cd61\" data-element_type=\"container\">\n\t\t\t\t<div class=\"elementor-element elementor-element-1adcbc0d exad-sticky-section-no exad-glass-effect-no elementor-widget elementor-widget-exad-exclusive-heading\" data-id=\"1adcbc0d\" data-element_type=\"widget\" data-widget_type=\"exad-exclusive-heading.default\">\n\t\t\t\t<div class=\"elementor-widget-container\">\n\t\t\t\r\n        <div class=\"exad-exclusive-heading\">\r\n            <div class=\"exad-exclusive-heading-wrapper exad-heading-left exad-heading-simple\">\r\n\t\t\t\r\n                <h1 data-content=\"Mi\u00e9rt az Ayurveda Express relax\u00e1l\u00f3 kezel\u00e9sek?\" class=\"exad-exclusive-heading-title\">\r\n\t\t\t\t\tMi\u00e9rt az Ayurveda Express relax\u00e1l\u00f3 kezel\u00e9sek?\t\t\t\t<\/h1>\r\n\t\r\n                                    <p class=\"exad-exclusive-heading-description\">\r\n\t\t\t\t\t\tNyisd ki a boldogs\u00e1g kapuit az \u00e9let z\u0171rzavara k\u00f6zepette a relax\u00e1ci\u00f3 p\u00e1ratlan erej\u00e9vel. Az id\u0151korl\u00e1t lek\u00fczdhetetlen akad\u00e1lynak t\u0171nhet, de ne f\u00e9lj, mert mi mutatjuk be a v\u00e9gs\u0151 megold\u00e1st. Gondosan kidolgozott gyors \u00e1jurv\u00e9dikus kezel\u00e9seink azt \u00edg\u00e9rik, hogy pillanatok alatt a teljes kikapcsol\u00f3d\u00e1s birodalm\u00e1ba csalnak. A fiatal\u00edt\u00f3 fejmassz\u00e1zs nyugalm\u00e1t\u00f3l az exkluz\u00edv \u00e1jurv\u00e9dikus reflexol\u00f3gia k\u00e9nyeztet\u00e9ig minden \u00e9lm\u00e9ny az Ayurveda \u00e1talak\u00edt\u00f3 var\u00e1zslat\u00e1r\u00f3l tan\u00faskodik. Mer\u00fclj\u00f6n el egy boldog menek\u00fcl\u00e9sben, ahol a hagyom\u00e1ny z\u00f6kken\u0151mentesen \u00f6sszefon\u00f3dik a felfriss\u00fcl\u00e9ssel, \u00e9s a kikapcsol\u00f3d\u00e1s nemcsak luxus, hanem sz\u00fcks\u00e9glet is lesz. Itt kezd\u0151dik az utaz\u00e1s a nyugalom fel\u00e9, ahol az id\u0151 az \u0151si gy\u00f3gy\u00edt\u00f3 gyakorlatok harmonikus ritmus\u00e1ra hajlik.\n                    <\/p>\r\n\t\t\t\t\r\n            <\/div>\r\n        <\/div>\r\n\t\t\t<\/div>\n\t\t\t\t<\/div>\n\t\t\t\t<div class=\"elementor-element elementor-element-1326633e exad-sticky-section-no exad-glass-effect-no elementor-widget elementor-widget-spacer\" data-id=\"1326633e\" data-element_type=\"widget\" data-widget_type=\"spacer.default\">\n\t\t\t\t<div class=\"elementor-widget-container\">\n\t\t\t\t\t<div class=\"elementor-spacer\">\n\t\t\t<div class=\"elementor-spacer-inner\"><\/div>\n\t\t<\/div>\n\t\t\t\t<\/div>\n\t\t\t\t<\/div>\n\t\t\t\t<\/div>\n\t\t<div class=\"elementor-element elementor-element-530856df e-con-full e-flex wpr-particle-no wpr-jarallax-no wpr-parallax-no wpr-sticky-section-no e-con e-child\" data-id=\"530856df\" data-element_type=\"container\" data-settings=\"{&quot;background_background&quot;:&quot;classic&quot;}\">\n\t\t\t\t<\/div>\n\t\t\t\t\t<\/div>\n\t\t\t\t<\/div>\n\t\t<div class=\"elementor-element elementor-element-e6faa2b e-flex e-con-boxed wpr-particle-no wpr-jarallax-no wpr-parallax-no wpr-sticky-section-no e-con e-parent\" data-id=\"e6faa2b\" data-element_type=\"container\" data-settings=\"{&quot;background_background&quot;:&quot;classic&quot;}\">\n\t\t\t\t\t<div class=\"e-con-inner\">\n\t\t<div class=\"elementor-element elementor-element-125a807e e-flex e-con-boxed wpr-particle-no wpr-jarallax-no wpr-parallax-no wpr-sticky-section-no e-con e-child\" data-id=\"125a807e\" data-element_type=\"container\">\n\t\t\t\t\t<div class=\"e-con-inner\">\n\t\t\t\t<div class=\"elementor-element elementor-element-2e88409d animated-slow exad-sticky-section-no exad-glass-effect-no elementor-invisible elementor-widget elementor-widget-heading\" data-id=\"2e88409d\" data-element_type=\"widget\" data-settings=\"{&quot;_animation&quot;:&quot;slideInUp&quot;}\" data-widget_type=\"heading.default\">\n\t\t\t\t<div class=\"elementor-widget-container\">\n\t\t\t<h2 class=\"elementor-heading-title elementor-size-default\">Fedezze fel a kezel\u00e9seket <\/h2>\t\t<\/div>\n\t\t\t\t<\/div>\n\t\t\t\t\t<\/div>\n\t\t\t\t<\/div>\n\t\t<div class=\"elementor-element elementor-element-6318ab66 e-con-full e-flex wpr-particle-no wpr-jarallax-no wpr-parallax-no wpr-sticky-section-no e-con e-child\" data-id=\"6318ab66\" data-element_type=\"container\">\n\t\t<div class=\"elementor-element elementor-element-1546d1d2 e-con-full e-flex wpr-particle-no wpr-jarallax-no wpr-parallax-no wpr-sticky-section-no e-con e-child\" data-id=\"1546d1d2\" data-element_type=\"container\" data-settings=\"{&quot;background_background&quot;:&quot;classic&quot;}\">\n\t\t\t\t<div class=\"elementor-element elementor-element-49a5d0cf elementor-widget__width-inherit elementor-position-top exad-sticky-section-no exad-glass-effect-no elementor-widget elementor-widget-image-box\" data-id=\"49a5d0cf\" data-element_type=\"widget\" data-widget_type=\"image-box.default\">\n\t\t\t\t<div class=\"elementor-widget-container\">\n\t\t\t<div class=\"elementor-image-box-wrapper\"><figure class=\"elementor-image-box-img\"><img fetchpriority=\"high\" decoding=\"async\" width=\"2560\" height=\"1707\" src=\"https:\/\/mantraayurveda.sk\/wp-content\/uploads\/2024\/04\/DSC02291-1-scaled.jpg\" class=\"attachment-full size-full wp-image-7204\" alt=\"\" srcset=\"https:\/\/mantraayurveda.sk\/wp-content\/uploads\/2024\/04\/DSC02291-1-scaled.jpg 2560w, https:\/\/mantraayurveda.sk\/wp-content\/uploads\/2024\/04\/DSC02291-1-scaled-600x400.jpg 600w, https:\/\/mantraayurveda.sk\/wp-content\/uploads\/2024\/04\/DSC02291-1-300x200.jpg 300w, https:\/\/mantraayurveda.sk\/wp-content\/uploads\/2024\/04\/DSC02291-1-1024x683.jpg 1024w, https:\/\/mantraayurveda.sk\/wp-content\/uploads\/2024\/04\/DSC02291-1-768x512.jpg 768w, https:\/\/mantraayurveda.sk\/wp-content\/uploads\/2024\/04\/DSC02291-1-1536x1024.jpg 1536w, https:\/\/mantraayurveda.sk\/wp-content\/uploads\/2024\/04\/DSC02291-1-2048x1365.jpg 2048w\" sizes=\"(max-width: 2560px) 100vw, 2560px\" \/><\/figure><div class=\"elementor-image-box-content\"><h3 class=\"elementor-image-box-title\">Shiro-Abhyangam (laz\u00edt\u00f3 fejmassz\u00e1zs)<\/h3><p class=\"elementor-image-box-description\"><strong>\u00c1r - 29 \u20ac (Akci\u00f3s \u00e1r - 22 \u20ac)<\/strong><br>\n<br> Shiro-Abhyangam: A laz\u00edt\u00f3 \u00fct\u00e9sek enyh\u00edtik a fejf\u00e1j\u00e1st, a fesz\u00fclts\u00e9get \u00e9s a stresszt, el\u0151seg\u00edtik a jobb alv\u00e1st \u00e9s az \u00e1ltal\u00e1nos j\u00f3 k\u00f6z\u00e9rzetet.s, tension, and stress, promoting better sleep and overall well-being.<\/p><\/div><\/div>\t\t<\/div>\n\t\t\t\t<\/div>\n\t\t\t\t<\/div>\n\t\t<div class=\"elementor-element elementor-element-3db77e8b e-con-full e-flex wpr-particle-no wpr-jarallax-no wpr-parallax-no wpr-sticky-section-no e-con e-child\" data-id=\"3db77e8b\" data-element_type=\"container\" data-settings=\"{&quot;background_background&quot;:&quot;classic&quot;}\">\n\t\t\t\t<div class=\"elementor-element elementor-element-5af7c2c5 elementor-widget__width-inherit elementor-position-top exad-sticky-section-no exad-glass-effect-no elementor-widget elementor-widget-image-box\" data-id=\"5af7c2c5\" data-element_type=\"widget\" data-widget_type=\"image-box.default\">\n\t\t\t\t<div class=\"elementor-widget-container\">\n\t\t\t<div class=\"elementor-image-box-wrapper\"><figure class=\"elementor-image-box-img\"><img decoding=\"async\" width=\"2560\" height=\"1707\" src=\"https:\/\/mantraayurveda.sk\/wp-content\/uploads\/2024\/04\/DSC02305-1-scaled.jpg\" class=\"attachment-full size-full wp-image-7207\" alt=\"\" srcset=\"https:\/\/mantraayurveda.sk\/wp-content\/uploads\/2024\/04\/DSC02305-1-scaled.jpg 2560w, https:\/\/mantraayurveda.sk\/wp-content\/uploads\/2024\/04\/DSC02305-1-scaled-600x400.jpg 600w, https:\/\/mantraayurveda.sk\/wp-content\/uploads\/2024\/04\/DSC02305-1-300x200.jpg 300w, https:\/\/mantraayurveda.sk\/wp-content\/uploads\/2024\/04\/DSC02305-1-1024x683.jpg 1024w, https:\/\/mantraayurveda.sk\/wp-content\/uploads\/2024\/04\/DSC02305-1-768x512.jpg 768w, https:\/\/mantraayurveda.sk\/wp-content\/uploads\/2024\/04\/DSC02305-1-1536x1024.jpg 1536w, https:\/\/mantraayurveda.sk\/wp-content\/uploads\/2024\/04\/DSC02305-1-2048x1365.jpg 2048w\" sizes=\"(max-width: 2560px) 100vw, 2560px\" \/><\/figure><div class=\"elementor-image-box-content\"><h3 class=\"elementor-image-box-title\">Griva-Abhyanga (nyak- \u00e9s v\u00e1llmassz\u00e1zs)<\/h3><p class=\"elementor-image-box-description\"><strong>\u00c1r - 29 \u20ac (Akci\u00f3s \u00e1r - 22 \u20ac)<\/strong><br>\n<br>Greeva-Abhyanga: Oldja fel a fesz\u00fclts\u00e9get nyak- \u00e9s v\u00e1llmassz\u00e1zsunkkal, amely el\u0151seg\u00edti az ellazul\u00e1st \u00e9s felszabad\u00edtja az izomcsom\u00f3kat.<\/p><\/div><\/div>\t\t<\/div>\n\t\t\t\t<\/div>\n\t\t\t\t<\/div>\n\t\t<div class=\"elementor-element elementor-element-5b8b8d56 e-con-full e-flex wpr-particle-no wpr-jarallax-no wpr-parallax-no wpr-sticky-section-no e-con e-child\" data-id=\"5b8b8d56\" data-element_type=\"container\" data-settings=\"{&quot;background_background&quot;:&quot;classic&quot;}\">\n\t\t\t\t<div class=\"elementor-element elementor-element-14bd84fd elementor-widget__width-inherit elementor-position-top exad-sticky-section-no exad-glass-effect-no elementor-widget elementor-widget-image-box\" data-id=\"14bd84fd\" data-element_type=\"widget\" data-widget_type=\"image-box.default\">\n\t\t\t\t<div class=\"elementor-widget-container\">\n\t\t\t<div class=\"elementor-image-box-wrapper\"><figure class=\"elementor-image-box-img\"><img decoding=\"async\" width=\"2560\" height=\"1707\" src=\"https:\/\/mantraayurveda.sk\/wp-content\/uploads\/2024\/04\/DSC01979-scaled.jpg\" class=\"attachment-full size-full wp-image-7135\" alt=\"\" srcset=\"https:\/\/mantraayurveda.sk\/wp-content\/uploads\/2024\/04\/DSC01979-scaled.jpg 2560w, https:\/\/mantraayurveda.sk\/wp-content\/uploads\/2024\/04\/DSC01979-scaled-600x400.jpg 600w, https:\/\/mantraayurveda.sk\/wp-content\/uploads\/2024\/04\/DSC01979-300x200.jpg 300w, https:\/\/mantraayurveda.sk\/wp-content\/uploads\/2024\/04\/DSC01979-1024x683.jpg 1024w, https:\/\/mantraayurveda.sk\/wp-content\/uploads\/2024\/04\/DSC01979-768x512.jpg 768w, https:\/\/mantraayurveda.sk\/wp-content\/uploads\/2024\/04\/DSC01979-1536x1024.jpg 1536w, https:\/\/mantraayurveda.sk\/wp-content\/uploads\/2024\/04\/DSC01979-2048x1365.jpg 2048w\" sizes=\"(max-width: 2560px) 100vw, 2560px\" \/><\/figure><div class=\"elementor-image-box-content\"><h3 class=\"elementor-image-box-title\">Mukha-Abhyanga (arc-, nyak- \u00e9s dekolt\u00e1zsmassz\u00e1zs)<\/h3><p class=\"elementor-image-box-description\"><strong>\u00c1r - 29 \u20ac (Akci\u00f3s \u00e1r - 22 \u20ac)<\/strong><br>\n<br>Mukha-Abhyanga: Laz\u00edtson \u00e9s fiatalodjon meg gyeng\u00e9d arc-, nyak- \u00e9s dekolt\u00e1zsmassz\u00e1zsunkkal a ragyog\u00f3 b\u0151r\u00e9rt \u00e9s a stresszold\u00e1s\u00e9rt.<\/p><\/div><\/div>\t\t<\/div>\n\t\t\t\t<\/div>\n\t\t\t\t<\/div>\n\t\t\t\t<\/div>\n\t\t\t\t\t<\/div>\n\t\t\t\t<\/div>\n\t\t<div class=\"elementor-element elementor-element-8ba0452 e-flex e-con-boxed wpr-particle-no wpr-jarallax-no wpr-parallax-no wpr-sticky-section-no e-con e-parent\" data-id=\"8ba0452\" data-element_type=\"container\" data-settings=\"{&quot;background_background&quot;:&quot;classic&quot;}\">\n\t\t\t\t\t<div class=\"e-con-inner\">\n\t\t<div class=\"elementor-element elementor-element-15cc1391 e-con-full e-flex wpr-particle-no wpr-jarallax-no wpr-parallax-no wpr-sticky-section-no e-con e-child\" data-id=\"15cc1391\" data-element_type=\"container\">\n\t\t<div class=\"elementor-element elementor-element-41de80e0 e-con-full e-flex wpr-particle-no wpr-jarallax-no wpr-parallax-no wpr-sticky-section-no e-con e-child\" data-id=\"41de80e0\" data-element_type=\"container\" data-settings=\"{&quot;background_background&quot;:&quot;classic&quot;}\">\n\t\t\t\t<div class=\"elementor-element elementor-element-51cc3b93 elementor-widget__width-inherit elementor-position-top exad-sticky-section-no exad-glass-effect-no elementor-widget elementor-widget-image-box\" data-id=\"51cc3b93\" data-element_type=\"widget\" data-widget_type=\"image-box.default\">\n\t\t\t\t<div class=\"elementor-widget-container\">\n\t\t\t<div class=\"elementor-image-box-wrapper\"><figure class=\"elementor-image-box-img\"><img loading=\"lazy\" decoding=\"async\" width=\"2560\" height=\"1707\" src=\"https:\/\/mantraayurveda.sk\/wp-content\/uploads\/2024\/04\/DSC02083-scaled.jpg\" class=\"attachment-full size-full wp-image-7150\" alt=\"\" srcset=\"https:\/\/mantraayurveda.sk\/wp-content\/uploads\/2024\/04\/DSC02083-scaled.jpg 2560w, https:\/\/mantraayurveda.sk\/wp-content\/uploads\/2024\/04\/DSC02083-scaled-600x400.jpg 600w, https:\/\/mantraayurveda.sk\/wp-content\/uploads\/2024\/04\/DSC02083-300x200.jpg 300w, https:\/\/mantraayurveda.sk\/wp-content\/uploads\/2024\/04\/DSC02083-1024x683.jpg 1024w, https:\/\/mantraayurveda.sk\/wp-content\/uploads\/2024\/04\/DSC02083-768x512.jpg 768w, https:\/\/mantraayurveda.sk\/wp-content\/uploads\/2024\/04\/DSC02083-1536x1024.jpg 1536w, https:\/\/mantraayurveda.sk\/wp-content\/uploads\/2024\/04\/DSC02083-2048x1365.jpg 2048w\" sizes=\"(max-width: 2560px) 100vw, 2560px\" \/><\/figure><div class=\"elementor-image-box-content\"><h3 class=\"elementor-image-box-title\">Kati- Abhyanga (h\u00e1tmassz\u00e1zs)<\/h3><p class=\"elementor-image-box-description\"><strong>\u00c1r - 29 \u20ac (Akci\u00f3s \u00e1r - 22 \u20ac)<\/strong><br>\n<br>Enyh\u00edtse a fesz\u00fclts\u00e9get \u00e9s a h\u00e1tf\u00e1j\u00e1st hagyom\u00e1nyos h\u00e1tmassz\u00e1zsunkkal, exkluz\u00edv mozdulatokkal a kiv\u00e9teles ellazul\u00e1s \u00e9rdek\u00e9ben.<\/p><\/div><\/div>\t\t<\/div>\n\t\t\t\t<\/div>\n\t\t\t\t<\/div>\n\t\t<div class=\"elementor-element elementor-element-7aa3cc33 e-con-full e-flex wpr-particle-no wpr-jarallax-no wpr-parallax-no wpr-sticky-section-no e-con e-child\" data-id=\"7aa3cc33\" data-element_type=\"container\" data-settings=\"{&quot;background_background&quot;:&quot;classic&quot;}\">\n\t\t\t\t<div class=\"elementor-element elementor-element-57d3f54b elementor-widget__width-inherit elementor-position-top exad-sticky-section-no exad-glass-effect-no elementor-widget elementor-widget-image-box\" data-id=\"57d3f54b\" data-element_type=\"widget\" data-widget_type=\"image-box.default\">\n\t\t\t\t<div class=\"elementor-widget-container\">\n\t\t\t<div class=\"elementor-image-box-wrapper\"><figure class=\"elementor-image-box-img\"><img loading=\"lazy\" decoding=\"async\" width=\"2560\" height=\"1707\" src=\"https:\/\/mantraayurveda.sk\/wp-content\/uploads\/2024\/04\/DSC02491-1-1-scaled.jpg\" class=\"attachment-full size-full wp-image-7225\" alt=\"\" srcset=\"https:\/\/mantraayurveda.sk\/wp-content\/uploads\/2024\/04\/DSC02491-1-1-scaled.jpg 2560w, https:\/\/mantraayurveda.sk\/wp-content\/uploads\/2024\/04\/DSC02491-1-1-scaled-600x400.jpg 600w, https:\/\/mantraayurveda.sk\/wp-content\/uploads\/2024\/04\/DSC02491-1-1-300x200.jpg 300w, https:\/\/mantraayurveda.sk\/wp-content\/uploads\/2024\/04\/DSC02491-1-1-1024x683.jpg 1024w, https:\/\/mantraayurveda.sk\/wp-content\/uploads\/2024\/04\/DSC02491-1-1-768x512.jpg 768w, https:\/\/mantraayurveda.sk\/wp-content\/uploads\/2024\/04\/DSC02491-1-1-1536x1024.jpg 1536w, https:\/\/mantraayurveda.sk\/wp-content\/uploads\/2024\/04\/DSC02491-1-1-2048x1365.jpg 2048w\" sizes=\"(max-width: 2560px) 100vw, 2560px\" \/><\/figure><div class=\"elementor-image-box-content\"><h3 class=\"elementor-image-box-title\">Padh-Abhyanga (l\u00e1bt\u00f6meg)<\/h3><p class=\"elementor-image-box-description\"><strong>\u00c1r - 29 \u20ac (Akci\u00f3s \u00e1r - 22 \u20ac)<\/strong><br>\n<br>Oldja fel a stresszt \u00e9s fokozza a nyugalmat \u00e1jurv\u00e9dikus talpmassz\u00e1zsunkkal, melyben arom\u00e1s n\u00f6v\u00e9nyi olajokat haszn\u00e1lunk a t\u00f6k\u00e9letes ellazul\u00e1s \u00e9rdek\u00e9ben.<\/p><\/div><\/div>\t\t<\/div>\n\t\t\t\t<\/div>\n\t\t\t\t<\/div>\n\t\t<div class=\"elementor-element elementor-element-5014c24d e-con-full e-flex wpr-particle-no wpr-jarallax-no wpr-parallax-no wpr-sticky-section-no e-con e-child\" data-id=\"5014c24d\" data-element_type=\"container\" data-settings=\"{&quot;background_background&quot;:&quot;classic&quot;}\">\n\t\t\t\t<div class=\"elementor-element elementor-element-6c891e6b elementor-widget__width-inherit elementor-position-top exad-sticky-section-no exad-glass-effect-no elementor-widget elementor-widget-image-box\" data-id=\"6c891e6b\" data-element_type=\"widget\" data-widget_type=\"image-box.default\">\n\t\t\t\t<div class=\"elementor-widget-container\">\n\t\t\t<div class=\"elementor-image-box-wrapper\"><figure class=\"elementor-image-box-img\"><img loading=\"lazy\" decoding=\"async\" width=\"2560\" height=\"1707\" src=\"https:\/\/mantraayurveda.sk\/wp-content\/uploads\/2024\/04\/DSC02673-1.jpg\" class=\"attachment-full size-full wp-image-7328\" alt=\"\" srcset=\"https:\/\/mantraayurveda.sk\/wp-content\/uploads\/2024\/04\/DSC02673-1.jpg 2560w, https:\/\/mantraayurveda.sk\/wp-content\/uploads\/2024\/04\/DSC02673-1-600x400.jpg 600w, https:\/\/mantraayurveda.sk\/wp-content\/uploads\/2024\/04\/DSC02673-1-300x200.jpg 300w, https:\/\/mantraayurveda.sk\/wp-content\/uploads\/2024\/04\/DSC02673-1-1024x683.jpg 1024w, https:\/\/mantraayurveda.sk\/wp-content\/uploads\/2024\/04\/DSC02673-1-768x512.jpg 768w, https:\/\/mantraayurveda.sk\/wp-content\/uploads\/2024\/04\/DSC02673-1-1536x1024.jpg 1536w, https:\/\/mantraayurveda.sk\/wp-content\/uploads\/2024\/04\/DSC02673-1-2048x1366.jpg 2048w\" sizes=\"(max-width: 2560px) 100vw, 2560px\" \/><\/figure><div class=\"elementor-image-box-content\"><h3 class=\"elementor-image-box-title\">Swedana (gy\u00f3gyn\u00f6v\u00e9nyes g\u0151zf\u00fcrd\u0151)<\/h3><p class=\"elementor-image-box-description\"><strong>\u00c1r - 19 \u20ac (Akci\u00f3s \u00e1r - 15 \u20ac)<\/strong><br>\n<br>K\u00e9nyeztesse mag\u00e1t ayurv\u00e9dikus g\u0151zf\u00fcrd\u0151nkkel a gyeng\u00e9d csatornat\u00e1g\u00edt\u00e1s \u00e9s az alapos tiszt\u00edt\u00e1s \u00e9rdek\u00e9ben egy gy\u00f3gyn\u00f6v\u00e9nyes fah\u00e1zban.<\/p><\/div><\/div>\t\t<\/div>\n\t\t\t\t<\/div>\n\t\t\t\t<\/div>\n\t\t\t\t<\/div>\n\t\t\t\t\t<\/div>\n\t\t\t\t<\/div>\n\t\t\t\t<\/div>\n\t\t","protected":false},"excerpt":{"rendered":"<p>Mantra Ayurveda Express relax\u00e1l\u00f3 kezel\u00e9sek Mi\u00e9rt az Ayurveda Express relax\u00e1l\u00f3 kezel\u00e9sek? Nyisd ki a boldogs\u00e1g kapuit az \u00e9let z\u0171rzavara k\u00f6zepette a relax\u00e1ci\u00f3 p\u00e1ratlan erej\u00e9vel. Az id\u0151korl\u00e1t lek\u00fczdhetetlen akad\u00e1lynak t\u0171nhet, de ne f\u00e9lj, mert mi mutatjuk be a v\u00e9gs\u0151 megold\u00e1st. Gondosan kidolgozott gyors \u00e1jurv\u00e9dikus kezel\u00e9seink azt \u00edg\u00e9rik, hogy pillanatok alatt a teljes kikapcsol\u00f3d\u00e1s birodalm\u00e1ba csalnak. A fiatal\u00edt\u00f3 fejmassz\u00e1zs nyugalm\u00e1t\u00f3l az exkluz\u00edv \u00e1jurv\u00e9dikus reflexol\u00f3gia k\u00e9nyeztet\u00e9ig minden \u00e9lm\u00e9ny az Ayurveda \u00e1talak\u00edt\u00f3 var\u00e1zslat\u00e1r\u00f3l tan\u00faskodik. Mer\u00fclj\u00f6n el egy boldog menek\u00fcl\u00e9sben, ahol a hagyom\u00e1ny z\u00f6kken\u0151mentesen \u00f6sszefon\u00f3dik a felfriss\u00fcl\u00e9ssel, \u00e9s a kikapcsol\u00f3d\u00e1s nemcsak luxus, hanem sz\u00fcks\u00e9glet is lesz. Itt kezd\u0151dik az utaz\u00e1s a nyugalom fel\u00e9, ahol az id\u0151 az \u0151si gy\u00f3gy\u00edt\u00f3 gyakorlatok harmonikus ritmus\u00e1ra hajlik. Fedezze fel a kezel\u00e9seket Shiro-Abhyangam (laz\u00edt\u00f3 fejmassz\u00e1zs) \u00c1r &#8211; 29 \u20ac (Akci\u00f3s \u00e1r &#8211; 22 \u20ac) Shiro-Abhyangam: A laz\u00edt\u00f3 \u00fct\u00e9sek enyh\u00edtik a fejf\u00e1j\u00e1st, a fesz\u00fclts\u00e9get \u00e9s a stresszt, el\u0151seg\u00edtik a jobb alv\u00e1st \u00e9s az \u00e1ltal\u00e1nos j\u00f3 k\u00f6z\u00e9rzetet.s, tension, and stress, promoting better sleep and overall well-being. Foglaljon most Griva-Abhyanga (nyak- \u00e9s v\u00e1llmassz\u00e1zs) \u00c1r &#8211; 29 \u20ac (Akci\u00f3s \u00e1r &#8211; 22 \u20ac) Greeva-Abhyanga: Oldja fel a fesz\u00fclts\u00e9get nyak- \u00e9s v\u00e1llmassz\u00e1zsunkkal, amely el\u0151seg\u00edti az ellazul\u00e1st \u00e9s felszabad\u00edtja az izomcsom\u00f3kat. Foglaljon most Mukha-Abhyanga (arc-, nyak- \u00e9s dekolt\u00e1zsmassz\u00e1zs) \u00c1r &#8211; 29 \u20ac (Akci\u00f3s \u00e1r &#8211; 22 \u20ac) Mukha-Abhyanga: Laz\u00edtson \u00e9s fiatalodjon meg gyeng\u00e9d arc-, nyak- \u00e9s dekolt\u00e1zsmassz\u00e1zsunkkal a ragyog\u00f3 b\u0151r\u00e9rt \u00e9s a stresszold\u00e1s\u00e9rt. Foglaljon most Kati- Abhyanga (h\u00e1tmassz\u00e1zs) \u00c1r &#8211; 29 \u20ac (Akci\u00f3s \u00e1r &#8211; 22 \u20ac) Enyh\u00edtse a fesz\u00fclts\u00e9get \u00e9s a h\u00e1tf\u00e1j\u00e1st hagyom\u00e1nyos h\u00e1tmassz\u00e1zsunkkal, exkluz\u00edv mozdulatokkal a kiv\u00e9teles ellazul\u00e1s \u00e9rdek\u00e9ben. Foglaljon most Padh-Abhyanga (l\u00e1bt\u00f6meg) \u00c1r &#8211; 29 \u20ac (Akci\u00f3s \u00e1r &#8211; 22 \u20ac) Oldja fel a stresszt \u00e9s fokozza a nyugalmat \u00e1jurv\u00e9dikus talpmassz\u00e1zsunkkal, melyben arom\u00e1s n\u00f6v\u00e9nyi olajokat haszn\u00e1lunk a t\u00f6k\u00e9letes ellazul\u00e1s \u00e9rdek\u00e9ben. Foglaljon most Swedana (gy\u00f3gyn\u00f6v\u00e9nyes g\u0151zf\u00fcrd\u0151) \u00c1r &#8211; 19 \u20ac (Akci\u00f3s \u00e1r &#8211; 15 \u20ac) K\u00e9nyeztesse mag\u00e1t ayurv\u00e9dikus g\u0151zf\u00fcrd\u0151nkkel a gyeng\u00e9d csatornat\u00e1g\u00edt\u00e1s \u00e9s az alapos tiszt\u00edt\u00e1s \u00e9rdek\u00e9ben egy gy\u00f3gyn\u00f6v\u00e9nyes fah\u00e1zban. Foglaljon most<\/p>\n","protected":false},"author":1,"featured_media":0,"parent":5460,"menu_order":4,"comment_status":"closed","ping_status":"closed","template":"","meta":{"footnotes":""},"class_list":["post-8226","page","type-page","status-publish","hentry"],"_links":{"self":[{"href":"https:\/\/mantraayurveda.sk\/hu\/wp-json\/wp\/v2\/pages\/8226","targetHints":{"allow":["GET"]}}],"collection":[{"href":"https:\/\/mantraayurveda.sk\/hu\/wp-json\/wp\/v2\/pages"}],"about":[{"href":"https:\/\/mantraayurveda.sk\/hu\/wp-json\/wp\/v2\/types\/page"}],"author":[{"embeddable":true,"href":"https:\/\/mantraayurveda.sk\/hu\/wp-json\/wp\/v2\/users\/1"}],"replies":[{"embeddable":true,"href":"https:\/\/mantraayurveda.sk\/hu\/wp-json\/wp\/v2\/comments?post=8226"}],"version-history":[{"count":0,"href":"https:\/\/mantraayurveda.sk\/hu\/wp-json\/wp\/v2\/pages\/8226\/revisions"}],"up":[{"embeddable":true,"href":"https:\/\/mantraayurveda.sk\/hu\/wp-json\/wp\/v2\/pages\/5460"}],"wp:attachment":[{"href":"https:\/\/mantraayurveda.sk\/hu\/wp-json\/wp\/v2\/media?parent=8226"}],"curies":[{"name":"wp","href":"https:\/\/api.w.org\/{rel}","templated":true}]}}