{"id":8348,"date":"2024-06-30T03:52:49","date_gmt":"2024-06-30T03:52:49","guid":{"rendered":"https:\/\/mantraayurveda.sk\/h-gift-coupons\/"},"modified":"2025-02-26T19:04:43","modified_gmt":"2025-02-26T19:04:43","slug":"h-gift-coupons","status":"publish","type":"page","link":"https:\/\/mantraayurveda.sk\/hu\/h-gift-coupons\/","title":{"rendered":"Aj\u00e1nd\u00e9kutalv\u00e1nyok"},"content":{"rendered":"<div class=\"elementor-element elementor-element-a25dcef e-flex e-con-boxed wpr-particle-no wpr-jarallax-no wpr-parallax-no wpr-sticky-section-no e-con e-parent\" data-id=\"a25dcef\" data-element_type=\"container\" data-settings=\"{&quot;background_background&quot;:&quot;classic&quot;}\">\n\t\t\t\t\t<div class=\"e-con-inner\">\n\t\t\t\t<div data-elementor-type=\"wp-page\" data-elementor-id=\"8348\" class=\"elementor elementor-8348 elementor-8271\">\n\t\t\t\t<div class=\"elementor-element elementor-element-6dac426 e-flex e-con-boxed wpr-particle-no wpr-jarallax-no wpr-parallax-no wpr-sticky-section-no e-con e-child\" data-id=\"6dac426\" data-element_type=\"container\" data-settings=\"{&quot;background_background&quot;:&quot;classic&quot;}\">\n\t\t\t\t\t<div class=\"e-con-inner\">\n\t\t\t\t<div class=\"elementor-element elementor-element-6346c75 exad-sticky-section-no exad-glass-effect-no elementor-widget elementor-widget-shortcode\" data-id=\"6346c75\" data-element_type=\"widget\" data-widget_type=\"shortcode.default\">\n\t\t\t\t<div class=\"elementor-widget-container\">\n\t\t\t\t\t<div class=\"elementor-shortcode\"><style type=\"text\/css\">\n\t\t\t\t\t\t\t\t.kt_coupon_list{\n\t\t\t\t\t\t\t\t\t    background-color: #885d3621;\n\t\t\t\t\t\t\t\t\tpadding: 15px;\n\t\t\t\t\t\t\t\t\tborder-radius: 9px;\n\t\t\t\t\t\t\t\t\tmargin-bottom: 15px;\n\t\t\t\t\t\t\t\t\tdisplay:flex;\n\t\t\t\t\t\t\t\t\tgap:15px;\n\t\t\t\t\t\t\t\t}\n\t\t\t\t\t\t\t\t.image_thumb{\n\t\t\t\t\t\t\t\t\tflex:2;\n\t\t\t\t\t\t\t\t}\n\t\t\t\t\t\t\t\t.image_thumb img{\n\t\t\t\t\t\t\t\t\tmargin-bottom:-5px;\n\t\t\t\t\t\t\t\t\tborder-radius:4px;\n\t\t\t\t\t\t\t\t}\n\t\t\t\t\t\t\t\t.content_desc{\n\t\t\t\t\t\t\t\t\tflex:4;\n                                    color: #945200;\n                                    font-family: \"Trebuchet MS\", Trebuchet;\n                                    font-size: 16px;\n\t\t\t\t\t\t\t\t}\n\t\t\t\t\t\t\t\t.content_desc h4{\n\t\t\t\t\t\t\t\t\tmargin-top:0px;\n\t\t\t\t\t\t\t\t\tmargin-bottom:10px;\n                                    font-family: \"Montserrat\", Trebuchet MS;\n                                    color: #885d36;\n                                    font-weight: 600;\n\t\t\t\t\t\t\t\t}\n\t\t\t\t\t\t\t\t.price_links{\n\t\t\t\t\t\t\t\t\tflex:2;\n\t\t\t\t\t\t\t\t\ttext-align:center;\n\t\t\t\t\t\t\t\t\tdisplay:flex;\n\t\t\t\t\t\t\t\t\tflex-direction: column;\n\t\t\t\t\t\t\t\t}\n\t\t\t\t\t\t\t\t.buy_now{\n\t\t\t\t\t\t\t\t\tbackground-image: linear-gradient(178deg, #FFD23E 39%, #A87505 83%);\n    \t\t\t\t\t\t\t\tborder-radius: 30px 30px 30px 30px;\n\t\t\t\t\t\t\t\t\tdisplay: block;\n\t\t\t\t\t\t\t\t\tpadding: 6px;\n\t\t\t\t\t\t\t\t\ttext-align: center;\n\t\t\t\t\t\t\t\t\ttext-decoration: none;\n                                    color:#000;\n\t\t\t\t\t\t\t\t}\n                                .buy_now:hover{\n\t\t\t\t\t\t\t\t\ttext-decoration: none;\n                                    color:#fff;\n\t\t\t\t\t\t\t\t}\n\t\t\t\t\t\t\t\t.regular_price{\n\t\t\t\t\t\t\t\t\ttext-decoration: line-through;\n\t\t\t\t\t\t\t\t}\n\t\t\t\t\t\t\t\t.sale_price{\n\t\t\t\t\t\t\t\t\tfont-weight:bold;\n\t\t\t\t\t\t\t\t}\n                                .mainheadkr{\n                                \tfont-family: \"Montserrat\", \n                                    Trebuchet MS;\n                                    color: #885d36;\n                                    font-weight: 700;\n                                }\n\t\t\t<\/style>\n\t\t\t<div class=\"container\">\n            <h2 class=\"mt-2 mb-3 mainheadkr\">H - Purchase Gift Coupons<\/h2>\n\t\t\t<div class=\"kt_coupons\"><div class=\"kt_coupon_list\">\n\t\t\t\t\t<div class=\"image_thumb\"><img decoding=\"async\" src=\"https:\/\/mantraayurveda.sk\/wp-content\/uploads\/2024\/04\/DSC02571-1-min-scaled.jpg\" style=\"max-width:100%\" \/><\/div>\n\t\t\t\t\t<div class=\"content_desc\">\n\t\t\t\t\t\t\t<h4>Lepana-Abhyangam (kr\u00e9mmassz\u00e1zs)<\/h4>\n\t\t\t\t\t\t\tAyurv\u00e9dikus gy\u00f3gyn\u00f6v\u00e9nypaszta massz\u00e1zs: Fokozza a b\u0151r eg\u00e9szs\u00e9g\u00e9t \u00e9s revitaliz\u00e1ci\u00f3j\u00e1t gy...\n\t\t\t\t\t<\/div>\n\t\t\t\t\t<div class=\"price_links\">\n\t\t\t\t\t\t<span class=\"regular_price\">&euro;59<\/span>\n\t\t\t\t\t\t<span class=\"sale_price\">&euro;45<\/span>\n\t\t\t\t\t\t<a href=\"https:\/\/mantraayurveda.sk\/complete-purchase?product_id=8347\" class=\"buy_now\">H - Buy Now<\/a>\n\t\t\t\t\t<\/div>\n\t\t\t\t<\/div><div class=\"kt_coupon_list\">\n\t\t\t\t\t<div class=\"image_thumb\"><img decoding=\"async\" src=\"https:\/\/mantraayurveda.sk\/wp-content\/uploads\/2024\/04\/DSC02468-1-1-scaled.jpg\" style=\"max-width:100%\" \/><\/div>\n\t\t\t\t\t<div class=\"content_desc\">\n\t\t\t\t\t\t\t<h4>Lasika Abhyanga (nyirokmassz\u00e1zs)<\/h4>\n\t\t\t\t\t\t\tAyurv\u00e9dikus nyirokmassz\u00e1zs: Fokozza a kering\u00e9st, m\u00e9regtelen\u00edtse \u00e9s er\u0151s\u00edtse az immunit\u00e1st g...\n\t\t\t\t\t<\/div>\n\t\t\t\t\t<div class=\"price_links\">\n\t\t\t\t\t\t<span class=\"regular_price\">&euro;59<\/span>\n\t\t\t\t\t\t<span class=\"sale_price\">&euro;45<\/span>\n\t\t\t\t\t\t<a href=\"https:\/\/mantraayurveda.sk\/complete-purchase?product_id=8355\" class=\"buy_now\">H - Buy Now<\/a>\n\t\t\t\t\t<\/div>\n\t\t\t\t<\/div><div class=\"kt_coupon_list\">\n\t\t\t\t\t<div class=\"image_thumb\"><img decoding=\"async\" src=\"https:\/\/mantraayurveda.sk\/wp-content\/uploads\/2024\/04\/DSC01858-min-scaled.jpg\" style=\"max-width:100%\" \/><\/div>\n\t\t\t\t\t<div class=\"content_desc\">\n\t\t\t\t\t\t\t<h4>Rasayana Abhyangam<\/h4>\n\t\t\t\t\t\t\tRasayana massz\u00e1zs: Revitaliz\u00e1lja a testet \u00e9s az elm\u00e9t, fokozza a vitalit\u00e1st \u00e9s el\u0151seg\u00edti az ...\n\t\t\t\t\t<\/div>\n\t\t\t\t\t<div class=\"price_links\">\n\t\t\t\t\t\t<span class=\"regular_price\">&euro;69<\/span>\n\t\t\t\t\t\t<span class=\"sale_price\">&euro;55<\/span>\n\t\t\t\t\t\t<a href=\"https:\/\/mantraayurveda.sk\/complete-purchase?product_id=8357\" class=\"buy_now\">H - Buy Now<\/a>\n\t\t\t\t\t<\/div>\n\t\t\t\t<\/div><div class=\"kt_coupon_list\">\n\t\t\t\t\t<div class=\"image_thumb\"><img decoding=\"async\" src=\"https:\/\/mantraayurveda.sk\/wp-content\/uploads\/2024\/04\/PHOTO-2024-03-31-17-40-04-7.jpg\" style=\"max-width:100%\" \/><\/div>\n\t\t\t\t\t<div class=\"content_desc\">\n\t\t\t\t\t\t\t<h4>Sukha Abhyangham (Relaxation Massage)<\/h4>\n\t\t\t\t\t\t\tSukha-Abhyangam: Gyeng\u00e9d, nyugtat\u00f3, laz\u00edt\u00f3 mozdulatok, \u00c1ltal\u00e1nos massz\u00e1zs arom\u00e1s olajokkal a...\n\t\t\t\t\t<\/div>\n\t\t\t\t\t<div class=\"price_links\">\n\t\t\t\t\t\t<span class=\"regular_price\">&euro;59<\/span>\n\t\t\t\t\t\t<span class=\"sale_price\">&euro;45<\/span>\n\t\t\t\t\t\t<a href=\"https:\/\/mantraayurveda.sk\/complete-purchase?product_id=8359\" class=\"buy_now\">H - Buy Now<\/a>\n\t\t\t\t\t<\/div>\n\t\t\t\t<\/div><div class=\"kt_coupon_list\">\n\t\t\t\t\t<div class=\"image_thumb\"><img decoding=\"async\" src=\"https:\/\/mantraayurveda.sk\/wp-content\/uploads\/2024\/04\/DSC02014-scaled.jpg\" style=\"max-width:100%\" \/><\/div>\n\t\t\t\t\t<div class=\"content_desc\">\n\t\t\t\t\t\t\t<h4>Abhyangam (\u00e1ltal\u00e1nos massz\u00e1zs)<\/h4>\n\t\t\t\t\t\t\tAbhyanga: Hagyom\u00e1nyos \u00e1jurv\u00e9dikus teljes testmassz\u00e1zs gy\u00f3gyn\u00f6v\u00e9nyi olajokkal, serkenti a keri...\n\t\t\t\t\t<\/div>\n\t\t\t\t\t<div class=\"price_links\">\n\t\t\t\t\t\t<span class=\"regular_price\">&euro;49<\/span>\n\t\t\t\t\t\t<span class=\"sale_price\">&euro;40<\/span>\n\t\t\t\t\t\t<a href=\"https:\/\/mantraayurveda.sk\/complete-purchase?product_id=8361\" class=\"buy_now\">H - Buy Now<\/a>\n\t\t\t\t\t<\/div>\n\t\t\t\t<\/div><\/div><\/div><\/div>\n\t\t\t\t<\/div>\n\t\t\t\t<\/div>\n\t\t\t\t\t<\/div>\n\t\t\t\t<\/div>\n\t\t\t\t\t<\/div>\n\t\t\t\t<\/div>\n\t\t\t\t<\/div>\n\t\t","protected":false},"excerpt":{"rendered":"","protected":false},"author":1,"featured_media":0,"parent":0,"menu_order":0,"comment_status":"closed","ping_status":"closed","template":"","meta":{"footnotes":""},"class_list":["post-8348","page","type-page","status-publish","hentry"],"_links":{"self":[{"href":"https:\/\/mantraayurveda.sk\/hu\/wp-json\/wp\/v2\/pages\/8348","targetHints":{"allow":["GET"]}}],"collection":[{"href":"https:\/\/mantraayurveda.sk\/hu\/wp-json\/wp\/v2\/pages"}],"about":[{"href":"https:\/\/mantraayurveda.sk\/hu\/wp-json\/wp\/v2\/types\/page"}],"author":[{"embeddable":true,"href":"https:\/\/mantraayurveda.sk\/hu\/wp-json\/wp\/v2\/users\/1"}],"replies":[{"embeddable":true,"href":"https:\/\/mantraayurveda.sk\/hu\/wp-json\/wp\/v2\/comments?post=8348"}],"version-history":[{"count":6,"href":"https:\/\/mantraayurveda.sk\/hu\/wp-json\/wp\/v2\/pages\/8348\/revisions"}],"predecessor-version":[{"id":8528,"href":"https:\/\/mantraayurveda.sk\/hu\/wp-json\/wp\/v2\/pages\/8348\/revisions\/8528"}],"wp:attachment":[{"href":"https:\/\/mantraayurveda.sk\/hu\/wp-json\/wp\/v2\/media?parent=8348"}],"curies":[{"name":"wp","href":"https:\/\/api.w.org\/{rel}","templated":true}]}}