{"id":5455,"date":"2024-03-10T19:51:24","date_gmt":"2024-03-10T19:51:24","guid":{"rendered":"https:\/\/mantraayurveda.sk\/domov\/sluzby\/mantra-bylinne-kozmeticke-osetrenie\/"},"modified":"2024-05-19T12:13:11","modified_gmt":"2024-05-19T12:13:11","slug":"mantra-bylinne-kozmeticke-osetrenie","status":"publish","type":"page","link":"https:\/\/mantraayurveda.sk\/sk\/domov\/sluzby\/mantra-bylinne-kozmeticke-osetrenie\/","title":{"rendered":"Mantra bylinn\u00e9 kozmetick\u00e9 o\u0161etrenie"},"content":{"rendered":"\t\t<div data-elementor-type=\"wp-page\" data-elementor-id=\"5455\" class=\"elementor elementor-5455 elementor-2981\">\n\t\t\t\t<div class=\"elementor-element elementor-element-3fb6f4ea e-flex e-con-boxed wpr-particle-no wpr-jarallax-no wpr-parallax-no wpr-sticky-section-no e-con e-parent\" data-id=\"3fb6f4ea\" data-element_type=\"container\" data-settings=\"{&quot;background_background&quot;:&quot;classic&quot;}\">\n\t\t\t\t\t<div class=\"e-con-inner\">\n\t\t\t\t<div class=\"elementor-element elementor-element-07939cd exad-sticky-section-no exad-glass-effect-no elementor-widget elementor-widget-spacer\" data-id=\"07939cd\" data-element_type=\"widget\" data-widget_type=\"spacer.default\">\n\t\t\t\t<div class=\"elementor-widget-container\">\n\t\t\t\t\t<div class=\"elementor-spacer\">\n\t\t\t<div class=\"elementor-spacer-inner\"><\/div>\n\t\t<\/div>\n\t\t\t\t<\/div>\n\t\t\t\t<\/div>\n\t\t\t\t<div class=\"elementor-element elementor-element-6a831719 animated-slow exad-sticky-section-no exad-glass-effect-no elementor-invisible elementor-widget elementor-widget-heading\" data-id=\"6a831719\" data-element_type=\"widget\" data-settings=\"{&quot;_animation&quot;:&quot;slideInUp&quot;}\" data-widget_type=\"heading.default\">\n\t\t\t\t<div class=\"elementor-widget-container\">\n\t\t\t<h2 class=\"elementor-heading-title elementor-size-default\">Mantra bylinn\u00e9 kozmetick\u00e9 o\u0161etrenie\n<\/h2>\t\t<\/div>\n\t\t\t\t<\/div>\n\t\t\t\t\t<\/div>\n\t\t\t\t<\/div>\n\t\t<div class=\"elementor-element elementor-element-fe11048 e-flex e-con-boxed wpr-particle-no wpr-jarallax-no wpr-parallax-no wpr-sticky-section-no e-con e-parent\" data-id=\"fe11048\" data-element_type=\"container\" data-settings=\"{&quot;background_background&quot;:&quot;classic&quot;}\">\n\t\t\t\t\t<div class=\"e-con-inner\">\n\t\t<div class=\"elementor-element elementor-element-60d342fc e-con-full e-flex wpr-particle-no wpr-jarallax-no wpr-parallax-no wpr-sticky-section-no e-con e-child\" data-id=\"60d342fc\" data-element_type=\"container\">\n\t\t\t\t<div class=\"elementor-element elementor-element-19415359 exad-sticky-section-no exad-glass-effect-no elementor-widget elementor-widget-exad-exclusive-heading\" data-id=\"19415359\" data-element_type=\"widget\" data-widget_type=\"exad-exclusive-heading.default\">\n\t\t\t\t<div class=\"elementor-widget-container\">\n\t\t\t\r\n        <div class=\"exad-exclusive-heading\">\r\n            <div class=\"exad-exclusive-heading-wrapper exad-heading-left exad-heading-simple\">\r\n\t\t\t\r\n                <h1 data-content=\"Pre\u010do bylinn\u00e9 kozmetick\u00e9 o\u0161etrenia ?\" class=\"exad-exclusive-heading-title\">\r\n\t\t\t\t\tPre\u010do bylinn\u00e9 kozmetick\u00e9 o\u0161etrenia ?\t\t\t\t<\/h1>\r\n\t\r\n                                    <p class=\"exad-exclusive-heading-description\">\r\n\t\t\t\t\t\tKr\u00e1sa, pojem, ktor\u00fd presahuje oby\u010dajn\u00fd vzh\u013ead, je spojen\u00edm na\u0161ich my\u0161lienok, postojov, spr\u00e1vania a charakteru a vytv\u00e1ra v n\u00e1s hlbok\u00fa hodnotu. Ke\u010f\u017ee t\u00fato vn\u00fatorn\u00fa kr\u00e1su vy\u017earujeme do sveta, je nevyhnutn\u00e9 stara\u0165 sa o seba, preto\u017ee v ajurv\u00e9de je kr\u00e1sa synonymom zdravia. Uprostred ka\u017edodenn\u00e9ho tlaku, ktor\u00fd v\u00e1s mo\u017eno \u0165ah\u00e1 dole, vst\u00fapte do sv\u00e4tyne bezkonkuren\u010dn\u00e9ho pokoja, kde sa rozv\u00edja podmaniv\u00e1 podstata kr\u00e1sy ajurv\u00e9dy. Ponorte sa do harmonickej symf\u00f3nie nad\u010dasov\u00fdch skr\u00e1\u0161\u013euj\u00facich proced\u00far ur\u010den\u00fdch pre va\u0161u tv\u00e1r, telo at\u010f., starostlivo pripraven\u00fdch pod\u013ea starobyl\u00e9ho ajurv\u00e9dskeho zdravotn\u00e9ho syst\u00e9mu. Va\u0161a cesta za kr\u00e1sou, kvalitou a relaxom dosiahne nov\u00e9 rozmery pr\u00e1ve v na\u0161om centre. Vitajte v oblasti, kde sa snaha o kr\u00e1su plynule prel\u00edna s h\u013eadan\u00edm pohody.                    <\/p>\r\n\t\t\t\t\r\n            <\/div>\r\n        <\/div>\r\n\t\t\t<\/div>\n\t\t\t\t<\/div>\n\t\t\t\t<div class=\"elementor-element elementor-element-17a16d7d exad-sticky-section-no exad-glass-effect-no elementor-widget elementor-widget-spacer\" data-id=\"17a16d7d\" data-element_type=\"widget\" data-widget_type=\"spacer.default\">\n\t\t\t\t<div class=\"elementor-widget-container\">\n\t\t\t\t\t<div class=\"elementor-spacer\">\n\t\t\t<div class=\"elementor-spacer-inner\"><\/div>\n\t\t<\/div>\n\t\t\t\t<\/div>\n\t\t\t\t<\/div>\n\t\t\t\t<\/div>\n\t\t<div class=\"elementor-element elementor-element-8572ca7 e-con-full e-flex wpr-particle-no wpr-jarallax-no wpr-parallax-no wpr-sticky-section-no e-con e-child\" data-id=\"8572ca7\" data-element_type=\"container\" data-settings=\"{&quot;background_background&quot;:&quot;classic&quot;}\">\n\t\t\t\t<\/div>\n\t\t\t\t\t<\/div>\n\t\t\t\t<\/div>\n\t\t<div class=\"elementor-element elementor-element-1e14a2b e-flex e-con-boxed wpr-particle-no wpr-jarallax-no wpr-parallax-no wpr-sticky-section-no e-con e-parent\" data-id=\"1e14a2b\" data-element_type=\"container\" data-settings=\"{&quot;background_background&quot;:&quot;classic&quot;}\">\n\t\t\t\t\t<div class=\"e-con-inner\">\n\t\t<div class=\"elementor-element elementor-element-76b0ca92 e-flex e-con-boxed wpr-particle-no wpr-jarallax-no wpr-parallax-no wpr-sticky-section-no e-con e-child\" data-id=\"76b0ca92\" data-element_type=\"container\">\n\t\t\t\t\t<div class=\"e-con-inner\">\n\t\t\t\t<div class=\"elementor-element elementor-element-43e95c3c animated-slow exad-sticky-section-no exad-glass-effect-no elementor-invisible elementor-widget elementor-widget-heading\" data-id=\"43e95c3c\" data-element_type=\"widget\" data-settings=\"{&quot;_animation&quot;:&quot;slideInUp&quot;}\" data-widget_type=\"heading.default\">\n\t\t\t\t<div class=\"elementor-widget-container\">\n\t\t\t<h2 class=\"elementor-heading-title elementor-size-default\">Presk\u00famajte o\u0161etrenia <\/h2>\t\t<\/div>\n\t\t\t\t<\/div>\n\t\t\t\t\t<\/div>\n\t\t\t\t<\/div>\n\t\t<div class=\"elementor-element elementor-element-91aef0d e-con-full e-flex wpr-particle-no wpr-jarallax-no wpr-parallax-no wpr-sticky-section-no e-con e-child\" data-id=\"91aef0d\" data-element_type=\"container\">\n\t\t<div class=\"elementor-element elementor-element-2b126c47 e-con-full e-flex wpr-particle-no wpr-jarallax-no wpr-parallax-no wpr-sticky-section-no e-con e-child\" data-id=\"2b126c47\" data-element_type=\"container\" data-settings=\"{&quot;background_background&quot;:&quot;classic&quot;}\">\n\t\t\t\t<div class=\"elementor-element elementor-element-62966de4 elementor-widget__width-inherit elementor-position-top exad-sticky-section-no exad-glass-effect-no elementor-widget elementor-widget-image-box\" data-id=\"62966de4\" data-element_type=\"widget\" data-widget_type=\"image-box.default\">\n\t\t\t\t<div class=\"elementor-widget-container\">\n\t\t\t<div class=\"elementor-image-box-wrapper\"><figure class=\"elementor-image-box-img\"><img fetchpriority=\"high\" decoding=\"async\" width=\"2560\" height=\"1707\" src=\"https:\/\/mantraayurveda.sk\/wp-content\/uploads\/2024\/04\/DSC01979-scaled.jpg\" class=\"attachment-full size-full wp-image-7136\" alt=\"\" srcset=\"https:\/\/mantraayurveda.sk\/wp-content\/uploads\/2024\/04\/DSC01979-scaled.jpg 2560w, https:\/\/mantraayurveda.sk\/wp-content\/uploads\/2024\/04\/DSC01979-scaled-600x400.jpg 600w, https:\/\/mantraayurveda.sk\/wp-content\/uploads\/2024\/04\/DSC01979-300x200.jpg 300w, https:\/\/mantraayurveda.sk\/wp-content\/uploads\/2024\/04\/DSC01979-1024x683.jpg 1024w, https:\/\/mantraayurveda.sk\/wp-content\/uploads\/2024\/04\/DSC01979-768x512.jpg 768w, https:\/\/mantraayurveda.sk\/wp-content\/uploads\/2024\/04\/DSC01979-1536x1024.jpg 1536w, https:\/\/mantraayurveda.sk\/wp-content\/uploads\/2024\/04\/DSC01979-2048x1365.jpg 2048w\" sizes=\"(max-width: 2560px) 100vw, 2560px\" \/><\/figure><div class=\"elementor-image-box-content\"><h3 class=\"elementor-image-box-title\">Mukhalepam (bylinn\u00e1 lie\u010dba tv\u00e1re)<\/h3><p class=\"elementor-image-box-description\"><strong>Cena \u2013 39 \u20ac (Ponukov\u00e1 cena \u2013 29 \u20ac)<\/strong><br>\n<br>Mukhalepam: Ajurv\u00e9dske o\u0161etrenie tv\u00e1re omladzuje poko\u017eku, redukuje \u0161kvrny a podporuje zdrav\u00fa, \u017eiariv\u00fa ple\u0165.<\/p><\/div><\/div>\t\t<\/div>\n\t\t\t\t<\/div>\n\t\t\t\t<\/div>\n\t\t<div class=\"elementor-element elementor-element-323c07b4 e-con-full e-flex wpr-particle-no wpr-jarallax-no wpr-parallax-no wpr-sticky-section-no e-con e-child\" data-id=\"323c07b4\" data-element_type=\"container\" data-settings=\"{&quot;background_background&quot;:&quot;classic&quot;}\">\n\t\t\t\t<div class=\"elementor-element elementor-element-2718cf96 elementor-widget__width-inherit elementor-position-top exad-sticky-section-no exad-glass-effect-no elementor-widget elementor-widget-image-box\" data-id=\"2718cf96\" data-element_type=\"widget\" data-widget_type=\"image-box.default\">\n\t\t\t\t<div class=\"elementor-widget-container\">\n\t\t\t<div class=\"elementor-image-box-wrapper\"><figure class=\"elementor-image-box-img\"><img decoding=\"async\" width=\"2560\" height=\"1707\" src=\"https:\/\/mantraayurveda.sk\/wp-content\/uploads\/2024\/04\/DSC02027-scaled.jpg\" class=\"attachment-full size-full wp-image-7148\" alt=\"\" srcset=\"https:\/\/mantraayurveda.sk\/wp-content\/uploads\/2024\/04\/DSC02027-scaled.jpg 2560w, https:\/\/mantraayurveda.sk\/wp-content\/uploads\/2024\/04\/DSC02027-scaled-600x400.jpg 600w, https:\/\/mantraayurveda.sk\/wp-content\/uploads\/2024\/04\/DSC02027-300x200.jpg 300w, https:\/\/mantraayurveda.sk\/wp-content\/uploads\/2024\/04\/DSC02027-1024x683.jpg 1024w, https:\/\/mantraayurveda.sk\/wp-content\/uploads\/2024\/04\/DSC02027-768x512.jpg 768w, https:\/\/mantraayurveda.sk\/wp-content\/uploads\/2024\/04\/DSC02027-1536x1024.jpg 1536w, https:\/\/mantraayurveda.sk\/wp-content\/uploads\/2024\/04\/DSC02027-2048x1365.jpg 2048w\" sizes=\"(max-width: 2560px) 100vw, 2560px\" \/><\/figure><div class=\"elementor-image-box-content\"><h3 class=\"elementor-image-box-title\">Sareeralepam (bylinn\u00e1 lie\u010dba tela)<\/h3><p class=\"elementor-image-box-description\"><strong>Cena \u2013 59 \u20ac (Ponukov\u00e1 cena \u2013 45 \u20ac)<\/strong><br>\n<br>Sareera Lepana : Ajurv\u00e9dska aplik\u00e1cia bylinn\u00fdch p\u00e1st na poko\u017eku. Kombin\u00e1cia tradi\u010dn\u00fdch postupov pre v\u00fdhody.<\/p><\/div><\/div>\t\t<\/div>\n\t\t\t\t<\/div>\n\t\t\t\t<\/div>\n\t\t<div class=\"elementor-element elementor-element-25a4ad4e e-con-full e-flex wpr-particle-no wpr-jarallax-no wpr-parallax-no wpr-sticky-section-no e-con e-child\" data-id=\"25a4ad4e\" data-element_type=\"container\" data-settings=\"{&quot;background_background&quot;:&quot;classic&quot;}\">\n\t\t\t\t<div class=\"elementor-element elementor-element-32d500cc elementor-widget__width-inherit elementor-position-top exad-sticky-section-no exad-glass-effect-no elementor-widget elementor-widget-image-box\" data-id=\"32d500cc\" data-element_type=\"widget\" data-widget_type=\"image-box.default\">\n\t\t\t\t<div class=\"elementor-widget-container\">\n\t\t\t<div class=\"elementor-image-box-wrapper\"><figure class=\"elementor-image-box-img\"><img decoding=\"async\" width=\"2560\" height=\"1707\" src=\"https:\/\/mantraayurveda.sk\/wp-content\/uploads\/2024\/04\/DSC02568-1-scaled.jpg\" class=\"attachment-full size-full wp-image-7244\" alt=\"\" srcset=\"https:\/\/mantraayurveda.sk\/wp-content\/uploads\/2024\/04\/DSC02568-1-scaled.jpg 2560w, https:\/\/mantraayurveda.sk\/wp-content\/uploads\/2024\/04\/DSC02568-1-scaled-600x400.jpg 600w, https:\/\/mantraayurveda.sk\/wp-content\/uploads\/2024\/04\/DSC02568-1-300x200.jpg 300w, https:\/\/mantraayurveda.sk\/wp-content\/uploads\/2024\/04\/DSC02568-1-1024x683.jpg 1024w, https:\/\/mantraayurveda.sk\/wp-content\/uploads\/2024\/04\/DSC02568-1-768x512.jpg 768w, https:\/\/mantraayurveda.sk\/wp-content\/uploads\/2024\/04\/DSC02568-1-1536x1024.jpg 1536w, https:\/\/mantraayurveda.sk\/wp-content\/uploads\/2024\/04\/DSC02568-1-2048x1365.jpg 2048w\" sizes=\"(max-width: 2560px) 100vw, 2560px\" \/><\/figure><div class=\"elementor-image-box-content\"><h3 class=\"elementor-image-box-title\">Udwarthanam (mas\u00e1\u017e bylinn\u00fdm pr\u00e1\u0161kom)<\/h3><p class=\"elementor-image-box-description\"><strong>Cena \u2013 59 \u20ac (Ponukov\u00e1 cena \u2013 45 \u20ac)<\/strong><br>\n<br>Udwarthanam: Ajurv\u00e9dska mas\u00e1\u017e such\u00fdm pr\u00e1\u0161kom zvy\u0161uje metabolizmus tukov, exfoliuje poko\u017eku a napom\u00e1ha detoxik\u00e1cii.<\/p><\/div><\/div>\t\t<\/div>\n\t\t\t\t<\/div>\n\t\t\t\t<\/div>\n\t\t\t\t<\/div>\n\t\t\t\t\t<\/div>\n\t\t\t\t<\/div>\n\t\t<div class=\"elementor-element elementor-element-d0536a7 e-flex e-con-boxed wpr-particle-no wpr-jarallax-no wpr-parallax-no wpr-sticky-section-no e-con e-parent\" data-id=\"d0536a7\" data-element_type=\"container\" data-settings=\"{&quot;background_background&quot;:&quot;classic&quot;}\">\n\t\t\t\t\t<div class=\"e-con-inner\">\n\t\t<div class=\"elementor-element elementor-element-f62bfe e-con-full e-flex wpr-particle-no wpr-jarallax-no wpr-parallax-no wpr-sticky-section-no e-con e-child\" data-id=\"f62bfe\" data-element_type=\"container\">\n\t\t<div class=\"elementor-element elementor-element-1eab81d0 e-con-full e-flex wpr-particle-no wpr-jarallax-no wpr-parallax-no wpr-sticky-section-no e-con e-child\" data-id=\"1eab81d0\" data-element_type=\"container\" data-settings=\"{&quot;background_background&quot;:&quot;classic&quot;}\">\n\t\t\t\t<div class=\"elementor-element elementor-element-614c75d2 elementor-widget__width-inherit elementor-position-top exad-sticky-section-no exad-glass-effect-no elementor-widget elementor-widget-image-box\" data-id=\"614c75d2\" data-element_type=\"widget\" data-widget_type=\"image-box.default\">\n\t\t\t\t<div class=\"elementor-widget-container\">\n\t\t\t<div class=\"elementor-image-box-wrapper\"><figure class=\"elementor-image-box-img\"><img loading=\"lazy\" decoding=\"async\" width=\"2560\" height=\"1707\" src=\"https:\/\/mantraayurveda.sk\/wp-content\/uploads\/2024\/04\/DSC02687-scaled.jpg\" class=\"attachment-full size-full wp-image-7109\" alt=\"\" srcset=\"https:\/\/mantraayurveda.sk\/wp-content\/uploads\/2024\/04\/DSC02687-scaled.jpg 2560w, https:\/\/mantraayurveda.sk\/wp-content\/uploads\/2024\/04\/DSC02687-scaled-600x400.jpg 600w, https:\/\/mantraayurveda.sk\/wp-content\/uploads\/2024\/04\/DSC02687-300x200.jpg 300w, https:\/\/mantraayurveda.sk\/wp-content\/uploads\/2024\/04\/DSC02687-1024x683.jpg 1024w, https:\/\/mantraayurveda.sk\/wp-content\/uploads\/2024\/04\/DSC02687-768x512.jpg 768w, https:\/\/mantraayurveda.sk\/wp-content\/uploads\/2024\/04\/DSC02687-1536x1024.jpg 1536w, https:\/\/mantraayurveda.sk\/wp-content\/uploads\/2024\/04\/DSC02687-2048x1365.jpg 2048w\" sizes=\"(max-width: 2560px) 100vw, 2560px\" \/><\/figure><div class=\"elementor-image-box-content\"><h3 class=\"elementor-image-box-title\">Ajurv\u00e9dska mas\u00e1\u017e proti starnutiu<\/h3><p class=\"elementor-image-box-description\"><strong>Cena \u2013 69 \u20ac (Ponukov\u00e1 cena \u2013 55 \u20ac)<\/strong><br>\n<br>Ajurv\u00e9dske mas\u00e1\u017ee proti starnutiu: Bylinn\u00e9 oleje a pasty bojuj\u00fa proti starnutiu, podporuj\u00fa omladenie poko\u017eky a zlep\u0161uj\u00fa celkov\u00fa pohodu.<\/p><\/div><\/div>\t\t<\/div>\n\t\t\t\t<\/div>\n\t\t\t\t<\/div>\n\t\t<div class=\"elementor-element elementor-element-18921ad e-con-full e-flex wpr-particle-no wpr-jarallax-no wpr-parallax-no wpr-sticky-section-no e-con e-child\" data-id=\"18921ad\" data-element_type=\"container\" data-settings=\"{&quot;background_background&quot;:&quot;classic&quot;}\">\n\t\t\t\t<div class=\"elementor-element elementor-element-5926e71 elementor-widget__width-inherit elementor-position-top exad-sticky-section-no exad-glass-effect-no elementor-widget elementor-widget-image-box\" data-id=\"5926e71\" data-element_type=\"widget\" data-widget_type=\"image-box.default\">\n\t\t\t\t<div class=\"elementor-widget-container\">\n\t\t\t<div class=\"elementor-image-box-wrapper\"><figure class=\"elementor-image-box-img\"><img loading=\"lazy\" decoding=\"async\" width=\"2560\" height=\"1707\" src=\"https:\/\/mantraayurveda.sk\/wp-content\/uploads\/2024\/04\/DSC02246-1-scaled.jpg\" class=\"attachment-full size-full wp-image-7187\" alt=\"\" srcset=\"https:\/\/mantraayurveda.sk\/wp-content\/uploads\/2024\/04\/DSC02246-1-scaled.jpg 2560w, https:\/\/mantraayurveda.sk\/wp-content\/uploads\/2024\/04\/DSC02246-1-scaled-600x400.jpg 600w, https:\/\/mantraayurveda.sk\/wp-content\/uploads\/2024\/04\/DSC02246-1-300x200.jpg 300w, https:\/\/mantraayurveda.sk\/wp-content\/uploads\/2024\/04\/DSC02246-1-1024x683.jpg 1024w, https:\/\/mantraayurveda.sk\/wp-content\/uploads\/2024\/04\/DSC02246-1-768x512.jpg 768w, https:\/\/mantraayurveda.sk\/wp-content\/uploads\/2024\/04\/DSC02246-1-1536x1024.jpg 1536w, https:\/\/mantraayurveda.sk\/wp-content\/uploads\/2024\/04\/DSC02246-1-2048x1365.jpg 2048w\" sizes=\"(max-width: 2560px) 100vw, 2560px\" \/><\/figure><div class=\"elementor-image-box-content\"><h3 class=\"elementor-image-box-title\">O\u0161etrenie na omladenie vlasov<\/h3><p class=\"elementor-image-box-description\"><strong>Cena \u2013 69 \u20ac (Ponukov\u00e1 cena \u2013 55 \u20ac)<\/strong><br>\n<br>Omladenie vlasov pom\u00e1ha pon\u00faka\u0165 r\u00f4zne pr\u00edrodn\u00e9 prostriedky a k\u00fary na udr\u017eanie zdrav\u00fdch vlasov, vy\u017eivuje vlasov\u00e9 folikuly.<\/p><\/div><\/div>\t\t<\/div>\n\t\t\t\t<\/div>\n\t\t\t\t<\/div>\n\t\t<div class=\"elementor-element elementor-element-a92bbdd e-con-full e-flex wpr-particle-no wpr-jarallax-no wpr-parallax-no wpr-sticky-section-no e-con e-child\" data-id=\"a92bbdd\" data-element_type=\"container\" data-settings=\"{&quot;background_background&quot;:&quot;classic&quot;}\">\n\t\t\t\t<div class=\"elementor-element elementor-element-8f03e92 elementor-widget__width-inherit elementor-position-top exad-sticky-section-no exad-glass-effect-no elementor-widget elementor-widget-image-box\" data-id=\"8f03e92\" data-element_type=\"widget\" data-widget_type=\"image-box.default\">\n\t\t\t\t<div class=\"elementor-widget-container\">\n\t\t\t<div class=\"elementor-image-box-wrapper\"><figure class=\"elementor-image-box-img\"><img loading=\"lazy\" decoding=\"async\" width=\"2560\" height=\"1707\" src=\"https:\/\/mantraayurveda.sk\/wp-content\/uploads\/2024\/04\/DSC01989-min-scaled.jpg\" class=\"attachment-full size-full wp-image-7014\" alt=\"\" srcset=\"https:\/\/mantraayurveda.sk\/wp-content\/uploads\/2024\/04\/DSC01989-min-scaled.jpg 2560w, https:\/\/mantraayurveda.sk\/wp-content\/uploads\/2024\/04\/DSC01989-min-scaled-600x400.jpg 600w, https:\/\/mantraayurveda.sk\/wp-content\/uploads\/2024\/04\/DSC01989-min-300x200.jpg 300w, https:\/\/mantraayurveda.sk\/wp-content\/uploads\/2024\/04\/DSC01989-min-1024x683.jpg 1024w, https:\/\/mantraayurveda.sk\/wp-content\/uploads\/2024\/04\/DSC01989-min-768x512.jpg 768w, https:\/\/mantraayurveda.sk\/wp-content\/uploads\/2024\/04\/DSC01989-min-1536x1024.jpg 1536w, https:\/\/mantraayurveda.sk\/wp-content\/uploads\/2024\/04\/DSC01989-min-2048x1365.jpg 2048w\" sizes=\"(max-width: 2560px) 100vw, 2560px\" \/><\/figure><div class=\"elementor-image-box-content\"><h3 class=\"elementor-image-box-title\">Expresn\u00e9 relaxa\u010dn\u00e9 proced\u00fary<\/h3><p class=\"elementor-image-box-description\">Odomknite br\u00e1ny ku \u0161\u0165astiu uprostred \u017eivotn\u00e9ho chaosu t\u00fdm, \u017ee prijmete jedine\u010dn\u00fa silu relax\u00e1cie. <\/p><\/div><\/div>\t\t<\/div>\n\t\t\t\t<\/div>\n\t\t\t\t<\/div>\n\t\t\t\t<\/div>\n\t\t\t\t\t<\/div>\n\t\t\t\t<\/div>\n\t\t\t\t<\/div>\n\t\t","protected":false},"excerpt":{"rendered":"<p>Mantra bylinn\u00e9 kozmetick\u00e9 o\u0161etrenie Pre\u010do bylinn\u00e9 kozmetick\u00e9 o\u0161etrenia ? Kr\u00e1sa, pojem, ktor\u00fd presahuje oby\u010dajn\u00fd vzh\u013ead, je spojen\u00edm na\u0161ich my\u0161lienok, postojov, spr\u00e1vania a charakteru a vytv\u00e1ra v n\u00e1s hlbok\u00fa hodnotu. Ke\u010f\u017ee t\u00fato vn\u00fatorn\u00fa kr\u00e1su vy\u017earujeme do sveta, je nevyhnutn\u00e9 stara\u0165 sa o seba, preto\u017ee v ajurv\u00e9de je kr\u00e1sa synonymom zdravia. Uprostred ka\u017edodenn\u00e9ho tlaku, ktor\u00fd v\u00e1s mo\u017eno \u0165ah\u00e1 dole, vst\u00fapte do sv\u00e4tyne bezkonkuren\u010dn\u00e9ho pokoja, kde sa rozv\u00edja podmaniv\u00e1 podstata kr\u00e1sy ajurv\u00e9dy. Ponorte sa do harmonickej symf\u00f3nie nad\u010dasov\u00fdch skr\u00e1\u0161\u013euj\u00facich proced\u00far ur\u010den\u00fdch pre va\u0161u tv\u00e1r, telo at\u010f., starostlivo pripraven\u00fdch pod\u013ea starobyl\u00e9ho ajurv\u00e9dskeho zdravotn\u00e9ho syst\u00e9mu. Va\u0161a cesta za kr\u00e1sou, kvalitou a relaxom dosiahne nov\u00e9 rozmery pr\u00e1ve v na\u0161om centre. Vitajte v oblasti, kde sa snaha o kr\u00e1su plynule prel\u00edna s h\u013eadan\u00edm pohody. Presk\u00famajte o\u0161etrenia Mukhalepam (bylinn\u00e1 lie\u010dba tv\u00e1re) Cena \u2013 39 \u20ac (Ponukov\u00e1 cena \u2013 29 \u20ac) Mukhalepam: Ajurv\u00e9dske o\u0161etrenie tv\u00e1re omladzuje poko\u017eku, redukuje \u0161kvrny a podporuje zdrav\u00fa, \u017eiariv\u00fa ple\u0165. Rezervova\u0165 teraz Sareeralepam (bylinn\u00e1 lie\u010dba tela) Cena \u2013 59 \u20ac (Ponukov\u00e1 cena \u2013 45 \u20ac) Sareera Lepana : Ajurv\u00e9dska aplik\u00e1cia bylinn\u00fdch p\u00e1st na poko\u017eku. Kombin\u00e1cia tradi\u010dn\u00fdch postupov pre v\u00fdhody. Rezervova\u0165 teraz Udwarthanam (mas\u00e1\u017e bylinn\u00fdm pr\u00e1\u0161kom) Cena \u2013 59 \u20ac (Ponukov\u00e1 cena \u2013 45 \u20ac) Udwarthanam: Ajurv\u00e9dska mas\u00e1\u017e such\u00fdm pr\u00e1\u0161kom zvy\u0161uje metabolizmus tukov, exfoliuje poko\u017eku a napom\u00e1ha detoxik\u00e1cii. Rezervova\u0165 teraz Ajurv\u00e9dska mas\u00e1\u017e proti starnutiu Cena \u2013 69 \u20ac (Ponukov\u00e1 cena \u2013 55 \u20ac) Ajurv\u00e9dske mas\u00e1\u017ee proti starnutiu: Bylinn\u00e9 oleje a pasty bojuj\u00fa proti starnutiu, podporuj\u00fa omladenie poko\u017eky a zlep\u0161uj\u00fa celkov\u00fa pohodu. Rezervova\u0165 teraz O\u0161etrenie na omladenie vlasov Cena \u2013 69 \u20ac (Ponukov\u00e1 cena \u2013 55 \u20ac) Omladenie vlasov pom\u00e1ha pon\u00faka\u0165 r\u00f4zne pr\u00edrodn\u00e9 prostriedky a k\u00fary na udr\u017eanie zdrav\u00fdch vlasov, vy\u017eivuje vlasov\u00e9 folikuly. Rezervova\u0165 teraz Expresn\u00e9 relaxa\u010dn\u00e9 proced\u00fary Odomknite br\u00e1ny ku \u0161\u0165astiu uprostred \u017eivotn\u00e9ho chaosu t\u00fdm, \u017ee prijmete jedine\u010dn\u00fa silu relax\u00e1cie. Rezervova\u0165 teraz<\/p>\n","protected":false},"author":1,"featured_media":0,"parent":5425,"menu_order":3,"comment_status":"closed","ping_status":"closed","template":"","meta":{"footnotes":""},"class_list":["post-5455","page","type-page","status-publish","hentry"],"_links":{"self":[{"href":"https:\/\/mantraayurveda.sk\/sk\/wp-json\/wp\/v2\/pages\/5455","targetHints":{"allow":["GET"]}}],"collection":[{"href":"https:\/\/mantraayurveda.sk\/sk\/wp-json\/wp\/v2\/pages"}],"about":[{"href":"https:\/\/mantraayurveda.sk\/sk\/wp-json\/wp\/v2\/types\/page"}],"author":[{"embeddable":true,"href":"https:\/\/mantraayurveda.sk\/sk\/wp-json\/wp\/v2\/users\/1"}],"replies":[{"embeddable":true,"href":"https:\/\/mantraayurveda.sk\/sk\/wp-json\/wp\/v2\/comments?post=5455"}],"version-history":[{"count":0,"href":"https:\/\/mantraayurveda.sk\/sk\/wp-json\/wp\/v2\/pages\/5455\/revisions"}],"up":[{"embeddable":true,"href":"https:\/\/mantraayurveda.sk\/sk\/wp-json\/wp\/v2\/pages\/5425"}],"wp:attachment":[{"href":"https:\/\/mantraayurveda.sk\/sk\/wp-json\/wp\/v2\/media?parent=5455"}],"curies":[{"name":"wp","href":"https:\/\/api.w.org\/{rel}","templated":true}]}}