{"id":7911,"date":"2024-04-13T18:41:30","date_gmt":"2024-04-13T18:41:30","guid":{"rendered":"https:\/\/mantraayurveda.sk\/blog\/"},"modified":"2024-05-26T07:39:43","modified_gmt":"2024-05-26T07:39:43","slug":"blog","status":"publish","type":"page","link":"https:\/\/mantraayurveda.sk\/sk\/blog\/","title":{"rendered":"Blog"},"content":{"rendered":"\t\t<div data-elementor-type=\"wp-page\" data-elementor-id=\"7911\" class=\"elementor elementor-7911 elementor-6492\">\n\t\t\t\t<div class=\"elementor-element elementor-element-35b18b43 e-con-full e-flex wpr-particle-no wpr-jarallax-no wpr-parallax-no wpr-sticky-section-no e-con e-parent\" data-id=\"35b18b43\" data-element_type=\"container\" data-settings=\"{&quot;background_background&quot;:&quot;classic&quot;}\">\n\t\t<div class=\"elementor-element elementor-element-4fd517e0 e-con-full e-flex wpr-particle-no wpr-jarallax-no wpr-parallax-no wpr-sticky-section-no e-con e-child\" data-id=\"4fd517e0\" data-element_type=\"container\" data-settings=\"{&quot;background_background&quot;:&quot;classic&quot;}\">\n\t\t\t\t<div class=\"elementor-element elementor-element-5998b4f5 animated-slow exad-sticky-section-no exad-glass-effect-no elementor-invisible elementor-widget elementor-widget-heading\" data-id=\"5998b4f5\" data-element_type=\"widget\" data-settings=\"{&quot;_animation&quot;:&quot;slideInUp&quot;}\" data-widget_type=\"heading.default\">\n\t\t\t\t<div class=\"elementor-widget-container\">\n\t\t\t<h1 class=\"elementor-heading-title elementor-size-default\">Mantra Ayurveda<\/h1>\t\t<\/div>\n\t\t\t\t<\/div>\n\t\t\t\t<div class=\"elementor-element elementor-element-16cd1c95 elementor-widget__width-inherit exad-sticky-section-no exad-glass-effect-no elementor-widget elementor-widget-text-editor\" data-id=\"16cd1c95\" data-element_type=\"widget\" data-widget_type=\"text-editor.default\">\n\t\t\t\t<div class=\"elementor-widget-container\">\n\t\t\t\t\t\t\t<p>Lorem ipsum dolor sit amet, te has solet postea. Voluptua quaestio dissentias has ex no<\/p>\t\t\t\t\t\t<\/div>\n\t\t\t\t<\/div>\n\t\t\t\t<\/div>\n\t\t\t\t<\/div>\n\t\t<div class=\"elementor-element elementor-element-3ddb500 e-flex e-con-boxed wpr-particle-no wpr-jarallax-no wpr-parallax-no wpr-sticky-section-no e-con e-parent\" data-id=\"3ddb500\" data-element_type=\"container\">\n\t\t\t\t\t<div class=\"e-con-inner\">\n\t\t\t\t<div class=\"elementor-element elementor-element-32c3499 exad-sticky-section-no exad-glass-effect-no elementor-widget elementor-widget-posts\" data-id=\"32c3499\" data-element_type=\"widget\" data-widget_type=\"posts.cards\">\n\t\t\t\t<div class=\"elementor-widget-container\">\n\t\t\t \t\t<\/div>\n\t\t\t\t<\/div>\n\t\t\t\t\t<\/div>\n\t\t\t\t<\/div>\n\t\t<div class=\"elementor-element elementor-element-3e44283 elementor-hidden-desktop elementor-hidden-tablet elementor-hidden-mobile e-flex e-con-boxed wpr-particle-no wpr-jarallax-no wpr-parallax-no wpr-sticky-section-no e-con e-parent\" data-id=\"3e44283\" data-element_type=\"container\">\n\t\t\t\t\t<div class=\"e-con-inner\">\n\t\t\t\t<div class=\"elementor-element elementor-element-4815ad5 exad-sticky-section-no exad-glass-effect-no elementor-widget elementor-widget-exad-post-carousel\" data-id=\"4815ad5\" data-element_type=\"widget\" data-widget_type=\"exad-post-carousel.default\">\n\t\t\t\t<div class=\"elementor-widget-container\">\n\t\t\t\n        <div class=\"exad-row-wrapper exad-post-carousel exad-carousel-item\" data-carousel-nav=\"arrows\" data-carousel-column=\"3\" data-carousel-column-tablet=\"2\" data-carousel-column-mobile=\"1\" data-slidestoscroll=\"1\" data-carousel-speed=\"1000\" data-direction=\"false\" data-loop=\"true\">\n            \n<article class=\"exad-post-grid-three\">\n    <div class=\"exad-post-grid-container image-position-top\">\n                \n        <div class=\"exad-post-grid-body\">\n                                                        <ul class=\"exad-post-grid-category cat-posdefault\">\n                            <li><a class=\"optional-sk\" href=\"https:\/\/mantraayurveda.sk\/sk\/?taxonomy=translation_priority&#038;term=optional-sk\">Optional<\/a><\/li>                        <\/ul>\n                            <ul class=\"exad-post-data show-avatar-no\">\n                                                                <li class=\"exad-author-avatar\">\n                                                        <span class=\"exad-post-grid-author\">\n                                Autor:                                     <a href=\"https:\/\/mantraayurveda.sk\/sk\/author\/mantraayurveda-sk\/\" class=\"exad-post-grid-author-name\">mantraayurveda.sk<\/a>\n                                <\/span>\n                                                    <\/li>\n                                            <li class=\"exad-post-date\">\n                            <span>\n                                D\u00e1tum:                                 <a href=\"https:\/\/mantraayurveda.sk\/sk\/zasady-ochrany-osobnych-udajov\/\" class=\"exad-post-grid-author-date\">26th jan 2024<\/a>\n                            <\/span>                           \n                        <\/li>\n                        \n                <\/ul>\n                                <h3>\n                        <a href=\"https:\/\/mantraayurveda.sk\/sk\/zasady-ochrany-osobnych-udajov\/\" class=\"exad-post-grid-title\">Z\u00e1sady ochrany osobn\u00fdch \u00fadajov<\/a>\n                    <\/h3>\n                                <ul class=\"exad-post-grid-time-comment\">\n                                            <li class=\"exad-post-grid-read-time\">4 min read<\/li>\n                                        <li>\n                        <a class=\"exad-post-grid-comment\" href=\"https:\/\/mantraayurveda.sk\/sk\/zasady-ochrany-osobnych-udajov\/#respond\">0 comment<\/a>\n                    <\/li>\n                                    <\/ul>\n                            <div class=\"exad-post-footer\"><a href=\"https:\/\/mantraayurveda.sk\/sk\/zasady-ochrany-osobnych-udajov\/\" class=\"read-more\" target=_blank>\u010c\u00edtaj viac<\/a><\/div>\n                    <\/div>\n            <\/div>\n<\/article>\n<article class=\"exad-post-grid-three\">\n    <div class=\"exad-post-grid-container image-position-top\">\n                \n        <div class=\"exad-post-grid-body\">\n                                                        <ul class=\"exad-post-grid-category cat-posdefault\">\n                            <li><a class=\"optional-sk\" href=\"https:\/\/mantraayurveda.sk\/sk\/?taxonomy=translation_priority&#038;term=optional-sk\">Optional<\/a><\/li>                        <\/ul>\n                            <ul class=\"exad-post-data show-avatar-no\">\n                                                                <li class=\"exad-author-avatar\">\n                                                        <span class=\"exad-post-grid-author\">\n                                Autor:                                     <a href=\"https:\/\/mantraayurveda.sk\/sk\/author\/mantraayurveda-sk\/\" class=\"exad-post-grid-author-name\">mantraayurveda.sk<\/a>\n                                <\/span>\n                                                    <\/li>\n                                            <li class=\"exad-post-date\">\n                            <span>\n                                D\u00e1tum:                                 <a href=\"https:\/\/mantraayurveda.sk\/sk\/domov\/o-nas\/\" class=\"exad-post-grid-author-date\">27th jan 2024<\/a>\n                            <\/span>                           \n                        <\/li>\n                        \n                <\/ul>\n                                <h3>\n                        <a href=\"https:\/\/mantraayurveda.sk\/sk\/domov\/o-nas\/\" class=\"exad-post-grid-title\">O n\u00e1s<\/a>\n                    <\/h3>\n                                <ul class=\"exad-post-grid-time-comment\">\n                                            <li class=\"exad-post-grid-read-time\">2 min read<\/li>\n                                        <li>\n                        <a class=\"exad-post-grid-comment\" href=\"https:\/\/mantraayurveda.sk\/sk\/domov\/o-nas\/#respond\">0 comment<\/a>\n                    <\/li>\n                                    <\/ul>\n                            <div class=\"exad-post-footer\"><a href=\"https:\/\/mantraayurveda.sk\/sk\/domov\/o-nas\/\" class=\"read-more\" target=_blank>\u010c\u00edtaj viac<\/a><\/div>\n                    <\/div>\n            <\/div>\n<\/article>\n<article class=\"exad-post-grid-three\">\n    <div class=\"exad-post-grid-container image-position-top\">\n                \n        <div class=\"exad-post-grid-body\">\n                                                        <ul class=\"exad-post-grid-category cat-posdefault\">\n                            <li><a class=\"optional-sk\" href=\"https:\/\/mantraayurveda.sk\/sk\/?taxonomy=translation_priority&#038;term=optional-sk\">Optional<\/a><\/li>                        <\/ul>\n                            <ul class=\"exad-post-data show-avatar-no\">\n                                                                <li class=\"exad-author-avatar\">\n                                                        <span class=\"exad-post-grid-author\">\n                                Autor:                                     <a href=\"https:\/\/mantraayurveda.sk\/sk\/author\/mantraayurveda-sk\/\" class=\"exad-post-grid-author-name\">mantraayurveda.sk<\/a>\n                                <\/span>\n                                                    <\/li>\n                                            <li class=\"exad-post-date\">\n                            <span>\n                                D\u00e1tum:                                 <a href=\"https:\/\/mantraayurveda.sk\/sk\/\" class=\"exad-post-grid-author-date\">27th jan 2024<\/a>\n                            <\/span>                           \n                        <\/li>\n                        \n                <\/ul>\n                                <h3>\n                        <a href=\"https:\/\/mantraayurveda.sk\/sk\/\" class=\"exad-post-grid-title\">Domov<\/a>\n                    <\/h3>\n                                <ul class=\"exad-post-grid-time-comment\">\n                                            <li class=\"exad-post-grid-read-time\">2 min read<\/li>\n                                        <li>\n                        <a class=\"exad-post-grid-comment\" href=\"https:\/\/mantraayurveda.sk\/sk\/#respond\">0 comment<\/a>\n                    <\/li>\n                                    <\/ul>\n                            <div class=\"exad-post-footer\"><a href=\"https:\/\/mantraayurveda.sk\/sk\/\" class=\"read-more\" target=_blank>\u010c\u00edtaj viac<\/a><\/div>\n                    <\/div>\n            <\/div>\n<\/article>\n<article class=\"exad-post-grid-three\">\n    <div class=\"exad-post-grid-container image-position-top\">\n                \n        <div class=\"exad-post-grid-body\">\n                                                        <ul class=\"exad-post-grid-category cat-posdefault\">\n                                                    <\/ul>\n                            <ul class=\"exad-post-data show-avatar-no\">\n                                                                <li class=\"exad-author-avatar\">\n                                                        <span class=\"exad-post-grid-author\">\n                                Autor:                                     <a href=\"https:\/\/mantraayurveda.sk\/sk\/author\/mantraayurveda-sk\/\" class=\"exad-post-grid-author-name\">mantraayurveda.sk<\/a>\n                                <\/span>\n                                                    <\/li>\n                                            <li class=\"exad-post-date\">\n                            <span>\n                                D\u00e1tum:                                 <a href=\"https:\/\/mantraayurveda.sk\/sk\/domov\/kontakt\/\" class=\"exad-post-grid-author-date\">27th jan 2024<\/a>\n                            <\/span>                           \n                        <\/li>\n                        \n                <\/ul>\n                                <h3>\n                        <a href=\"https:\/\/mantraayurveda.sk\/sk\/domov\/kontakt\/\" class=\"exad-post-grid-title\">Kontakt<\/a>\n                    <\/h3>\n                                <ul class=\"exad-post-grid-time-comment\">\n                                            <li class=\"exad-post-grid-read-time\">1 min read<\/li>\n                                        <li>\n                        <a class=\"exad-post-grid-comment\" href=\"https:\/\/mantraayurveda.sk\/sk\/domov\/kontakt\/#respond\">0 comment<\/a>\n                    <\/li>\n                                    <\/ul>\n                            <div class=\"exad-post-footer\"><a href=\"https:\/\/mantraayurveda.sk\/sk\/domov\/kontakt\/\" class=\"read-more\" target=_blank>\u010c\u00edtaj viac<\/a><\/div>\n                    <\/div>\n            <\/div>\n<\/article>        <\/div>\n        \n    \t\t<\/div>\n\t\t\t\t<\/div>\n\t\t\t\t\t<\/div>\n\t\t\t\t<\/div>\n\t\t<div class=\"elementor-element elementor-element-5956e0e elementor-hidden-desktop elementor-hidden-tablet elementor-hidden-mobile e-flex e-con-boxed wpr-particle-no wpr-jarallax-no wpr-parallax-no wpr-sticky-section-no e-con e-parent\" data-id=\"5956e0e\" data-element_type=\"container\">\n\t\t\t\t\t<div class=\"e-con-inner\">\n\t\t\t\t<div class=\"elementor-element elementor-element-1a0f1af exad-sticky-section-no exad-glass-effect-no elementor-widget elementor-widget-heading\" data-id=\"1a0f1af\" data-element_type=\"widget\" data-widget_type=\"heading.default\">\n\t\t\t\t<div class=\"elementor-widget-container\">\n\t\t\t<h2 class=\"elementor-heading-title elementor-size-default\">V\u0161etky pr\u00edspevky<\/h2>\t\t<\/div>\n\t\t\t\t<\/div>\n\t\t\t\t<div class=\"elementor-element elementor-element-fb63d37 exad-sticky-section-no exad-glass-effect-no elementor-widget elementor-widget-posts\" data-id=\"fb63d37\" data-element_type=\"widget\" data-widget_type=\"posts.cards\">\n\t\t\t\t<div class=\"elementor-widget-container\">\n\t\t\t \t\t<\/div>\n\t\t\t\t<\/div>\n\t\t\t\t\t<\/div>\n\t\t\t\t<\/div>\n\t\t\t\t<\/div>\n\t\t","protected":false},"excerpt":{"rendered":"<p>Mantra Ayurveda Optional Autor: mantraayurveda.sk D\u00e1tum: 26th Jan 2024 Privacy Policy 3 min read 0 comment \u010c\u00edtaj viac Optional Autor: mantraayurveda.sk D\u00e1tum: 27th Jan 2024 About us 1 min read 0 comment \u010c\u00edtaj viac Optional Autor: mantraayurveda.sk D\u00e1tum: 27th Jan 2024 Home 2 min read 0 comment \u010c\u00edtaj viac Autor: mantraayurveda.sk D\u00e1tum: 27th Jan 2024 Contact 1 min read 0 comment \u010c\u00edtaj viac V\u0161etky pr\u00edspevky<\/p>\n","protected":false},"author":1,"featured_media":0,"parent":0,"menu_order":0,"comment_status":"closed","ping_status":"closed","template":"template-page-builder.php","meta":{"footnotes":""},"class_list":["post-7911","page","type-page","status-publish","hentry"],"_links":{"self":[{"href":"https:\/\/mantraayurveda.sk\/sk\/wp-json\/wp\/v2\/pages\/7911","targetHints":{"allow":["GET"]}}],"collection":[{"href":"https:\/\/mantraayurveda.sk\/sk\/wp-json\/wp\/v2\/pages"}],"about":[{"href":"https:\/\/mantraayurveda.sk\/sk\/wp-json\/wp\/v2\/types\/page"}],"author":[{"embeddable":true,"href":"https:\/\/mantraayurveda.sk\/sk\/wp-json\/wp\/v2\/users\/1"}],"replies":[{"embeddable":true,"href":"https:\/\/mantraayurveda.sk\/sk\/wp-json\/wp\/v2\/comments?post=7911"}],"version-history":[{"count":0,"href":"https:\/\/mantraayurveda.sk\/sk\/wp-json\/wp\/v2\/pages\/7911\/revisions"}],"wp:attachment":[{"href":"https:\/\/mantraayurveda.sk\/sk\/wp-json\/wp\/v2\/media?parent=7911"}],"curies":[{"name":"wp","href":"https:\/\/api.w.org\/{rel}","templated":true}]}}