{"id":7919,"date":"2024-01-26T12:38:15","date_gmt":"2024-01-26T12:38:15","guid":{"rendered":"https:\/\/mantraayurveda.sk\/zasady-ochrany-osobnych-udajov\/"},"modified":"2024-05-19T08:54:24","modified_gmt":"2024-05-19T08:54:24","slug":"zasady-ochrany-osobnych-udajov","status":"publish","type":"page","link":"https:\/\/mantraayurveda.sk\/sk\/zasady-ochrany-osobnych-udajov\/","title":{"rendered":"Z\u00e1sady ochrany osobn\u00fdch \u00fadajov"},"content":{"rendered":"\t\t<div data-elementor-type=\"wp-page\" data-elementor-id=\"7919\" class=\"elementor elementor-7919 elementor-3\">\n\t\t\t\t<div class=\"elementor-element elementor-element-2f2a2a9c e-flex e-con-boxed wpr-particle-no wpr-jarallax-no wpr-parallax-no wpr-sticky-section-no e-con e-parent\" data-id=\"2f2a2a9c\" data-element_type=\"container\">\n\t\t\t\t\t<div class=\"e-con-inner\">\n\t\t\t\t<div class=\"elementor-element elementor-element-79636f68 exad-sticky-section-no exad-glass-effect-no elementor-widget elementor-widget-text-editor\" data-id=\"79636f68\" data-element_type=\"widget\" data-widget_type=\"text-editor.default\">\n\t\t\t\t<div class=\"elementor-widget-container\">\n\t\t\t\t\t\t\t<p>Z\u00e1sady ochrany osobn\u00fdch \u00fadajov a vyhl\u00e1senie o s\u00falade s gdpr pre Mantra Ayurveda Wellness s.r.o.<\/p>\n<p>Posledn\u00e1 aktualiz\u00e1cia: 01-04-2024<\/p>\n<p>Tieto z\u00e1sady ochrany osobn\u00fdch \u00fadajov spolo\u010dnosti Mantra Ayurveda Wellness s.r.o. (\u201en\u00e1s\u201c, \u201emy\u201c alebo \u201en\u00e1\u0161\u201c) popisuje, ako a pre\u010do m\u00f4\u017eeme zhroma\u017e\u010fova\u0165, uchov\u00e1va\u0165, pou\u017e\u00edva\u0165 a\/alebo zdie\u013ea\u0165 (\u201espracov\u00e1va\u0165\u201c) va\u0161e inform\u00e1cie, ke\u010f pou\u017e\u00edvate na\u0161e slu\u017eby (\u201eslu\u017eby\u201c), ako napr. ke\u010f ty:<\/p>\n<p>&#8211; Nav\u0161t\u00edvte na\u0161u webov\u00fa str\u00e1nku na adrese [www .mantraayurveda.sk], alebo ak\u00fako\u013evek na\u0161u webov\u00fa str\u00e1nku, ktor\u00e1 odkazuje na tieto z\u00e1sady ochrany osobn\u00fdch \u00fadajov.<\/p>\n<p>&#8211; Spojte sa s nami in\u00fdmi s\u00favisiacimi sp\u00f4sobmi vr\u00e1tane predaja, marketingu alebo podujat\u00ed.<\/p>\n<p><strong> Ak\u00e9 inform\u00e1cie zhroma\u017e\u010fujeme?<\/strong><\/p>\n<p>Osobn\u00e9 \u00fadaje, ktor\u00e9 n\u00e1m poskytnete:<\/p>\n<p>Zhroma\u017e\u010fujeme osobn\u00e9 \u00fadaje, ktor\u00e9 n\u00e1m poskytnete. To m\u00f4\u017ee zah\u0155\u0148a\u0165 va\u0161e:<\/p>\n<p>&#8211; meno a kontaktn\u00e9 \u00fadaje (e-mail, telef\u00f3nne \u010d\u00edslo, adresa)<\/p>\n<p>&#8211; Zdravotn\u00e9 inform\u00e1cie na konzult\u00e1cie a o\u0161etrenie<\/p>\n<p>&#8211; Inform\u00e1cie o platbe za poskytnut\u00e9 slu\u017eby<\/p>\n<p><strong>Automaticky zbieran\u00e9 inform\u00e1cie:<\/strong><\/p>\n<p>Automaticky zhroma\u017e\u010fujeme ur\u010dit\u00e9 inform\u00e1cie, ke\u010f nav\u0161t\u00edvite, pou\u017e\u00edvate alebo navigujete Slu\u017eby. To m\u00f4\u017ee zah\u0155\u0148a\u0165:<\/p>\n<p>&#8211; Log a \u00fadaje o pou\u017e\u00edvan\u00ed (IP adresa, typ prehliada\u010da, zobrazen\u00e9 str\u00e1nky at\u010f.)<\/p>\n<p>&#8211; \u00dadaje o zariaden\u00ed (typ, opera\u010dn\u00fd syst\u00e9m)<\/p>\n<p>&#8211; \u00dadaje o polohe (na z\u00e1klade adresy IP)<\/p>\n<p><strong>Ako spracov\u00e1vame va\u0161e inform\u00e1cie?<\/strong><\/p>\n<p>Va\u0161e \u00fadaje spracov\u00e1vame na:<\/p>\n<p>&#8211; Poskytova\u0165, zlep\u0161ova\u0165 a spravova\u0165 na\u0161e Slu\u017eby<\/p>\n<p>&#8211; Odpovedzte na ot\u00e1zky a pon\u00faknite podporu<\/p>\n<p>&#8211; Plni\u0165 a spravova\u0165 objedn\u00e1vky a sch\u00f4dzky<\/p>\n<p>&#8211; Posiela\u0165 marketingov\u00e9 a propaga\u010dn\u00e9 ozn\u00e1menia s va\u0161\u00edm s\u00fahlasom<\/p>\n<p>Zdie\u013eanie va\u0161ich osobn\u00fdch \u00fadajov<\/p>\n<p>Va\u0161e inform\u00e1cie m\u00f4\u017eeme zdie\u013ea\u0165 s poskytovate\u013emi slu\u017eieb tret\u00edch str\u00e1n, ktor\u00ed pre n\u00e1s vykon\u00e1vaj\u00fa slu\u017eby (napr. spracovanie platieb, anal\u00fdza \u00fadajov). Zabezpe\u010dujeme, aby tieto tretie strany dodr\u017eiavali pr\u00edsne ustanovenia o ochrane \u00fadajov a d\u00f4vernosti v s\u00falade s GDPR.<\/p>\n<p>Va\u0161e pr\u00e1va na ochranu \u00fadajov pod\u013ea GDPR<\/p>\n<p><strong>Pod\u013ea GDPR m\u00e1te pr\u00e1vo:<\/strong><\/p>\n<p>&#8211; Pr\u00edstup, oprava, aktualiz\u00e1cia alebo \u017eiados\u0165 o vymazanie va\u0161ich osobn\u00fdch \u00fadajov.<\/p>\n<p>&#8211; Namieta\u0165 proti sprac\u00favaniu Va\u0161ich osobn\u00fdch \u00fadajov, po\u017eiada\u0165 n\u00e1s o obmedzenie sprac\u00favania alebo po\u017eadova\u0165 prenosnos\u0165.<\/p>\n<p>&#8211; Kedyko\u013evek odvola\u0165 s\u00fahlas, ak sme zhroma\u017e\u010fovali a spracov\u00e1vali va\u0161e osobn\u00e9 \u00fadaje s va\u0161\u00edm s\u00fahlasom.<\/p>\n<p>Bezpe\u010dnos\u0165 \u00fadajov<\/p>\n<p>Zav\u00e1dzame vhodn\u00e9 bezpe\u010dnostn\u00e9 opatrenia na ochranu pred neopr\u00e1vnen\u00fdm pr\u00edstupom, zmenou, zverejnen\u00edm alebo zni\u010den\u00edm va\u0161ich osobn\u00fdch \u00fadajov.<\/p>\n<p>Medzin\u00e1rodn\u00e9 prenosy \u00fadajov<\/p>\n<p>Va\u0161e inform\u00e1cie m\u00f4\u017eu by\u0165 prenesen\u00e9 \u2013 a udr\u017eiavan\u00e9 na \u2013 po\u010d\u00edta\u010doch umiestnen\u00fdch mimo v\u00e1\u0161ho \u0161t\u00e1tu, provincie, krajiny alebo inej vl\u00e1dnej jurisdikcie, kde sa z\u00e1kony na ochranu \u00fadajov m\u00f4\u017eu l\u00ed\u0161i\u0165 od z\u00e1konov va\u0161ej jurisdikcie.<\/p>\n<p>Zmeny t\u00fdchto z\u00e1sad ochrany osobn\u00fdch \u00fadajov<\/p>\n<p>Na\u0161e Z\u00e1sady ochrany osobn\u00fdch \u00fadajov m\u00f4\u017eeme z \u010dasu na \u010das aktualizova\u0165. O ak\u00fdchko\u013evek zmen\u00e1ch v\u00e1s budeme informova\u0165 zverejnen\u00edm nov\u00fdch Z\u00e1sad ochrany osobn\u00fdch \u00fadajov na tejto str\u00e1nke.<\/p>\n<p>Kontaktuj n\u00e1s<\/p>\n<p>Ak m\u00e1te ak\u00e9ko\u013evek ot\u00e1zky t\u00fdkaj\u00face sa t\u00fdchto Z\u00e1sad ochrany osobn\u00fdch \u00fadajov, m\u00f4\u017eete n\u00e1s kontaktova\u0165 na adrese:<\/p>\n<p>&#8211; Email: info@mantraayurveda.sk<\/p>\n<p>&#8211; Phone: 0950 731 060<\/p>\n<p>&#8211; Address: \u010calovsk\u00e1 874\/5, 930 28 Oko\u010d<\/p>\n\t\t\t\t\t\t<\/div>\n\t\t\t\t<\/div>\n\t\t\t\t\t<\/div>\n\t\t\t\t<\/div>\n\t\t<div class=\"elementor-element elementor-element-d236112 e-flex e-con-boxed wpr-particle-no wpr-jarallax-no wpr-parallax-no wpr-sticky-section-no e-con e-parent\" data-id=\"d236112\" data-element_type=\"container\">\n\t\t\t\t\t<div class=\"e-con-inner\">\n\t\t\t\t<div class=\"elementor-element elementor-element-4a1e81d exad-sticky-section-no exad-glass-effect-no elementor-widget elementor-widget-text-editor\" data-id=\"4a1e81d\" data-element_type=\"widget\" data-widget_type=\"text-editor.default\">\n\t\t\t\t<div class=\"elementor-widget-container\">\n\t\t\t\t\t\t\t<p>Na spr\u00e1vu s\u00faborov cookie a podobn\u00fdch pou\u017e\u00edvan\u00fdch technol\u00f3gi\u00ed (sledovacie pixely, webov\u00e9 maj\u00e1ky at\u010f.) a s\u00favisiacich s\u00fahlasov pou\u017e\u00edvame n\u00e1stroj na z\u00edskanie s\u00fahlasu \u201eReal Cookie Banner\u201c. Podrobnosti o tom, ako funguje \u201eReal Cookie Banner\u201c n\u00e1jdete na<a href=\"https:\/\/devowl.io\/rcb\/data-processing\/\">https:\/\/devowl.io\/rcb\/data-processing\/<\/a> , <a href=\"https:\/\/devowl.io\/rcb\/data-processing\/\">https:\/\/devowl.io\/rcb\/data-processing\/<\/a><br \/>Pr\u00e1vnym z\u00e1kladom sprac\u00favania osobn\u00fdch \u00fadajov v tejto s\u00favislosti s\u00fa \u010dl. 6 ods. 1 p\u00edsm. c GDPR a \u010dl. 6 ods. 1 p\u00edsm. f GDPR. Na\u0161\u00edm opr\u00e1vnen\u00fdm z\u00e1ujmom je spr\u00e1va cookies a podobn\u00fdch pou\u017e\u00edvan\u00fdch technol\u00f3gi\u00ed a s t\u00fdm s\u00favisiace s\u00fahlasy.<\/p>\n<p>Poskytnutie osobn\u00fdch \u00fadajov nie je zmluvne povinn\u00e9 a ani potrebn\u00e9 na uzavretie zmluvy. Osobn\u00e9 \u00fadaje nie ste povinn\u00fd poskytn\u00fa\u0165. Ak n\u00e1m osobn\u00e9 \u00fadaje neposkytnete, nebudeme m\u00f4c\u0165 spravova\u0165 va\u0161e s\u00fahlasy.<\/p>\n\t\t\t\t\t\t<\/div>\n\t\t\t\t<\/div>\n\t\t\t\t\t<\/div>\n\t\t\t\t<\/div>\n\t\t\t\t<\/div>\n\t\t","protected":false},"excerpt":{"rendered":"<p>Z\u00e1sady ochrany osobn\u00fdch \u00fadajov a vyhl\u00e1senie o s\u00falade s gdpr pre Mantra Ayurveda Wellness s.r.o. Posledn\u00e1 aktualiz\u00e1cia: 01-04-2024 Tieto z\u00e1sady ochrany osobn\u00fdch \u00fadajov spolo\u010dnosti Mantra Ayurveda Wellness s.r.o. (\u201en\u00e1s\u201c, \u201emy\u201c alebo \u201en\u00e1\u0161\u201c) popisuje, ako a pre\u010do m\u00f4\u017eeme zhroma\u017e\u010fova\u0165, uchov\u00e1va\u0165, pou\u017e\u00edva\u0165 a\/alebo zdie\u013ea\u0165 (\u201espracov\u00e1va\u0165\u201c) va\u0161e inform\u00e1cie, ke\u010f pou\u017e\u00edvate na\u0161e slu\u017eby (\u201eslu\u017eby\u201c), ako napr. ke\u010f ty: &#8211; Nav\u0161t\u00edvte na\u0161u webov\u00fa str\u00e1nku na adrese [www .mantraayurveda.sk], alebo ak\u00fako\u013evek na\u0161u webov\u00fa str\u00e1nku, ktor\u00e1 odkazuje na tieto z\u00e1sady ochrany osobn\u00fdch \u00fadajov. &#8211; Spojte sa s nami in\u00fdmi s\u00favisiacimi sp\u00f4sobmi vr\u00e1tane predaja, marketingu alebo podujat\u00ed. Ak\u00e9 inform\u00e1cie zhroma\u017e\u010fujeme? Osobn\u00e9 \u00fadaje, ktor\u00e9 n\u00e1m poskytnete: Zhroma\u017e\u010fujeme osobn\u00e9 \u00fadaje, ktor\u00e9 n\u00e1m poskytnete. To m\u00f4\u017ee zah\u0155\u0148a\u0165 va\u0161e: &#8211; meno a kontaktn\u00e9 \u00fadaje (e-mail, telef\u00f3nne \u010d\u00edslo, adresa) &#8211; Zdravotn\u00e9 inform\u00e1cie na konzult\u00e1cie a o\u0161etrenie &#8211; Inform\u00e1cie o platbe za poskytnut\u00e9 slu\u017eby Automaticky zbieran\u00e9 inform\u00e1cie: Automaticky zhroma\u017e\u010fujeme ur\u010dit\u00e9 inform\u00e1cie, ke\u010f nav\u0161t\u00edvite, pou\u017e\u00edvate alebo navigujete Slu\u017eby. To m\u00f4\u017ee zah\u0155\u0148a\u0165: &#8211; Log a \u00fadaje o pou\u017e\u00edvan\u00ed (IP adresa, typ prehliada\u010da, zobrazen\u00e9 str\u00e1nky at\u010f.) &#8211; \u00dadaje o zariaden\u00ed (typ, opera\u010dn\u00fd syst\u00e9m) &#8211; \u00dadaje o polohe (na z\u00e1klade adresy IP) Ako spracov\u00e1vame va\u0161e inform\u00e1cie? Va\u0161e \u00fadaje spracov\u00e1vame na: &#8211; Poskytova\u0165, zlep\u0161ova\u0165 a spravova\u0165 na\u0161e Slu\u017eby &#8211; Odpovedzte na ot\u00e1zky a pon\u00faknite podporu &#8211; Plni\u0165 a spravova\u0165 objedn\u00e1vky a sch\u00f4dzky &#8211; Posiela\u0165 marketingov\u00e9 a propaga\u010dn\u00e9 ozn\u00e1menia s va\u0161\u00edm s\u00fahlasom Zdie\u013eanie va\u0161ich osobn\u00fdch \u00fadajov Va\u0161e inform\u00e1cie m\u00f4\u017eeme zdie\u013ea\u0165 s poskytovate\u013emi slu\u017eieb tret\u00edch str\u00e1n, ktor\u00ed pre n\u00e1s vykon\u00e1vaj\u00fa slu\u017eby (napr. spracovanie platieb, anal\u00fdza \u00fadajov). Zabezpe\u010dujeme, aby tieto tretie strany dodr\u017eiavali pr\u00edsne ustanovenia o ochrane \u00fadajov a d\u00f4vernosti v s\u00falade s GDPR. Va\u0161e pr\u00e1va na ochranu \u00fadajov pod\u013ea GDPR Pod\u013ea GDPR m\u00e1te pr\u00e1vo: &#8211; Pr\u00edstup, oprava, aktualiz\u00e1cia alebo \u017eiados\u0165 o vymazanie va\u0161ich osobn\u00fdch \u00fadajov. &#8211; Namieta\u0165 proti sprac\u00favaniu Va\u0161ich osobn\u00fdch \u00fadajov, po\u017eiada\u0165 n\u00e1s o obmedzenie sprac\u00favania alebo po\u017eadova\u0165 prenosnos\u0165. &#8211; Kedyko\u013evek odvola\u0165 s\u00fahlas, ak sme zhroma\u017e\u010fovali a spracov\u00e1vali va\u0161e osobn\u00e9 \u00fadaje s va\u0161\u00edm s\u00fahlasom. Bezpe\u010dnos\u0165 \u00fadajov Zav\u00e1dzame vhodn\u00e9 bezpe\u010dnostn\u00e9 opatrenia na ochranu pred neopr\u00e1vnen\u00fdm pr\u00edstupom, zmenou, zverejnen\u00edm alebo zni\u010den\u00edm va\u0161ich osobn\u00fdch \u00fadajov. Medzin\u00e1rodn\u00e9 prenosy \u00fadajov Va\u0161e inform\u00e1cie m\u00f4\u017eu by\u0165 prenesen\u00e9 \u2013 a udr\u017eiavan\u00e9 na \u2013 po\u010d\u00edta\u010doch umiestnen\u00fdch mimo v\u00e1\u0161ho \u0161t\u00e1tu, provincie, krajiny alebo inej vl\u00e1dnej jurisdikcie, kde sa z\u00e1kony na ochranu \u00fadajov m\u00f4\u017eu l\u00ed\u0161i\u0165 od z\u00e1konov va\u0161ej jurisdikcie. Zmeny t\u00fdchto z\u00e1sad ochrany osobn\u00fdch \u00fadajov Na\u0161e Z\u00e1sady ochrany osobn\u00fdch \u00fadajov m\u00f4\u017eeme z \u010dasu na \u010das aktualizova\u0165. O ak\u00fdchko\u013evek zmen\u00e1ch v\u00e1s budeme informova\u0165 zverejnen\u00edm nov\u00fdch Z\u00e1sad ochrany osobn\u00fdch \u00fadajov na tejto str\u00e1nke. Kontaktuj n\u00e1s Ak m\u00e1te ak\u00e9ko\u013evek ot\u00e1zky t\u00fdkaj\u00face sa t\u00fdchto Z\u00e1sad ochrany osobn\u00fdch \u00fadajov, m\u00f4\u017eete n\u00e1s kontaktova\u0165 na adrese: &#8211; Email: info@mantraayurveda.sk &#8211; Phone: 0950 731 060 &#8211; Address: \u010calovsk\u00e1 874\/5, 930 28 Oko\u010d Na spr\u00e1vu s\u00faborov cookie a podobn\u00fdch pou\u017e\u00edvan\u00fdch technol\u00f3gi\u00ed (sledovacie pixely, webov\u00e9 maj\u00e1ky at\u010f.) a s\u00favisiacich s\u00fahlasov pou\u017e\u00edvame n\u00e1stroj na z\u00edskanie s\u00fahlasu \u201eReal Cookie Banner\u201c. Podrobnosti o tom, ako funguje \u201eReal Cookie Banner\u201c n\u00e1jdete nahttps:\/\/devowl.io\/rcb\/data-processing\/ , https:\/\/devowl.io\/rcb\/data-processing\/Pr\u00e1vnym z\u00e1kladom sprac\u00favania osobn\u00fdch \u00fadajov v tejto s\u00favislosti s\u00fa \u010dl. 6 ods. 1 p\u00edsm. c GDPR a \u010dl. 6 ods. 1 p\u00edsm. f GDPR. Na\u0161\u00edm opr\u00e1vnen\u00fdm z\u00e1ujmom je spr\u00e1va cookies a podobn\u00fdch pou\u017e\u00edvan\u00fdch technol\u00f3gi\u00ed a s t\u00fdm s\u00favisiace s\u00fahlasy. Poskytnutie osobn\u00fdch \u00fadajov nie je zmluvne povinn\u00e9 a ani potrebn\u00e9 na uzavretie zmluvy. Osobn\u00e9 \u00fadaje nie ste povinn\u00fd poskytn\u00fa\u0165. Ak n\u00e1m osobn\u00e9 \u00fadaje neposkytnete, nebudeme m\u00f4c\u0165 spravova\u0165 va\u0161e s\u00fahlasy.<\/p>\n","protected":false},"author":1,"featured_media":0,"parent":0,"menu_order":0,"comment_status":"closed","ping_status":"closed","template":"elementor_header_footer","meta":{"footnotes":""},"class_list":["post-7919","page","type-page","status-publish","hentry"],"_links":{"self":[{"href":"https:\/\/mantraayurveda.sk\/sk\/wp-json\/wp\/v2\/pages\/7919","targetHints":{"allow":["GET"]}}],"collection":[{"href":"https:\/\/mantraayurveda.sk\/sk\/wp-json\/wp\/v2\/pages"}],"about":[{"href":"https:\/\/mantraayurveda.sk\/sk\/wp-json\/wp\/v2\/types\/page"}],"author":[{"embeddable":true,"href":"https:\/\/mantraayurveda.sk\/sk\/wp-json\/wp\/v2\/users\/1"}],"replies":[{"embeddable":true,"href":"https:\/\/mantraayurveda.sk\/sk\/wp-json\/wp\/v2\/comments?post=7919"}],"version-history":[{"count":0,"href":"https:\/\/mantraayurveda.sk\/sk\/wp-json\/wp\/v2\/pages\/7919\/revisions"}],"wp:attachment":[{"href":"https:\/\/mantraayurveda.sk\/sk\/wp-json\/wp\/v2\/media?parent=7919"}],"curies":[{"name":"wp","href":"https:\/\/api.w.org\/{rel}","templated":true}]}}