{"id":7924,"date":"2024-04-21T12:58:06","date_gmt":"2024-04-21T12:58:06","guid":{"rendered":"https:\/\/mantraayurveda.sk\/podmienky\/"},"modified":"2024-05-19T09:15:08","modified_gmt":"2024-05-19T09:15:08","slug":"podmienky","status":"publish","type":"page","link":"https:\/\/mantraayurveda.sk\/sk\/podmienky\/","title":{"rendered":"Podmienky"},"content":{"rendered":"\t\t<div data-elementor-type=\"wp-page\" data-elementor-id=\"7924\" class=\"elementor elementor-7924 elementor-7467\">\n\t\t\t\t<div class=\"elementor-element elementor-element-2f2a2a9c e-flex e-con-boxed wpr-particle-no wpr-jarallax-no wpr-parallax-no wpr-sticky-section-no e-con e-parent\" data-id=\"2f2a2a9c\" data-element_type=\"container\">\n\t\t\t\t\t<div class=\"e-con-inner\">\n\t\t\t\t<div class=\"elementor-element elementor-element-79636f68 exad-sticky-section-no exad-glass-effect-no elementor-widget elementor-widget-text-editor\" data-id=\"79636f68\" data-element_type=\"widget\" data-widget_type=\"text-editor.default\">\n\t\t\t\t<div class=\"elementor-widget-container\">\n\t\t\t\t\t\t\t<p>Formul\u00e1r s\u00fahlasu klienta<\/p>\n<p>MANTRA AYURV\u00c9DA WELLNESS<\/p>\n<p>Adresa<\/p>\n<p>Pozn\u00e1mka: Tieto formul\u00e1re s\u00fa d\u00f4vern\u00e9 a inform\u00e1cie, ktor\u00e9 poskytnete, bud\u00fa pou\u017eit\u00e9 len na \u00fa\u010dely terapie alebo konzult\u00e1cie. <\/p>\n<p>Pre\u010d\u00edtajte si pros\u00edm ni\u017e\u0161ie uveden\u00e9 zmluvn\u00e9 podmienky a potom vypl\u0148te formul\u00e1r \u010do najpodrobnej\u0161ie, aby sme v\u00e1m mohli poskytn\u00fa\u0165 vhodn\u00fa radu\/terapiu.<\/p>\n<p>V\u0160EOBECN\u00c9 PODMIENKY SLU\u017dBY:<\/p>\n<ul>\n<li>Poplatky: Poplatky za slu\u017eby bud\u00fa dohodnut\u00e9 pred konzult\u00e1ciou alebo o\u0161etren\u00edm.<\/li>\n<li>Neskor\u00e9 pr\u00edchody poved\u00fa k skr\u00e1teniu \u010dasu konzult\u00e1cie alebo o\u0161etrenia.<\/li>\n<li>Ak by ste chceli rezerv\u00e1ciu zmeni\u0165 alebo zru\u0161i\u0165, ozn\u00e1mte to aspo\u0148 24 hod\u00edn vopred.<\/li>\n<li>V pr\u00edpade nedostavenia sa na v\u00e1\u0161 term\u00edn bude \u00fa\u010dtovan\u00fd storno poplatok a\u017e do v\u00fd\u0161ky 100 %.<\/li>\n<li>Zmena term\u00ednu o\u0161etrenia bude z\u00e1visie\u0165 od dostupnosti a pod\u013ea vlastn\u00e9ho uv\u00e1\u017eenia centra.<\/li>\n<\/ul>\n<p><b>Po\u017eadovan\u00e9 slu\u017eby: D\u00e1tum:<\/b><\/p>\n<table width=\"608\">\n<tbody>\n<tr>\n<td width=\"608\"> <\/td>\n<\/tr>\n<\/tbody>\n<\/table>\n<p><strong>\u0160PECI\u00c1LNE PODMIENKY SLU\u017dBY: Pred poskytnut\u00edm slu\u017eby ste povinn\u00ed vyplni\u0165 prilo\u017een\u00fd formul\u00e1r zdravotnej hist\u00f3rie. Podporujeme ak\u00fako\u013evek sp\u00e4tn\u00fa v\u00e4zbu po\u010das lie\u010dby alebo konzult\u00e1cie, ktor\u00e1 sa konkr\u00e9tne t\u00fdka nov\u00fdch inform\u00e1ci\u00ed, spokojnosti alebo vhodnosti rady, bolesti alebo nepohodlia<\/strong><\/p>\n<p><strong><u>Z\u00e1sady ochrany osobn\u00fdch \u00fadajov<\/u><\/strong><\/p>\n<p>V\u0161etky inform\u00e1cie zdie\u013ean\u00e9 po\u010das va\u0161ej rel\u00e1cie bud\u00fa uchov\u00e1van\u00e9 v najpr\u00edsnej\u0161ej d\u00f4vernosti. V\u0161etky inform\u00e1cie, o ktor\u00fdch sa diskutuje, nebud\u00fa poskytnut\u00e9 tretej strane, pokia\u013e si to nebude vy\u017eadova\u0165 s\u00fadne konanie. Za ur\u010dit\u00fdch okolnost\u00ed v\u00e1s Mantra Ayurveda Wellness m\u00f4\u017ee po\u017eiada\u0165 o povolenie kontaktova\u0165 v\u00e1\u0161ho prim\u00e1rneho lek\u00e1ra alebo in\u00e9ho poskytovate\u013ea zdravotnej starostlivosti v s\u00favislosti s pr\u00edslu\u0161n\u00fdm zdravotn\u00fdm stavom, aby v\u00e1m poskytol t\u00fa najvhodnej\u0161iu \u00farove\u0148 starostlivosti.<\/p>\n<p><strong>Formul\u00e1r zdravotnej hist\u00f3rie<\/strong><\/p>\n<p><strong>Wellness centrum Mantra Ayurveda<\/strong> podporuje zdravie a pohodu. Existuje ve\u013ea v\u00fdhod, ktor\u00e9 z\u00edskate z tohto typu tradi\u010dnej lie\u010dby. Radi by sme v\u00e1s v\u0161ak informovali, \u017ee tieto lie\u010dby si nen\u00e1rokuj\u00fa \u017eiadnu terapeutick\u00fa istotu. S t\u00fdmto typom lie\u010dby s\u00fa spojen\u00e9 rizik\u00e1, najm\u00e4 ak m\u00e1te ak\u00e9ko\u013evek existuj\u00face alebo u\u017e existuj\u00face zdravotn\u00e9 \u0165a\u017ekosti a ot\u00e1zky t\u00fdkaj\u00face sa tak\u00fdchto inform\u00e1ci\u00ed odpor\u00fa\u010dame a n\u00e1\u0161 person\u00e1l v\u00e1m r\u00e1d pom\u00f4\u017ee.<\/p>\n<p>M\u00e1te nejak\u00e9 existuj\u00face zdravotn\u00e9 \u0165a\u017ekosti<\/p>\n<table width=\"611\">\n<tbody>\n<tr>\n<td width=\"306\">\n<p>o Alergie &#8211; (ak \u00e1no, uve\u010fte)<\/p>\n<p>o Ko\u017en\u00e9 ochorenia<\/p>\n<p>o Tehotenstvo<\/p>\n<p>cukrovka<\/p>\n<p>o Ochorenie srdca<\/p>\n<p>o Slab\u00e1 cirkul\u00e1cia<\/p>\n<p>o Ochorenie d\u00fdchac\u00edch ciest<\/p>\n<p>o HIV+\/AIDS<\/p>\n<\/p>\n<\/td>\n<td width=\"306\">\n<p>o Rakovina<\/p>\n<p>o Vysok\u00fd krvn\u00fd tlak<\/p>\n<p>o Porucha pr\u00edjmu potravy<\/p>\n<p>o U\u017e existuj\u00faci probl\u00e9m du\u0161evn\u00e9ho zdravia<\/p>\n<p>o Ak\u00e9ko\u013evek n\u00e1kazliv\u00e9 alebo v\u00edrusov\u00e9 stavy \u2013 \u0161pecifikujte<\/p>\n<p>o Ak\u00fdko\u013evek in\u00fd relevantn\u00fd zdravotn\u00fd stav \u2013 \u0161pecifikujte<\/p>\n<\/p>\n<\/td>\n<\/tr>\n<\/tbody>\n<\/table>\n<ul>\n<li>\u017diadne \u2013 nem\u00e1m \u017eiadne predch\u00e1dzaj\u00face podmienky na vyhl\u00e1senie<\/li>\n<\/ul>\n<ul>\n<li>Autorizoval som toto wellness centrum na vykonanie o\u0161etrenia alebo proced\u00fary, ktor\u00fa som si vybral.<\/li>\n<li>Pri podpise tohto s\u00fahlasu som potvrdil, \u017ee som plnolet\u00fd a nie som pod vplyvom.<\/li>\n<li>Povo\u013eujem pou\u017e\u00edvanie ple\u0165ovej vody, oleja a mast\u00ed alebo ak\u00fdchko\u013evek in\u00fdch rastlinn\u00fdch\/pr\u00edrodn\u00fdch pr\u00edpravkov na moje telo.<\/li>\n<li>Beriem na vedomie, \u017ee t\u00e1to terapia nem\u00e1 \u017eiadny sexu\u00e1lny z\u00e1mer a dot\u00fdka\u0165 sa terapeuta je pr\u00edsne zak\u00e1zan\u00e9.<\/li>\n<li>Prep\u00fa\u0161\u0165am toto wellness centrum pre ak\u00fako\u013evek zodpovednos\u0165 v pr\u00edpade nehody, choroby alebo \u00farazu.<\/li>\n<li>S\u00fahlas\u00edm, \u017ee v\u0161etky inform\u00e1cie uveden\u00e9 ni\u017e\u0161ie alebo z in\u00e9ho formul\u00e1ra s\u00fa presn\u00e9 a pravdiv\u00e9.<\/li>\n<li>Potvrdil som, \u017ee nem\u00e1m \u017eiadne existuj\u00face zdravotn\u00e9 \u0165a\u017ekosti, ktor\u00e9 by mohli ovplyvni\u0165 k\u00fape\u013en\u00fa lie\u010dbu.<\/li>\n<li>Potvrdil som, \u017ee som si pre\u010d\u00edtal vy\u0161\u0161ie uveden\u00e9 vyhl\u00e1senia a person\u00e1l mi vysvetlil postupy.<\/li>\n<li>T\u00fdmto potvrdzujem, \u017ee v\u0161etky mnou uveden\u00e9 \u00fadaje s\u00fa pravdiv\u00e9 a presn\u00e9.<\/li>\n<li>Som spokojn\u00fd s podmienkami slu\u017eby, ktor\u00e9 mi boli nazna\u010den\u00e9, a oslobodzujem svojho konzultanta\/terapeuta od akejko\u013evek zodpovednosti alebo n\u00e1rokov akejko\u013evek povahy, ktor\u00e9 vypl\u00fdvaj\u00fa z tejto lie\u010dby\/konzult\u00e1cie alebo z toho, \u017ee som nevyu\u017eil lek\u00e1rske prostriedky na ak\u00e9ko\u013evek fyzick\u00e9 ochorenia, ktor\u00e9 by som mohol ma\u0165. a uzn\u00e1vam, \u017ee ma m\u00f4j terapeut od tak\u00fdchto predp\u00edsan\u00fdch liekov neodhov\u00e1ral.<\/li>\n<li>Ch\u00e1pem, \u017ee m\u00f4\u017eem slobodne h\u013eada\u0165 in\u00fa pomoc z ak\u00fdchko\u013evek zdrojov, ktor\u00e9 si \u017eel\u00e1m.<\/li>\n<\/ul>\n<p>Svoj\u00edm podpisom ni\u017e\u0161ie potvrdzujete, \u017ee ste si pre\u010d\u00edtali vy\u0161\u0161ie uveden\u00e9 a rozumiete zmluvn\u00fdm podmienkam, povahe a obmedzeniam d\u00f4vernosti a tomu, \u010do sa od v\u00e1s ako klienta o\u010dak\u00e1va.<\/p>\n<table width=\"594\">\n<tbody>\n<tr>\n<td width=\"297\">\n<p>Krstn\u00e9 meno<\/p>\n<\/td>\n<td width=\"297\">\n<p>Priezvisko<\/p>\n<\/td>\n<\/tr>\n<tr>\n<td width=\"297\">\n<p>D\u00e1tum narodenia<\/p>\n<\/td>\n<td width=\"297\">\n<p>Telef\u00f3n<\/p>\n<\/td>\n<\/tr>\n<tr>\n<td width=\"297\">\n<p>Adresa<\/p>\n<\/td>\n<td width=\"297\">\n<p>E-mail<\/p>\n<\/td>\n<\/tr>\n<tr>\n<td width=\"297\">\n<p>N\u00fadzov\u00e9 kontaktn\u00e9 meno<\/p>\n<\/td>\n<td width=\"297\">\n<p>N\u00fadzov\u00fd kontakt \u010d.<\/p>\n<\/td>\n<\/tr>\n<tr>\n<td width=\"297\">\n<p>D\u00e1tum<\/p>\n<\/td>\n<td width=\"297\">\n<p>Podpis<\/p>\n<\/td>\n<\/tr>\n<\/tbody>\n<\/table>\n\t\t\t\t\t\t<\/div>\n\t\t\t\t<\/div>\n\t\t\t\t\t<\/div>\n\t\t\t\t<\/div>\n\t\t\t\t<\/div>\n\t\t","protected":false},"excerpt":{"rendered":"<p>Formul\u00e1r s\u00fahlasu klienta MANTRA AYURV\u00c9DA WELLNESS Adresa Pozn\u00e1mka: Tieto formul\u00e1re s\u00fa d\u00f4vern\u00e9 a inform\u00e1cie, ktor\u00e9 poskytnete, bud\u00fa pou\u017eit\u00e9 len na \u00fa\u010dely terapie alebo konzult\u00e1cie. Pre\u010d\u00edtajte si pros\u00edm ni\u017e\u0161ie uveden\u00e9 zmluvn\u00e9 podmienky a potom vypl\u0148te formul\u00e1r \u010do najpodrobnej\u0161ie, aby sme v\u00e1m mohli poskytn\u00fa\u0165 vhodn\u00fa radu\/terapiu. V\u0160EOBECN\u00c9 PODMIENKY SLU\u017dBY: Poplatky: Poplatky za slu\u017eby bud\u00fa dohodnut\u00e9 pred konzult\u00e1ciou alebo o\u0161etren\u00edm. Neskor\u00e9 pr\u00edchody poved\u00fa k skr\u00e1teniu \u010dasu konzult\u00e1cie alebo o\u0161etrenia. Ak by ste chceli rezerv\u00e1ciu zmeni\u0165 alebo zru\u0161i\u0165, ozn\u00e1mte to aspo\u0148 24 hod\u00edn vopred. V pr\u00edpade nedostavenia sa na v\u00e1\u0161 term\u00edn bude \u00fa\u010dtovan\u00fd storno poplatok a\u017e do v\u00fd\u0161ky 100 %. Zmena term\u00ednu o\u0161etrenia bude z\u00e1visie\u0165 od dostupnosti a pod\u013ea vlastn\u00e9ho uv\u00e1\u017eenia centra. Po\u017eadovan\u00e9 slu\u017eby: D\u00e1tum: \u0160PECI\u00c1LNE PODMIENKY SLU\u017dBY: Pred poskytnut\u00edm slu\u017eby ste povinn\u00ed vyplni\u0165 prilo\u017een\u00fd formul\u00e1r zdravotnej hist\u00f3rie. Podporujeme ak\u00fako\u013evek sp\u00e4tn\u00fa v\u00e4zbu po\u010das lie\u010dby alebo konzult\u00e1cie, ktor\u00e1 sa konkr\u00e9tne t\u00fdka nov\u00fdch inform\u00e1ci\u00ed, spokojnosti alebo vhodnosti rady, bolesti alebo nepohodlia Z\u00e1sady ochrany osobn\u00fdch \u00fadajov V\u0161etky inform\u00e1cie zdie\u013ean\u00e9 po\u010das va\u0161ej rel\u00e1cie bud\u00fa uchov\u00e1van\u00e9 v najpr\u00edsnej\u0161ej d\u00f4vernosti. V\u0161etky inform\u00e1cie, o ktor\u00fdch sa diskutuje, nebud\u00fa poskytnut\u00e9 tretej strane, pokia\u013e si to nebude vy\u017eadova\u0165 s\u00fadne konanie. Za ur\u010dit\u00fdch okolnost\u00ed v\u00e1s Mantra Ayurveda Wellness m\u00f4\u017ee po\u017eiada\u0165 o povolenie kontaktova\u0165 v\u00e1\u0161ho prim\u00e1rneho lek\u00e1ra alebo in\u00e9ho poskytovate\u013ea zdravotnej starostlivosti v s\u00favislosti s pr\u00edslu\u0161n\u00fdm zdravotn\u00fdm stavom, aby v\u00e1m poskytol t\u00fa najvhodnej\u0161iu \u00farove\u0148 starostlivosti. Formul\u00e1r zdravotnej hist\u00f3rie Wellness centrum Mantra Ayurveda podporuje zdravie a pohodu. Existuje ve\u013ea v\u00fdhod, ktor\u00e9 z\u00edskate z tohto typu tradi\u010dnej lie\u010dby. Radi by sme v\u00e1s v\u0161ak informovali, \u017ee tieto lie\u010dby si nen\u00e1rokuj\u00fa \u017eiadnu terapeutick\u00fa istotu. S t\u00fdmto typom lie\u010dby s\u00fa spojen\u00e9 rizik\u00e1, najm\u00e4 ak m\u00e1te ak\u00e9ko\u013evek existuj\u00face alebo u\u017e existuj\u00face zdravotn\u00e9 \u0165a\u017ekosti a ot\u00e1zky t\u00fdkaj\u00face sa tak\u00fdchto inform\u00e1ci\u00ed odpor\u00fa\u010dame a n\u00e1\u0161 person\u00e1l v\u00e1m r\u00e1d pom\u00f4\u017ee. M\u00e1te nejak\u00e9 existuj\u00face zdravotn\u00e9 \u0165a\u017ekosti o Alergie &#8211; (ak \u00e1no, uve\u010fte) o Ko\u017en\u00e9 ochorenia o Tehotenstvo cukrovka o Ochorenie srdca o Slab\u00e1 cirkul\u00e1cia o Ochorenie d\u00fdchac\u00edch ciest o HIV+\/AIDS o Rakovina o Vysok\u00fd krvn\u00fd tlak o Porucha pr\u00edjmu potravy o U\u017e existuj\u00faci probl\u00e9m du\u0161evn\u00e9ho zdravia o Ak\u00e9ko\u013evek n\u00e1kazliv\u00e9 alebo v\u00edrusov\u00e9 stavy \u2013 \u0161pecifikujte o Ak\u00fdko\u013evek in\u00fd relevantn\u00fd zdravotn\u00fd stav \u2013 \u0161pecifikujte \u017diadne \u2013 nem\u00e1m \u017eiadne predch\u00e1dzaj\u00face podmienky na vyhl\u00e1senie Autorizoval som toto wellness centrum na vykonanie o\u0161etrenia alebo proced\u00fary, ktor\u00fa som si vybral. Pri podpise tohto s\u00fahlasu som potvrdil, \u017ee som plnolet\u00fd a nie som pod vplyvom. Povo\u013eujem pou\u017e\u00edvanie ple\u0165ovej vody, oleja a mast\u00ed alebo ak\u00fdchko\u013evek in\u00fdch rastlinn\u00fdch\/pr\u00edrodn\u00fdch pr\u00edpravkov na moje telo. Beriem na vedomie, \u017ee t\u00e1to terapia nem\u00e1 \u017eiadny sexu\u00e1lny z\u00e1mer a dot\u00fdka\u0165 sa terapeuta je pr\u00edsne zak\u00e1zan\u00e9. Prep\u00fa\u0161\u0165am toto wellness centrum pre ak\u00fako\u013evek zodpovednos\u0165 v pr\u00edpade nehody, choroby alebo \u00farazu. S\u00fahlas\u00edm, \u017ee v\u0161etky inform\u00e1cie uveden\u00e9 ni\u017e\u0161ie alebo z in\u00e9ho formul\u00e1ra s\u00fa presn\u00e9 a pravdiv\u00e9. Potvrdil som, \u017ee nem\u00e1m \u017eiadne existuj\u00face zdravotn\u00e9 \u0165a\u017ekosti, ktor\u00e9 by mohli ovplyvni\u0165 k\u00fape\u013en\u00fa lie\u010dbu. Potvrdil som, \u017ee som si pre\u010d\u00edtal vy\u0161\u0161ie uveden\u00e9 vyhl\u00e1senia a person\u00e1l mi vysvetlil postupy. T\u00fdmto potvrdzujem, \u017ee v\u0161etky mnou uveden\u00e9 \u00fadaje s\u00fa pravdiv\u00e9 a presn\u00e9. Som spokojn\u00fd s podmienkami slu\u017eby, ktor\u00e9 mi boli nazna\u010den\u00e9, a oslobodzujem svojho konzultanta\/terapeuta od akejko\u013evek zodpovednosti alebo n\u00e1rokov akejko\u013evek povahy, ktor\u00e9 vypl\u00fdvaj\u00fa z tejto lie\u010dby\/konzult\u00e1cie alebo z toho, \u017ee som nevyu\u017eil lek\u00e1rske prostriedky na ak\u00e9ko\u013evek fyzick\u00e9 ochorenia, ktor\u00e9 by som mohol ma\u0165. a uzn\u00e1vam, \u017ee ma m\u00f4j terapeut od tak\u00fdchto predp\u00edsan\u00fdch liekov neodhov\u00e1ral. Ch\u00e1pem, \u017ee m\u00f4\u017eem slobodne h\u013eada\u0165 in\u00fa pomoc z ak\u00fdchko\u013evek zdrojov, ktor\u00e9 si \u017eel\u00e1m. Svoj\u00edm podpisom ni\u017e\u0161ie potvrdzujete, \u017ee ste si pre\u010d\u00edtali vy\u0161\u0161ie uveden\u00e9 a rozumiete zmluvn\u00fdm podmienkam, povahe a obmedzeniam d\u00f4vernosti a tomu, \u010do sa od v\u00e1s ako klienta o\u010dak\u00e1va. Krstn\u00e9 meno Priezvisko D\u00e1tum narodenia Telef\u00f3n Adresa E-mail N\u00fadzov\u00e9 kontaktn\u00e9 meno N\u00fadzov\u00fd kontakt \u010d. D\u00e1tum Podpis<\/p>\n","protected":false},"author":1,"featured_media":0,"parent":0,"menu_order":0,"comment_status":"closed","ping_status":"closed","template":"elementor_header_footer","meta":{"footnotes":""},"class_list":["post-7924","page","type-page","status-publish","hentry"],"_links":{"self":[{"href":"https:\/\/mantraayurveda.sk\/sk\/wp-json\/wp\/v2\/pages\/7924","targetHints":{"allow":["GET"]}}],"collection":[{"href":"https:\/\/mantraayurveda.sk\/sk\/wp-json\/wp\/v2\/pages"}],"about":[{"href":"https:\/\/mantraayurveda.sk\/sk\/wp-json\/wp\/v2\/types\/page"}],"author":[{"embeddable":true,"href":"https:\/\/mantraayurveda.sk\/sk\/wp-json\/wp\/v2\/users\/1"}],"replies":[{"embeddable":true,"href":"https:\/\/mantraayurveda.sk\/sk\/wp-json\/wp\/v2\/comments?post=7924"}],"version-history":[{"count":0,"href":"https:\/\/mantraayurveda.sk\/sk\/wp-json\/wp\/v2\/pages\/7924\/revisions"}],"wp:attachment":[{"href":"https:\/\/mantraayurveda.sk\/sk\/wp-json\/wp\/v2\/media?parent=7924"}],"curies":[{"name":"wp","href":"https:\/\/api.w.org\/{rel}","templated":true}]}}