{"id":7932,"date":"2024-01-27T12:45:14","date_gmt":"2024-01-27T12:45:14","guid":{"rendered":"https:\/\/mantraayurveda.sk\/domov\/o-nas\/"},"modified":"2024-05-19T11:59:26","modified_gmt":"2024-05-19T11:59:26","slug":"o-nas","status":"publish","type":"page","link":"https:\/\/mantraayurveda.sk\/sk\/domov\/o-nas\/","title":{"rendered":"O n\u00e1s"},"content":{"rendered":"\t\t<div data-elementor-type=\"wp-page\" data-elementor-id=\"7932\" class=\"elementor elementor-7932 elementor-7\">\n\t\t\t\t<div class=\"elementor-element elementor-element-91c3062 e-con-full e-flex wpr-particle-no wpr-jarallax-no wpr-parallax-no wpr-sticky-section-no e-con e-parent\" data-id=\"91c3062\" data-element_type=\"container\" data-settings=\"{&quot;background_background&quot;:&quot;classic&quot;}\">\n\t\t\t\t<div class=\"elementor-element elementor-element-8cb92c7 exad-sticky-section-no exad-glass-effect-no elementor-widget elementor-widget-spacer\" data-id=\"8cb92c7\" data-element_type=\"widget\" data-widget_type=\"spacer.default\">\n\t\t\t\t<div class=\"elementor-widget-container\">\n\t\t\t\t\t<div class=\"elementor-spacer\">\n\t\t\t<div class=\"elementor-spacer-inner\"><\/div>\n\t\t<\/div>\n\t\t\t\t<\/div>\n\t\t\t\t<\/div>\n\t\t\t\t<div class=\"elementor-element elementor-element-080561e animated-slow exad-sticky-section-no exad-glass-effect-no elementor-invisible elementor-widget elementor-widget-heading\" data-id=\"080561e\" data-element_type=\"widget\" data-settings=\"{&quot;_animation&quot;:&quot;slideInUp&quot;}\" data-widget_type=\"heading.default\">\n\t\t\t\t<div class=\"elementor-widget-container\">\n\t\t\t<h1 class=\"elementor-heading-title elementor-size-default\"><div>\n  <h1>Mantra Ayurveda Wellness <\/h1> <span style=\"letter-spacing: 2px\">Cesta uzdravenia<\/span><br><\/div><\/h1>\t\t<\/div>\n\t\t\t\t<\/div>\n\t\t\t\t<\/div>\n\t\t<div class=\"elementor-element elementor-element-7f0b27af e-con-full e-flex wpr-particle-no wpr-jarallax-no wpr-parallax-no wpr-sticky-section-no e-con e-parent\" data-id=\"7f0b27af\" data-element_type=\"container\" data-settings=\"{&quot;background_background&quot;:&quot;classic&quot;}\">\n\t\t<div class=\"elementor-element elementor-element-60fa10fa e-con-full e-flex wpr-particle-no wpr-jarallax-no wpr-parallax-no wpr-sticky-section-no e-con e-child\" data-id=\"60fa10fa\" data-element_type=\"container\">\n\t\t\t\t<div class=\"elementor-element elementor-element-790232bf elementor-widget__width-inherit elementor-widget-mobile__width-inherit exad-sticky-section-no exad-glass-effect-no elementor-widget elementor-widget-image-box\" data-id=\"790232bf\" data-element_type=\"widget\" data-widget_type=\"image-box.default\">\n\t\t\t\t<div class=\"elementor-widget-container\">\n\t\t\t<div class=\"elementor-image-box-wrapper\"><div class=\"elementor-image-box-content\"><h3 class=\"elementor-image-box-title\">O n\u00e1s<\/h3><p class=\"elementor-image-box-description\">Vitajte v Mantra Ayurveda Wellness, ktor\u00e9 sa chyst\u00e1 uhniezdi\u0165 tam, kde sa opulentn\u00e1 zelen\u00e1 krajina Okoc stret\u00e1va s pokojnou esenciou starod\u00e1vneho indick\u00e9ho tradi\u010dn\u00e9ho zdravotn\u00e9ho syst\u00e9mu. Ponorte sa do pokoja wellness dedi\u010dstva \u00e1jurv\u00e9dy a ust\u00fapte, aby ste obnovili svoje telo, myse\u013e a ducha. Nechajte svoje zmysly prebudi\u0165 v\u00f4\u0148ou \u010distej bylinnej zmesi, ktor\u00e1 v\u00e1m navod\u00ed pohodu.<\/p><\/div><\/div>\t\t<\/div>\n\t\t\t\t<\/div>\n\t\t\t\t<div class=\"elementor-element elementor-element-494300c exad-sticky-section-no exad-glass-effect-no elementor-widget elementor-widget-image\" data-id=\"494300c\" data-element_type=\"widget\" data-widget_type=\"image.default\">\n\t\t\t\t<div class=\"elementor-widget-container\">\n\t\t\t\t\t\t\t\t\t\t\t\t\t<img fetchpriority=\"high\" decoding=\"async\" width=\"800\" height=\"534\" src=\"https:\/\/mantraayurveda.sk\/wp-content\/uploads\/2024\/04\/PHOTO-2024-03-31-17-40-04-3-1024x683.jpg\" class=\"attachment-large size-large wp-image-5870\" alt=\"\" srcset=\"https:\/\/mantraayurveda.sk\/wp-content\/uploads\/2024\/04\/PHOTO-2024-03-31-17-40-04-3-1024x683.jpg 1024w, https:\/\/mantraayurveda.sk\/wp-content\/uploads\/2024\/04\/PHOTO-2024-03-31-17-40-04-3-600x400.jpg 600w, https:\/\/mantraayurveda.sk\/wp-content\/uploads\/2024\/04\/PHOTO-2024-03-31-17-40-04-3-300x200.jpg 300w, https:\/\/mantraayurveda.sk\/wp-content\/uploads\/2024\/04\/PHOTO-2024-03-31-17-40-04-3-768x512.jpg 768w, https:\/\/mantraayurveda.sk\/wp-content\/uploads\/2024\/04\/PHOTO-2024-03-31-17-40-04-3-1536x1024.jpg 1536w, https:\/\/mantraayurveda.sk\/wp-content\/uploads\/2024\/04\/PHOTO-2024-03-31-17-40-04-3.jpg 2048w\" sizes=\"(max-width: 800px) 100vw, 800px\" \/>\t\t\t\t\t\t\t\t\t\t\t\t\t<\/div>\n\t\t\t\t<\/div>\n\t\t\t\t<\/div>\n\t\t<div class=\"elementor-element elementor-element-2a9bb8f3 e-con-full e-flex wpr-particle-no wpr-jarallax-no wpr-parallax-no wpr-sticky-section-no e-con e-child\" data-id=\"2a9bb8f3\" data-element_type=\"container\">\n\t\t\t\t<div class=\"elementor-element elementor-element-be13518 exad-sticky-section-no exad-glass-effect-no elementor-widget elementor-widget-spacer\" data-id=\"be13518\" data-element_type=\"widget\" data-widget_type=\"spacer.default\">\n\t\t\t\t<div class=\"elementor-widget-container\">\n\t\t\t\t\t<div class=\"elementor-spacer\">\n\t\t\t<div class=\"elementor-spacer-inner\"><\/div>\n\t\t<\/div>\n\t\t\t\t<\/div>\n\t\t\t\t<\/div>\n\t\t\t\t<div class=\"elementor-element elementor-element-57cf5794 exad-sticky-section-no exad-glass-effect-no elementor-widget elementor-widget-image\" data-id=\"57cf5794\" data-element_type=\"widget\" data-widget_type=\"image.default\">\n\t\t\t\t<div class=\"elementor-widget-container\">\n\t\t\t\t\t\t\t\t\t\t\t\t\t<img decoding=\"async\" width=\"800\" height=\"534\" src=\"https:\/\/mantraayurveda.sk\/wp-content\/uploads\/2024\/04\/PHOTO-2024-03-31-17-40-05-5-1024x683.jpg\" class=\"attachment-large size-large wp-image-5897\" alt=\"\" srcset=\"https:\/\/mantraayurveda.sk\/wp-content\/uploads\/2024\/04\/PHOTO-2024-03-31-17-40-05-5-1024x683.jpg 1024w, https:\/\/mantraayurveda.sk\/wp-content\/uploads\/2024\/04\/PHOTO-2024-03-31-17-40-05-5-600x400.jpg 600w, https:\/\/mantraayurveda.sk\/wp-content\/uploads\/2024\/04\/PHOTO-2024-03-31-17-40-05-5-300x200.jpg 300w, https:\/\/mantraayurveda.sk\/wp-content\/uploads\/2024\/04\/PHOTO-2024-03-31-17-40-05-5-768x512.jpg 768w, https:\/\/mantraayurveda.sk\/wp-content\/uploads\/2024\/04\/PHOTO-2024-03-31-17-40-05-5-1536x1024.jpg 1536w, https:\/\/mantraayurveda.sk\/wp-content\/uploads\/2024\/04\/PHOTO-2024-03-31-17-40-05-5.jpg 2048w\" sizes=\"(max-width: 800px) 100vw, 800px\" \/>\t\t\t\t\t\t\t\t\t\t\t\t\t<\/div>\n\t\t\t\t<\/div>\n\t\t\t\t<div class=\"elementor-element elementor-element-57b9846a elementor-widget__width-inherit elementor-widget-mobile__width-inherit exad-sticky-section-no exad-glass-effect-no elementor-widget elementor-widget-image-box\" data-id=\"57b9846a\" data-element_type=\"widget\" data-widget_type=\"image-box.default\">\n\t\t\t\t<div class=\"elementor-widget-container\">\n\t\t\t<div class=\"elementor-image-box-wrapper\"><div class=\"elementor-image-box-content\"><h3 class=\"elementor-image-box-title\">Na\u0161a v\u00edzia<\/h3><p class=\"elementor-image-box-description\">Mantra Ayurveda Wellness sa sna\u017e\u00ed by\u0165 poprednou destin\u00e1ciou pre autentick\u00e9 holistick\u00e9 lie\u010denie, pri\u010dom \u010derp\u00e1 in\u0161pir\u00e1ciu z rozsiahlych sk\u00fasenost\u00ed s ajurv\u00e9dskymi wellness pobytmi a ponukou bylinnej kozmetiky. Na\u0161ou v\u00edziou je zalo\u017ei\u0165 v\u00fdznamn\u00e9 wellness centrum pon\u00fakaj\u00face luxusn\u00e9 a personalizovan\u00e9 holistick\u00e9 lie\u010debn\u00e9 programy prisp\u00f4soben\u00e9 individu\u00e1lnym zdravotn\u00fdm cie\u013eom.<\/p><\/div><\/div>\t\t<\/div>\n\t\t\t\t<\/div>\n\t\t\t\t<\/div>\n\t\t\t\t<\/div>\n\t\t<div class=\"elementor-element elementor-element-6d14466 e-con-full e-flex wpr-particle-no wpr-jarallax-no wpr-parallax-no wpr-sticky-section-no e-con e-parent\" data-id=\"6d14466\" data-element_type=\"container\" data-settings=\"{&quot;background_background&quot;:&quot;classic&quot;}\">\n\t\t<div class=\"elementor-element elementor-element-249bbe1 e-con-full e-flex wpr-particle-no wpr-jarallax-no wpr-parallax-no wpr-sticky-section-no e-con e-child\" data-id=\"249bbe1\" data-element_type=\"container\">\n\t\t\t\t<div class=\"elementor-element elementor-element-24b8f8d elementor-widget__width-inherit elementor-widget-mobile__width-inherit exad-sticky-section-no exad-glass-effect-no elementor-widget elementor-widget-image-box\" data-id=\"24b8f8d\" data-element_type=\"widget\" data-widget_type=\"image-box.default\">\n\t\t\t\t<div class=\"elementor-widget-container\">\n\t\t\t<div class=\"elementor-image-box-wrapper\"><div class=\"elementor-image-box-content\"><h3 class=\"elementor-image-box-title\">NASA misia<\/h3><p class=\"elementor-image-box-description\">Mantra Ayurveda Wellness je odhodlan\u00e1 poskytova\u0165 pokojn\u00e9 \u00fato\u010disko pre jednotlivcov, ktor\u00ed h\u013eadaj\u00fa holistick\u00e9 omladenie. Na\u0161ou misiou je uplat\u0148ovanie jedine\u010dn\u00e9ho integrovan\u00e9ho pr\u00edstupu, ktor\u00fd sa zameriava na fyzick\u00fa aj du\u0161evn\u00fa pohodu. S t\u00edmom odborn\u00fdch ajurv\u00e9dskych profesion\u00e1lov, terapeutov, majstrov jogy a kuch\u00e1rov vytv\u00e1rame exkluz\u00edvne prostredie pre personalizovan\u00e9 wellness. Prostredn\u00edctvom r\u00f4znych o\u0161etren\u00ed a seden\u00ed sa sna\u017e\u00edme poskytova\u0165 autentick\u00e9 ajurv\u00e9dske zdravotn\u00e9 programy, ktor\u00e9 podporuj\u00fa udr\u017eate\u013en\u00e9 cesty k zdrav\u0161iemu a vyv\u00e1\u017een\u00e9mu \u017eivotn\u00e9mu \u0161t\u00fdlu. Pridajte sa k n\u00e1m v \u00fasil\u00ed o transforma\u010dn\u00fa pohodu v Mantre.<\/p><\/div><\/div>\t\t<\/div>\n\t\t\t\t<\/div>\n\t\t\t\t<\/div>\n\t\t<div class=\"elementor-element elementor-element-8fed3ff e-con-full e-flex wpr-particle-no wpr-jarallax-no wpr-parallax-no wpr-sticky-section-no e-con e-child\" data-id=\"8fed3ff\" data-element_type=\"container\">\n\t\t\t\t<div class=\"elementor-element elementor-element-4055593 elementor-widget__width-initial elementor-widget-tablet__width-inherit elementor-widget-mobile__width-inherit elementor-position-top exad-sticky-section-no exad-glass-effect-no elementor-widget elementor-widget-image-box\" data-id=\"4055593\" data-element_type=\"widget\" data-widget_type=\"image-box.default\">\n\t\t\t\t<div class=\"elementor-widget-container\">\n\t\t\t<div class=\"elementor-image-box-wrapper\"><figure class=\"elementor-image-box-img\"><img decoding=\"async\" width=\"2048\" height=\"1365\" src=\"https:\/\/mantraayurveda.sk\/wp-content\/uploads\/2024\/04\/PHOTO-2024-03-31-17-40-05-2.jpg\" class=\"attachment-full size-full wp-image-5891\" alt=\"\" srcset=\"https:\/\/mantraayurveda.sk\/wp-content\/uploads\/2024\/04\/PHOTO-2024-03-31-17-40-05-2.jpg 2048w, https:\/\/mantraayurveda.sk\/wp-content\/uploads\/2024\/04\/PHOTO-2024-03-31-17-40-05-2-600x400.jpg 600w, https:\/\/mantraayurveda.sk\/wp-content\/uploads\/2024\/04\/PHOTO-2024-03-31-17-40-05-2-300x200.jpg 300w, https:\/\/mantraayurveda.sk\/wp-content\/uploads\/2024\/04\/PHOTO-2024-03-31-17-40-05-2-1024x683.jpg 1024w, https:\/\/mantraayurveda.sk\/wp-content\/uploads\/2024\/04\/PHOTO-2024-03-31-17-40-05-2-768x512.jpg 768w, https:\/\/mantraayurveda.sk\/wp-content\/uploads\/2024\/04\/PHOTO-2024-03-31-17-40-05-2-1536x1024.jpg 1536w\" sizes=\"(max-width: 2048px) 100vw, 2048px\" \/><\/figure><\/div>\t\t<\/div>\n\t\t\t\t<\/div>\n\t\t\t\t<\/div>\n\t\t\t\t<\/div>\n\t\t\t\t<\/div>\n\t\t","protected":false},"excerpt":{"rendered":"<p>Mantra Ayurveda Wellness Cesta uzdravenia O n\u00e1s Vitajte v Mantra Ayurveda Wellness, ktor\u00e9 sa chyst\u00e1 uhniezdi\u0165 tam, kde sa opulentn\u00e1 zelen\u00e1 krajina Okoc stret\u00e1va s pokojnou esenciou starod\u00e1vneho indick\u00e9ho tradi\u010dn\u00e9ho zdravotn\u00e9ho syst\u00e9mu. Ponorte sa do pokoja wellness dedi\u010dstva \u00e1jurv\u00e9dy a ust\u00fapte, aby ste obnovili svoje telo, myse\u013e a ducha. Nechajte svoje zmysly prebudi\u0165 v\u00f4\u0148ou \u010distej bylinnej zmesi, ktor\u00e1 v\u00e1m navod\u00ed pohodu. Na\u0161a v\u00edzia Mantra Ayurveda Wellness sa sna\u017e\u00ed by\u0165 poprednou destin\u00e1ciou pre autentick\u00e9 holistick\u00e9 lie\u010denie, pri\u010dom \u010derp\u00e1 in\u0161pir\u00e1ciu z rozsiahlych sk\u00fasenost\u00ed s ajurv\u00e9dskymi wellness pobytmi a ponukou bylinnej kozmetiky. Na\u0161ou v\u00edziou je zalo\u017ei\u0165 v\u00fdznamn\u00e9 wellness centrum pon\u00fakaj\u00face luxusn\u00e9 a personalizovan\u00e9 holistick\u00e9 lie\u010debn\u00e9 programy prisp\u00f4soben\u00e9 individu\u00e1lnym zdravotn\u00fdm cie\u013eom. NASA misia Mantra Ayurveda Wellness je odhodlan\u00e1 poskytova\u0165 pokojn\u00e9 \u00fato\u010disko pre jednotlivcov, ktor\u00ed h\u013eadaj\u00fa holistick\u00e9 omladenie. Na\u0161ou misiou je uplat\u0148ovanie jedine\u010dn\u00e9ho integrovan\u00e9ho pr\u00edstupu, ktor\u00fd sa zameriava na fyzick\u00fa aj du\u0161evn\u00fa pohodu. S t\u00edmom odborn\u00fdch ajurv\u00e9dskych profesion\u00e1lov, terapeutov, majstrov jogy a kuch\u00e1rov vytv\u00e1rame exkluz\u00edvne prostredie pre personalizovan\u00e9 wellness. Prostredn\u00edctvom r\u00f4znych o\u0161etren\u00ed a seden\u00ed sa sna\u017e\u00edme poskytova\u0165 autentick\u00e9 ajurv\u00e9dske zdravotn\u00e9 programy, ktor\u00e9 podporuj\u00fa udr\u017eate\u013en\u00e9 cesty k zdrav\u0161iemu a vyv\u00e1\u017een\u00e9mu \u017eivotn\u00e9mu \u0161t\u00fdlu. Pridajte sa k n\u00e1m v \u00fasil\u00ed o transforma\u010dn\u00fa pohodu v Mantre.<\/p>\n","protected":false},"author":1,"featured_media":0,"parent":5345,"menu_order":2,"comment_status":"closed","ping_status":"closed","template":"template-page-builder.php","meta":{"footnotes":""},"class_list":["post-7932","page","type-page","status-publish","hentry"],"_links":{"self":[{"href":"https:\/\/mantraayurveda.sk\/sk\/wp-json\/wp\/v2\/pages\/7932","targetHints":{"allow":["GET"]}}],"collection":[{"href":"https:\/\/mantraayurveda.sk\/sk\/wp-json\/wp\/v2\/pages"}],"about":[{"href":"https:\/\/mantraayurveda.sk\/sk\/wp-json\/wp\/v2\/types\/page"}],"author":[{"embeddable":true,"href":"https:\/\/mantraayurveda.sk\/sk\/wp-json\/wp\/v2\/users\/1"}],"replies":[{"embeddable":true,"href":"https:\/\/mantraayurveda.sk\/sk\/wp-json\/wp\/v2\/comments?post=7932"}],"version-history":[{"count":0,"href":"https:\/\/mantraayurveda.sk\/sk\/wp-json\/wp\/v2\/pages\/7932\/revisions"}],"up":[{"embeddable":true,"href":"https:\/\/mantraayurveda.sk\/sk\/wp-json\/wp\/v2\/pages\/5345"}],"wp:attachment":[{"href":"https:\/\/mantraayurveda.sk\/sk\/wp-json\/wp\/v2\/media?parent=7932"}],"curies":[{"name":"wp","href":"https:\/\/api.w.org\/{rel}","templated":true}]}}