{"id":7942,"date":"2024-03-09T00:31:46","date_gmt":"2024-03-09T00:31:46","guid":{"rendered":"https:\/\/mantraayurveda.sk\/domov\/sluzby\/mantra-ayurveda-relaxacne-procedury\/"},"modified":"2024-05-19T12:03:22","modified_gmt":"2024-05-19T12:03:22","slug":"mantra-ayurveda-relaxacne-procedury","status":"publish","type":"page","link":"https:\/\/mantraayurveda.sk\/sk\/domov\/sluzby\/mantra-ayurveda-relaxacne-procedury\/","title":{"rendered":"Mantra Ayurveda Relaxa\u010dn\u00e9 proced\u00fary"},"content":{"rendered":"\t\t<div data-elementor-type=\"wp-page\" data-elementor-id=\"7942\" class=\"elementor elementor-7942 elementor-2158\">\n\t\t\t\t<div class=\"elementor-element elementor-element-3fb6f4ea e-con-full e-flex wpr-particle-no wpr-jarallax-no wpr-parallax-no wpr-sticky-section-no e-con e-parent\" data-id=\"3fb6f4ea\" data-element_type=\"container\" data-settings=\"{&quot;background_background&quot;:&quot;classic&quot;}\">\n\t\t\t\t<div class=\"elementor-element elementor-element-07939cd exad-sticky-section-no exad-glass-effect-no elementor-widget elementor-widget-spacer\" data-id=\"07939cd\" data-element_type=\"widget\" data-widget_type=\"spacer.default\">\n\t\t\t\t<div class=\"elementor-widget-container\">\n\t\t\t\t\t<div class=\"elementor-spacer\">\n\t\t\t<div class=\"elementor-spacer-inner\"><\/div>\n\t\t<\/div>\n\t\t\t\t<\/div>\n\t\t\t\t<\/div>\n\t\t\t\t<div class=\"elementor-element elementor-element-6a831719 animated-slow exad-sticky-section-no exad-glass-effect-no elementor-invisible elementor-widget elementor-widget-heading\" data-id=\"6a831719\" data-element_type=\"widget\" data-settings=\"{&quot;_animation&quot;:&quot;slideInUp&quot;}\" data-widget_type=\"heading.default\">\n\t\t\t\t<div class=\"elementor-widget-container\">\n\t\t\t<h1 class=\"elementor-heading-title elementor-size-default\">Mantra Ayurveda Relaxa\u010dn\u00e9 proced\u00fary<\/h1>\t\t<\/div>\n\t\t\t\t<\/div>\n\t\t\t\t<\/div>\n\t\t<div class=\"elementor-element elementor-element-dacfdfb e-con-full e-flex wpr-particle-no wpr-jarallax-no wpr-parallax-no wpr-sticky-section-no e-con e-parent\" data-id=\"dacfdfb\" data-element_type=\"container\" data-settings=\"{&quot;background_background&quot;:&quot;classic&quot;}\">\n\t\t<div class=\"elementor-element elementor-element-d9170b0 e-con-full e-flex wpr-particle-no wpr-jarallax-no wpr-parallax-no wpr-sticky-section-no e-con e-child\" data-id=\"d9170b0\" data-element_type=\"container\">\n\t\t\t\t<div class=\"elementor-element elementor-element-17ebdc8 exad-sticky-section-no exad-glass-effect-no elementor-widget elementor-widget-exad-exclusive-heading\" data-id=\"17ebdc8\" data-element_type=\"widget\" data-widget_type=\"exad-exclusive-heading.default\">\n\t\t\t\t<div class=\"elementor-widget-container\">\n\t\t\t\r\n        <div class=\"exad-exclusive-heading\">\r\n            <div class=\"exad-exclusive-heading-wrapper exad-heading-left exad-heading-simple\">\r\n\t\t\t\r\n                <h2 data-content=\"Pre\u010do relaxa\u010dn\u00e9 proced\u00fary?\" class=\"exad-exclusive-heading-title\">\r\n\t\t\t\t\tPre\u010do relaxa\u010dn\u00e9 proced\u00fary?\t\t\t\t<\/h2>\r\n\t\r\n                                    <p class=\"exad-exclusive-heading-description\">\r\n\t\t\t\t\t\tTla\u010d\u00ed v\u00e1s ka\u017edodenn\u00fd \u017eivot? H\u013ead\u00e1te bla\u017een\u00fd \u00fanik prostredn\u00edctvom upokojuj\u00faceho dotyku mas\u00e1\u017ee? Predstavte si svet, v ktorom je relax\u00e1cia formou umenia, kde sa starobyl\u00e1 m\u00fadros\u0165 5000-ro\u010dnej trad\u00edcie stret\u00e1va s modern\u00fdm omladzovan\u00edm. Vitajte v r\u00ed\u0161i mimoriadneho pokoja, kde sa odohr\u00e1va k\u00fazlo ajurv\u00e9dy. Doprajte si nie\u010do v\u00fdnimo\u010dn\u00e9, ponorte sa do symf\u00f3nie nad\u010dasov\u00fdch mas\u00e1\u017e\u00ed a telov\u00fdch proced\u00far starostlivo vytvoren\u00fdch pod\u013ea star\u00e9ho ajurv\u00e9dskeho zdravotn\u00e9ho syst\u00e9mu. Va\u0161a cesta k nev\u00eddan\u00e9mu uvo\u013eneniu za\u010d\u00edna pr\u00e1ve tu!                    <\/p>\r\n\t\t\t\t\r\n            <\/div>\r\n        <\/div>\r\n\t\t\t<\/div>\n\t\t\t\t<\/div>\n\t\t\t\t<div class=\"elementor-element elementor-element-74bfbf4 exad-sticky-section-no exad-glass-effect-no elementor-widget elementor-widget-spacer\" data-id=\"74bfbf4\" data-element_type=\"widget\" data-widget_type=\"spacer.default\">\n\t\t\t\t<div class=\"elementor-widget-container\">\n\t\t\t\t\t<div class=\"elementor-spacer\">\n\t\t\t<div class=\"elementor-spacer-inner\"><\/div>\n\t\t<\/div>\n\t\t\t\t<\/div>\n\t\t\t\t<\/div>\n\t\t\t\t<\/div>\n\t\t<div class=\"elementor-element elementor-element-e54a473 e-con-full elementor-hidden-mobile e-flex wpr-particle-no wpr-jarallax-no wpr-parallax-no wpr-sticky-section-no e-con e-child\" data-id=\"e54a473\" data-element_type=\"container\" data-settings=\"{&quot;background_background&quot;:&quot;classic&quot;}\">\n\t\t\t\t<\/div>\n\t\t\t\t<\/div>\n\t\t<div class=\"elementor-element elementor-element-68b7392 e-con-full e-flex wpr-particle-no wpr-jarallax-no wpr-parallax-no wpr-sticky-section-no e-con e-parent\" data-id=\"68b7392\" data-element_type=\"container\" data-settings=\"{&quot;background_background&quot;:&quot;classic&quot;}\">\n\t\t\t\t<\/div>\n\t\t<div class=\"elementor-element elementor-element-8c6f4ee e-con-full e-flex wpr-particle-no wpr-jarallax-no wpr-parallax-no wpr-sticky-section-no e-con e-parent\" data-id=\"8c6f4ee\" data-element_type=\"container\" data-settings=\"{&quot;background_background&quot;:&quot;classic&quot;}\">\n\t\t<div class=\"elementor-element elementor-element-ed4c5a3 e-flex e-con-boxed wpr-particle-no wpr-jarallax-no wpr-parallax-no wpr-sticky-section-no e-con e-child\" data-id=\"ed4c5a3\" data-element_type=\"container\">\n\t\t\t\t\t<div class=\"e-con-inner\">\n\t\t\t\t<div class=\"elementor-element elementor-element-a45b298 animated-slow exad-sticky-section-no exad-glass-effect-no elementor-invisible elementor-widget elementor-widget-heading\" data-id=\"a45b298\" data-element_type=\"widget\" data-settings=\"{&quot;_animation&quot;:&quot;slideInUp&quot;}\" data-widget_type=\"heading.default\">\n\t\t\t\t<div class=\"elementor-widget-container\">\n\t\t\t<h2 class=\"elementor-heading-title elementor-size-default\">Presk\u00famajte o\u0161etrenia  <\/h2>\t\t<\/div>\n\t\t\t\t<\/div>\n\t\t\t\t\t<\/div>\n\t\t\t\t<\/div>\n\t\t<div class=\"elementor-element elementor-element-52345a3 e-con-full e-flex wpr-particle-no wpr-jarallax-no wpr-parallax-no wpr-sticky-section-no e-con e-child\" data-id=\"52345a3\" data-element_type=\"container\">\n\t\t<div class=\"elementor-element elementor-element-840fe4e e-con-full e-flex wpr-particle-no wpr-jarallax-no wpr-parallax-no wpr-sticky-section-no e-con e-child\" data-id=\"840fe4e\" data-element_type=\"container\" data-settings=\"{&quot;background_background&quot;:&quot;classic&quot;}\">\n\t\t\t\t<div class=\"exad-link-anything-wrapper elementor-element elementor-element-0f9433b elementor-widget__width-inherit elementor-position-top exad-sticky-section-no exad-glass-effect-no elementor-widget elementor-widget-image-box\" data-exad-element-link=\"{&quot;url&quot;:&quot;https:\\\/\\\/booking.mantraayurveda.sk\\\/services\\\/abhyangam-general-massage&quot;,&quot;is_external&quot;:&quot;&quot;,&quot;nofollow&quot;:&quot;&quot;,&quot;custom_attributes&quot;:&quot;&quot;}\" style=\"cursor: pointer\" data-id=\"0f9433b\" data-element_type=\"widget\" data-widget_type=\"image-box.default\">\n\t\t\t\t<div class=\"elementor-widget-container\">\n\t\t\t<div class=\"elementor-image-box-wrapper\"><figure class=\"elementor-image-box-img\"><a href=\"https:\/\/booking.mantraayurveda.sk\/services\/abhyangam-general-massage\" tabindex=\"-1\"><img fetchpriority=\"high\" decoding=\"async\" width=\"2560\" height=\"1707\" src=\"https:\/\/mantraayurveda.sk\/wp-content\/uploads\/2024\/04\/DSC02014-scaled.jpg\" class=\"attachment-full size-full wp-image-7689\" alt=\"\" srcset=\"https:\/\/mantraayurveda.sk\/wp-content\/uploads\/2024\/04\/DSC02014-scaled.jpg 2560w, https:\/\/mantraayurveda.sk\/wp-content\/uploads\/2024\/04\/DSC02014-scaled-600x400.jpg 600w, https:\/\/mantraayurveda.sk\/wp-content\/uploads\/2024\/04\/DSC02014-300x200.jpg 300w, https:\/\/mantraayurveda.sk\/wp-content\/uploads\/2024\/04\/DSC02014-1024x683.jpg 1024w, https:\/\/mantraayurveda.sk\/wp-content\/uploads\/2024\/04\/DSC02014-768x512.jpg 768w, https:\/\/mantraayurveda.sk\/wp-content\/uploads\/2024\/04\/DSC02014-1536x1024.jpg 1536w, https:\/\/mantraayurveda.sk\/wp-content\/uploads\/2024\/04\/DSC02014-2048x1365.jpg 2048w\" sizes=\"(max-width: 2560px) 100vw, 2560px\" \/><\/a><\/figure><div class=\"elementor-image-box-content\"><h3 class=\"elementor-image-box-title\"><a href=\"https:\/\/booking.mantraayurveda.sk\/services\/abhyangam-general-massage\">Abhyangam (v\u0161eobecn\u00e1 mas\u00e1\u017e)<\/a><\/h3><p class=\"elementor-image-box-description\"><strong>Cena \u2013 49 \u20ac (Ponukov\u00e1 cena \u2013 35 \u20ac)<\/strong>\n<br>\n<br>Abhyanga: Traditional Ayurvedic full-body massage with herbal oils, promoting circulation, lymphatic drainage, and holistic well-being.<\/p><\/div><\/div>\t\t<\/div>\n\t\t\t\t<\/div>\n\t\t\t\t<\/div>\n\t\t<div class=\"elementor-element elementor-element-bfb0500 e-con-full e-flex wpr-particle-no wpr-jarallax-no wpr-parallax-no wpr-sticky-section-no e-con e-child\" data-id=\"bfb0500\" data-element_type=\"container\" data-settings=\"{&quot;background_background&quot;:&quot;classic&quot;}\">\n\t\t\t\t<div class=\"elementor-element elementor-element-92c7da4 elementor-widget__width-inherit elementor-position-top exad-sticky-section-no exad-glass-effect-no elementor-widget elementor-widget-image-box\" data-id=\"92c7da4\" data-element_type=\"widget\" data-widget_type=\"image-box.default\">\n\t\t\t\t<div class=\"elementor-widget-container\">\n\t\t\t<div class=\"elementor-image-box-wrapper\"><figure class=\"elementor-image-box-img\"><img decoding=\"async\" width=\"2048\" height=\"1365\" src=\"https:\/\/mantraayurveda.sk\/wp-content\/uploads\/2024\/04\/PHOTO-2024-03-31-17-40-04-7.jpg\" class=\"attachment-full size-full wp-image-5882\" alt=\"\" srcset=\"https:\/\/mantraayurveda.sk\/wp-content\/uploads\/2024\/04\/PHOTO-2024-03-31-17-40-04-7.jpg 2048w, https:\/\/mantraayurveda.sk\/wp-content\/uploads\/2024\/04\/PHOTO-2024-03-31-17-40-04-7-600x400.jpg 600w, https:\/\/mantraayurveda.sk\/wp-content\/uploads\/2024\/04\/PHOTO-2024-03-31-17-40-04-7-300x200.jpg 300w, https:\/\/mantraayurveda.sk\/wp-content\/uploads\/2024\/04\/PHOTO-2024-03-31-17-40-04-7-1024x683.jpg 1024w, https:\/\/mantraayurveda.sk\/wp-content\/uploads\/2024\/04\/PHOTO-2024-03-31-17-40-04-7-768x512.jpg 768w, https:\/\/mantraayurveda.sk\/wp-content\/uploads\/2024\/04\/PHOTO-2024-03-31-17-40-04-7-1536x1024.jpg 1536w\" sizes=\"(max-width: 2048px) 100vw, 2048px\" \/><\/figure><div class=\"elementor-image-box-content\"><h3 class=\"elementor-image-box-title\">Sukha Abhyangaham (relaxa\u010dn\u00e1 mas\u00e1\u017e)<\/h3><p class=\"elementor-image-box-description\"><strong>Cena \u2013 59 \u20ac (Ponukov\u00e1 cena \u2013 45 \u20ac)<\/strong>\n<br>\n<br>\nSukha-Abhyangam: Jemn\u00e9, upokojuj\u00face relaxa\u010dn\u00e9 \u0165ahy, V\u0161eobecn\u00e1 mas\u00e1\u017e s aromatick\u00fdmi olejmi na uvo\u013enenie vystresovan\u00e9ho tela a mysle.<\/p><\/div><\/div>\t\t<\/div>\n\t\t\t\t<\/div>\n\t\t\t\t<\/div>\n\t\t<div class=\"elementor-element elementor-element-eafcd31 e-con-full e-flex wpr-particle-no wpr-jarallax-no wpr-parallax-no wpr-sticky-section-no e-con e-child\" data-id=\"eafcd31\" data-element_type=\"container\" data-settings=\"{&quot;background_background&quot;:&quot;classic&quot;}\">\n\t\t\t\t<div class=\"elementor-element elementor-element-a2af53e elementor-widget__width-inherit elementor-position-top exad-sticky-section-no exad-glass-effect-no elementor-widget elementor-widget-image-box\" data-id=\"a2af53e\" data-element_type=\"widget\" data-widget_type=\"image-box.default\">\n\t\t\t\t<div class=\"elementor-widget-container\">\n\t\t\t<div class=\"elementor-image-box-wrapper\"><figure class=\"elementor-image-box-img\"><img decoding=\"async\" width=\"2560\" height=\"1707\" src=\"https:\/\/mantraayurveda.sk\/wp-content\/uploads\/2024\/04\/DSC01858-min-scaled.jpg\" class=\"attachment-full size-full wp-image-6987\" alt=\"\" srcset=\"https:\/\/mantraayurveda.sk\/wp-content\/uploads\/2024\/04\/DSC01858-min-scaled.jpg 2560w, https:\/\/mantraayurveda.sk\/wp-content\/uploads\/2024\/04\/DSC01858-min-scaled-600x400.jpg 600w, https:\/\/mantraayurveda.sk\/wp-content\/uploads\/2024\/04\/DSC01858-min-300x200.jpg 300w, https:\/\/mantraayurveda.sk\/wp-content\/uploads\/2024\/04\/DSC01858-min-1024x683.jpg 1024w, https:\/\/mantraayurveda.sk\/wp-content\/uploads\/2024\/04\/DSC01858-min-768x512.jpg 768w, https:\/\/mantraayurveda.sk\/wp-content\/uploads\/2024\/04\/DSC01858-min-1536x1024.jpg 1536w, https:\/\/mantraayurveda.sk\/wp-content\/uploads\/2024\/04\/DSC01858-min-2048x1365.jpg 2048w\" sizes=\"(max-width: 2560px) 100vw, 2560px\" \/><\/figure><div class=\"elementor-image-box-content\"><h3 class=\"elementor-image-box-title\">Chemick\u00e1 abhyanga (omladzuj\u00faca mas\u00e1\u017e)<\/h3><p class=\"elementor-image-box-description\"><strong>Cena \u2013 69 \u20ac (Ponukov\u00e1 cena \u2013 55 \u20ac)<\/strong>\n<br>\n<br>\nRasayana mas\u00e1\u017e: Revitaliz\u00e1cia tela a mysle, zv\u00fd\u0161enie vitality a podpora celkovej pohody pomocou \u0161pecializovan\u00fdch ajurv\u00e9dskych techn\u00edk.<\/p><\/div><\/div>\t\t<\/div>\n\t\t\t\t<\/div>\n\t\t\t\t<\/div>\n\t\t\t\t<\/div>\n\t\t<div class=\"elementor-element elementor-element-83df51c e-con-full e-flex wpr-particle-no wpr-jarallax-no wpr-parallax-no wpr-sticky-section-no e-con e-child\" data-id=\"83df51c\" data-element_type=\"container\">\n\t\t<div class=\"elementor-element elementor-element-0feb3ab e-con-full e-flex wpr-particle-no wpr-jarallax-no wpr-parallax-no wpr-sticky-section-no e-con e-child\" data-id=\"0feb3ab\" data-element_type=\"container\" data-settings=\"{&quot;background_background&quot;:&quot;classic&quot;}\">\n\t\t\t\t<div class=\"exad-link-anything-wrapper elementor-element elementor-element-61ca91d elementor-widget__width-inherit elementor-position-top exad-sticky-section-no exad-glass-effect-no elementor-widget elementor-widget-image-box\" data-exad-element-link=\"{&quot;url&quot;:&quot;https:\\\/\\\/booking.mantraayurveda.sk\\\/services\\\/abhyangam-general-massage&quot;,&quot;is_external&quot;:&quot;&quot;,&quot;nofollow&quot;:&quot;&quot;,&quot;custom_attributes&quot;:&quot;&quot;}\" style=\"cursor: pointer\" data-id=\"61ca91d\" data-element_type=\"widget\" data-widget_type=\"image-box.default\">\n\t\t\t\t<div class=\"elementor-widget-container\">\n\t\t\t<div class=\"elementor-image-box-wrapper\"><figure class=\"elementor-image-box-img\"><a href=\"https:\/\/booking.mantraayurveda.sk\/services\/abhyangam-general-massage\" tabindex=\"-1\"><img loading=\"lazy\" decoding=\"async\" width=\"2560\" height=\"1707\" src=\"https:\/\/mantraayurveda.sk\/wp-content\/uploads\/2024\/04\/DSC02468-1-1-scaled.jpg\" class=\"attachment-full size-full wp-image-7220\" alt=\"\" srcset=\"https:\/\/mantraayurveda.sk\/wp-content\/uploads\/2024\/04\/DSC02468-1-1-scaled.jpg 2560w, https:\/\/mantraayurveda.sk\/wp-content\/uploads\/2024\/04\/DSC02468-1-1-scaled-600x400.jpg 600w, https:\/\/mantraayurveda.sk\/wp-content\/uploads\/2024\/04\/DSC02468-1-1-300x200.jpg 300w, https:\/\/mantraayurveda.sk\/wp-content\/uploads\/2024\/04\/DSC02468-1-1-1024x683.jpg 1024w, https:\/\/mantraayurveda.sk\/wp-content\/uploads\/2024\/04\/DSC02468-1-1-768x512.jpg 768w, https:\/\/mantraayurveda.sk\/wp-content\/uploads\/2024\/04\/DSC02468-1-1-1536x1024.jpg 1536w, https:\/\/mantraayurveda.sk\/wp-content\/uploads\/2024\/04\/DSC02468-1-1-2048x1365.jpg 2048w\" sizes=\"(max-width: 2560px) 100vw, 2560px\" \/><\/a><\/figure><div class=\"elementor-image-box-content\"><h3 class=\"elementor-image-box-title\"><a href=\"https:\/\/booking.mantraayurveda.sk\/services\/abhyangam-general-massage\">Lasika Abhyanga (lymfatick\u00e1 mas\u00e1\u017e)<\/a><\/h3><p class=\"elementor-image-box-description\"><strong>Cena \u2013 59 \u20ac (Ponukov\u00e1 cena \u2013 45 \u20ac)<\/strong>\n<br>\n<br>\nAjurv\u00e9dska lymfatick\u00e1 mas\u00e1\u017e: Zlep\u0161ite krvn\u00fd obeh, detoxikujte a posilnite imunitu jemn\u00fdmi \u0165ahmi a \u0161peci\u00e1lne formulovan\u00fdmi bylinn\u00fdmi olejmi.<\/p><\/div><\/div>\t\t<\/div>\n\t\t\t\t<\/div>\n\t\t\t\t<\/div>\n\t\t<div class=\"elementor-element elementor-element-a6e065e e-con-full e-flex wpr-particle-no wpr-jarallax-no wpr-parallax-no wpr-sticky-section-no e-con e-child\" data-id=\"a6e065e\" data-element_type=\"container\" data-settings=\"{&quot;background_background&quot;:&quot;classic&quot;}\">\n\t\t\t\t<div class=\"elementor-element elementor-element-e6ac94e elementor-widget__width-inherit elementor-position-top exad-sticky-section-no exad-glass-effect-no elementor-widget elementor-widget-image-box\" data-id=\"e6ac94e\" data-element_type=\"widget\" data-widget_type=\"image-box.default\">\n\t\t\t\t<div class=\"elementor-widget-container\">\n\t\t\t<div class=\"elementor-image-box-wrapper\"><figure class=\"elementor-image-box-img\"><img loading=\"lazy\" decoding=\"async\" width=\"2560\" height=\"1707\" src=\"https:\/\/mantraayurveda.sk\/wp-content\/uploads\/2024\/04\/DSC02571-1-min-scaled.jpg\" class=\"attachment-full size-full wp-image-7798\" alt=\"\" srcset=\"https:\/\/mantraayurveda.sk\/wp-content\/uploads\/2024\/04\/DSC02571-1-min-scaled.jpg 2560w, https:\/\/mantraayurveda.sk\/wp-content\/uploads\/2024\/04\/DSC02571-1-min-scaled-600x400.jpg 600w, https:\/\/mantraayurveda.sk\/wp-content\/uploads\/2024\/04\/DSC02571-1-min-300x200.jpg 300w, https:\/\/mantraayurveda.sk\/wp-content\/uploads\/2024\/04\/DSC02571-1-min-1024x683.jpg 1024w, https:\/\/mantraayurveda.sk\/wp-content\/uploads\/2024\/04\/DSC02571-1-min-768x512.jpg 768w, https:\/\/mantraayurveda.sk\/wp-content\/uploads\/2024\/04\/DSC02571-1-min-1536x1024.jpg 1536w, https:\/\/mantraayurveda.sk\/wp-content\/uploads\/2024\/04\/DSC02571-1-min-2048x1365.jpg 2048w\" sizes=\"(max-width: 2560px) 100vw, 2560px\" \/><\/figure><div class=\"elementor-image-box-content\"><h3 class=\"elementor-image-box-title\">Lepana-abhyangam (kr\u00e9mov\u00e1 mas\u00e1\u017e)<\/h3><p class=\"elementor-image-box-description\"><strong>Cena \u2013 59 \u20ac (Ponukov\u00e1 cena \u2013 45 \u20ac)<\/strong>\n<br>\n<br>\nAjurv\u00e9dska mas\u00e1\u017e bylinnou pastou: Zlep\u0161ite zdravie a revitaliz\u00e1ciu poko\u017eky pomocou jedine\u010dnej zmesi bylinn\u00fdch kvetov, pr\u00e1\u0161ku a ovocia.<\/p><\/div><\/div>\t\t<\/div>\n\t\t\t\t<\/div>\n\t\t\t\t<\/div>\n\t\t<div class=\"elementor-element elementor-element-9610c32 e-con-full e-flex wpr-particle-no wpr-jarallax-no wpr-parallax-no wpr-sticky-section-no e-con e-child\" data-id=\"9610c32\" data-element_type=\"container\" data-settings=\"{&quot;background_background&quot;:&quot;classic&quot;}\">\n\t\t\t\t<div class=\"elementor-element elementor-element-ea9bd13 elementor-widget__width-inherit elementor-position-top exad-sticky-section-no exad-glass-effect-no elementor-widget elementor-widget-image-box\" data-id=\"ea9bd13\" data-element_type=\"widget\" data-widget_type=\"image-box.default\">\n\t\t\t\t<div class=\"elementor-widget-container\">\n\t\t\t<div class=\"elementor-image-box-wrapper\"><figure class=\"elementor-image-box-img\"><img loading=\"lazy\" decoding=\"async\" width=\"2560\" height=\"1707\" src=\"https:\/\/mantraayurveda.sk\/wp-content\/uploads\/2024\/03\/back-massage-scaled.jpeg\" class=\"attachment-full size-full wp-image-4379\" alt=\"\" srcset=\"https:\/\/mantraayurveda.sk\/wp-content\/uploads\/2024\/03\/back-massage-scaled.jpeg 2560w, https:\/\/mantraayurveda.sk\/wp-content\/uploads\/2024\/03\/back-massage-scaled-600x400.jpeg 600w, https:\/\/mantraayurveda.sk\/wp-content\/uploads\/2024\/03\/back-massage-300x200.jpeg 300w, https:\/\/mantraayurveda.sk\/wp-content\/uploads\/2024\/03\/back-massage-1024x683.jpeg 1024w, https:\/\/mantraayurveda.sk\/wp-content\/uploads\/2024\/03\/back-massage-768x512.jpeg 768w, https:\/\/mantraayurveda.sk\/wp-content\/uploads\/2024\/03\/back-massage-1536x1024.jpeg 1536w, https:\/\/mantraayurveda.sk\/wp-content\/uploads\/2024\/03\/back-massage-2048x1365.jpeg 2048w\" sizes=\"(max-width: 2560px) 100vw, 2560px\" \/><\/figure><div class=\"elementor-image-box-content\"><h3 class=\"elementor-image-box-title\">Mantra ajurv\u00e9dska tradi\u010dn\u00e1 lie\u010dba<\/h3><p class=\"elementor-image-box-description\">Presk\u00famajte na\u0161e tradi\u010dn\u00e9 lie\u010dby a z\u00edskajte viac podrobnost\u00ed o ajurv\u00e9dskych tradi\u010dn\u00fdch terapi\u00e1ch a bal\u00ed\u010dkoch s\u00favisiacich s na\u0161imi tradi\u010dn\u00fdmi lie\u010dbami. <\/p><\/div><\/div>\t\t<\/div>\n\t\t\t\t<\/div>\n\t\t\t\t<\/div>\n\t\t\t\t<\/div>\n\t\t\t\t<\/div>\n\t\t\t\t<\/div>\n\t\t","protected":false},"excerpt":{"rendered":"<p>Mantra Ayurveda Relaxa\u010dn\u00e9 proced\u00fary Pre\u010do relaxa\u010dn\u00e9 proced\u00fary? Tla\u010d\u00ed v\u00e1s ka\u017edodenn\u00fd \u017eivot? H\u013ead\u00e1te bla\u017een\u00fd \u00fanik prostredn\u00edctvom upokojuj\u00faceho dotyku mas\u00e1\u017ee? Predstavte si svet, v ktorom je relax\u00e1cia formou umenia, kde sa starobyl\u00e1 m\u00fadros\u0165 5000-ro\u010dnej trad\u00edcie stret\u00e1va s modern\u00fdm omladzovan\u00edm. Vitajte v r\u00ed\u0161i mimoriadneho pokoja, kde sa odohr\u00e1va k\u00fazlo ajurv\u00e9dy. Doprajte si nie\u010do v\u00fdnimo\u010dn\u00e9, ponorte sa do symf\u00f3nie nad\u010dasov\u00fdch mas\u00e1\u017e\u00ed a telov\u00fdch proced\u00far starostlivo vytvoren\u00fdch pod\u013ea star\u00e9ho ajurv\u00e9dskeho zdravotn\u00e9ho syst\u00e9mu. Va\u0161a cesta k nev\u00eddan\u00e9mu uvo\u013eneniu za\u010d\u00edna pr\u00e1ve tu! Presk\u00famajte o\u0161etrenia Abhyangam (v\u0161eobecn\u00e1 mas\u00e1\u017e) Cena \u2013 49 \u20ac (Ponukov\u00e1 cena \u2013 35 \u20ac) Abhyanga: Traditional Ayurvedic full-body massage with herbal oils, promoting circulation, lymphatic drainage, and holistic well-being. Rezervova\u0165 teraz Sukha Abhyangaham (relaxa\u010dn\u00e1 mas\u00e1\u017e) Cena \u2013 59 \u20ac (Ponukov\u00e1 cena \u2013 45 \u20ac) Sukha-Abhyangam: Jemn\u00e9, upokojuj\u00face relaxa\u010dn\u00e9 \u0165ahy, V\u0161eobecn\u00e1 mas\u00e1\u017e s aromatick\u00fdmi olejmi na uvo\u013enenie vystresovan\u00e9ho tela a mysle. Rezervova\u0165 teraz Chemick\u00e1 abhyanga (omladzuj\u00faca mas\u00e1\u017e) Cena \u2013 69 \u20ac (Ponukov\u00e1 cena \u2013 55 \u20ac) Rasayana mas\u00e1\u017e: Revitaliz\u00e1cia tela a mysle, zv\u00fd\u0161enie vitality a podpora celkovej pohody pomocou \u0161pecializovan\u00fdch ajurv\u00e9dskych techn\u00edk. Rezervova\u0165 teraz Lasika Abhyanga (lymfatick\u00e1 mas\u00e1\u017e) Cena \u2013 59 \u20ac (Ponukov\u00e1 cena \u2013 45 \u20ac) Ajurv\u00e9dska lymfatick\u00e1 mas\u00e1\u017e: Zlep\u0161ite krvn\u00fd obeh, detoxikujte a posilnite imunitu jemn\u00fdmi \u0165ahmi a \u0161peci\u00e1lne formulovan\u00fdmi bylinn\u00fdmi olejmi. Rezervova\u0165 teraz Lepana-abhyangam (kr\u00e9mov\u00e1 mas\u00e1\u017e) Cena \u2013 59 \u20ac (Ponukov\u00e1 cena \u2013 45 \u20ac) Ajurv\u00e9dska mas\u00e1\u017e bylinnou pastou: Zlep\u0161ite zdravie a revitaliz\u00e1ciu poko\u017eky pomocou jedine\u010dnej zmesi bylinn\u00fdch kvetov, pr\u00e1\u0161ku a ovocia. Rezervova\u0165 teraz Mantra ajurv\u00e9dska tradi\u010dn\u00e1 lie\u010dba Presk\u00famajte na\u0161e tradi\u010dn\u00e9 lie\u010dby a z\u00edskajte viac podrobnost\u00ed o ajurv\u00e9dskych tradi\u010dn\u00fdch terapi\u00e1ch a bal\u00ed\u010dkoch s\u00favisiacich s na\u0161imi tradi\u010dn\u00fdmi lie\u010dbami. Rezervova\u0165 teraz<\/p>\n","protected":false},"author":1,"featured_media":0,"parent":5425,"menu_order":1,"comment_status":"closed","ping_status":"closed","template":"template-page-builder.php","meta":{"footnotes":""},"class_list":["post-7942","page","type-page","status-publish","hentry"],"_links":{"self":[{"href":"https:\/\/mantraayurveda.sk\/sk\/wp-json\/wp\/v2\/pages\/7942","targetHints":{"allow":["GET"]}}],"collection":[{"href":"https:\/\/mantraayurveda.sk\/sk\/wp-json\/wp\/v2\/pages"}],"about":[{"href":"https:\/\/mantraayurveda.sk\/sk\/wp-json\/wp\/v2\/types\/page"}],"author":[{"embeddable":true,"href":"https:\/\/mantraayurveda.sk\/sk\/wp-json\/wp\/v2\/users\/1"}],"replies":[{"embeddable":true,"href":"https:\/\/mantraayurveda.sk\/sk\/wp-json\/wp\/v2\/comments?post=7942"}],"version-history":[{"count":0,"href":"https:\/\/mantraayurveda.sk\/sk\/wp-json\/wp\/v2\/pages\/7942\/revisions"}],"up":[{"embeddable":true,"href":"https:\/\/mantraayurveda.sk\/sk\/wp-json\/wp\/v2\/pages\/5425"}],"wp:attachment":[{"href":"https:\/\/mantraayurveda.sk\/sk\/wp-json\/wp\/v2\/media?parent=7942"}],"curies":[{"name":"wp","href":"https:\/\/api.w.org\/{rel}","templated":true}]}}