{"id":7947,"date":"2024-03-10T19:58:41","date_gmt":"2024-03-10T19:58:41","guid":{"rendered":"https:\/\/mantraayurveda.sk\/domov\/sluzby\/mantra-ayurveda-express-relaxacne-procedury\/"},"modified":"2024-05-19T12:18:12","modified_gmt":"2024-05-19T12:18:12","slug":"mantra-ayurveda-express-relaxacne-procedury","status":"publish","type":"page","link":"https:\/\/mantraayurveda.sk\/sk\/domov\/sluzby\/mantra-ayurveda-express-relaxacne-procedury\/","title":{"rendered":"Mantra Ayurveda Express relaxa\u010dn\u00e9 proced\u00fary"},"content":{"rendered":"\t\t<div data-elementor-type=\"wp-page\" data-elementor-id=\"7947\" class=\"elementor elementor-7947 elementor-2982\">\n\t\t\t\t<div class=\"elementor-element elementor-element-3fb6f4ea e-flex e-con-boxed wpr-particle-no wpr-jarallax-no wpr-parallax-no wpr-sticky-section-no e-con e-parent\" data-id=\"3fb6f4ea\" data-element_type=\"container\" data-settings=\"{&quot;background_background&quot;:&quot;classic&quot;}\">\n\t\t\t\t\t<div class=\"e-con-inner\">\n\t\t\t\t<div class=\"elementor-element elementor-element-07939cd exad-sticky-section-no exad-glass-effect-no elementor-widget elementor-widget-spacer\" data-id=\"07939cd\" data-element_type=\"widget\" data-widget_type=\"spacer.default\">\n\t\t\t\t<div class=\"elementor-widget-container\">\n\t\t\t\t\t<div class=\"elementor-spacer\">\n\t\t\t<div class=\"elementor-spacer-inner\"><\/div>\n\t\t<\/div>\n\t\t\t\t<\/div>\n\t\t\t\t<\/div>\n\t\t\t\t<div class=\"elementor-element elementor-element-6a831719 animated-slow exad-sticky-section-no exad-glass-effect-no elementor-invisible elementor-widget elementor-widget-heading\" data-id=\"6a831719\" data-element_type=\"widget\" data-settings=\"{&quot;_animation&quot;:&quot;slideInUp&quot;}\" data-widget_type=\"heading.default\">\n\t\t\t\t<div class=\"elementor-widget-container\">\n\t\t\t<h2 class=\"elementor-heading-title elementor-size-default\">Mantra Ayurveda Express relaxa\u010dn\u00e9 proced\u00fary\n<\/h2>\t\t<\/div>\n\t\t\t\t<\/div>\n\t\t\t\t\t<\/div>\n\t\t\t\t<\/div>\n\t\t<div class=\"elementor-element elementor-element-d7b81c8 e-flex e-con-boxed wpr-particle-no wpr-jarallax-no wpr-parallax-no wpr-sticky-section-no e-con e-parent\" data-id=\"d7b81c8\" data-element_type=\"container\" data-settings=\"{&quot;background_background&quot;:&quot;classic&quot;}\">\n\t\t\t\t\t<div class=\"e-con-inner\">\n\t\t<div class=\"elementor-element elementor-element-6484cd61 e-con-full e-flex wpr-particle-no wpr-jarallax-no wpr-parallax-no wpr-sticky-section-no e-con e-child\" data-id=\"6484cd61\" data-element_type=\"container\">\n\t\t\t\t<div class=\"elementor-element elementor-element-1adcbc0d exad-sticky-section-no exad-glass-effect-no elementor-widget elementor-widget-exad-exclusive-heading\" data-id=\"1adcbc0d\" data-element_type=\"widget\" data-widget_type=\"exad-exclusive-heading.default\">\n\t\t\t\t<div class=\"elementor-widget-container\">\n\t\t\t\r\n        <div class=\"exad-exclusive-heading\">\r\n            <div class=\"exad-exclusive-heading-wrapper exad-heading-left exad-heading-simple\">\r\n\t\t\t\r\n                <h1 data-content=\"Pre\u010do Ayurveda Express relaxa\u010dn\u00e9 proced\u00fary?\" class=\"exad-exclusive-heading-title\">\r\n\t\t\t\t\tPre\u010do Ayurveda Express relaxa\u010dn\u00e9 proced\u00fary?\t\t\t\t<\/h1>\r\n\t\r\n                                    <p class=\"exad-exclusive-heading-description\">\r\n\t\t\t\t\t\tOdomknite br\u00e1ny ku \u0161\u0165astiu uprostred \u017eivotn\u00e9ho chaosu t\u00fdm, \u017ee prijmete jedine\u010dn\u00fa silu relax\u00e1cie. \u010casov\u00e9 obmedzenia sa m\u00f4\u017eu zda\u0165 ako neprekonate\u013en\u00e1 prek\u00e1\u017eka, ale nebojte sa, preto\u017ee predstavujeme kone\u010dn\u00e9 rie\u0161enie. Na\u0161e prec\u00edzne vypracovan\u00e9 r\u00fdchle ajurv\u00e9dske o\u0161etrenia s\u013eubuj\u00fa, \u017ee v\u00e1s okam\u017eite prenes\u00fa do r\u00ed\u0161e \u00faplnej relax\u00e1cie. Od pokojnej omladzuj\u00facej mas\u00e1\u017ee hlavy a\u017e po p\u00f4\u017eitok z exkluz\u00edvnej ajurv\u00e9dskej reflexol\u00f3gie, ka\u017ed\u00fd z\u00e1\u017eitok je d\u00f4kazom transforma\u010dnej m\u00e1gie ajurv\u00e9dy. Ponorte sa do bla\u017een\u00e9ho \u00faniku, kde sa trad\u00edcia hladko prel\u00edna s omladzovan\u00edm a relax\u00e1cia sa st\u00e1va nielen luxusom, ale aj nevyhnutnos\u0165ou. Va\u0161a cesta k pokoju za\u010d\u00edna tu, kde sa \u010das oh\u00fdba do harmonick\u00e9ho rytmu prastar\u00fdch lie\u010debn\u00fdch prakt\u00edk.\n                    <\/p>\r\n\t\t\t\t\r\n            <\/div>\r\n        <\/div>\r\n\t\t\t<\/div>\n\t\t\t\t<\/div>\n\t\t\t\t<div class=\"elementor-element elementor-element-1326633e exad-sticky-section-no exad-glass-effect-no elementor-widget elementor-widget-spacer\" data-id=\"1326633e\" data-element_type=\"widget\" data-widget_type=\"spacer.default\">\n\t\t\t\t<div class=\"elementor-widget-container\">\n\t\t\t\t\t<div class=\"elementor-spacer\">\n\t\t\t<div class=\"elementor-spacer-inner\"><\/div>\n\t\t<\/div>\n\t\t\t\t<\/div>\n\t\t\t\t<\/div>\n\t\t\t\t<\/div>\n\t\t<div class=\"elementor-element elementor-element-530856df e-con-full e-flex wpr-particle-no wpr-jarallax-no wpr-parallax-no wpr-sticky-section-no e-con e-child\" data-id=\"530856df\" data-element_type=\"container\" data-settings=\"{&quot;background_background&quot;:&quot;classic&quot;}\">\n\t\t\t\t<\/div>\n\t\t\t\t\t<\/div>\n\t\t\t\t<\/div>\n\t\t<div class=\"elementor-element elementor-element-e6faa2b e-flex e-con-boxed wpr-particle-no wpr-jarallax-no wpr-parallax-no wpr-sticky-section-no e-con e-parent\" data-id=\"e6faa2b\" data-element_type=\"container\" data-settings=\"{&quot;background_background&quot;:&quot;classic&quot;}\">\n\t\t\t\t\t<div class=\"e-con-inner\">\n\t\t<div class=\"elementor-element elementor-element-125a807e e-flex e-con-boxed wpr-particle-no wpr-jarallax-no wpr-parallax-no wpr-sticky-section-no e-con e-child\" data-id=\"125a807e\" data-element_type=\"container\">\n\t\t\t\t\t<div class=\"e-con-inner\">\n\t\t\t\t<div class=\"elementor-element elementor-element-2e88409d animated-slow exad-sticky-section-no exad-glass-effect-no elementor-invisible elementor-widget elementor-widget-heading\" data-id=\"2e88409d\" data-element_type=\"widget\" data-settings=\"{&quot;_animation&quot;:&quot;slideInUp&quot;}\" data-widget_type=\"heading.default\">\n\t\t\t\t<div class=\"elementor-widget-container\">\n\t\t\t<h2 class=\"elementor-heading-title elementor-size-default\">Presk\u00famajte o\u0161etrenia <\/h2>\t\t<\/div>\n\t\t\t\t<\/div>\n\t\t\t\t\t<\/div>\n\t\t\t\t<\/div>\n\t\t<div class=\"elementor-element elementor-element-6318ab66 e-con-full e-flex wpr-particle-no wpr-jarallax-no wpr-parallax-no wpr-sticky-section-no e-con e-child\" data-id=\"6318ab66\" data-element_type=\"container\">\n\t\t<div class=\"elementor-element elementor-element-1546d1d2 e-con-full e-flex wpr-particle-no wpr-jarallax-no wpr-parallax-no wpr-sticky-section-no e-con e-child\" data-id=\"1546d1d2\" data-element_type=\"container\" data-settings=\"{&quot;background_background&quot;:&quot;classic&quot;}\">\n\t\t\t\t<div class=\"elementor-element elementor-element-49a5d0cf elementor-widget__width-inherit elementor-position-top exad-sticky-section-no exad-glass-effect-no elementor-widget elementor-widget-image-box\" data-id=\"49a5d0cf\" data-element_type=\"widget\" data-widget_type=\"image-box.default\">\n\t\t\t\t<div class=\"elementor-widget-container\">\n\t\t\t<div class=\"elementor-image-box-wrapper\"><figure class=\"elementor-image-box-img\"><img fetchpriority=\"high\" decoding=\"async\" width=\"2560\" height=\"1707\" src=\"https:\/\/mantraayurveda.sk\/wp-content\/uploads\/2024\/04\/DSC02291-1-scaled.jpg\" class=\"attachment-full size-full wp-image-7205\" alt=\"\" srcset=\"https:\/\/mantraayurveda.sk\/wp-content\/uploads\/2024\/04\/DSC02291-1-scaled.jpg 2560w, https:\/\/mantraayurveda.sk\/wp-content\/uploads\/2024\/04\/DSC02291-1-scaled-600x400.jpg 600w, https:\/\/mantraayurveda.sk\/wp-content\/uploads\/2024\/04\/DSC02291-1-300x200.jpg 300w, https:\/\/mantraayurveda.sk\/wp-content\/uploads\/2024\/04\/DSC02291-1-1024x683.jpg 1024w, https:\/\/mantraayurveda.sk\/wp-content\/uploads\/2024\/04\/DSC02291-1-768x512.jpg 768w, https:\/\/mantraayurveda.sk\/wp-content\/uploads\/2024\/04\/DSC02291-1-1536x1024.jpg 1536w, https:\/\/mantraayurveda.sk\/wp-content\/uploads\/2024\/04\/DSC02291-1-2048x1365.jpg 2048w\" sizes=\"(max-width: 2560px) 100vw, 2560px\" \/><\/figure><div class=\"elementor-image-box-content\"><h3 class=\"elementor-image-box-title\">Shiro-Abhyangam (relaxa\u010dn\u00e1 mas\u00e1\u017e hlavy)<\/h3><p class=\"elementor-image-box-description\"><strong>Cena \u2013 29 \u20ac (Ponukov\u00e1 cena \u2013 22 \u20ac)<\/strong><br>\n<br> Shiro-Abhyangam: Relaxa\u010dn\u00e9 \u0165ahy zmier\u0148uj\u00fa bolesti hlavy, nap\u00e4tie a stres, podporuj\u00fa lep\u0161\u00ed sp\u00e1nok a celkov\u00fa pohodu.<\/p><\/div><\/div>\t\t<\/div>\n\t\t\t\t<\/div>\n\t\t\t\t<\/div>\n\t\t<div class=\"elementor-element elementor-element-3db77e8b e-con-full e-flex wpr-particle-no wpr-jarallax-no wpr-parallax-no wpr-sticky-section-no e-con e-child\" data-id=\"3db77e8b\" data-element_type=\"container\" data-settings=\"{&quot;background_background&quot;:&quot;classic&quot;}\">\n\t\t\t\t<div class=\"elementor-element elementor-element-5af7c2c5 elementor-widget__width-inherit elementor-position-top exad-sticky-section-no exad-glass-effect-no elementor-widget elementor-widget-image-box\" data-id=\"5af7c2c5\" data-element_type=\"widget\" data-widget_type=\"image-box.default\">\n\t\t\t\t<div class=\"elementor-widget-container\">\n\t\t\t<div class=\"elementor-image-box-wrapper\"><figure class=\"elementor-image-box-img\"><img decoding=\"async\" width=\"2560\" height=\"1707\" src=\"https:\/\/mantraayurveda.sk\/wp-content\/uploads\/2024\/04\/DSC02305-1-scaled.jpg\" class=\"attachment-full size-full wp-image-7208\" alt=\"\" srcset=\"https:\/\/mantraayurveda.sk\/wp-content\/uploads\/2024\/04\/DSC02305-1-scaled.jpg 2560w, https:\/\/mantraayurveda.sk\/wp-content\/uploads\/2024\/04\/DSC02305-1-scaled-600x400.jpg 600w, https:\/\/mantraayurveda.sk\/wp-content\/uploads\/2024\/04\/DSC02305-1-300x200.jpg 300w, https:\/\/mantraayurveda.sk\/wp-content\/uploads\/2024\/04\/DSC02305-1-1024x683.jpg 1024w, https:\/\/mantraayurveda.sk\/wp-content\/uploads\/2024\/04\/DSC02305-1-768x512.jpg 768w, https:\/\/mantraayurveda.sk\/wp-content\/uploads\/2024\/04\/DSC02305-1-1536x1024.jpg 1536w, https:\/\/mantraayurveda.sk\/wp-content\/uploads\/2024\/04\/DSC02305-1-2048x1365.jpg 2048w\" sizes=\"(max-width: 2560px) 100vw, 2560px\" \/><\/figure><div class=\"elementor-image-box-content\"><h3 class=\"elementor-image-box-title\">Griva-Abhyanga (mas\u00e1\u017e krku a ramien)<\/h3><p class=\"elementor-image-box-description\"><strong>Cena \u2013 29 \u20ac (Ponukov\u00e1 cena \u2013 22 \u20ac)<\/strong><br>\n<br>Greeva-Abhyanga: Uvo\u013enite nap\u00e4tie pomocou mas\u00e1\u017ee krku a ramien, ktor\u00e1 podporuje relax\u00e1ciu a uvo\u013e\u0148uje svalov\u00e9 uzly.<\/p><\/div><\/div>\t\t<\/div>\n\t\t\t\t<\/div>\n\t\t\t\t<\/div>\n\t\t<div class=\"elementor-element elementor-element-5b8b8d56 e-con-full e-flex wpr-particle-no wpr-jarallax-no wpr-parallax-no wpr-sticky-section-no e-con e-child\" data-id=\"5b8b8d56\" data-element_type=\"container\" data-settings=\"{&quot;background_background&quot;:&quot;classic&quot;}\">\n\t\t\t\t<div class=\"elementor-element elementor-element-14bd84fd elementor-widget__width-inherit elementor-position-top exad-sticky-section-no exad-glass-effect-no elementor-widget elementor-widget-image-box\" data-id=\"14bd84fd\" data-element_type=\"widget\" data-widget_type=\"image-box.default\">\n\t\t\t\t<div class=\"elementor-widget-container\">\n\t\t\t<div class=\"elementor-image-box-wrapper\"><figure class=\"elementor-image-box-img\"><img decoding=\"async\" width=\"2560\" height=\"1707\" src=\"https:\/\/mantraayurveda.sk\/wp-content\/uploads\/2024\/04\/DSC01979-scaled.jpg\" class=\"attachment-full size-full wp-image-7136\" alt=\"\" srcset=\"https:\/\/mantraayurveda.sk\/wp-content\/uploads\/2024\/04\/DSC01979-scaled.jpg 2560w, https:\/\/mantraayurveda.sk\/wp-content\/uploads\/2024\/04\/DSC01979-scaled-600x400.jpg 600w, https:\/\/mantraayurveda.sk\/wp-content\/uploads\/2024\/04\/DSC01979-300x200.jpg 300w, https:\/\/mantraayurveda.sk\/wp-content\/uploads\/2024\/04\/DSC01979-1024x683.jpg 1024w, https:\/\/mantraayurveda.sk\/wp-content\/uploads\/2024\/04\/DSC01979-768x512.jpg 768w, https:\/\/mantraayurveda.sk\/wp-content\/uploads\/2024\/04\/DSC01979-1536x1024.jpg 1536w, https:\/\/mantraayurveda.sk\/wp-content\/uploads\/2024\/04\/DSC01979-2048x1365.jpg 2048w\" sizes=\"(max-width: 2560px) 100vw, 2560px\" \/><\/figure><div class=\"elementor-image-box-content\"><h3 class=\"elementor-image-box-title\">Mukha-Abhyanga (mas\u00e1\u017e tv\u00e1re, krku a dekoltu)<\/h3><p class=\"elementor-image-box-description\"><strong>Cena \u2013 29 \u20ac (Ponukov\u00e1 cena \u2013 22 \u20ac)<\/strong><br>\n<br>Mukha-Abhyanga: Uvo\u013enite sa a omladzujte s na\u0161ou jemnou mas\u00e1\u017eou tv\u00e1re, krku a dekoltu pre \u017eiariv\u00fa ple\u0165 a \u00fa\u013eavu od stresu.<\/p><\/div><\/div>\t\t<\/div>\n\t\t\t\t<\/div>\n\t\t\t\t<\/div>\n\t\t\t\t<\/div>\n\t\t\t\t\t<\/div>\n\t\t\t\t<\/div>\n\t\t<div class=\"elementor-element elementor-element-8ba0452 e-flex e-con-boxed wpr-particle-no wpr-jarallax-no wpr-parallax-no wpr-sticky-section-no e-con e-parent\" data-id=\"8ba0452\" data-element_type=\"container\" data-settings=\"{&quot;background_background&quot;:&quot;classic&quot;}\">\n\t\t\t\t\t<div class=\"e-con-inner\">\n\t\t<div class=\"elementor-element elementor-element-15cc1391 e-con-full e-flex wpr-particle-no wpr-jarallax-no wpr-parallax-no wpr-sticky-section-no e-con e-child\" data-id=\"15cc1391\" data-element_type=\"container\">\n\t\t<div class=\"elementor-element elementor-element-41de80e0 e-con-full e-flex wpr-particle-no wpr-jarallax-no wpr-parallax-no wpr-sticky-section-no e-con e-child\" data-id=\"41de80e0\" data-element_type=\"container\" data-settings=\"{&quot;background_background&quot;:&quot;classic&quot;}\">\n\t\t\t\t<div class=\"elementor-element elementor-element-51cc3b93 elementor-widget__width-inherit elementor-position-top exad-sticky-section-no exad-glass-effect-no elementor-widget elementor-widget-image-box\" data-id=\"51cc3b93\" data-element_type=\"widget\" data-widget_type=\"image-box.default\">\n\t\t\t\t<div class=\"elementor-widget-container\">\n\t\t\t<div class=\"elementor-image-box-wrapper\"><figure class=\"elementor-image-box-img\"><img loading=\"lazy\" decoding=\"async\" width=\"2560\" height=\"1707\" src=\"https:\/\/mantraayurveda.sk\/wp-content\/uploads\/2024\/04\/DSC02083-scaled.jpg\" class=\"attachment-full size-full wp-image-7151\" alt=\"\" srcset=\"https:\/\/mantraayurveda.sk\/wp-content\/uploads\/2024\/04\/DSC02083-scaled.jpg 2560w, https:\/\/mantraayurveda.sk\/wp-content\/uploads\/2024\/04\/DSC02083-scaled-600x400.jpg 600w, https:\/\/mantraayurveda.sk\/wp-content\/uploads\/2024\/04\/DSC02083-300x200.jpg 300w, https:\/\/mantraayurveda.sk\/wp-content\/uploads\/2024\/04\/DSC02083-1024x683.jpg 1024w, https:\/\/mantraayurveda.sk\/wp-content\/uploads\/2024\/04\/DSC02083-768x512.jpg 768w, https:\/\/mantraayurveda.sk\/wp-content\/uploads\/2024\/04\/DSC02083-1536x1024.jpg 1536w, https:\/\/mantraayurveda.sk\/wp-content\/uploads\/2024\/04\/DSC02083-2048x1365.jpg 2048w\" sizes=\"(max-width: 2560px) 100vw, 2560px\" \/><\/figure><div class=\"elementor-image-box-content\"><h3 class=\"elementor-image-box-title\">Kati- Abhyanga (mas\u00e1\u017e chrbta)<\/h3><p class=\"elementor-image-box-description\"><strong>Cena \u2013 29 \u20ac (Ponukov\u00e1 cena \u2013 22 \u20ac)<\/strong><br>\n<br>Uvo\u013enite nap\u00e4tie a bolesti chrbta s na\u0161ou tradi\u010dnou mas\u00e1\u017eou chrbta s exkluz\u00edvnymi \u0165ahmi pre v\u00fdnimo\u010dn\u00fa relax\u00e1ciu.<\/p><\/div><\/div>\t\t<\/div>\n\t\t\t\t<\/div>\n\t\t\t\t<\/div>\n\t\t<div class=\"elementor-element elementor-element-7aa3cc33 e-con-full e-flex wpr-particle-no wpr-jarallax-no wpr-parallax-no wpr-sticky-section-no e-con e-child\" data-id=\"7aa3cc33\" data-element_type=\"container\" data-settings=\"{&quot;background_background&quot;:&quot;classic&quot;}\">\n\t\t\t\t<div class=\"elementor-element elementor-element-57d3f54b elementor-widget__width-inherit elementor-position-top exad-sticky-section-no exad-glass-effect-no elementor-widget elementor-widget-image-box\" data-id=\"57d3f54b\" data-element_type=\"widget\" data-widget_type=\"image-box.default\">\n\t\t\t\t<div class=\"elementor-widget-container\">\n\t\t\t<div class=\"elementor-image-box-wrapper\"><figure class=\"elementor-image-box-img\"><img loading=\"lazy\" decoding=\"async\" width=\"2560\" height=\"1707\" src=\"https:\/\/mantraayurveda.sk\/wp-content\/uploads\/2024\/04\/DSC02491-1-1-scaled.jpg\" class=\"attachment-full size-full wp-image-7226\" alt=\"\" srcset=\"https:\/\/mantraayurveda.sk\/wp-content\/uploads\/2024\/04\/DSC02491-1-1-scaled.jpg 2560w, https:\/\/mantraayurveda.sk\/wp-content\/uploads\/2024\/04\/DSC02491-1-1-scaled-600x400.jpg 600w, https:\/\/mantraayurveda.sk\/wp-content\/uploads\/2024\/04\/DSC02491-1-1-300x200.jpg 300w, https:\/\/mantraayurveda.sk\/wp-content\/uploads\/2024\/04\/DSC02491-1-1-1024x683.jpg 1024w, https:\/\/mantraayurveda.sk\/wp-content\/uploads\/2024\/04\/DSC02491-1-1-768x512.jpg 768w, https:\/\/mantraayurveda.sk\/wp-content\/uploads\/2024\/04\/DSC02491-1-1-1536x1024.jpg 1536w, https:\/\/mantraayurveda.sk\/wp-content\/uploads\/2024\/04\/DSC02491-1-1-2048x1365.jpg 2048w\" sizes=\"(max-width: 2560px) 100vw, 2560px\" \/><\/figure><div class=\"elementor-image-box-content\"><h3 class=\"elementor-image-box-title\">Padh-Abhyanga (hmotnos\u0165 chodidiel)<\/h3><p class=\"elementor-image-box-description\"><strong>Cena \u2013 29 \u20ac (Ponukov\u00e1 cena \u2013 22 \u20ac)<\/strong><br>\n<br>Uvo\u013enite stres a zv\u00fd\u0161te pokoj s na\u0161ou ajurv\u00e9dskou mas\u00e1\u017eou n\u00f4h s pou\u017eit\u00edm aromatick\u00fdch bylinn\u00fdch olejov pre maxim\u00e1lnu relax\u00e1ciu.<\/p><\/div><\/div>\t\t<\/div>\n\t\t\t\t<\/div>\n\t\t\t\t<\/div>\n\t\t<div class=\"elementor-element elementor-element-5014c24d e-con-full e-flex wpr-particle-no wpr-jarallax-no wpr-parallax-no wpr-sticky-section-no e-con e-child\" data-id=\"5014c24d\" data-element_type=\"container\" data-settings=\"{&quot;background_background&quot;:&quot;classic&quot;}\">\n\t\t\t\t<div class=\"elementor-element elementor-element-6c891e6b elementor-widget__width-inherit elementor-position-top exad-sticky-section-no exad-glass-effect-no elementor-widget elementor-widget-image-box\" data-id=\"6c891e6b\" data-element_type=\"widget\" data-widget_type=\"image-box.default\">\n\t\t\t\t<div class=\"elementor-widget-container\">\n\t\t\t<div class=\"elementor-image-box-wrapper\"><figure class=\"elementor-image-box-img\"><img loading=\"lazy\" decoding=\"async\" width=\"2560\" height=\"1707\" src=\"https:\/\/mantraayurveda.sk\/wp-content\/uploads\/2024\/04\/DSC02673-1.jpg\" class=\"attachment-full size-full wp-image-7329\" alt=\"\" srcset=\"https:\/\/mantraayurveda.sk\/wp-content\/uploads\/2024\/04\/DSC02673-1.jpg 2560w, https:\/\/mantraayurveda.sk\/wp-content\/uploads\/2024\/04\/DSC02673-1-600x400.jpg 600w, https:\/\/mantraayurveda.sk\/wp-content\/uploads\/2024\/04\/DSC02673-1-300x200.jpg 300w, https:\/\/mantraayurveda.sk\/wp-content\/uploads\/2024\/04\/DSC02673-1-1024x683.jpg 1024w, https:\/\/mantraayurveda.sk\/wp-content\/uploads\/2024\/04\/DSC02673-1-768x512.jpg 768w, https:\/\/mantraayurveda.sk\/wp-content\/uploads\/2024\/04\/DSC02673-1-1536x1024.jpg 1536w, https:\/\/mantraayurveda.sk\/wp-content\/uploads\/2024\/04\/DSC02673-1-2048x1366.jpg 2048w\" sizes=\"(max-width: 2560px) 100vw, 2560px\" \/><\/figure><div class=\"elementor-image-box-content\"><h3 class=\"elementor-image-box-title\">Swedana (bylinn\u00fd parn\u00fd k\u00fape\u013e)<\/h3><p class=\"elementor-image-box-description\"><strong>Cena \u2013 19 \u20ac (Ponukov\u00e1 cena \u2013 15 \u20ac)<\/strong><br>\n<br>Doprajte si n\u00e1\u0161 ajurv\u00e9dsky parn\u00fd k\u00fape\u013e pre jemn\u00e9 roz\u0161\u00edrenie kan\u00e1la a d\u00f4kladn\u00fa o\u010distu v bylinkovej drevenej kab\u00ednke.<\/p><\/div><\/div>\t\t<\/div>\n\t\t\t\t<\/div>\n\t\t\t\t<\/div>\n\t\t\t\t<\/div>\n\t\t\t\t\t<\/div>\n\t\t\t\t<\/div>\n\t\t\t\t<\/div>\n\t\t","protected":false},"excerpt":{"rendered":"<p>Mantra Ayurveda Express relaxa\u010dn\u00e9 proced\u00fary Pre\u010do Ayurveda Express relaxa\u010dn\u00e9 proced\u00fary? Odomknite br\u00e1ny ku \u0161\u0165astiu uprostred \u017eivotn\u00e9ho chaosu t\u00fdm, \u017ee prijmete jedine\u010dn\u00fa silu relax\u00e1cie. \u010casov\u00e9 obmedzenia sa m\u00f4\u017eu zda\u0165 ako neprekonate\u013en\u00e1 prek\u00e1\u017eka, ale nebojte sa, preto\u017ee predstavujeme kone\u010dn\u00e9 rie\u0161enie. Na\u0161e prec\u00edzne vypracovan\u00e9 r\u00fdchle ajurv\u00e9dske o\u0161etrenia s\u013eubuj\u00fa, \u017ee v\u00e1s okam\u017eite prenes\u00fa do r\u00ed\u0161e \u00faplnej relax\u00e1cie. Od pokojnej omladzuj\u00facej mas\u00e1\u017ee hlavy a\u017e po p\u00f4\u017eitok z exkluz\u00edvnej ajurv\u00e9dskej reflexol\u00f3gie, ka\u017ed\u00fd z\u00e1\u017eitok je d\u00f4kazom transforma\u010dnej m\u00e1gie ajurv\u00e9dy. Ponorte sa do bla\u017een\u00e9ho \u00faniku, kde sa trad\u00edcia hladko prel\u00edna s omladzovan\u00edm a relax\u00e1cia sa st\u00e1va nielen luxusom, ale aj nevyhnutnos\u0165ou. Va\u0161a cesta k pokoju za\u010d\u00edna tu, kde sa \u010das oh\u00fdba do harmonick\u00e9ho rytmu prastar\u00fdch lie\u010debn\u00fdch prakt\u00edk. Presk\u00famajte o\u0161etrenia Shiro-Abhyangam (relaxa\u010dn\u00e1 mas\u00e1\u017e hlavy) Cena \u2013 29 \u20ac (Ponukov\u00e1 cena \u2013 22 \u20ac) Shiro-Abhyangam: Relaxa\u010dn\u00e9 \u0165ahy zmier\u0148uj\u00fa bolesti hlavy, nap\u00e4tie a stres, podporuj\u00fa lep\u0161\u00ed sp\u00e1nok a celkov\u00fa pohodu. Rezervova\u0165 teraz Griva-Abhyanga (mas\u00e1\u017e krku a ramien) Cena \u2013 29 \u20ac (Ponukov\u00e1 cena \u2013 22 \u20ac) Greeva-Abhyanga: Uvo\u013enite nap\u00e4tie pomocou mas\u00e1\u017ee krku a ramien, ktor\u00e1 podporuje relax\u00e1ciu a uvo\u013e\u0148uje svalov\u00e9 uzly. Rezervova\u0165 teraz Mukha-Abhyanga (mas\u00e1\u017e tv\u00e1re, krku a dekoltu) Cena \u2013 29 \u20ac (Ponukov\u00e1 cena \u2013 22 \u20ac) Mukha-Abhyanga: Uvo\u013enite sa a omladzujte s na\u0161ou jemnou mas\u00e1\u017eou tv\u00e1re, krku a dekoltu pre \u017eiariv\u00fa ple\u0165 a \u00fa\u013eavu od stresu. Rezervova\u0165 teraz Kati- Abhyanga (mas\u00e1\u017e chrbta) Cena \u2013 29 \u20ac (Ponukov\u00e1 cena \u2013 22 \u20ac) Uvo\u013enite nap\u00e4tie a bolesti chrbta s na\u0161ou tradi\u010dnou mas\u00e1\u017eou chrbta s exkluz\u00edvnymi \u0165ahmi pre v\u00fdnimo\u010dn\u00fa relax\u00e1ciu. Rezervova\u0165 teraz Padh-Abhyanga (hmotnos\u0165 chodidiel) Cena \u2013 29 \u20ac (Ponukov\u00e1 cena \u2013 22 \u20ac) Uvo\u013enite stres a zv\u00fd\u0161te pokoj s na\u0161ou ajurv\u00e9dskou mas\u00e1\u017eou n\u00f4h s pou\u017eit\u00edm aromatick\u00fdch bylinn\u00fdch olejov pre maxim\u00e1lnu relax\u00e1ciu. Rezervova\u0165 teraz Swedana (bylinn\u00fd parn\u00fd k\u00fape\u013e) Cena \u2013 19 \u20ac (Ponukov\u00e1 cena \u2013 15 \u20ac) Doprajte si n\u00e1\u0161 ajurv\u00e9dsky parn\u00fd k\u00fape\u013e pre jemn\u00e9 roz\u0161\u00edrenie kan\u00e1la a d\u00f4kladn\u00fa o\u010distu v bylinkovej drevenej kab\u00ednke. Rezervova\u0165 teraz<\/p>\n","protected":false},"author":1,"featured_media":0,"parent":5425,"menu_order":4,"comment_status":"closed","ping_status":"closed","template":"","meta":{"footnotes":""},"class_list":["post-7947","page","type-page","status-publish","hentry"],"_links":{"self":[{"href":"https:\/\/mantraayurveda.sk\/sk\/wp-json\/wp\/v2\/pages\/7947","targetHints":{"allow":["GET"]}}],"collection":[{"href":"https:\/\/mantraayurveda.sk\/sk\/wp-json\/wp\/v2\/pages"}],"about":[{"href":"https:\/\/mantraayurveda.sk\/sk\/wp-json\/wp\/v2\/types\/page"}],"author":[{"embeddable":true,"href":"https:\/\/mantraayurveda.sk\/sk\/wp-json\/wp\/v2\/users\/1"}],"replies":[{"embeddable":true,"href":"https:\/\/mantraayurveda.sk\/sk\/wp-json\/wp\/v2\/comments?post=7947"}],"version-history":[{"count":0,"href":"https:\/\/mantraayurveda.sk\/sk\/wp-json\/wp\/v2\/pages\/7947\/revisions"}],"up":[{"embeddable":true,"href":"https:\/\/mantraayurveda.sk\/sk\/wp-json\/wp\/v2\/pages\/5425"}],"wp:attachment":[{"href":"https:\/\/mantraayurveda.sk\/sk\/wp-json\/wp\/v2\/media?parent=7947"}],"curies":[{"name":"wp","href":"https:\/\/api.w.org\/{rel}","templated":true}]}}