{"id":8171,"date":"2024-03-10T21:38:43","date_gmt":"2024-03-10T21:38:43","guid":{"rendered":"https:\/\/mantraayurveda.sk\/domov\/sluzby\/diagnostika-s-ajurvedskym-lekarom\/"},"modified":"2024-05-26T08:04:36","modified_gmt":"2024-05-26T08:04:36","slug":"diagnostika-s-ajurvedskym-lekarom","status":"publish","type":"page","link":"https:\/\/mantraayurveda.sk\/sk\/domov\/sluzby\/diagnostika-s-ajurvedskym-lekarom\/","title":{"rendered":"Diagnostika s ajurv\u00e9dskym lek\u00e1rom"},"content":{"rendered":"\t\t<div data-elementor-type=\"wp-page\" data-elementor-id=\"8171\" class=\"elementor elementor-8171 elementor-2987\">\n\t\t\t\t<div class=\"elementor-element elementor-element-3fb6f4ea e-flex e-con-boxed wpr-particle-no wpr-jarallax-no wpr-parallax-no wpr-sticky-section-no e-con e-parent\" data-id=\"3fb6f4ea\" data-element_type=\"container\" data-settings=\"{&quot;background_background&quot;:&quot;classic&quot;}\">\n\t\t\t\t\t<div class=\"e-con-inner\">\n\t\t\t\t<div class=\"elementor-element elementor-element-07939cd exad-sticky-section-no exad-glass-effect-no elementor-widget elementor-widget-spacer\" data-id=\"07939cd\" data-element_type=\"widget\" data-widget_type=\"spacer.default\">\n\t\t\t\t<div class=\"elementor-widget-container\">\n\t\t\t\t\t<div class=\"elementor-spacer\">\n\t\t\t<div class=\"elementor-spacer-inner\"><\/div>\n\t\t<\/div>\n\t\t\t\t<\/div>\n\t\t\t\t<\/div>\n\t\t\t\t<div class=\"elementor-element elementor-element-6a831719 animated-slow exad-sticky-section-no exad-glass-effect-no elementor-invisible elementor-widget elementor-widget-heading\" data-id=\"6a831719\" data-element_type=\"widget\" data-settings=\"{&quot;_animation&quot;:&quot;slideInUp&quot;}\" data-widget_type=\"heading.default\">\n\t\t\t\t<div class=\"elementor-widget-container\">\n\t\t\t<h2 class=\"elementor-heading-title elementor-size-default\">Diagnostika s ajurv\u00e9dskym lek\u00e1rom<\/h2>\t\t<\/div>\n\t\t\t\t<\/div>\n\t\t\t\t\t<\/div>\n\t\t\t\t<\/div>\n\t\t<div class=\"elementor-element elementor-element-1019716 e-flex e-con-boxed wpr-particle-no wpr-jarallax-no wpr-parallax-no wpr-sticky-section-no e-con e-parent\" data-id=\"1019716\" data-element_type=\"container\" data-settings=\"{&quot;background_background&quot;:&quot;classic&quot;}\">\n\t\t\t\t\t<div class=\"e-con-inner\">\n\t\t<div class=\"elementor-element elementor-element-2b59e076 e-con-full e-flex wpr-particle-no wpr-jarallax-no wpr-parallax-no wpr-sticky-section-no e-con e-child\" data-id=\"2b59e076\" data-element_type=\"container\">\n\t\t\t\t<div class=\"elementor-element elementor-element-de99f28 exad-sticky-section-no exad-glass-effect-no elementor-widget elementor-widget-exad-exclusive-heading\" data-id=\"de99f28\" data-element_type=\"widget\" data-widget_type=\"exad-exclusive-heading.default\">\n\t\t\t\t<div class=\"elementor-widget-container\">\n\t\t\t\r\n        <div class=\"exad-exclusive-heading\">\r\n            <div class=\"exad-exclusive-heading-wrapper exad-heading-left exad-heading-simple\">\r\n\t\t\t\r\n                <h1 data-content=\"Diagnostika s ajurv\u00e9dskym lek\u00e1rom\" class=\"exad-exclusive-heading-title\">\r\n\t\t\t\t\tDiagnostika s ajurv\u00e9dskym lek\u00e1rom\t\t\t\t<\/h1>\r\n\t\r\n                                    <p class=\"exad-exclusive-heading-description\">\r\n\t\t\t\t\t\tDiagnostika v Indii sa po tis\u00edcro\u010dia riadi tradi\u010dn\u00fdm pr\u00edstupom, ktor\u00fd vyu\u017e\u00edva techniku zn\u00e1mu ako Tri-vidha &amp; Ashta-Vidh\u00e1 Pariksha zakorenen\u00e1 v te\u00f3rii Tri-Dosha. T\u00e1to met\u00f3da zah\u0155\u0148a komplexn\u00e9 vy\u0161etrenie, ktor\u00e9 zoh\u013ead\u0148uje faktory, ako je celkov\u00fd vzh\u013ead, \u010drty tv\u00e1re a stav zmyslov\u00fdch org\u00e1nov, ako je jazyk, o\u010di, u\u0161i, nos a ko\u017ea. Okrem toho sa ber\u00fa do \u00favahy reakcie, pr\u00edznaky a sympt\u00f3my. K\u013e\u00fa\u010dov\u00fdm aspektom diagnostick\u00e9ho procesu je identifik\u00e1cia pacientovej kon\u0161tit\u00facie a potenci\u00e1lnej nerovnov\u00e1hy, dosiahnut\u00e1 kombin\u00e1ciou dotazn\u00edka a anal\u00fdzy pulzu.\n\nCie\u013eom diagnostick\u00e9ho hodnotenia je odhali\u0165 zdravotn\u00fd stav jednotlivca pomocou anal\u00fdzy\n rovnov\u00e1ha a disparity v r\u00e1mci syst\u00e9mu Tri-Dosha. \u00davodn\u00e1 konzult\u00e1cia zvy\u010dajne trv\u00e1 pribli\u017ene hodinu. Na z\u00e1klade zisten\u00ed sa poskytuj\u00fa prisp\u00f4soben\u00e9 lie\u010debn\u00e9 odpor\u00fa\u010dania na rie\u0161enie konkr\u00e9tnych zdravotn\u00fdch probl\u00e9mov. Tieto odpor\u00fa\u010dania m\u00f4\u017eu zah\u0155\u0148a\u0165 r\u00f4zne terapeutick\u00e9 intervencie, pr\u00edrodn\u00e9 doplnky stravy, rady o \u00faprave \u017eivotospr\u00e1vy, predp\u00edsan\u00e9 cvi\u010denia, jogu, medit\u00e1ciu alebo n\u00e1vrhy na \u00fapravu stravy.\n\nObjednajte sa k n\u00e1\u0161mu ajurv\u00e9dskemu lek\u00e1rovi. \n                    <\/p>\r\n\t\t\t\t\r\n            <\/div>\r\n        <\/div>\r\n\t\t\t<\/div>\n\t\t\t\t<\/div>\n\t\t\t\t<div class=\"elementor-element elementor-element-6ebf7250 exad-sticky-section-no exad-glass-effect-no elementor-widget elementor-widget-spacer\" data-id=\"6ebf7250\" data-element_type=\"widget\" data-widget_type=\"spacer.default\">\n\t\t\t\t<div class=\"elementor-widget-container\">\n\t\t\t\t\t<div class=\"elementor-spacer\">\n\t\t\t<div class=\"elementor-spacer-inner\"><\/div>\n\t\t<\/div>\n\t\t\t\t<\/div>\n\t\t\t\t<\/div>\n\t\t\t\t<\/div>\n\t\t<div class=\"elementor-element elementor-element-4d71f1e0 e-con-full e-flex wpr-particle-no wpr-jarallax-no wpr-parallax-no wpr-sticky-section-no e-con e-child\" data-id=\"4d71f1e0\" data-element_type=\"container\" data-settings=\"{&quot;background_background&quot;:&quot;classic&quot;}\">\n\t\t\t\t<\/div>\n\t\t\t\t\t<\/div>\n\t\t\t\t<\/div>\n\t\t<div class=\"elementor-element elementor-element-64490e2f e-con-full e-flex wpr-particle-no wpr-jarallax-no wpr-parallax-no wpr-sticky-section-no e-con e-parent\" data-id=\"64490e2f\" data-element_type=\"container\" data-settings=\"{&quot;background_background&quot;:&quot;classic&quot;}\">\n\t\t<div class=\"elementor-element elementor-element-4053b519 e-con-full e-flex wpr-particle-no wpr-jarallax-no wpr-parallax-no wpr-sticky-section-no e-con e-child\" data-id=\"4053b519\" data-element_type=\"container\">\n\t\t<div class=\"elementor-element elementor-element-3c85307 animated-slow e-con-full e-flex wpr-particle-no wpr-jarallax-no wpr-parallax-no wpr-sticky-section-no e-con e-child\" data-id=\"3c85307\" data-element_type=\"container\" data-settings=\"{&quot;background_background&quot;:&quot;classic&quot;,&quot;animation&quot;:&quot;none&quot;,&quot;animation_delay&quot;:600}\">\n\t\t\t\t<\/div>\n\t\t<div class=\"elementor-element elementor-element-3ce385d1 e-con-full e-flex wpr-particle-no wpr-jarallax-no wpr-parallax-no wpr-sticky-section-no e-con e-child\" data-id=\"3ce385d1\" data-element_type=\"container\">\n\t\t\t\t<div class=\"elementor-element elementor-element-4a63e2fb exad-sticky-section-no exad-glass-effect-no elementor-widget elementor-widget-text-editor\" data-id=\"4a63e2fb\" data-element_type=\"widget\" data-widget_type=\"text-editor.default\">\n\t\t\t\t<div class=\"elementor-widget-container\">\n\t\t\t\t\t\t\t<p>Ajurv\u00e9da pon\u00faka jedine\u010dn\u00fd tradi\u010dn\u00fd sp\u00f4sob diagnostick\u00e9ho procesu na identifik\u00e1ciu vlastnej prirodzenej kon\u0161tit\u00facie a potenci\u00e1lnych nerovnov\u00e1h. Objednajte sa k n\u00e1\u0161mu ajurv\u00e9dskemu lek\u00e1rovi.<\/p>\n\t\t\t\t\t\t<\/div>\n\t\t\t\t<\/div>\n\t\t<div class=\"elementor-element elementor-element-1d952721 e-con-full e-flex wpr-particle-no wpr-jarallax-no wpr-parallax-no wpr-sticky-section-no e-con e-child\" data-id=\"1d952721\" data-element_type=\"container\">\n\t\t\t\t<div class=\"elementor-element elementor-element-14ddf4c5 elementor-widget__width-initial elementor-widget-mobile__width-inherit elementor-icon-list--layout-traditional elementor-list-item-link-full_width exad-sticky-section-no exad-glass-effect-no elementor-widget elementor-widget-icon-list\" data-id=\"14ddf4c5\" data-element_type=\"widget\" data-widget_type=\"icon-list.default\">\n\t\t\t\t<div class=\"elementor-widget-container\">\n\t\t\t\t\t<ul class=\"elementor-icon-list-items\">\n\t\t\t\t\t\t\t<li class=\"elementor-icon-list-item\">\n\t\t\t\t\t\t\t\t\t\t\t<span class=\"elementor-icon-list-icon\">\n\t\t\t\t\t\t\t<svg aria-hidden=\"true\" class=\"e-font-icon-svg e-fas-check\" viewBox=\"0 0 512 512\" xmlns=\"http:\/\/www.w3.org\/2000\/svg\"><path d=\"M173.898 439.404l-166.4-166.4c-9.997-9.997-9.997-26.206 0-36.204l36.203-36.204c9.997-9.998 26.207-9.998 36.204 0L192 312.69 432.095 72.596c9.997-9.997 26.207-9.997 36.204 0l36.203 36.204c9.997 9.997 9.997 26.206 0 36.204l-294.4 294.401c-9.998 9.997-26.207 9.997-36.204-.001z\"><\/path><\/svg>\t\t\t\t\t\t<\/span>\n\t\t\t\t\t\t\t\t\t\t<span class=\"elementor-icon-list-text\">Holistick\u00e9 hodnotenie pre hlb\u0161ie pochopenie zdravia.<\/span>\n\t\t\t\t\t\t\t\t\t<\/li>\n\t\t\t\t\t\t\t\t<li class=\"elementor-icon-list-item\">\n\t\t\t\t\t\t\t\t\t\t\t<span class=\"elementor-icon-list-icon\">\n\t\t\t\t\t\t\t<svg aria-hidden=\"true\" class=\"e-font-icon-svg e-fas-check\" viewBox=\"0 0 512 512\" xmlns=\"http:\/\/www.w3.org\/2000\/svg\"><path d=\"M173.898 439.404l-166.4-166.4c-9.997-9.997-9.997-26.206 0-36.204l36.203-36.204c9.997-9.998 26.207-9.998 36.204 0L192 312.69 432.095 72.596c9.997-9.997 26.207-9.997 36.204 0l36.203 36.204c9.997 9.997 9.997 26.206 0 36.204l-294.4 294.401c-9.998 9.997-26.207 9.997-36.204-.001z\"><\/path><\/svg>\t\t\t\t\t\t<\/span>\n\t\t\t\t\t\t\t\t\t\t<span class=\"elementor-icon-list-text\">Personalizovan\u00e9 lie\u010debn\u00e9 pl\u00e1ny zalo\u017een\u00e9 na individu\u00e1lnej kon\u0161tit\u00facii a nerovnov\u00e1he.<\/span>\n\t\t\t\t\t\t\t\t\t<\/li>\n\t\t\t\t\t\t\t\t<li class=\"elementor-icon-list-item\">\n\t\t\t\t\t\t\t\t\t\t\t<span class=\"elementor-icon-list-icon\">\n\t\t\t\t\t\t\t<svg aria-hidden=\"true\" class=\"e-font-icon-svg e-fas-check\" viewBox=\"0 0 512 512\" xmlns=\"http:\/\/www.w3.org\/2000\/svg\"><path d=\"M173.898 439.404l-166.4-166.4c-9.997-9.997-9.997-26.206 0-36.204l36.203-36.204c9.997-9.998 26.207-9.998 36.204 0L192 312.69 432.095 72.596c9.997-9.997 26.207-9.997 36.204 0l36.203 36.204c9.997 9.997 9.997 26.206 0 36.204l-294.4 294.401c-9.998 9.997-26.207 9.997-36.204-.001z\"><\/path><\/svg>\t\t\t\t\t\t<\/span>\n\t\t\t\t\t\t\t\t\t\t<span class=\"elementor-icon-list-text\">Vyu\u017eitie pr\u00edrodn\u00fdch terapi\u00ed, ako s\u00fa bylinky, di\u00e9ta, joga pre jemn\u00e9, ale \u00fa\u010dinn\u00e9 lie\u010denie.<\/span>\n\t\t\t\t\t\t\t\t\t<\/li>\n\t\t\t\t\t\t\t\t<li class=\"elementor-icon-list-item\">\n\t\t\t\t\t\t\t\t\t\t\t<span class=\"elementor-icon-list-icon\">\n\t\t\t\t\t\t\t<svg aria-hidden=\"true\" class=\"e-font-icon-svg e-fas-check\" viewBox=\"0 0 512 512\" xmlns=\"http:\/\/www.w3.org\/2000\/svg\"><path d=\"M173.898 439.404l-166.4-166.4c-9.997-9.997-9.997-26.206 0-36.204l36.203-36.204c9.997-9.998 26.207-9.998 36.204 0L192 312.69 432.095 72.596c9.997-9.997 26.207-9.997 36.204 0l36.203 36.204c9.997 9.997 9.997 26.206 0 36.204l-294.4 294.401c-9.998 9.997-26.207 9.997-36.204-.001z\"><\/path><\/svg>\t\t\t\t\t\t<\/span>\n\t\t\t\t\t\t\t\t\t\t<span class=\"elementor-icon-list-text\">D\u00f4raz na prevent\u00edvnu zdravotn\u00fa starostlivos\u0165 s cie\u013eom v\u010dasn\u00e9ho rie\u0161enia nerovnov\u00e1h.<\/span>\n\t\t\t\t\t\t\t\t\t<\/li>\n\t\t\t\t\t\t\t\t<li class=\"elementor-icon-list-item\">\n\t\t\t\t\t\t\t\t\t\t\t<span class=\"elementor-icon-list-icon\">\n\t\t\t\t\t\t\t<svg aria-hidden=\"true\" class=\"e-font-icon-svg e-fas-check\" viewBox=\"0 0 512 512\" xmlns=\"http:\/\/www.w3.org\/2000\/svg\"><path d=\"M173.898 439.404l-166.4-166.4c-9.997-9.997-9.997-26.206 0-36.204l36.203-36.204c9.997-9.998 26.207-9.998 36.204 0L192 312.69 432.095 72.596c9.997-9.997 26.207-9.997 36.204 0l36.203 36.204c9.997 9.997 9.997 26.206 0 36.204l-294.4 294.401c-9.998 9.997-26.207 9.997-36.204-.001z\"><\/path><\/svg>\t\t\t\t\t\t<\/span>\n\t\t\t\t\t\t\t\t\t\t<span class=\"elementor-icon-list-text\">Zamerajte sa na dlhodob\u00fa pohodu rie\u0161en\u00edm z\u00e1kladn\u00fdch pr\u00ed\u010din.<\/span>\n\t\t\t\t\t\t\t\t\t<\/li>\n\t\t\t\t\t\t\t\t<li class=\"elementor-icon-list-item\">\n\t\t\t\t\t\t\t\t\t\t\t<span class=\"elementor-icon-list-icon\">\n\t\t\t\t\t\t\t<svg aria-hidden=\"true\" class=\"e-font-icon-svg e-fas-check\" viewBox=\"0 0 512 512\" xmlns=\"http:\/\/www.w3.org\/2000\/svg\"><path d=\"M173.898 439.404l-166.4-166.4c-9.997-9.997-9.997-26.206 0-36.204l36.203-36.204c9.997-9.998 26.207-9.998 36.204 0L192 312.69 432.095 72.596c9.997-9.997 26.207-9.997 36.204 0l36.203 36.204c9.997 9.997 9.997 26.206 0 36.204l-294.4 294.401c-9.998 9.997-26.207 9.997-36.204-.001z\"><\/path><\/svg>\t\t\t\t\t\t<\/span>\n\t\t\t\t\t\t\t\t\t\t<span class=\"elementor-icon-list-text\">Odpor\u00fa\u010dania t\u00fdkaj\u00face sa stravovania a \u017eivotn\u00e9ho \u0161t\u00fdlu pre udr\u017eate\u013en\u00e9 zdravie.<\/span>\n\t\t\t\t\t\t\t\t\t<\/li>\n\t\t\t\t\t\t\t\t<li class=\"elementor-icon-list-item\">\n\t\t\t\t\t\t\t\t\t\t\t<span class=\"elementor-icon-list-icon\">\n\t\t\t\t\t\t\t<svg aria-hidden=\"true\" class=\"e-font-icon-svg e-fas-check\" viewBox=\"0 0 512 512\" xmlns=\"http:\/\/www.w3.org\/2000\/svg\"><path d=\"M173.898 439.404l-166.4-166.4c-9.997-9.997-9.997-26.206 0-36.204l36.203-36.204c9.997-9.998 26.207-9.998 36.204 0L192 312.69 432.095 72.596c9.997-9.997 26.207-9.997 36.204 0l36.203 36.204c9.997 9.997 9.997 26.206 0 36.204l-294.4 294.401c-9.998 9.997-26.207 9.997-36.204-.001z\"><\/path><\/svg>\t\t\t\t\t\t<\/span>\n\t\t\t\t\t\t\t\t\t\t<span class=\"elementor-icon-list-text\">Rozpoznanie spojenia mysle a tela pre holistick\u00e9 lie\u010denie.<\/span>\n\t\t\t\t\t\t\t\t\t<\/li>\n\t\t\t\t\t\t\t\t<li class=\"elementor-icon-list-item\">\n\t\t\t\t\t\t\t\t\t\t\t<span class=\"elementor-icon-list-icon\">\n\t\t\t\t\t\t\t<svg aria-hidden=\"true\" class=\"e-font-icon-svg e-fas-check\" viewBox=\"0 0 512 512\" xmlns=\"http:\/\/www.w3.org\/2000\/svg\"><path d=\"M173.898 439.404l-166.4-166.4c-9.997-9.997-9.997-26.206 0-36.204l36.203-36.204c9.997-9.998 26.207-9.998 36.204 0L192 312.69 432.095 72.596c9.997-9.997 26.207-9.997 36.204 0l36.203 36.204c9.997 9.997 9.997 26.206 0 36.204l-294.4 294.401c-9.998 9.997-26.207 9.997-36.204-.001z\"><\/path><\/svg>\t\t\t\t\t\t<\/span>\n\t\t\t\t\t\t\t\t\t\t<span class=\"elementor-icon-list-text\">Doplnkov\u00fd pr\u00edstup k modernej medic\u00edne pre komplexn\u00fa starostlivos\u0165.<\/span>\n\t\t\t\t\t\t\t\t\t<\/li>\n\t\t\t\t\t\t<\/ul>\n\t\t\t\t<\/div>\n\t\t\t\t<\/div>\n\t\t\t\t<\/div>\n\t\t<div class=\"elementor-element elementor-element-5c3e3064 e-con-full e-flex wpr-particle-no wpr-jarallax-no wpr-parallax-no wpr-sticky-section-no e-con e-child\" data-id=\"5c3e3064\" data-element_type=\"container\">\n\t\t\t\t<div class=\"elementor-element elementor-element-1531971a elementor-widget__width-initial elementor-widget-mobile__width-inherit exad-sticky-section-no exad-glass-effect-no elementor-widget elementor-widget-icon-box\" data-id=\"1531971a\" data-element_type=\"widget\" data-widget_type=\"icon-box.default\">\n\t\t\t\t<div class=\"elementor-widget-container\">\n\t\t\t\t\t<div class=\"elementor-icon-box-wrapper\">\n\n\t\t\t\n\t\t\t\t\t\t<div class=\"elementor-icon-box-content\">\n\n\t\t\t\t\t\t\t\t\t<h3 class=\"elementor-icon-box-title\">\n\t\t\t\t\t\t<span  >\n\t\t\t\t\t\t\tTrvanie\t\t\t\t\t\t<\/span>\n\t\t\t\t\t<\/h3>\n\t\t\t\t\n\t\t\t\t\t\t\t\t\t<p class=\"elementor-icon-box-description\">\n\t\t\t\t\t\t60 Min\t\t\t\t\t<\/p>\n\t\t\t\t\n\t\t\t<\/div>\n\t\t\t\n\t\t<\/div>\n\t\t\t\t<\/div>\n\t\t\t\t<\/div>\n\t\t\t\t<div class=\"elementor-element elementor-element-6752278 elementor-widget__width-initial elementor-widget-mobile__width-inherit exad-sticky-section-no exad-glass-effect-no elementor-widget elementor-widget-icon-box\" data-id=\"6752278\" data-element_type=\"widget\" data-widget_type=\"icon-box.default\">\n\t\t\t\t<div class=\"elementor-widget-container\">\n\t\t\t\t\t<div class=\"elementor-icon-box-wrapper\">\n\n\t\t\t\n\t\t\t\t\t\t<div class=\"elementor-icon-box-content\">\n\n\t\t\t\t\t\t\t\t\t<h3 class=\"elementor-icon-box-title\">\n\t\t\t\t\t\t<span  >\n\t\t\t\t\t\t\tcena\t\t\t\t\t\t<\/span>\n\t\t\t\t\t<\/h3>\n\t\t\t\t\n\t\t\t\t\t\t\t\t\t<p class=\"elementor-icon-box-description\">\n\t\t\t\t\t\t59 eur \/osoba\/konzult\u00e1cia\t\t\t\t\t<\/p>\n\t\t\t\t\n\t\t\t<\/div>\n\t\t\t\n\t\t<\/div>\n\t\t\t\t<\/div>\n\t\t\t\t<\/div>\n\t\t\t\t<\/div>\n\t\t\t\t<\/div>\n\t\t\t\t<\/div>\n\t\t\t\t<\/div>\n\t\t<div class=\"elementor-element elementor-element-f09ba1e e-con-full e-flex wpr-particle-no wpr-jarallax-no wpr-parallax-no wpr-sticky-section-no e-con e-parent\" data-id=\"f09ba1e\" data-element_type=\"container\" data-settings=\"{&quot;background_background&quot;:&quot;classic&quot;}\">\n\t\t\t\t<\/div>\n\t\t\t\t<\/div>\n\t\t","protected":false},"excerpt":{"rendered":"<p>Diagnostika s ajurv\u00e9dskym lek\u00e1rom Diagnostika s ajurv\u00e9dskym lek\u00e1rom Diagnostika v Indii sa po tis\u00edcro\u010dia riadi tradi\u010dn\u00fdm pr\u00edstupom, ktor\u00fd vyu\u017e\u00edva techniku zn\u00e1mu ako Tri-vidha &amp; Ashta-Vidh\u00e1 Pariksha zakorenen\u00e1 v te\u00f3rii Tri-Dosha. T\u00e1to met\u00f3da zah\u0155\u0148a komplexn\u00e9 vy\u0161etrenie, ktor\u00e9 zoh\u013ead\u0148uje faktory, ako je celkov\u00fd vzh\u013ead, \u010drty tv\u00e1re a stav zmyslov\u00fdch org\u00e1nov, ako je jazyk, o\u010di, u\u0161i, nos a ko\u017ea. Okrem toho sa ber\u00fa do \u00favahy reakcie, pr\u00edznaky a sympt\u00f3my. K\u013e\u00fa\u010dov\u00fdm aspektom diagnostick\u00e9ho procesu je identifik\u00e1cia pacientovej kon\u0161tit\u00facie a potenci\u00e1lnej nerovnov\u00e1hy, dosiahnut\u00e1 kombin\u00e1ciou dotazn\u00edka a anal\u00fdzy pulzu. Cie\u013eom diagnostick\u00e9ho hodnotenia je odhali\u0165 zdravotn\u00fd stav jednotlivca pomocou anal\u00fdzy rovnov\u00e1ha a disparity v r\u00e1mci syst\u00e9mu Tri-Dosha. \u00davodn\u00e1 konzult\u00e1cia zvy\u010dajne trv\u00e1 pribli\u017ene hodinu. Na z\u00e1klade zisten\u00ed sa poskytuj\u00fa prisp\u00f4soben\u00e9 lie\u010debn\u00e9 odpor\u00fa\u010dania na rie\u0161enie konkr\u00e9tnych zdravotn\u00fdch probl\u00e9mov. Tieto odpor\u00fa\u010dania m\u00f4\u017eu zah\u0155\u0148a\u0165 r\u00f4zne terapeutick\u00e9 intervencie, pr\u00edrodn\u00e9 doplnky stravy, rady o \u00faprave \u017eivotospr\u00e1vy, predp\u00edsan\u00e9 cvi\u010denia, jogu, medit\u00e1ciu alebo n\u00e1vrhy na \u00fapravu stravy. Objednajte sa k n\u00e1\u0161mu ajurv\u00e9dskemu lek\u00e1rovi. Zavolajte n\u00e1m a rezervujte si konzult\u00e1ciu: +421 950731060 Ajurv\u00e9da pon\u00faka jedine\u010dn\u00fd tradi\u010dn\u00fd sp\u00f4sob diagnostick\u00e9ho procesu na identifik\u00e1ciu vlastnej prirodzenej kon\u0161tit\u00facie a potenci\u00e1lnych nerovnov\u00e1h. Objednajte sa k n\u00e1\u0161mu ajurv\u00e9dskemu lek\u00e1rovi. Holistick\u00e9 hodnotenie pre hlb\u0161ie pochopenie zdravia. Personalizovan\u00e9 lie\u010debn\u00e9 pl\u00e1ny zalo\u017een\u00e9 na individu\u00e1lnej kon\u0161tit\u00facii a nerovnov\u00e1he. Vyu\u017eitie pr\u00edrodn\u00fdch terapi\u00ed, ako s\u00fa bylinky, di\u00e9ta, joga pre jemn\u00e9, ale \u00fa\u010dinn\u00e9 lie\u010denie. D\u00f4raz na prevent\u00edvnu zdravotn\u00fa starostlivos\u0165 s cie\u013eom v\u010dasn\u00e9ho rie\u0161enia nerovnov\u00e1h. Zamerajte sa na dlhodob\u00fa pohodu rie\u0161en\u00edm z\u00e1kladn\u00fdch pr\u00ed\u010din. Odpor\u00fa\u010dania t\u00fdkaj\u00face sa stravovania a \u017eivotn\u00e9ho \u0161t\u00fdlu pre udr\u017eate\u013en\u00e9 zdravie. Rozpoznanie spojenia mysle a tela pre holistick\u00e9 lie\u010denie. Doplnkov\u00fd pr\u00edstup k modernej medic\u00edne pre komplexn\u00fa starostlivos\u0165. Trvanie 60 Min cena 59 eur \/osoba\/konzult\u00e1cia Zavolajte n\u00e1m a rezervujte si konzult\u00e1ciu: +421 950731060<\/p>\n","protected":false},"author":1,"featured_media":0,"parent":5425,"menu_order":9,"comment_status":"closed","ping_status":"closed","template":"","meta":{"footnotes":""},"class_list":["post-8171","page","type-page","status-publish","hentry"],"_links":{"self":[{"href":"https:\/\/mantraayurveda.sk\/sk\/wp-json\/wp\/v2\/pages\/8171","targetHints":{"allow":["GET"]}}],"collection":[{"href":"https:\/\/mantraayurveda.sk\/sk\/wp-json\/wp\/v2\/pages"}],"about":[{"href":"https:\/\/mantraayurveda.sk\/sk\/wp-json\/wp\/v2\/types\/page"}],"author":[{"embeddable":true,"href":"https:\/\/mantraayurveda.sk\/sk\/wp-json\/wp\/v2\/users\/1"}],"replies":[{"embeddable":true,"href":"https:\/\/mantraayurveda.sk\/sk\/wp-json\/wp\/v2\/comments?post=8171"}],"version-history":[{"count":0,"href":"https:\/\/mantraayurveda.sk\/sk\/wp-json\/wp\/v2\/pages\/8171\/revisions"}],"up":[{"embeddable":true,"href":"https:\/\/mantraayurveda.sk\/sk\/wp-json\/wp\/v2\/pages\/5425"}],"wp:attachment":[{"href":"https:\/\/mantraayurveda.sk\/sk\/wp-json\/wp\/v2\/media?parent=8171"}],"curies":[{"name":"wp","href":"https:\/\/api.w.org\/{rel}","templated":true}]}}